{"id":90,"date":"2020-04-14T20:19:35","date_gmt":"2020-04-14T20:19:35","guid":{"rendered":"https:\/\/cmdh.bahiadebanderas.gob.mx\/?page_id=90"},"modified":"2025-01-29T10:27:31","modified_gmt":"2025-01-29T16:27:31","slug":"quienes-somos","status":"publish","type":"page","link":"https:\/\/cmdh.bahiadebanderas.gob.mx\/index.php\/quienes-somos\/","title":{"rendered":"\u00bf QUIENES SOMOS ?"},"content":{"rendered":"\n<h2 style=\"text-align: center;\">ORIGEN<\/h2>\r\n<p>&nbsp;<\/p>\n\n\n\n<p><p><img loading=\"lazy\" class=\"aligncenter wp-image-2079\" src=\"https:\/\/cmdh.bahiadebanderas.gob.mx\/wp-content\/uploads\/2021\/01\/Agregar-un-subt\u00edtulo.jpg\" alt=\"\" width=\"2305\" height=\"1729\" srcset=\"https:\/\/cmdh.bahiadebanderas.gob.mx\/wp-content\/uploads\/2021\/01\/Agregar-un-subt\u00edtulo.jpg 2304w, https:\/\/cmdh.bahiadebanderas.gob.mx\/wp-content\/uploads\/2021\/01\/Agregar-un-subt\u00edtulo-300x225.jpg 300w, https:\/\/cmdh.bahiadebanderas.gob.mx\/wp-content\/uploads\/2021\/01\/Agregar-un-subt\u00edtulo-1024x768.jpg 1024w, https:\/\/cmdh.bahiadebanderas.gob.mx\/wp-content\/uploads\/2021\/01\/Agregar-un-subt\u00edtulo-768x576.jpg 768w, https:\/\/cmdh.bahiadebanderas.gob.mx\/wp-content\/uploads\/2021\/01\/Agregar-un-subt\u00edtulo-1536x1152.jpg 1536w, https:\/\/cmdh.bahiadebanderas.gob.mx\/wp-content\/uploads\/2021\/01\/Agregar-un-subt\u00edtulo-2048x1536.jpg 2048w, https:\/\/cmdh.bahiadebanderas.gob.mx\/wp-content\/uploads\/2021\/01\/Agregar-un-subt\u00edtulo-400x300.jpg 400w\" sizes=\"(max-width: 2305px) 100vw, 2305px\" \/><\/p>\n<p>&nbsp;<\/p><\/p>\n\n\n\n<h2 style=\"text-align: center;\">\u00bfQU\u00c9 HACEMOS ?<\/h2>\n\n\n\n<p>Para dar cumplimiento a las responsabilidades conferidas a la Comisi\u00f3n Municipal de Derechos Humanos de Bah\u00eda de Banderas, Nayarit; sus principales actividades son las siguientes:<\/p>\n\n\n\n<p><img loading=\"lazy\" class=\"aligncenter wp-image-2080 size-full\" src=\"https:\/\/cmdh.bahiadebanderas.gob.mx\/wp-content\/uploads\/2021\/01\/\u00bfQu\u00e9-hacemos_.gif\" alt=\"\" width=\"1246\" height=\"934\" \/><\/p>\r\n<h2><img loading=\"lazy\" class=\"aligncenter wp-image-2081 size-full\" src=\"https:\/\/cmdh.bahiadebanderas.gob.mx\/wp-content\/uploads\/2021\/01\/2.jpg\" alt=\"\" width=\"2304\" height=\"1728\" srcset=\"https:\/\/cmdh.bahiadebanderas.gob.mx\/wp-content\/uploads\/2021\/01\/2.jpg 2304w, https:\/\/cmdh.bahiadebanderas.gob.mx\/wp-content\/uploads\/2021\/01\/2-300x225.jpg 300w, https:\/\/cmdh.bahiadebanderas.gob.mx\/wp-content\/uploads\/2021\/01\/2-1024x768.jpg 1024w, https:\/\/cmdh.bahiadebanderas.gob.mx\/wp-content\/uploads\/2021\/01\/2-768x576.jpg 768w, https:\/\/cmdh.bahiadebanderas.gob.mx\/wp-content\/uploads\/2021\/01\/2-1536x1152.jpg 1536w, https:\/\/cmdh.bahiadebanderas.gob.mx\/wp-content\/uploads\/2021\/01\/2-2048x1536.jpg 2048w, https:\/\/cmdh.bahiadebanderas.gob.mx\/wp-content\/uploads\/2021\/01\/2-400x300.jpg 400w\" sizes=\"(max-width: 2304px) 100vw, 2304px\" \/><\/h2>\r\n<p>&nbsp;<\/p>\r\n<h2 style=\"text-align: center;\">NUESTROS SERVICIOS<\/h2>\r\n<p>&nbsp;<\/p>\r\n<p>&nbsp;<\/p>\r\n<p><img loading=\"lazy\" class=\"aligncenter wp-image-2077 size-full\" src=\"https:\/\/cmdh.bahiadebanderas.gob.mx\/wp-content\/uploads\/2021\/01\/happy-hour-is-the-best-hour.jpg\" alt=\"\" width=\"2304\" height=\"1728\" srcset=\"https:\/\/cmdh.bahiadebanderas.gob.mx\/wp-content\/uploads\/2021\/01\/happy-hour-is-the-best-hour.jpg 2304w, https:\/\/cmdh.bahiadebanderas.gob.mx\/wp-content\/uploads\/2021\/01\/happy-hour-is-the-best-hour-300x225.jpg 300w, https:\/\/cmdh.bahiadebanderas.gob.mx\/wp-content\/uploads\/2021\/01\/happy-hour-is-the-best-hour-1024x768.jpg 1024w, https:\/\/cmdh.bahiadebanderas.gob.mx\/wp-content\/uploads\/2021\/01\/happy-hour-is-the-best-hour-768x576.jpg 768w, https:\/\/cmdh.bahiadebanderas.gob.mx\/wp-content\/uploads\/2021\/01\/happy-hour-is-the-best-hour-1536x1152.jpg 1536w, https:\/\/cmdh.bahiadebanderas.gob.mx\/wp-content\/uploads\/2021\/01\/happy-hour-is-the-best-hour-2048x1536.jpg 2048w, https:\/\/cmdh.bahiadebanderas.gob.mx\/wp-content\/uploads\/2021\/01\/happy-hour-is-the-best-hour-400x300.jpg 400w\" sizes=\"(max-width: 2304px) 100vw, 2304px\" \/><\/p>\r\n<p>&nbsp;<\/p>\n\n\n\n<h2 class=\"has-text-align-center\">ESTRUCTURA DE LA COMISI\u00d3N MUNICIPAL DE DERECHOS HUMANOS DE BAH\u00cdA DE BANDERAS, NAYARIT.<\/h2>\n\n\n\n<div class=\"wp-block-image\"><figure class=\"aligncenter size-full is-resized\"><img loading=\"lazy\" src=\"https:\/\/cmdh.bahiadebanderas.gob.mx\/wp-content\/uploads\/2022\/11\/logo-comision.jpg\" alt=\"\" class=\"wp-image-4625\" width=\"117\" height=\"117\" srcset=\"https:\/\/cmdh.bahiadebanderas.gob.mx\/wp-content\/uploads\/2022\/11\/logo-comision.jpg 960w, https:\/\/cmdh.bahiadebanderas.gob.mx\/wp-content\/uploads\/2022\/11\/logo-comision-300x300.jpg 300w, https:\/\/cmdh.bahiadebanderas.gob.mx\/wp-content\/uploads\/2022\/11\/logo-comision-150x150.jpg 150w, https:\/\/cmdh.bahiadebanderas.gob.mx\/wp-content\/uploads\/2022\/11\/logo-comision-768x768.jpg 768w\" sizes=\"(max-width: 117px) 100vw, 117px\" \/><\/figure><\/div>\n\n\n\n<figure class=\"wp-block-gallery columns-1 is-cropped\"><ul class=\"blocks-gallery-grid\"><li class=\"blocks-gallery-item\"><figure><img loading=\"lazy\" width=\"1920\" height=\"1080\" src=\"https:\/\/cmdh.bahiadebanderas.gob.mx\/wp-content\/uploads\/2025\/01\/Agregar-texto-1.jpg\" alt=\"\" data-id=\"10539\" data-full-url=\"https:\/\/cmdh.bahiadebanderas.gob.mx\/wp-content\/uploads\/2025\/01\/Agregar-texto-1.jpg\" data-link=\"https:\/\/cmdh.bahiadebanderas.gob.mx\/index.php\/quienes-somos\/agregar-texto-1-2\/\" class=\"wp-image-10539\" srcset=\"https:\/\/cmdh.bahiadebanderas.gob.mx\/wp-content\/uploads\/2025\/01\/Agregar-texto-1.jpg 1920w, https:\/\/cmdh.bahiadebanderas.gob.mx\/wp-content\/uploads\/2025\/01\/Agregar-texto-1-300x169.jpg 300w, https:\/\/cmdh.bahiadebanderas.gob.mx\/wp-content\/uploads\/2025\/01\/Agregar-texto-1-1024x576.jpg 1024w, https:\/\/cmdh.bahiadebanderas.gob.mx\/wp-content\/uploads\/2025\/01\/Agregar-texto-1-768x432.jpg 768w, https:\/\/cmdh.bahiadebanderas.gob.mx\/wp-content\/uploads\/2025\/01\/Agregar-texto-1-1536x864.jpg 1536w, https:\/\/cmdh.bahiadebanderas.gob.mx\/wp-content\/uploads\/2025\/01\/Agregar-texto-1-640x360.jpg 640w\" sizes=\"(max-width: 1920px) 100vw, 1920px\" \/><\/figure><\/li><\/ul><\/figure>\n\n\n\n<hr class=\"wp-block-separator has-text-color has-background has-vivid-cyan-blue-background-color has-vivid-cyan-blue-color\"\/>\n\n\n\n<h2>UBICACI\u00d3N<\/h2>\n\n\n\n<iframe src=\"https:\/\/www.google.com\/maps\/embed?pb=!1m18!1m12!1m3!1d4425.586463983528!2d-105.33088364566383!3d20.754824437473882!2m3!1f0!2f0!3f0!3m2!1i1024!2i768!4f13.1!3m3!1m2!1s0x842141832a199d35%3A0x4186087a7eafe5ad!2sComisi%C3%B3n%20Municipal%20de%20Derechos%20Humanos%20de%20Bah%C3%ADa%20de%20Banderas%20(CMDH)!5e1!3m2!1ses!2smx!4v1738168002284!5m2!1ses!2smx\" width=\"600\" height=\"450\" style=\"border:0;\" allowfullscreen=\"\" loading=\"lazy\" referrerpolicy=\"no-referrer-when-downgrade\"><\/iframe>\n\n\n\n<p class=\"has-text-align-center\">Calle Obelisco #13, Buenos Aires, 63732 Bucer\u00edas, Bah\u00eda de Banderas, Nayarit.<\/p>\n","protected":false},"excerpt":{"rendered":"<p>ORIGEN &nbsp; &nbsp; \u00bfQU\u00c9 HACEMOS ? Para dar cumplimiento a las responsabilidades conferidas a la Comisi\u00f3n Municipal de Derechos Humanos de Bah\u00eda de Banderas, Nayarit; sus principales actividades son las siguientes: &nbsp; NUESTROS SERVICIOS &nbsp; &nbsp; &nbsp; ESTRUCTURA DE LA COMISI\u00d3N MUNICIPAL DE DERECHOS HUMANOS DE BAH\u00cdA DE BANDERAS, NAYARIT. UBICACI\u00d3N Calle Obelisco #13, Buenos Aires, 63732 Bucer\u00edas, Bah\u00eda de Banderas, Nayarit.<\/p>\n","protected":false},"author":1,"featured_media":0,"parent":0,"menu_order":0,"comment_status":"closed","ping_status":"closed","template":"","meta":[],"_links":{"self":[{"href":"https:\/\/cmdh.bahiadebanderas.gob.mx\/index.php\/wp-json\/wp\/v2\/pages\/90"}],"collection":[{"href":"https:\/\/cmdh.bahiadebanderas.gob.mx\/index.php\/wp-json\/wp\/v2\/pages"}],"about":[{"href":"https:\/\/cmdh.bahiadebanderas.gob.mx\/index.php\/wp-json\/wp\/v2\/types\/page"}],"author":[{"embeddable":true,"href":"https:\/\/cmdh.bahiadebanderas.gob.mx\/index.php\/wp-json\/wp\/v2\/users\/1"}],"replies":[{"embeddable":true,"href":"https:\/\/cmdh.bahiadebanderas.gob.mx\/index.php\/wp-json\/wp\/v2\/comments?post=90"}],"version-history":[{"count":29,"href":"https:\/\/cmdh.bahiadebanderas.gob.mx\/index.php\/wp-json\/wp\/v2\/pages\/90\/revisions"}],"predecessor-version":[{"id":12171,"href":"https:\/\/cmdh.bahiadebanderas.gob.mx\/index.php\/wp-json\/wp\/v2\/pages\/90\/revisions\/12171"}],"wp:attachment":[{"href":"https:\/\/cmdh.bahiadebanderas.gob.mx\/index.php\/wp-json\/wp\/v2\/media?parent=90"}],"curies":[{"name":"wp","href":"https:\/\/api.w.org\/{rel}","templated":true}]}}