{"id":804,"date":"2020-10-28T13:54:46","date_gmt":"2020-10-28T19:54:46","guid":{"rendered":"https:\/\/cmdh.bahiadebanderas.gob.mx\/?page_id=804"},"modified":"2025-01-30T16:35:57","modified_gmt":"2025-01-30T22:35:57","slug":"ultimo-parrafo","status":"publish","type":"page","link":"https:\/\/cmdh.bahiadebanderas.gob.mx\/index.php\/ultimo-parrafo\/","title":{"rendered":"\u00daltimo P\u00e1rrafo"},"content":{"rendered":"<p><strong>Obligaciones Aplicables (\u00daltimo P\u00e1rrafo del Art\u00edculo 33)<\/strong><\/p>\n<style type=\"text\/css\" scoped=\"scoped\">.divider-69e79b601cd3e{ margin-top: 30px;margin-bottom:30px;width:100%;}.divider-69e79b601cd3e .divider-border{border-bottom-width:5px; border-color:#f2f2f2;}.divider-69e79b601cd3e .double-line.divider-inner-item .divider-inner{border-top-width: 5px; border-bottom-width: 5px;}.divider-69e79b601cd3e .divider-border.divider-inner-item .divider-inner{ border-bottom-width: 5px;} <\/style><div class=\" divider divider-69e79b601cd3e divider-shadow center\" id=\"\" style=\"margin-top:; margin-bottom:;\"><div class=\"divider-inner divider-border\"><\/div><\/div>\n<p style=\"text-align: center;\"><strong>EJERCICIO 2024<\/strong><\/p>\n<p style=\"text-align: center;\"><strong>Rubros Aplicables a P\u00e1ginas de Internet<\/strong><\/p>\n<p><a href=\"https:\/\/cmdh.bahiadebanderas.gob.mx\/wp-content\/uploads\/2024\/06\/LTAIPEN_Art_33-5.xlsx\" data-wplink-edit=\"true\">LTAIPEN_Art_33<\/a><\/p>\n<ul>\n<li><a href=\"https:\/\/cmdh.bahiadebanderas.gob.mx\/wp-content\/uploads\/2023\/07\/TABLA-DE-ACTUALIZACION-Y-CONSERVACION-DE-LA-INFORMACION_compressed-1_compressed.pdf\">Tabla de actualizaci\u00f3n y conservaci\u00f3n de la informaci\u00f3n de obligaciones comunes ULTIMO PARRAFO<\/a><\/li>\n<li><a href=\"https:\/\/cmdh.bahiadebanderas.gob.mx\/wp-content\/uploads\/2023\/07\/TABLA-DE-APLICABILIDAD-DE-LAS-OBLIGACIONES.pdf\">Tabla de aplicabilidad ULTIMO PARRAFO<\/a><\/li>\n<\/ul>\n<style type=\"text\/css\" scoped=\"scoped\">.divider-69e79b601cd96{ margin-top: 30px;margin-bottom:30px;width:100%;}.divider-69e79b601cd96 .divider-border{border-bottom-width:5px; border-color:#f2f2f2;}.divider-69e79b601cd96 .double-line.divider-inner-item .divider-inner{border-top-width: 5px; border-bottom-width: 5px;}.divider-69e79b601cd96 .divider-border.divider-inner-item .divider-inner{ border-bottom-width: 5px;} <\/style><div class=\" divider divider-69e79b601cd96 divider-shadow center\" id=\"\" style=\"margin-top:; margin-bottom:;\"><div class=\"divider-inner divider-border\"><\/div><\/div>\n<p>Periodo de actualizaci\u00f3n: Trimestral<\/p>\n<p>Ultima actualizaci\u00f3n: 30 de Enero del 2025<\/p>\n<p>Conservaci\u00f3n: Informaci\u00f3n Vigente.<\/p>\n<p>\u00c1rea que genera la informaci\u00f3n: Unidad de Transparencia<\/p>\n","protected":false},"excerpt":{"rendered":"<p>Obligaciones Aplicables (\u00daltimo P\u00e1rrafo del Art\u00edculo 33) EJERCICIO 2024 Rubros Aplicables a P\u00e1ginas de Internet LTAIPEN_Art_33 Tabla de actualizaci\u00f3n y conservaci\u00f3n de la informaci\u00f3n de obligaciones comunes ULTIMO PARRAFO Tabla de aplicabilidad ULTIMO PARRAFO Periodo de actualizaci\u00f3n: Trimestral Ultima actualizaci\u00f3n: 30 de Enero del 2025 Conservaci\u00f3n: Informaci\u00f3n Vigente. \u00c1rea que genera la informaci\u00f3n: Unidad de Transparencia<\/p>\n","protected":false},"author":1,"featured_media":0,"parent":0,"menu_order":0,"comment_status":"closed","ping_status":"closed","template":"","meta":[],"_links":{"self":[{"href":"https:\/\/cmdh.bahiadebanderas.gob.mx\/index.php\/wp-json\/wp\/v2\/pages\/804"}],"collection":[{"href":"https:\/\/cmdh.bahiadebanderas.gob.mx\/index.php\/wp-json\/wp\/v2\/pages"}],"about":[{"href":"https:\/\/cmdh.bahiadebanderas.gob.mx\/index.php\/wp-json\/wp\/v2\/types\/page"}],"author":[{"embeddable":true,"href":"https:\/\/cmdh.bahiadebanderas.gob.mx\/index.php\/wp-json\/wp\/v2\/users\/1"}],"replies":[{"embeddable":true,"href":"https:\/\/cmdh.bahiadebanderas.gob.mx\/index.php\/wp-json\/wp\/v2\/comments?post=804"}],"version-history":[{"count":30,"href":"https:\/\/cmdh.bahiadebanderas.gob.mx\/index.php\/wp-json\/wp\/v2\/pages\/804\/revisions"}],"predecessor-version":[{"id":10718,"href":"https:\/\/cmdh.bahiadebanderas.gob.mx\/index.php\/wp-json\/wp\/v2\/pages\/804\/revisions\/10718"}],"wp:attachment":[{"href":"https:\/\/cmdh.bahiadebanderas.gob.mx\/index.php\/wp-json\/wp\/v2\/media?parent=804"}],"curies":[{"name":"wp","href":"https:\/\/api.w.org\/{rel}","templated":true}]}}