{"id":801,"date":"2020-10-28T13:50:54","date_gmt":"2020-10-28T19:50:54","guid":{"rendered":"https:\/\/cmdh.bahiadebanderas.gob.mx\/?page_id=801"},"modified":"2025-11-05T09:41:11","modified_gmt":"2025-11-05T15:41:11","slug":"xxxviii-programas-que-ofrecen","status":"publish","type":"page","link":"https:\/\/cmdh.bahiadebanderas.gob.mx\/index.php\/xxxviii-programas-que-ofrecen\/","title":{"rendered":"XXXVIII &#8211; Programas que ofrecen"},"content":{"rendered":"<p><strong>XXXVIII. LOS PROGRAMAS QUE OFRECEN, INCLUYENDO INFORMACI\u00d3N SOBRE LA POBLACI\u00d3N, OBJETIVO Y DESTINO, AS\u00cd COMO LOS TR\u00c1MITES, TIEMPOS DE RESPUESTA, REQUISITOS Y FORMATOS PARA ACCEDER A LOS MISMOS<\/strong><\/p>\n<p style=\"text-align: center;\"><strong>EJERCICIO 2025<\/strong><\/p>\n<p style=\"text-align: center;\"><strong>TERCER TRIMESTRE<\/strong><\/p>\n<p>Formato XXXVIIIa. Programas<\/p>\n<p><a href=\"https:\/\/cmdh.bahiadebanderas.gob.mx\/wp-content\/uploads\/2025\/11\/LTAIPEN_Art_33_Fr_XXXVIII_a.xlsx\">LTAIPEN_Art_33_Fr_XXXVIII_a<\/a><\/p>\n<p>Formato XXXVIIIb. Tr\u00e1mites<\/p>\n<p><a href=\"https:\/\/cmdh.bahiadebanderas.gob.mx\/wp-content\/uploads\/2025\/11\/LTAIPEN_Art_33_Fr_XXXVIII_b.xlsx\">LTAIPEN_Art_33_Fr_XXXVIII_b<\/a><\/p>\n<p style=\"text-align: center;\"><strong>\u00a0PRIMER TRIMESTRE<\/strong><\/p>\n<p>Formato XXXVIIIa. Programas<\/p>\n<p><a href=\"https:\/\/cmdh.bahiadebanderas.gob.mx\/wp-content\/uploads\/2025\/05\/LTAIPEN_Art_33_Fr_XXXVIII_a-1.xlsx\">LTAIPEN_Art_33_Fr_XXXVIII_a<\/a><\/p>\n<p>Formato XXXVIIIb. Tr\u00e1mites<\/p>\n<p><a href=\"https:\/\/cmdh.bahiadebanderas.gob.mx\/wp-content\/uploads\/2025\/05\/LTAIPEN_Art_33_Fr_XXXVIII_b-1.xlsx\">LTAIPEN_Art_33_Fr_XXXVIII_b<\/a><\/p>\n<style type=\"text\/css\" scoped=\"scoped\">.divider-69e79bf301ea8{ margin-top: 30px;margin-bottom:30px;width:100%;}.divider-69e79bf301ea8 .divider-border{border-bottom-width:5px; border-color:#f2f2f2;}.divider-69e79bf301ea8 .double-line.divider-inner-item .divider-inner{border-top-width: 5px; border-bottom-width: 5px;}.divider-69e79bf301ea8 .divider-border.divider-inner-item .divider-inner{ border-bottom-width: 5px;} <\/style><div class=\" divider divider-69e79bf301ea8 divider-shadow center\" id=\"\" style=\"margin-top:; margin-bottom:;\"><div class=\"divider-inner divider-border\"><\/div><\/div>\n<p style=\"text-align: center;\"><strong>EJERCICIO 2024<\/strong><\/p>\n<p style=\"text-align: center;\"><strong>\u00a0CUARTO TRIMESTRE<\/strong><\/p>\n<p>Formato XXXVIIIa. Programas<\/p>\n<p><a href=\"https:\/\/cmdh.bahiadebanderas.gob.mx\/wp-content\/uploads\/2025\/01\/LTAIPEN_Art_33_Fr_XXXVIII_a.xlsx\">LTAIPEN_Art_33_Fr_XXXVIII_a<\/a><\/p>\n<p>Formato XXXVIIIb. Tr\u00e1mites<\/p>\n<p><a href=\"https:\/\/cmdh.bahiadebanderas.gob.mx\/wp-content\/uploads\/2025\/01\/LTAIPEN_Art_33_Fr_XXXVIII_b.xlsx\">LTAIPEN_Art_33_Fr_XXXVIII_b<\/a><\/p>\n<p style=\"text-align: center;\"><strong>\u00a0TERCER TRIMESTRE<\/strong><\/p>\n<p>Formato XXXVIIIa. Programas<\/p>\n<p><a href=\"https:\/\/cmdh.bahiadebanderas.gob.mx\/wp-content\/uploads\/2024\/07\/LTAIPEN_Art_33_Fr_XXXVIII_a.xlsx\">LTAIPEN_Art_33_Fr_XXXVIII_a<\/a><\/p>\n<p>Formato XXXVIIIb. Tr\u00e1mites<\/p>\n<p><a href=\"https:\/\/cmdh.bahiadebanderas.gob.mx\/wp-content\/uploads\/2024\/07\/LTAIPEN_Art_33_Fr_XXXVIII_b.xlsx\">LTAIPEN_Art_33_Fr_XXXVIII_b<\/a><\/p>\n<p style=\"text-align: center;\"><strong>\u00a0SEGUNDO TRIMESTRE<\/strong><\/p>\n<p>Formato XXXVIIIa. Programas<\/p>\n<p><a href=\"https:\/\/cmdh.bahiadebanderas.gob.mx\/wp-content\/uploads\/2024\/07\/LTAIPEN_Art_33_Fr_XXXVIII_a.xlsx\">LTAIPEN_Art_33_Fr_XXXVIII_a<\/a><\/p>\n<p>Formato XXXVIIIb. Tr\u00e1mites<\/p>\n<p><a href=\"https:\/\/cmdh.bahiadebanderas.gob.mx\/wp-content\/uploads\/2024\/07\/LTAIPEN_Art_33_Fr_XXXVIII_b.xlsx\">LTAIPEN_Art_33_Fr_XXXVIII_b<\/a><\/p>\n<p style=\"text-align: center;\"><strong>\u00a0PRIMER TRIMESTRE<\/strong><\/p>\n<p>Formato XXXVIIIa. Programas<\/p>\n<p><a href=\"https:\/\/cmdh.bahiadebanderas.gob.mx\/wp-content\/uploads\/2024\/04\/LTAIPEN_Art_33_Fr_XXXVIII_a-2024-pw.xlsx\">LTAIPEN_Art_33_Fr_XXXVIII_a<\/a><\/p>\n<p>Formato XXXVIIIb. Tr\u00e1mites<\/p>\n<p><a href=\"https:\/\/cmdh.bahiadebanderas.gob.mx\/wp-content\/uploads\/2024\/04\/LTAIPEN_Art_33_Fr_XXXVIII_b-2024-pw.xlsx\">LTAIPEN_Art_33_Fr_XXXVIII_b<\/a><\/p>\n<style type=\"text\/css\" scoped=\"scoped\">.divider-69e79bf301f04{ margin-top: 30px;margin-bottom:30px;width:100%;}.divider-69e79bf301f04 .divider-border{border-bottom-width:5px; border-color:#f2f2f2;}.divider-69e79bf301f04 .double-line.divider-inner-item .divider-inner{border-top-width: 5px; border-bottom-width: 5px;}.divider-69e79bf301f04 .divider-border.divider-inner-item .divider-inner{ border-bottom-width: 5px;} <\/style><div class=\" divider divider-69e79bf301f04 divider-shadow center\" id=\"\" style=\"margin-top:; margin-bottom:;\"><div class=\"divider-inner divider-border\"><\/div><\/div>\n<p style=\"text-align: center;\"><strong>EJERCICIO 2023<\/strong><\/p>\n<p style=\"text-align: center;\"><strong>\u00a0CUARTO TRIMESTRE<\/strong><\/p>\n<p>Formato XXXVIIIa. Programas<\/p>\n<p><a href=\"https:\/\/cmdh.bahiadebanderas.gob.mx\/wp-content\/uploads\/2024\/02\/LTAIPEN_Art_33_Fr_XXXVIII_a-5.xlsx\">LTAIPEN_Art_33_Fr_XXXVIII_a<\/a><\/p>\n<p>Formato XXXVIIIb. Tr\u00e1mites<\/p>\n<p><a href=\"https:\/\/cmdh.bahiadebanderas.gob.mx\/wp-content\/uploads\/2024\/02\/LTAIPEN_Art_33_Fr_XXXVIII_b-5.xlsx\">LTAIPEN_Art_33_Fr_XXXVIII_b<\/a><\/p>\n<p style=\"text-align: center;\"><strong>\u00a0TERCER TRIMESTRE<\/strong><\/p>\n<p>Formato XXXVIIIa. Programas<\/p>\n<p><a href=\"https:\/\/cmdh.bahiadebanderas.gob.mx\/wp-content\/uploads\/2024\/04\/LTAIPEN_Art_33_Fr_XXXVIII_a-2023-pw.xlsx\">LTAIPEN_Art_33_Fr_XXXVIII_a<\/a><\/p>\n<p>Formato XXXVIIIb. Tr\u00e1mites<\/p>\n<p><a href=\"https:\/\/cmdh.bahiadebanderas.gob.mx\/wp-content\/uploads\/2024\/04\/LTAIPEN_Art_33_Fr_XXXVIII_b-2023-pw.xlsx\">LTAIPEN_Art_33_Fr_XXXVIII_b<\/a><\/p>\n<p style=\"text-align: center;\"><strong>\u00a0SEGUNDO TRIMESTRE<\/strong><\/p>\n<p>Formato XXXVIIIa. Programas<\/p>\n<p><a href=\"https:\/\/cmdh.bahiadebanderas.gob.mx\/wp-content\/uploads\/2023\/07\/LTAIPEN_Art_33_Fr_XXVIII_a-1.xlsx\">LTAIPEN_Art_33_Fr_XXXVIII_a<\/a><\/p>\n<p>Formato XXXVIIIb. Tr\u00e1mites<\/p>\n<p><a href=\"https:\/\/cmdh.bahiadebanderas.gob.mx\/wp-content\/uploads\/2023\/07\/LTAIPEN_Art_33_Fr_XXVIII_b-1.xlsx\">LTAIPEN_Art_33_Fr_XXXVIII_b<\/a><\/p>\n<p style=\"text-align: center;\"><strong>PRIMER TRIMESTRE<\/strong><\/p>\n<p>Formato XXXVIIIa. Programas<\/p>\n<p><a href=\"https:\/\/cmdh.bahiadebanderas.gob.mx\/wp-content\/uploads\/2023\/04\/LTAIPEN_Art_33_Fr_XXXVIII_a-2.xlsx\">LTAIPEN_Art_33_Fr_XXXVIII_a<\/a><\/p>\n<p>Formato XXXVIIIb. Tr\u00e1mites<\/p>\n<p><a href=\"https:\/\/cmdh.bahiadebanderas.gob.mx\/wp-content\/uploads\/2023\/04\/LTAIPEN_Art_33_Fr_XXXVIII_b-2.xlsx\">LTAIPEN_Art_33_Fr_XXXVIII_b<\/a><\/p>\n<style type=\"text\/css\" scoped=\"scoped\">.divider-69e79bf301f2e{ margin-top: 30px;margin-bottom:30px;width:100%;}.divider-69e79bf301f2e .divider-border{border-bottom-width:5px; border-color:#f2f2f2;}.divider-69e79bf301f2e .double-line.divider-inner-item .divider-inner{border-top-width: 5px; border-bottom-width: 5px;}.divider-69e79bf301f2e .divider-border.divider-inner-item .divider-inner{ border-bottom-width: 5px;} <\/style><div class=\" divider divider-69e79bf301f2e divider-shadow center\" id=\"\" style=\"margin-top:; margin-bottom:;\"><div class=\"divider-inner divider-border\"><\/div><\/div>\n\n\n<p>Periodo de actualizaci\u00f3n: Trimestral<\/p>\n\n\n\n<p>Ultima actualizaci\u00f3n: 04 de Noviembre del 2025<\/p>\n\n\n\n<p>Conservaci\u00f3n: Ejercicio en curso y 2 Ejercicios anteriores. <\/p>\n\n\n\n<p>\u00c1rea que genera la informaci\u00f3n: Presidencia<\/p>\n","protected":false},"excerpt":{"rendered":"<p>XXXVIII. LOS PROGRAMAS QUE OFRECEN, INCLUYENDO INFORMACI\u00d3N SOBRE LA POBLACI\u00d3N, OBJETIVO Y DESTINO, AS\u00cd COMO LOS TR\u00c1MITES, TIEMPOS DE RESPUESTA, REQUISITOS Y FORMATOS PARA ACCEDER A LOS MISMOS EJERCICIO 2025 TERCER TRIMESTRE Formato XXXVIIIa. Programas LTAIPEN_Art_33_Fr_XXXVIII_a Formato XXXVIIIb. Tr\u00e1mites LTAIPEN_Art_33_Fr_XXXVIII_b \u00a0PRIMER TRIMESTRE Formato XXXVIIIa. Programas LTAIPEN_Art_33_Fr_XXXVIII_a Formato XXXVIIIb. Tr\u00e1mites LTAIPEN_Art_33_Fr_XXXVIII_b EJERCICIO 2024 \u00a0CUARTO TRIMESTRE Formato XXXVIIIa. Programas LTAIPEN_Art_33_Fr_XXXVIII_a Formato XXXVIIIb. Tr\u00e1mites LTAIPEN_Art_33_Fr_XXXVIII_b \u00a0TERCER TRIMESTRE Formato XXXVIIIa. Programas LTAIPEN_Art_33_Fr_XXXVIII_a Formato XXXVIIIb. Tr\u00e1mites LTAIPEN_Art_33_Fr_XXXVIII_b \u00a0SEGUNDO TRIMESTRE Formato XXXVIIIa. Programas LTAIPEN_Art_33_Fr_XXXVIII_a Formato XXXVIIIb. Tr\u00e1mites LTAIPEN_Art_33_Fr_XXXVIII_b \u00a0PRIMER TRIMESTRE Formato XXXVIIIa. Programas LTAIPEN_Art_33_Fr_XXXVIII_a Formato XXXVIIIb. Tr\u00e1mites LTAIPEN_Art_33_Fr_XXXVIII_b EJERCICIO 2023 \u00a0CUARTO TRIMESTRE Formato XXXVIIIa. Programas LTAIPEN_Art_33_Fr_XXXVIII_a Formato XXXVIIIb. Tr\u00e1mites LTAIPEN_Art_33_Fr_XXXVIII_b \u00a0TERCER TRIMESTRE Formato XXXVIIIa. Programas LTAIPEN_Art_33_Fr_XXXVIII_a Formato XXXVIIIb. Tr\u00e1mites LTAIPEN_Art_33_Fr_XXXVIII_b \u00a0SEGUNDO TRIMESTRE Formato XXXVIIIa. Programas LTAIPEN_Art_33_Fr_XXXVIII_a Formato XXXVIIIb. Tr\u00e1mites LTAIPEN_Art_33_Fr_XXXVIII_b PRIMER TRIMESTRE Formato XXXVIIIa. Programas LTAIPEN_Art_33_Fr_XXXVIII_a Formato XXXVIIIb. Tr\u00e1mites LTAIPEN_Art_33_Fr_XXXVIII_b Periodo de actualizaci\u00f3n: Trimestral Ultima actualizaci\u00f3n: 04 de Noviembre del 2025 Conservaci\u00f3n: Ejercicio en curso y 2 Ejercicios anteriores. \u00c1rea que genera la informaci\u00f3n: Presidencia<\/p>\n","protected":false},"author":1,"featured_media":0,"parent":0,"menu_order":0,"comment_status":"closed","ping_status":"closed","template":"","meta":[],"_links":{"self":[{"href":"https:\/\/cmdh.bahiadebanderas.gob.mx\/index.php\/wp-json\/wp\/v2\/pages\/801"}],"collection":[{"href":"https:\/\/cmdh.bahiadebanderas.gob.mx\/index.php\/wp-json\/wp\/v2\/pages"}],"about":[{"href":"https:\/\/cmdh.bahiadebanderas.gob.mx\/index.php\/wp-json\/wp\/v2\/types\/page"}],"author":[{"embeddable":true,"href":"https:\/\/cmdh.bahiadebanderas.gob.mx\/index.php\/wp-json\/wp\/v2\/users\/1"}],"replies":[{"embeddable":true,"href":"https:\/\/cmdh.bahiadebanderas.gob.mx\/index.php\/wp-json\/wp\/v2\/comments?post=801"}],"version-history":[{"count":34,"href":"https:\/\/cmdh.bahiadebanderas.gob.mx\/index.php\/wp-json\/wp\/v2\/pages\/801\/revisions"}],"predecessor-version":[{"id":12046,"href":"https:\/\/cmdh.bahiadebanderas.gob.mx\/index.php\/wp-json\/wp\/v2\/pages\/801\/revisions\/12046"}],"wp:attachment":[{"href":"https:\/\/cmdh.bahiadebanderas.gob.mx\/index.php\/wp-json\/wp\/v2\/media?parent=801"}],"curies":[{"name":"wp","href":"https:\/\/api.w.org\/{rel}","templated":true}]}}