{"id":798,"date":"2020-10-28T13:47:00","date_gmt":"2020-10-28T19:47:00","guid":{"rendered":"https:\/\/cmdh.bahiadebanderas.gob.mx\/?page_id=798"},"modified":"2026-02-10T12:10:38","modified_gmt":"2026-02-10T18:10:38","slug":"xxxvii-mecanismos-de-participacion","status":"publish","type":"page","link":"https:\/\/cmdh.bahiadebanderas.gob.mx\/index.php\/xxxvii-mecanismos-de-participacion\/","title":{"rendered":"XXXVII &#8211; Mecanismos de Participaci\u00f3n"},"content":{"rendered":"<p><strong>XXXVII. LOS MECANISMOS DE PARTICIPACI\u00d3N CIUDADANA<\/strong><\/p>\n<p style=\"text-align: center;\"><strong>EJERCICIO 2025<\/strong><\/p>\n<p style=\"text-align: center;\"><strong>CUARTO TRIMESTRE<\/strong><\/p>\n<p>Formato XXXVIIa. Mecanismos de Participaci\u00f3n Ciudadana<\/p>\n<p><a href=\"https:\/\/cmdh.bahiadebanderas.gob.mx\/wp-content\/uploads\/2025\/11\/LTAIPEN_Art_33_Fr_XXXVII_a.xlsx\">LTAIPEN_Art_33_Fr_XXXVII_a<\/a><\/p>\n<p>Formato XXXVIIb. Resultados de los Mecanismos de Participaci\u00f3n Ciudadana<\/p>\n<p><a href=\"https:\/\/cmdh.bahiadebanderas.gob.mx\/wp-content\/uploads\/2025\/11\/LTAIPEN_Art_33_Fr_XXXVII_b.xlsx\">LTAIPEN_Art_33_Fr_XXXVII_b<\/a><\/p>\n<p style=\"text-align: center;\"><strong>TERCER TRIMESTRE<\/strong><\/p>\n<p>Formato XXXVIIa. Mecanismos de Participaci\u00f3n Ciudadana<\/p>\n<p><a href=\"https:\/\/cmdh.bahiadebanderas.gob.mx\/wp-content\/uploads\/2025\/11\/LTAIPEN_Art_33_Fr_XXXVII_a.xlsx\">LTAIPEN_Art_33_Fr_XXXVII_a<\/a><\/p>\n<p>Formato XXXVIIb. Resultados de los Mecanismos de Participaci\u00f3n Ciudadana<\/p>\n<p><a href=\"https:\/\/cmdh.bahiadebanderas.gob.mx\/wp-content\/uploads\/2025\/11\/LTAIPEN_Art_33_Fr_XXXVII_b.xlsx\">LTAIPEN_Art_33_Fr_XXXVII_b<\/a><\/p>\n<p style=\"text-align: center;\"><strong>PRIMER TRIMESTRE<\/strong><\/p>\n<p>Formato XXXVIIa. Mecanismos de Participaci\u00f3n Ciudadana<\/p>\n<p><a href=\"https:\/\/cmdh.bahiadebanderas.gob.mx\/wp-content\/uploads\/2025\/05\/LTAIPEN_Art_33_Fr_XXXVII_a-2.xlsx\">LTAIPEN_Art_33_Fr_XXXVII_a<\/a><\/p>\n<p>Formato XXXVIIb. Resultados de los Mecanismos de Participaci\u00f3n Ciudadana<\/p>\n<p><a href=\"https:\/\/cmdh.bahiadebanderas.gob.mx\/wp-content\/uploads\/2025\/05\/LTAIPEN_Art_33_Fr_XXXVII_b-3.xlsx\">LTAIPEN_Art_33_Fr_XXXVII_b<\/a><\/p>\n<style type=\"text\/css\" scoped=\"scoped\">.divider-69e79f5b6c0a7{ margin-top: 30px;margin-bottom:30px;width:100%;}.divider-69e79f5b6c0a7 .divider-border{border-bottom-width:5px; border-color:#f2f2f2;}.divider-69e79f5b6c0a7 .double-line.divider-inner-item .divider-inner{border-top-width: 5px; border-bottom-width: 5px;}.divider-69e79f5b6c0a7 .divider-border.divider-inner-item .divider-inner{ border-bottom-width: 5px;} <\/style><div class=\" divider divider-69e79f5b6c0a7 divider-shadow center\" id=\"\" style=\"margin-top:; margin-bottom:;\"><div class=\"divider-inner divider-border\"><\/div><\/div>\n<p style=\"text-align: center;\"><strong>EJERCICIO 2024<\/strong><\/p>\n<p style=\"text-align: center;\"><strong>CUARTO TRIMESTRE<\/strong><\/p>\n<p>Formato XXXVIIa. Mecanismos de Participaci\u00f3n Ciudadana<\/p>\n<p><a href=\"https:\/\/cmdh.bahiadebanderas.gob.mx\/wp-content\/uploads\/2025\/01\/LTAIPEN_Art_33_Fr_XXXVII_a.xlsx\">LTAIPEN_Art_33_Fr_XXXVII_a<\/a><\/p>\n<p>Formato XXXVIIb. Resultados de los Mecanismos de Participaci\u00f3n Ciudadana<\/p>\n<p><a href=\"https:\/\/cmdh.bahiadebanderas.gob.mx\/wp-content\/uploads\/2025\/01\/LTAIPEN_Art_33_Fr_XXXVII_b.xlsx\">LTAIPEN_Art_33_Fr_XXXVII_b<\/a><\/p>\n<p style=\"text-align: center;\"><strong>TERCER TRIMESTRE<\/strong><\/p>\n<p>Formato XXXVIIa. Mecanismos de Participaci\u00f3n Ciudadana<\/p>\n<p><a href=\"https:\/\/cmdh.bahiadebanderas.gob.mx\/wp-content\/uploads\/2024\/07\/LTAIPEN_Art_33_Fr_XXXVII_a-1.xlsx\">LTAIPEN_Art_33_Fr_XXXVII_a<\/a><\/p>\n<p>Formato XXXVIIb. Resultados de los Mecanismos de Participaci\u00f3n Ciudadana<\/p>\n<p><a href=\"https:\/\/cmdh.bahiadebanderas.gob.mx\/wp-content\/uploads\/2024\/07\/LTAIPEN_Art_33_Fr_XXXVII_b-2.xlsx\">LTAIPEN_Art_33_Fr_XXXVII_b<\/a><\/p>\n<p style=\"text-align: center;\"><strong>SEGUNDO TRIMESTRE<\/strong><\/p>\n<p>Formato XXXVIIa. Mecanismos de Participaci\u00f3n Ciudadana<\/p>\n<p><a href=\"https:\/\/cmdh.bahiadebanderas.gob.mx\/wp-content\/uploads\/2024\/07\/LTAIPEN_Art_33_Fr_XXXVII_a-1.xlsx\">LTAIPEN_Art_33_Fr_XXXVII_a<\/a><\/p>\n<p>Formato XXXVIIb. Resultados de los Mecanismos de Participaci\u00f3n Ciudadana<\/p>\n<p><a href=\"https:\/\/cmdh.bahiadebanderas.gob.mx\/wp-content\/uploads\/2024\/07\/LTAIPEN_Art_33_Fr_XXXVII_b-2.xlsx\">LTAIPEN_Art_33_Fr_XXXVII_b<\/a><\/p>\n<p style=\"text-align: center;\"><strong>PRIMER TRIMESTRE<\/strong><\/p>\n<p>Formato XXXVIIa. Mecanismos de Participaci\u00f3n Ciudadana<\/p>\n<p><a href=\"https:\/\/cmdh.bahiadebanderas.gob.mx\/wp-content\/uploads\/2024\/06\/LTAIPEN_Art_33_Fr_XXXVII_a.xlsx\">LTAIPEN_Art_33_Fr_XXXVII_a<\/a><\/p>\n<p>Formato XXXVIIb. Resultados de los Mecanismos de Participaci\u00f3n Ciudadana<\/p>\n<p><a href=\"https:\/\/cmdh.bahiadebanderas.gob.mx\/wp-content\/uploads\/2024\/06\/LTAIPEN_Art_33_Fr_XXXVII_b-1.xlsx\">LTAIPEN_Art_33_Fr_XXXVII_b<\/a><\/p>\n<style type=\"text\/css\" scoped=\"scoped\">.divider-69e79f5b6c10a{ margin-top: 30px;margin-bottom:30px;width:100%;}.divider-69e79f5b6c10a .divider-border{border-bottom-width:5px; border-color:#f2f2f2;}.divider-69e79f5b6c10a .double-line.divider-inner-item .divider-inner{border-top-width: 5px; border-bottom-width: 5px;}.divider-69e79f5b6c10a .divider-border.divider-inner-item .divider-inner{ border-bottom-width: 5px;} <\/style><div class=\" divider divider-69e79f5b6c10a divider-shadow center\" id=\"\" style=\"margin-top:; margin-bottom:;\"><div class=\"divider-inner divider-border\"><\/div><\/div>\n\n\n<p>Periodo de actualizaci\u00f3n: Trimestral<\/p>\n\n\n\n<p>Ultima actualizaci\u00f3n: 04 de Noviembre del 2025<\/p>\n\n\n\n<p>Conservaci\u00f3n: Ejercicio en curso y 1 ejercicio anterior. <\/p>\n\n\n\n<p>\u00c1rea que genera la informaci\u00f3n: Presidencia<\/p>\n","protected":false},"excerpt":{"rendered":"<p>XXXVII. LOS MECANISMOS DE PARTICIPACI\u00d3N CIUDADANA EJERCICIO 2025 CUARTO TRIMESTRE Formato XXXVIIa. Mecanismos de Participaci\u00f3n Ciudadana LTAIPEN_Art_33_Fr_XXXVII_a Formato XXXVIIb. Resultados de los Mecanismos de Participaci\u00f3n Ciudadana LTAIPEN_Art_33_Fr_XXXVII_b TERCER TRIMESTRE Formato XXXVIIa. Mecanismos de Participaci\u00f3n Ciudadana LTAIPEN_Art_33_Fr_XXXVII_a Formato XXXVIIb. Resultados de los Mecanismos de Participaci\u00f3n Ciudadana LTAIPEN_Art_33_Fr_XXXVII_b PRIMER TRIMESTRE Formato XXXVIIa. Mecanismos de Participaci\u00f3n Ciudadana LTAIPEN_Art_33_Fr_XXXVII_a Formato XXXVIIb. Resultados de los Mecanismos de Participaci\u00f3n Ciudadana LTAIPEN_Art_33_Fr_XXXVII_b EJERCICIO 2024 CUARTO TRIMESTRE Formato XXXVIIa. Mecanismos de Participaci\u00f3n Ciudadana LTAIPEN_Art_33_Fr_XXXVII_a Formato XXXVIIb. Resultados de los Mecanismos de Participaci\u00f3n Ciudadana LTAIPEN_Art_33_Fr_XXXVII_b TERCER TRIMESTRE Formato XXXVIIa. Mecanismos de Participaci\u00f3n Ciudadana LTAIPEN_Art_33_Fr_XXXVII_a Formato XXXVIIb. Resultados de los Mecanismos de Participaci\u00f3n Ciudadana LTAIPEN_Art_33_Fr_XXXVII_b SEGUNDO TRIMESTRE Formato XXXVIIa. Mecanismos de Participaci\u00f3n Ciudadana LTAIPEN_Art_33_Fr_XXXVII_a Formato XXXVIIb. Resultados de los Mecanismos de Participaci\u00f3n Ciudadana LTAIPEN_Art_33_Fr_XXXVII_b PRIMER TRIMESTRE Formato XXXVIIa. Mecanismos de Participaci\u00f3n Ciudadana LTAIPEN_Art_33_Fr_XXXVII_a Formato XXXVIIb. Resultados de los Mecanismos de Participaci\u00f3n Ciudadana LTAIPEN_Art_33_Fr_XXXVII_b Periodo de actualizaci\u00f3n: Trimestral Ultima actualizaci\u00f3n: 04 de Noviembre del 2025 Conservaci\u00f3n: Ejercicio en curso y 1 ejercicio anterior. \u00c1rea que genera la informaci\u00f3n: Presidencia<\/p>\n","protected":false},"author":1,"featured_media":0,"parent":0,"menu_order":0,"comment_status":"closed","ping_status":"closed","template":"","meta":[],"_links":{"self":[{"href":"https:\/\/cmdh.bahiadebanderas.gob.mx\/index.php\/wp-json\/wp\/v2\/pages\/798"}],"collection":[{"href":"https:\/\/cmdh.bahiadebanderas.gob.mx\/index.php\/wp-json\/wp\/v2\/pages"}],"about":[{"href":"https:\/\/cmdh.bahiadebanderas.gob.mx\/index.php\/wp-json\/wp\/v2\/types\/page"}],"author":[{"embeddable":true,"href":"https:\/\/cmdh.bahiadebanderas.gob.mx\/index.php\/wp-json\/wp\/v2\/users\/1"}],"replies":[{"embeddable":true,"href":"https:\/\/cmdh.bahiadebanderas.gob.mx\/index.php\/wp-json\/wp\/v2\/comments?post=798"}],"version-history":[{"count":37,"href":"https:\/\/cmdh.bahiadebanderas.gob.mx\/index.php\/wp-json\/wp\/v2\/pages\/798\/revisions"}],"predecessor-version":[{"id":12302,"href":"https:\/\/cmdh.bahiadebanderas.gob.mx\/index.php\/wp-json\/wp\/v2\/pages\/798\/revisions\/12302"}],"wp:attachment":[{"href":"https:\/\/cmdh.bahiadebanderas.gob.mx\/index.php\/wp-json\/wp\/v2\/media?parent=798"}],"curies":[{"name":"wp","href":"https:\/\/api.w.org\/{rel}","templated":true}]}}