{"id":795,"date":"2020-10-28T13:44:20","date_gmt":"2020-10-28T19:44:20","guid":{"rendered":"https:\/\/cmdh.bahiadebanderas.gob.mx\/?page_id=795"},"modified":"2026-02-10T09:38:44","modified_gmt":"2026-02-10T15:38:44","slug":"xxxvi-resoluciones-y-laudos","status":"publish","type":"page","link":"https:\/\/cmdh.bahiadebanderas.gob.mx\/index.php\/xxxvi-resoluciones-y-laudos\/","title":{"rendered":"XXXVI &#8211; Resoluciones y Laudos"},"content":{"rendered":"<p><strong>XXXVI. LAS RESOLUCIONES Y LAUDOS QUE SE EMITAN EN PROCESOS O PROCEDIMIENTOS SEGUIDOS EN FORMA DE JUICIO.<\/strong><\/p>\n<p style=\"text-align: center;\"><strong>EJERCICIO 2025<\/strong><\/p>\n<p style=\"text-align: center;\"><strong>CUARTO TRIMESTRE<\/strong><\/p>\n<p>Formato XXXVI. Las Resoluciones y Laudos Emitidos<\/p>\n<p><a href=\"https:\/\/cmdh.bahiadebanderas.gob.mx\/wp-content\/uploads\/2026\/02\/LTAIPEN_Art_33_Fr_XXXVI.xlsx\">LTAIPEN_Art_33_Fr_XXXVI<\/a><\/p>\n<p style=\"text-align: center;\"><strong>TERCER TRIMESTRE<\/strong><\/p>\n<p>Formato XXXVI. Las Resoluciones y Laudos Emitidos<\/p>\n<p><a href=\"https:\/\/cmdh.bahiadebanderas.gob.mx\/wp-content\/uploads\/2025\/11\/LTAIPEN_Art_33_Fr_XXXVI.xlsx\">LTAIPEN_Art_33_Fr_XXXVI<\/a><\/p>\n<p style=\"text-align: center;\"><strong>PRIMER TRIMESTRE<\/strong><\/p>\n<p>Formato XXXVI. Las Resoluciones y Laudos Emitidos<\/p>\n<p><a href=\"https:\/\/cmdh.bahiadebanderas.gob.mx\/wp-content\/uploads\/2025\/05\/LTAIPEN_Art_33_Fr_XXXVI-6.xlsx\">LTAIPEN_Art_33_Fr_XXXVI<\/a><\/p>\n<style type=\"text\/css\" scoped=\"scoped\">.divider-69e7a1020fa51{ margin-top: 30px;margin-bottom:30px;width:100%;}.divider-69e7a1020fa51 .divider-border{border-bottom-width:5px; border-color:#f2f2f2;}.divider-69e7a1020fa51 .double-line.divider-inner-item .divider-inner{border-top-width: 5px; border-bottom-width: 5px;}.divider-69e7a1020fa51 .divider-border.divider-inner-item .divider-inner{ border-bottom-width: 5px;} <\/style><div class=\" divider divider-69e7a1020fa51 divider-shadow center\" id=\"\" style=\"margin-top:; margin-bottom:;\"><div class=\"divider-inner divider-border\"><\/div><\/div>\n<p style=\"text-align: center;\"><strong>EJERCICIO 2024<\/strong><\/p>\n<p style=\"text-align: center;\"><strong>CUARTO TRIMESTRE<\/strong><\/p>\n<p>Formato XXXVI. Las Resoluciones y Laudos Emitidos<\/p>\n<p><a href=\"https:\/\/cmdh.bahiadebanderas.gob.mx\/wp-content\/uploads\/2025\/01\/LTAIPEN_Art_33_Fr_XXXVI.xlsx\">LTAIPEN_Art_33_Fr_XXXVI<\/a><\/p>\n<p style=\"text-align: center;\"><strong>TERCER TRIMESTRE<\/strong><\/p>\n<p>Formato XXXVI. Las Resoluciones y Laudos Emitidos<\/p>\n<p><a href=\"https:\/\/cmdh.bahiadebanderas.gob.mx\/wp-content\/uploads\/2024\/10\/LTAIPEN_Art_33_Fr_XXXVI.xlsx\">LTAIPEN_Art_33_Fr_XXXVI<\/a><\/p>\n<p style=\"text-align: center;\"><strong>SEGUNDO TRIMESTRE<\/strong><\/p>\n<p>Formato XXXVI. Las Resoluciones y Laudos Emitidos<\/p>\n<p><a href=\"https:\/\/cmdh.bahiadebanderas.gob.mx\/wp-content\/uploads\/2024\/07\/LTAIPEN_Art_33_Fr_XXXVI-4.xlsx\">LTAIPEN_Art_33_Fr_XXXVI<\/a><\/p>\n<p style=\"text-align: center;\"><strong>PRIMER TRIMESTRE<\/strong><\/p>\n<p>Formato XXXVI. Las Resoluciones y Laudos Emitidos<\/p>\n<p><a href=\"https:\/\/cmdh.bahiadebanderas.gob.mx\/wp-content\/uploads\/2024\/04\/LTAIPEN_Art_33_Fr_XXXVI-3.xlsx\">LTAIPEN_Art_33_Fr_XXXVI<\/a><\/p>\n<style type=\"text\/css\" scoped=\"scoped\">.divider-69e7a1020faaa{ margin-top: 30px;margin-bottom:30px;width:100%;}.divider-69e7a1020faaa .divider-border{border-bottom-width:5px; border-color:#f2f2f2;}.divider-69e7a1020faaa .double-line.divider-inner-item .divider-inner{border-top-width: 5px; border-bottom-width: 5px;}.divider-69e7a1020faaa .divider-border.divider-inner-item .divider-inner{ border-bottom-width: 5px;} <\/style><div class=\" divider divider-69e7a1020faaa divider-shadow center\" id=\"\" style=\"margin-top:; margin-bottom:;\"><div class=\"divider-inner divider-border\"><\/div><\/div>\n<p>Periodo de actualizaci\u00f3n: Trimestral<\/p>\n<p>Ultima actualizaci\u00f3n: 09 de Noviembre del 2026<\/p>\n<p>Conservaci\u00f3n: Ejercicio en curso y 1 ejercicio anterior<\/p>\n<p>\u00c1rea que genera la informaci\u00f3n: Contabilidad<\/p>\n","protected":false},"excerpt":{"rendered":"<p>XXXVI. LAS RESOLUCIONES Y LAUDOS QUE SE EMITAN EN PROCESOS O PROCEDIMIENTOS SEGUIDOS EN FORMA DE JUICIO. EJERCICIO 2025 CUARTO TRIMESTRE Formato XXXVI. Las Resoluciones y Laudos Emitidos LTAIPEN_Art_33_Fr_XXXVI TERCER TRIMESTRE Formato XXXVI. Las Resoluciones y Laudos Emitidos LTAIPEN_Art_33_Fr_XXXVI PRIMER TRIMESTRE Formato XXXVI. Las Resoluciones y Laudos Emitidos LTAIPEN_Art_33_Fr_XXXVI EJERCICIO 2024 CUARTO TRIMESTRE Formato XXXVI. Las Resoluciones y Laudos Emitidos LTAIPEN_Art_33_Fr_XXXVI TERCER TRIMESTRE Formato XXXVI. Las Resoluciones y Laudos Emitidos LTAIPEN_Art_33_Fr_XXXVI SEGUNDO TRIMESTRE Formato XXXVI. Las Resoluciones y Laudos Emitidos LTAIPEN_Art_33_Fr_XXXVI PRIMER TRIMESTRE Formato XXXVI. Las Resoluciones y Laudos Emitidos LTAIPEN_Art_33_Fr_XXXVI Periodo de actualizaci\u00f3n: Trimestral Ultima actualizaci\u00f3n: 09 de Noviembre del 2026 Conservaci\u00f3n: Ejercicio en curso y 1 ejercicio anterior \u00c1rea que genera la informaci\u00f3n: Contabilidad<\/p>\n","protected":false},"author":1,"featured_media":0,"parent":0,"menu_order":0,"comment_status":"closed","ping_status":"closed","template":"","meta":[],"_links":{"self":[{"href":"https:\/\/cmdh.bahiadebanderas.gob.mx\/index.php\/wp-json\/wp\/v2\/pages\/795"}],"collection":[{"href":"https:\/\/cmdh.bahiadebanderas.gob.mx\/index.php\/wp-json\/wp\/v2\/pages"}],"about":[{"href":"https:\/\/cmdh.bahiadebanderas.gob.mx\/index.php\/wp-json\/wp\/v2\/types\/page"}],"author":[{"embeddable":true,"href":"https:\/\/cmdh.bahiadebanderas.gob.mx\/index.php\/wp-json\/wp\/v2\/users\/1"}],"replies":[{"embeddable":true,"href":"https:\/\/cmdh.bahiadebanderas.gob.mx\/index.php\/wp-json\/wp\/v2\/comments?post=795"}],"version-history":[{"count":33,"href":"https:\/\/cmdh.bahiadebanderas.gob.mx\/index.php\/wp-json\/wp\/v2\/pages\/795\/revisions"}],"predecessor-version":[{"id":12300,"href":"https:\/\/cmdh.bahiadebanderas.gob.mx\/index.php\/wp-json\/wp\/v2\/pages\/795\/revisions\/12300"}],"wp:attachment":[{"href":"https:\/\/cmdh.bahiadebanderas.gob.mx\/index.php\/wp-json\/wp\/v2\/media?parent=795"}],"curies":[{"name":"wp","href":"https:\/\/api.w.org\/{rel}","templated":true}]}}