{"id":792,"date":"2020-10-28T13:30:57","date_gmt":"2020-10-28T19:30:57","guid":{"rendered":"https:\/\/cmdh.bahiadebanderas.gob.mx\/?page_id=792"},"modified":"2026-02-10T09:36:29","modified_gmt":"2026-02-10T15:36:29","slug":"xxxv-recomendaciones-emitidas","status":"publish","type":"page","link":"https:\/\/cmdh.bahiadebanderas.gob.mx\/index.php\/xxxv-recomendaciones-emitidas\/","title":{"rendered":"XXXV &#8211; Recomendaciones Emitidas"},"content":{"rendered":"<p><strong>XXXV. LAS RECOMENDACIONES EMITIDAS POR LOS \u00d3RGANOS P\u00daBLICOS DEL ESTADO MEXICANO U ORGANISMOS INTERNACIONALES GARANTES DE DERECHOS HUMANOS<\/strong><\/p>\n<style type=\"text\/css\" scoped=\"scoped\">.divider-69f3c2fe24cc8{ margin-top: 30px;margin-bottom:30px;width:100%;}.divider-69f3c2fe24cc8 .divider-border{border-bottom-width:5px; border-color:#f2f2f2;}.divider-69f3c2fe24cc8 .double-line.divider-inner-item .divider-inner{border-top-width: 5px; border-bottom-width: 5px;}.divider-69f3c2fe24cc8 .divider-border.divider-inner-item .divider-inner{ border-bottom-width: 5px;} <\/style><div class=\" divider divider-69f3c2fe24cc8 divider-shadow center\" id=\"\" style=\"margin-top:; margin-bottom:;\"><div class=\"divider-inner divider-border\"><\/div><\/div>\n<p style=\"text-align: center;\"><strong>EJERCICIO 2025<\/strong><\/p>\n<p style=\"text-align: center;\"><strong>CUARTO TRIMESTRE<\/strong><\/p>\n<p>Formato XXXVa. Recomendaciones Emitidas por la Comisi\u00f3n Nacional de Derechos Humanos<\/p>\n<p><a href=\"https:\/\/cmdh.bahiadebanderas.gob.mx\/wp-content\/uploads\/2026\/02\/LTAIPEN_Art_33_Fr_XXXV_a.xlsx\">LTAIPEN_Art_33_Fr_XXXV_a<\/a><\/p>\n<p>Formato XXXVb. Casos Especiales Emitidos por la CNDH o la CDDH para el Estado de Nayarit<\/p>\n<p><a href=\"https:\/\/cmdh.bahiadebanderas.gob.mx\/wp-content\/uploads\/2026\/02\/LTAIPEN_Art_33_Fr_XXXV_b.xlsx\">LTAIPEN_Art_33_Fr_XXXV_b<\/a><\/p>\n<p>Formato XXXVc. Recomendaciones Emitidas por Organismos Internacionales<\/p>\n<p><a href=\"https:\/\/cmdh.bahiadebanderas.gob.mx\/wp-content\/uploads\/2026\/02\/LTAIPEN_Art_33_Fr_XXXV_c.xlsx\">LTAIPEN_Art_33_Fr_XXXV_c<\/a><\/p>\n<style type=\"text\/css\" scoped=\"scoped\">.divider-69f3c2fe24d1e{ margin-top: 30px;margin-bottom:30px;width:100%;}.divider-69f3c2fe24d1e .divider-border{border-bottom-width:5px; border-color:#f2f2f2;}.divider-69f3c2fe24d1e .double-line.divider-inner-item .divider-inner{border-top-width: 5px; border-bottom-width: 5px;}.divider-69f3c2fe24d1e .divider-border.divider-inner-item .divider-inner{ border-bottom-width: 5px;} <\/style><div class=\" divider divider-69f3c2fe24d1e divider-shadow center\" id=\"\" style=\"margin-top:; margin-bottom:;\"><div class=\"divider-inner divider-border\"><\/div><\/div>\n<p>Periodo de actualizaci\u00f3n: Trimestral<\/p>\n<p>Ultima actualizaci\u00f3n: 09 de Febrero del 2026<\/p>\n<p>Conservaci\u00f3n: ejercicio en curso y 2 ejercicios anteriores.<\/p>\n<p>\u00c1rea que genera la informaci\u00f3n: Visitadur\u00eda General<\/p>\n","protected":false},"excerpt":{"rendered":"<p>XXXV. LAS RECOMENDACIONES EMITIDAS POR LOS \u00d3RGANOS P\u00daBLICOS DEL ESTADO MEXICANO U ORGANISMOS INTERNACIONALES GARANTES DE DERECHOS HUMANOS EJERCICIO 2025 CUARTO TRIMESTRE Formato XXXVa. Recomendaciones Emitidas por la Comisi\u00f3n Nacional de Derechos Humanos LTAIPEN_Art_33_Fr_XXXV_a Formato XXXVb. Casos Especiales Emitidos por la CNDH o la CDDH para el Estado de Nayarit LTAIPEN_Art_33_Fr_XXXV_b Formato XXXVc. Recomendaciones Emitidas por Organismos Internacionales LTAIPEN_Art_33_Fr_XXXV_c Periodo de actualizaci\u00f3n: Trimestral Ultima actualizaci\u00f3n: 09 de Febrero del 2026 Conservaci\u00f3n: ejercicio en curso y 2 ejercicios anteriores. \u00c1rea que genera la informaci\u00f3n: Visitadur\u00eda General<\/p>\n","protected":false},"author":1,"featured_media":0,"parent":0,"menu_order":0,"comment_status":"closed","ping_status":"closed","template":"","meta":[],"_links":{"self":[{"href":"https:\/\/cmdh.bahiadebanderas.gob.mx\/index.php\/wp-json\/wp\/v2\/pages\/792"}],"collection":[{"href":"https:\/\/cmdh.bahiadebanderas.gob.mx\/index.php\/wp-json\/wp\/v2\/pages"}],"about":[{"href":"https:\/\/cmdh.bahiadebanderas.gob.mx\/index.php\/wp-json\/wp\/v2\/types\/page"}],"author":[{"embeddable":true,"href":"https:\/\/cmdh.bahiadebanderas.gob.mx\/index.php\/wp-json\/wp\/v2\/users\/1"}],"replies":[{"embeddable":true,"href":"https:\/\/cmdh.bahiadebanderas.gob.mx\/index.php\/wp-json\/wp\/v2\/comments?post=792"}],"version-history":[{"count":64,"href":"https:\/\/cmdh.bahiadebanderas.gob.mx\/index.php\/wp-json\/wp\/v2\/pages\/792\/revisions"}],"predecessor-version":[{"id":12297,"href":"https:\/\/cmdh.bahiadebanderas.gob.mx\/index.php\/wp-json\/wp\/v2\/pages\/792\/revisions\/12297"}],"wp:attachment":[{"href":"https:\/\/cmdh.bahiadebanderas.gob.mx\/index.php\/wp-json\/wp\/v2\/media?parent=792"}],"curies":[{"name":"wp","href":"https:\/\/api.w.org\/{rel}","templated":true}]}}