{"id":785,"date":"2020-10-28T13:17:07","date_gmt":"2020-10-28T19:17:07","guid":{"rendered":"https:\/\/cmdh.bahiadebanderas.gob.mx\/?page_id=785"},"modified":"2026-02-09T12:26:28","modified_gmt":"2026-02-09T18:26:28","slug":"xxxiv-inventario-de-bienes-muebles","status":"publish","type":"page","link":"https:\/\/cmdh.bahiadebanderas.gob.mx\/index.php\/xxxiv-inventario-de-bienes-muebles\/","title":{"rendered":"XXXIV &#8211; Inventario de Bienes Muebles"},"content":{"rendered":"<h2><strong>XXXIV. EL INVENTARIO DE BIENES MUEBLES E INMUEBLES EN POSESI\u00d3N Y PROPIEDAD<\/strong><\/h2>\n<p style=\"text-align: center;\"><strong>EJERCICIO 2025<\/strong><\/p>\n<p style=\"text-align: center;\"><strong>SEGUNDO SEMESTRE<\/strong><\/p>\n<p>Formato XXXIVa. Inventario de Bienes Muebles<\/p>\n<p><a href=\"https:\/\/cmdh.bahiadebanderas.gob.mx\/wp-content\/uploads\/2026\/02\/LTAIPEN_Art_33_Fr_XXXIV_a.xlsx\">LTAIPEN_Art_33_Fr_XXXIV_a<\/a><\/p>\n<p>Formato XXXIVb. Inventario de Altas Practicadas a Bienes Muebles<\/p>\n<p><a href=\"https:\/\/cmdh.bahiadebanderas.gob.mx\/wp-content\/uploads\/2026\/02\/LTAIPEN_Art_33_Fr_XXXIV_b.xlsx\">LTAIPEN_Art_33_Fr_XXXIV_b<\/a><\/p>\n<p>Formato XXXIVc. Inventario de Bajas Practicadas a Bienes Muebles<\/p>\n<p><a href=\"https:\/\/cmdh.bahiadebanderas.gob.mx\/wp-content\/uploads\/2026\/02\/LTAIPEN_Art_33_Fr_XXXIV_c.xlsx\">LTAIPEN_Art_33_Fr_XXXIV_c<\/a><\/p>\n<p>Formato XXXIVd. Inventario de Bienes Inmuebles<\/p>\n<p><a href=\"https:\/\/cmdh.bahiadebanderas.gob.mx\/wp-content\/uploads\/2026\/02\/LTAIPEN_Art_33_Fr_XXXIV_d.xlsx\">LTAIPEN_Art_33_Fr_XXXIV_d<\/a><\/p>\n<p>Formato XXXIVe. Inventario de Altas Practicadas a Bienes Inmuebles<\/p>\n<p><a href=\"https:\/\/cmdh.bahiadebanderas.gob.mx\/wp-content\/uploads\/2026\/02\/LTAIPEN_Art_33_Fr_XXXIV_e.xlsx\">LTAIPEN_Art_33_Fr_XXXIV_e<\/a><\/p>\n<p>Formato XXXIVf. Inventario de Bajas Practicadas a Bienes Inmuebles<\/p>\n<p><a href=\"https:\/\/cmdh.bahiadebanderas.gob.mx\/wp-content\/uploads\/2026\/02\/LTAIPEN_Art_33_Fr_XXXIV_f.xlsx\">LTAIPEN_Art_33_Fr_XXXIV_f<\/a><\/p>\n<p>Formato XXXIVg. Inventario de Bienes Muebles e Inmuebles Donados<\/p>\n<p><a href=\"https:\/\/cmdh.bahiadebanderas.gob.mx\/wp-content\/uploads\/2026\/02\/LTAIPEN_Art_33_Fr_XXXIV_g.xlsx\">LTAIPEN_Art_33_Fr_XXXIV_g<\/a><\/p>\n<p style=\"text-align: center;\"><strong>PRIMER SEMESTRE<\/strong><\/p>\n<p>Formato XXXIVa. Inventario de Bienes Muebles<\/p>\n<p><a href=\"https:\/\/cmdh.bahiadebanderas.gob.mx\/wp-content\/uploads\/2025\/05\/LTAIPEN_Art_33_Fr_XXXIV_a-9.xlsx\">LTAIPEN_Art_33_Fr_XXXIV_a<\/a><\/p>\n<p>Formato XXXIVb. Inventario de Altas Practicadas a Bienes Muebles<\/p>\n<p><a href=\"https:\/\/cmdh.bahiadebanderas.gob.mx\/wp-content\/uploads\/2025\/05\/LTAIPEN_Art_33_Fr_XXXIV_b-8.xlsx\">LTAIPEN_Art_33_Fr_XXXIV_b<\/a><\/p>\n<p>Formato XXXIVc. Inventario de Bajas Practicadas a Bienes Muebles<\/p>\n<p><a href=\"https:\/\/cmdh.bahiadebanderas.gob.mx\/wp-content\/uploads\/2025\/05\/LTAIPEN_Art_33_Fr_XXXIV_c-7.xlsx\">LTAIPEN_Art_33_Fr_XXXIV_c<\/a><\/p>\n<p>Formato XXXIVd. Inventario de Bienes Inmuebles<\/p>\n<p><a href=\"https:\/\/cmdh.bahiadebanderas.gob.mx\/wp-content\/uploads\/2025\/05\/LTAIPEN_Art_33_Fr_XXXIV_d-7.xlsx\">LTAIPEN_Art_33_Fr_XXXIV_d<\/a><\/p>\n<p>Formato XXXIVe. Inventario de Altas Practicadas a Bienes Inmuebles<\/p>\n<p><a href=\"https:\/\/cmdh.bahiadebanderas.gob.mx\/wp-content\/uploads\/2025\/05\/LTAIPEN_Art_33_Fr_XXXIV_e-7.xlsx\">LTAIPEN_Art_33_Fr_XXXIV_e<\/a><\/p>\n<p>Formato XXXIVf. Inventario de Bajas Practicadas a Bienes Inmuebles<\/p>\n<p><a href=\"https:\/\/cmdh.bahiadebanderas.gob.mx\/wp-content\/uploads\/2025\/05\/LTAIPEN_Art_33_Fr_XXXIV_f-7.xlsx\">LTAIPEN_Art_33_Fr_XXXIV_f<\/a><\/p>\n<p>Formato XXXIVg. Inventario de Bienes Muebles e Inmuebles Donados<\/p>\n<p><a href=\"https:\/\/cmdh.bahiadebanderas.gob.mx\/wp-content\/uploads\/2025\/05\/LTAIPEN_Art_33_Fr_XXXIV_g-9.xlsx\">LTAIPEN_Art_33_Fr_XXXIV_g<\/a><\/p>\n<style type=\"text\/css\" scoped=\"scoped\">.divider-69deb55d64ef8{ margin-top: 30px;margin-bottom:30px;width:100%;}.divider-69deb55d64ef8 .divider-border{border-bottom-width:5px; border-color:#f2f2f2;}.divider-69deb55d64ef8 .double-line.divider-inner-item .divider-inner{border-top-width: 5px; border-bottom-width: 5px;}.divider-69deb55d64ef8 .divider-border.divider-inner-item .divider-inner{ border-bottom-width: 5px;} <\/style><div class=\" divider divider-69deb55d64ef8 divider-shadow center\" id=\"\" style=\"margin-top:; margin-bottom:;\"><div class=\"divider-inner divider-border\"><\/div><\/div>\n<p style=\"text-align: center;\"><strong>EJERCICIO 2024<\/strong><\/p>\n<p style=\"text-align: center;\"><strong>CUARTO SEMESTRE<\/strong><\/p>\n<p>Formato XXXIVa. Inventario de Bienes Muebles<\/p>\n<p><a href=\"https:\/\/cmdh.bahiadebanderas.gob.mx\/wp-content\/uploads\/2025\/01\/LTAIPEN_Art_33_Fr_XXXIV_a.xlsx\">LTAIPEN_Art_33_Fr_XXXIV_a<\/a><\/p>\n<p>Formato XXXIVb. Inventario de Altas Practicadas a Bienes Muebles<\/p>\n<p><a href=\"https:\/\/cmdh.bahiadebanderas.gob.mx\/wp-content\/uploads\/2025\/01\/LTAIPEN_Art_33_Fr_XXXIV_b.xlsx\">LTAIPEN_Art_33_Fr_XXXIV_b<\/a><\/p>\n<p>Formato XXXIVc. Inventario de Bajas Practicadas a Bienes Muebles<\/p>\n<p><a href=\"https:\/\/cmdh.bahiadebanderas.gob.mx\/wp-content\/uploads\/2025\/01\/LTAIPEN_Art_33_Fr_XXXIV_c.xlsx\">LTAIPEN_Art_33_Fr_XXXIV_c<\/a><\/p>\n<p>Formato XXXIVd. Inventario de Bienes Inmuebles<\/p>\n<p><a href=\"https:\/\/cmdh.bahiadebanderas.gob.mx\/wp-content\/uploads\/2025\/01\/LTAIPEN_Art_33_Fr_XXXIV_d.xlsx\">LTAIPEN_Art_33_Fr_XXXIV_d<\/a><\/p>\n<p>Formato XXXIVe. Inventario de Altas Practicadas a Bienes Inmuebles<\/p>\n<p><a href=\"https:\/\/cmdh.bahiadebanderas.gob.mx\/wp-content\/uploads\/2025\/01\/LTAIPEN_Art_33_Fr_XXXIV_e.xlsx\">LTAIPEN_Art_33_Fr_XXXIV_e<\/a><\/p>\n<p>Formato XXXIVf. Inventario de Bajas Practicadas a Bienes Inmuebles<\/p>\n<p><a href=\"https:\/\/cmdh.bahiadebanderas.gob.mx\/wp-content\/uploads\/2025\/01\/LTAIPEN_Art_33_Fr_XXXIV_f.xlsx\">LTAIPEN_Art_33_Fr_XXXIV_f<\/a><\/p>\n<p>Formato XXXIVg. Inventario de Bienes Muebles e Inmuebles Donados<\/p>\n<p><a href=\"https:\/\/cmdh.bahiadebanderas.gob.mx\/wp-content\/uploads\/2025\/01\/LTAIPEN_Art_33_Fr_XXXIV_g.xlsx\">LTAIPEN_Art_33_Fr_XXXIV_g<\/a><\/p>\n<p style=\"text-align: center;\"><strong>TERCER SEMESTRE<\/strong><\/p>\n<p>Formato XXXIVa. Inventario de Bienes Muebles<\/p>\n<p><a href=\"https:\/\/cmdh.bahiadebanderas.gob.mx\/wp-content\/uploads\/2024\/10\/LTAIPEN_Art_33_Fr_XXXIV_a.xlsx\">LTAIPEN_Art_33_Fr_XXXIV_a<\/a><\/p>\n<p>Formato XXXIVb. Inventario de Altas Practicadas a Bienes Muebles<\/p>\n<p><a href=\"https:\/\/cmdh.bahiadebanderas.gob.mx\/wp-content\/uploads\/2024\/10\/LTAIPEN_Art_33_Fr_XXXIV_b.xlsx\">LTAIPEN_Art_33_Fr_XXXIV_b<\/a><\/p>\n<p>Formato XXXIVc. Inventario de Bajas Practicadas a Bienes Muebles<\/p>\n<p><a href=\"https:\/\/cmdh.bahiadebanderas.gob.mx\/wp-content\/uploads\/2024\/10\/LTAIPEN_Art_33_Fr_XXXIV_c.xlsx\">LTAIPEN_Art_33_Fr_XXXIV_c<\/a><\/p>\n<p>Formato XXXIVd. Inventario de Bienes Inmuebles<\/p>\n<p><a href=\"https:\/\/cmdh.bahiadebanderas.gob.mx\/wp-content\/uploads\/2024\/10\/LTAIPEN_Art_33_Fr_XXXIV_d-1.xlsx\">LTAIPEN_Art_33_Fr_XXXIV_d<\/a><\/p>\n<p>Formato XXXIVe. Inventario de Altas Practicadas a Bienes Inmuebles<\/p>\n<p><a href=\"https:\/\/cmdh.bahiadebanderas.gob.mx\/wp-content\/uploads\/2024\/10\/LTAIPEN_Art_33_Fr_XXXIV_e.xlsx\">LTAIPEN_Art_33_Fr_XXXIV_e<\/a><\/p>\n<p>Formato XXXIVf. Inventario de Bajas Practicadas a Bienes Inmuebles<\/p>\n<p><a href=\"https:\/\/cmdh.bahiadebanderas.gob.mx\/wp-content\/uploads\/2024\/10\/LTAIPEN_Art_33_Fr_XXXIV_f.xlsx\">LTAIPEN_Art_33_Fr_XXXIV_f<\/a><\/p>\n<p>Formato XXXIVg. Inventario de Bienes Muebles e Inmuebles Donados<\/p>\n<p><a href=\"https:\/\/cmdh.bahiadebanderas.gob.mx\/wp-content\/uploads\/2024\/10\/LTAIPEN_Art_33_Fr_XXXIV_g.xlsx\">LTAIPEN_Art_33_Fr_XXXIV_g<\/a><\/p>\n<p style=\"text-align: center;\"><strong>SEGUNDO SEMESTRE<\/strong><\/p>\n<p>Formato XXXIVa. Inventario de Bienes Muebles<\/p>\n<p><a href=\"https:\/\/cmdh.bahiadebanderas.gob.mx\/wp-content\/uploads\/2024\/10\/LTAIPEN_Art_33_Fr_XXXIV_a.xlsx\">LTAIPEN_Art_33_Fr_XXXIV_a<\/a><\/p>\n<p>Formato XXXIVb. Inventario de Altas Practicadas a Bienes Muebles<\/p>\n<p><a href=\"https:\/\/cmdh.bahiadebanderas.gob.mx\/wp-content\/uploads\/2024\/07\/LTAIPEN_Art_33_Fr_XXXIV_b-7.xlsx\">LTAIPEN_Art_33_Fr_XXXIV_b<\/a><\/p>\n<p>Formato XXXIVc. Inventario de Bajas Practicadas a Bienes Muebles<\/p>\n<p><a href=\"https:\/\/cmdh.bahiadebanderas.gob.mx\/wp-content\/uploads\/2024\/07\/LTAIPEN_Art_33_Fr_XXXIV_c-6.xlsx\">LTAIPEN_Art_33_Fr_XXXIV_c<\/a><\/p>\n<p>Formato XXXIVd. Inventario de Bienes Inmuebles<\/p>\n<p><a href=\"https:\/\/cmdh.bahiadebanderas.gob.mx\/wp-content\/uploads\/2024\/07\/LTAIPEN_Art_33_Fr_XXXIV_d-6.xlsx\">LTAIPEN_Art_33_Fr_XXXIV_d<\/a><\/p>\n<p>Formato XXXIVe. Inventario de Altas Practicadas a Bienes Inmuebles<\/p>\n<p><a href=\"https:\/\/cmdh.bahiadebanderas.gob.mx\/wp-content\/uploads\/2024\/07\/LTAIPEN_Art_33_Fr_XXXIV_e-6.xlsx\">LTAIPEN_Art_33_Fr_XXXIV_e<\/a><\/p>\n<p>Formato XXXIVf. Inventario de Bajas Practicadas a Bienes Inmuebles<\/p>\n<p><a href=\"https:\/\/cmdh.bahiadebanderas.gob.mx\/wp-content\/uploads\/2024\/07\/LTAIPEN_Art_33_Fr_XXXIV_f-6.xlsx\">LTAIPEN_Art_33_Fr_XXXIV_f<\/a><\/p>\n<p>Formato XXXIVg. Inventario de Bienes Muebles e Inmuebles Donados<\/p>\n<p><a href=\"https:\/\/cmdh.bahiadebanderas.gob.mx\/wp-content\/uploads\/2024\/10\/LTAIPEN_Art_33_Fr_XXXIV_g.xlsx\">LTAIPEN_Art_33_Fr_XXXIV_g<\/a><\/p>\n<p style=\"text-align: center;\"><strong>PRIMER SEMESTRE<\/strong><\/p>\n<p>Formato XXXIVa. Inventario de Bienes Muebles<\/p>\n<p><a href=\"https:\/\/cmdh.bahiadebanderas.gob.mx\/wp-content\/uploads\/2024\/04\/LTAIPEN_Art_33_Fr_XXXIV_a-4.xlsx\">LTAIPEN_Art_33_Fr_XXXIV_a<\/a><\/p>\n<p>Formato XXXIVb. Inventario de Altas Practicadas a Bienes Muebles<\/p>\n<p><a href=\"https:\/\/cmdh.bahiadebanderas.gob.mx\/wp-content\/uploads\/2024\/04\/LTAIPEN_Art_33_Fr_XXXIV_b-4.xlsx\">LTAIPEN_Art_33_Fr_XXXIV_b<\/a><\/p>\n<p>Formato XXXIVc. Inventario de Bajas Practicadas a Bienes Muebles<\/p>\n<p><a href=\"https:\/\/cmdh.bahiadebanderas.gob.mx\/wp-content\/uploads\/2024\/04\/LTAIPEN_Art_33_Fr_XXXIV_c-3.xlsx\">LTAIPEN_Art_33_Fr_XXXIV_c<\/a><\/p>\n<p>Formato XXXIVd. Inventario de Bienes Inmuebles<\/p>\n<p><a href=\"https:\/\/cmdh.bahiadebanderas.gob.mx\/wp-content\/uploads\/2024\/04\/LTAIPEN_Art_33_Fr_XXXIV_d-3.xlsx\">LTAIPEN_Art_33_Fr_XXXIV_d<\/a><\/p>\n<p>Formato XXXIVe. Inventario de Altas Practicadas a Bienes Inmuebles<\/p>\n<p><a href=\"https:\/\/cmdh.bahiadebanderas.gob.mx\/wp-content\/uploads\/2024\/04\/LTAIPEN_Art_33_Fr_XXXIV_e-3.xlsx\">LTAIPEN_Art_33_Fr_XXXIV_e<\/a><\/p>\n<p>Formato XXXIVf. Inventario de Bajas Practicadas a Bienes Inmuebles<\/p>\n<p><a href=\"https:\/\/cmdh.bahiadebanderas.gob.mx\/wp-content\/uploads\/2024\/04\/LTAIPEN_Art_33_Fr_XXXIV_f-3.xlsx\">LTAIPEN_Art_33_Fr_XXXIV_f<\/a><\/p>\n<p>Formato XXXIVg. Inventario de Bienes Muebles e Inmuebles Donados<\/p>\n<p><a href=\"https:\/\/cmdh.bahiadebanderas.gob.mx\/wp-content\/uploads\/2024\/04\/LTAIPEN_Art_33_Fr_XXXIV_g-3.xlsx\">LTAIPEN_Art_33_Fr_XXXIV_g<\/a><\/p>\n<p>\u00daltima Actualizaci\u00f3n: 09 de Febrero del 2026<\/p>\n<p>\u00c1rea que genera la informaci\u00f3n: CONTABILIDAD<\/p>\n<p>Conservaci\u00f3n: informaci\u00f3n semestral y el semestre anterior<\/p>\n<p>Periodo de actualizaci\u00f3n: Semestral<\/p>\n<div class=\"wp-block-file\">\n<p style=\"text-align: left;\">\n<\/div>\n","protected":false},"excerpt":{"rendered":"<p>XXXIV. EL INVENTARIO DE BIENES MUEBLES E INMUEBLES EN POSESI\u00d3N Y PROPIEDAD EJERCICIO 2025 SEGUNDO SEMESTRE Formato XXXIVa. Inventario de Bienes Muebles LTAIPEN_Art_33_Fr_XXXIV_a Formato XXXIVb. Inventario de Altas Practicadas a Bienes Muebles LTAIPEN_Art_33_Fr_XXXIV_b Formato XXXIVc. Inventario de Bajas Practicadas a Bienes Muebles LTAIPEN_Art_33_Fr_XXXIV_c Formato XXXIVd. Inventario de Bienes Inmuebles LTAIPEN_Art_33_Fr_XXXIV_d Formato XXXIVe. Inventario de Altas Practicadas a Bienes Inmuebles LTAIPEN_Art_33_Fr_XXXIV_e Formato XXXIVf. Inventario de Bajas Practicadas a Bienes Inmuebles LTAIPEN_Art_33_Fr_XXXIV_f Formato XXXIVg. Inventario de Bienes Muebles e Inmuebles Donados LTAIPEN_Art_33_Fr_XXXIV_g PRIMER SEMESTRE Formato XXXIVa. Inventario de Bienes Muebles LTAIPEN_Art_33_Fr_XXXIV_a Formato XXXIVb. Inventario de Altas Practicadas a Bienes Muebles LTAIPEN_Art_33_Fr_XXXIV_b Formato XXXIVc. Inventario de Bajas Practicadas a Bienes Muebles LTAIPEN_Art_33_Fr_XXXIV_c Formato XXXIVd. Inventario de Bienes Inmuebles LTAIPEN_Art_33_Fr_XXXIV_d Formato XXXIVe. Inventario de Altas Practicadas a Bienes Inmuebles LTAIPEN_Art_33_Fr_XXXIV_e Formato XXXIVf. Inventario de Bajas Practicadas a Bienes Inmuebles LTAIPEN_Art_33_Fr_XXXIV_f Formato XXXIVg. Inventario de Bienes Muebles e Inmuebles Donados LTAIPEN_Art_33_Fr_XXXIV_g EJERCICIO 2024 CUARTO SEMESTRE Formato XXXIVa. Inventario de Bienes Muebles LTAIPEN_Art_33_Fr_XXXIV_a Formato XXXIVb. Inventario de Altas Practicadas a Bienes Muebles LTAIPEN_Art_33_Fr_XXXIV_b Formato XXXIVc. Inventario de Bajas Practicadas a Bienes Muebles LTAIPEN_Art_33_Fr_XXXIV_c Formato XXXIVd. Inventario de Bienes Inmuebles LTAIPEN_Art_33_Fr_XXXIV_d Formato XXXIVe. Inventario de Altas Practicadas a Bienes Inmuebles LTAIPEN_Art_33_Fr_XXXIV_e Formato XXXIVf. Inventario de Bajas Practicadas a Bienes Inmuebles LTAIPEN_Art_33_Fr_XXXIV_f Formato XXXIVg. Inventario de Bienes Muebles e Inmuebles Donados LTAIPEN_Art_33_Fr_XXXIV_g TERCER SEMESTRE Formato XXXIVa. Inventario de Bienes Muebles LTAIPEN_Art_33_Fr_XXXIV_a Formato XXXIVb. Inventario de Altas Practicadas a Bienes Muebles LTAIPEN_Art_33_Fr_XXXIV_b Formato XXXIVc. Inventario de Bajas Practicadas a Bienes Muebles LTAIPEN_Art_33_Fr_XXXIV_c Formato XXXIVd. Inventario de Bienes Inmuebles LTAIPEN_Art_33_Fr_XXXIV_d Formato XXXIVe. Inventario de Altas Practicadas a Bienes Inmuebles LTAIPEN_Art_33_Fr_XXXIV_e Formato XXXIVf. Inventario de Bajas Practicadas a Bienes Inmuebles LTAIPEN_Art_33_Fr_XXXIV_f Formato XXXIVg. Inventario de Bienes Muebles e Inmuebles Donados LTAIPEN_Art_33_Fr_XXXIV_g SEGUNDO SEMESTRE Formato XXXIVa. Inventario de Bienes Muebles LTAIPEN_Art_33_Fr_XXXIV_a Formato XXXIVb. Inventario de Altas Practicadas a Bienes Muebles LTAIPEN_Art_33_Fr_XXXIV_b Formato XXXIVc. Inventario de Bajas Practicadas a Bienes Muebles LTAIPEN_Art_33_Fr_XXXIV_c Formato XXXIVd. Inventario de Bienes Inmuebles LTAIPEN_Art_33_Fr_XXXIV_d Formato XXXIVe. Inventario de Altas Practicadas a Bienes Inmuebles LTAIPEN_Art_33_Fr_XXXIV_e Formato XXXIVf. Inventario de Bajas Practicadas a Bienes Inmuebles LTAIPEN_Art_33_Fr_XXXIV_f Formato XXXIVg. Inventario de Bienes Muebles e Inmuebles Donados LTAIPEN_Art_33_Fr_XXXIV_g PRIMER SEMESTRE Formato XXXIVa. Inventario de Bienes Muebles LTAIPEN_Art_33_Fr_XXXIV_a Formato XXXIVb. Inventario de Altas Practicadas a Bienes Muebles LTAIPEN_Art_33_Fr_XXXIV_b Formato XXXIVc. Inventario de Bajas Practicadas a Bienes Muebles LTAIPEN_Art_33_Fr_XXXIV_c Formato XXXIVd. Inventario de Bienes Inmuebles LTAIPEN_Art_33_Fr_XXXIV_d Formato XXXIVe. Inventario de Altas Practicadas a Bienes Inmuebles LTAIPEN_Art_33_Fr_XXXIV_e Formato XXXIVf. Inventario de Bajas Practicadas a Bienes Inmuebles LTAIPEN_Art_33_Fr_XXXIV_f Formato XXXIVg. Inventario de Bienes Muebles e Inmuebles Donados LTAIPEN_Art_33_Fr_XXXIV_g \u00daltima Actualizaci\u00f3n: 09 de Febrero del 2026 \u00c1rea que genera la informaci\u00f3n: CONTABILIDAD Conservaci\u00f3n: informaci\u00f3n semestral y el semestre anterior Periodo de actualizaci\u00f3n: Semestral<\/p>\n","protected":false},"author":1,"featured_media":0,"parent":0,"menu_order":0,"comment_status":"closed","ping_status":"closed","template":"","meta":[],"_links":{"self":[{"href":"https:\/\/cmdh.bahiadebanderas.gob.mx\/index.php\/wp-json\/wp\/v2\/pages\/785"}],"collection":[{"href":"https:\/\/cmdh.bahiadebanderas.gob.mx\/index.php\/wp-json\/wp\/v2\/pages"}],"about":[{"href":"https:\/\/cmdh.bahiadebanderas.gob.mx\/index.php\/wp-json\/wp\/v2\/types\/page"}],"author":[{"embeddable":true,"href":"https:\/\/cmdh.bahiadebanderas.gob.mx\/index.php\/wp-json\/wp\/v2\/users\/1"}],"replies":[{"embeddable":true,"href":"https:\/\/cmdh.bahiadebanderas.gob.mx\/index.php\/wp-json\/wp\/v2\/comments?post=785"}],"version-history":[{"count":53,"href":"https:\/\/cmdh.bahiadebanderas.gob.mx\/index.php\/wp-json\/wp\/v2\/pages\/785\/revisions"}],"predecessor-version":[{"id":12292,"href":"https:\/\/cmdh.bahiadebanderas.gob.mx\/index.php\/wp-json\/wp\/v2\/pages\/785\/revisions\/12292"}],"wp:attachment":[{"href":"https:\/\/cmdh.bahiadebanderas.gob.mx\/index.php\/wp-json\/wp\/v2\/media?parent=785"}],"curies":[{"name":"wp","href":"https:\/\/api.w.org\/{rel}","templated":true}]}}