{"id":756,"date":"2020-10-28T12:14:29","date_gmt":"2020-10-28T18:14:29","guid":{"rendered":"https:\/\/cmdh.bahiadebanderas.gob.mx\/?page_id=756"},"modified":"2026-02-11T11:32:51","modified_gmt":"2026-02-11T17:32:51","slug":"xlvii-listado-de-solicitudes-a-empresas","status":"publish","type":"page","link":"https:\/\/cmdh.bahiadebanderas.gob.mx\/index.php\/xlvii-listado-de-solicitudes-a-empresas\/","title":{"rendered":"XLVII &#8211; Listado de Solicitudes a Empresas"},"content":{"rendered":"<h4 style=\"text-align: center;\"><span style=\"color: #ffd900;\"><strong>XLVII. PARA EFECTOS ESTADISTICOS, EL LISTADO DE SOLICTUDES A LAS EMPRESAS CONCESIONARIAS DE TELECOMUNICACIONES Y PROVEEDORES DE SERVICIOS O APLICACIONES AL INTERNET.<\/strong><\/span><\/h4>\n<p style=\"text-align: center;\"><strong>EJERCICIO 2025<\/strong><\/p>\n<p style=\"text-align: center;\"><strong>CUARTO TRIMESTRE<\/strong><\/p>\n<p>Formato XLVIIa: Solicitud de intervenci\u00f3n de Comunicaciones<\/p>\n<p><a href=\"https:\/\/cmdh.bahiadebanderas.gob.mx\/wp-content\/uploads\/2026\/02\/LTAIPEN_Art_33_Fr_XLVII_a.xlsx\">LTAIPEN_Art_33_Fr_XLVII_a<\/a><\/p>\n<p>Formato XLVIIb: Solicitudes de registro de Comunicaciones y de registro de localizaci\u00f3n geograf\u00eda.<\/p>\n<p><a href=\"https:\/\/cmdh.bahiadebanderas.gob.mx\/wp-content\/uploads\/2026\/02\/LTAIPEN_Art_33_Fr_XLVII_b.xlsx\">LTAIPEN_Art_33_Fr_XLVII_b<\/a><\/p>\n<p style=\"text-align: center;\"><strong>TERCER TRIMESTRE<\/strong><\/p>\n<p>Formato XLVIIa: Solicitud de intervenci\u00f3n de Comunicaciones<\/p>\n<p><a href=\"https:\/\/cmdh.bahiadebanderas.gob.mx\/wp-content\/uploads\/2025\/11\/LTAIPEN_Art_33_Fr_XLVII_a.xlsx\">LTAIPEN_Art_33_Fr_XLVII_a<\/a><\/p>\n<p>Formato XLVIIb: Solicitudes de registro de Comunicaciones y de registro de localizaci\u00f3n geograf\u00eda.<\/p>\n<p><a href=\"https:\/\/cmdh.bahiadebanderas.gob.mx\/wp-content\/uploads\/2025\/11\/LTAIPEN_Art_33_Fr_XLVII_b.xlsx\">LTAIPEN_Art_33_Fr_XLVII_b<\/a><\/p>\n<p style=\"text-align: center;\"><strong>\u00a0PRIMER TRIMESTRE<\/strong><\/p>\n<p>Formato XLVIIa: Solicitud de intervenci\u00f3n de Comunicaciones<\/p>\n<p><a href=\"https:\/\/cmdh.bahiadebanderas.gob.mx\/wp-content\/uploads\/2025\/05\/LTAIPEN_Art_33_Fr_XLVII_a-5-1.xlsx\">LTAIPEN_Art_33_Fr_XLVII_a<\/a><\/p>\n<p>Formato XLVIIb: Solicitudes de registro de Comunicaciones y de registro de localizaci\u00f3n geograf\u00eda.<\/p>\n<p><a href=\"https:\/\/cmdh.bahiadebanderas.gob.mx\/wp-content\/uploads\/2025\/05\/LTAIPEN_Art_33_Fr_XLVII_b-5-1.xlsx\">LTAIPEN_Art_33_Fr_XLVII_b<\/a><\/p>\n<style type=\"text\/css\" scoped=\"scoped\">.divider-69e79b956410e{ margin-top: 30px;margin-bottom:30px;width:100%;}.divider-69e79b956410e .divider-border{border-bottom-width:5px; border-color:#f2f2f2;}.divider-69e79b956410e .double-line.divider-inner-item .divider-inner{border-top-width: 5px; border-bottom-width: 5px;}.divider-69e79b956410e .divider-border.divider-inner-item .divider-inner{ border-bottom-width: 5px;} <\/style><div class=\" divider divider-69e79b956410e divider-shadow center\" id=\"\" style=\"margin-top:; margin-bottom:;\"><div class=\"divider-inner divider-border\"><\/div><\/div>\n<p style=\"text-align: center;\"><strong>EJERCICIO 2024<\/strong><\/p>\n<p style=\"text-align: center;\"><strong>\u00a0CUARTO TRIMESTRE<\/strong><\/p>\n<p>Formato XLVIIa: Solicitud de intervenci\u00f3n de Comunicaciones<\/p>\n<p><a href=\"https:\/\/cmdh.bahiadebanderas.gob.mx\/wp-content\/uploads\/2025\/01\/LTAIPEN_Art_33_Fr_XLVII_a.xlsx\">LTAIPEN_Art_33_Fr_XLVII_a<\/a><\/p>\n<p>Formato XLVIIb: Solicitudes de registro de Comunicaciones y de registro de localizaci\u00f3n geograf\u00eda.<\/p>\n<p><a href=\"https:\/\/cmdh.bahiadebanderas.gob.mx\/wp-content\/uploads\/2025\/01\/LTAIPEN_Art_33_Fr_XLVII_b.xlsx\">LTAIPEN_Art_33_Fr_XLVII_b<\/a><\/p>\n<p style=\"text-align: center;\"><strong>TERCER TRIMESTRE<\/strong><\/p>\n<p>Formato XLVIIa: Solicitud de intervenci\u00f3n de Comunicaciones<\/p>\n<p><a href=\"https:\/\/cmdh.bahiadebanderas.gob.mx\/wp-content\/uploads\/2024\/10\/LTAIPEN_Art_33_Fr_XLVII_a-5.xlsx\">LTAIPEN_Art_33_Fr_XLVII_a<\/a><\/p>\n<p>Formato XLVIIb: Solicitudes de registro de Comunicaciones y de registro de localizaci\u00f3n geograf\u00eda.<\/p>\n<p><a href=\"https:\/\/cmdh.bahiadebanderas.gob.mx\/wp-content\/uploads\/2024\/10\/LTAIPEN_Art_33_Fr_XLVII_a-5.xlsx\">LTAIPEN_Art_33_Fr_XLVII_b<\/a><\/p>\n<p style=\"text-align: center;\"><strong>SEGUNDO TRIMESTRE<\/strong><\/p>\n<p>Formato XLVIIa: Solicitud de intervenci\u00f3n de Comunicaciones<\/p>\n<p><a href=\"https:\/\/cmdh.bahiadebanderas.gob.mx\/wp-content\/uploads\/2024\/07\/LTAIPEN_Art_33_Fr_XLVII_a-4.xlsx\">LTAIPEN_Art_33_Fr_XLVII_a<\/a><\/p>\n<p>Formato XLVIIb: Solicitudes de registro de Comunicaciones y de registro de localizaci\u00f3n geograf\u00eda.<\/p>\n<p><a href=\"https:\/\/cmdh.bahiadebanderas.gob.mx\/wp-content\/uploads\/2024\/07\/LTAIPEN_Art_33_Fr_XLVII_b-4.xlsx\">LTAIPEN_Art_33_Fr_XLVII_b<\/a><\/p>\n<p style=\"text-align: center;\"><strong>PRIMER TRIMESTRE<\/strong><\/p>\n<p>Formato XLVIIa: Solicitud de intervenci\u00f3n de Comunicaciones<\/p>\n<p><a href=\"https:\/\/cmdh.bahiadebanderas.gob.mx\/wp-content\/uploads\/2024\/04\/LTAIPEN_Art_33_Fr_XLVII_a-3.xlsx\">LTAIPEN_Art_33_Fr_XLVII_a<\/a><\/p>\n<p>Formato XLVIIb: Solicitudes de registro de Comunicaciones y de registro de localizaci\u00f3n geograf\u00eda.<\/p>\n<p><a href=\"https:\/\/cmdh.bahiadebanderas.gob.mx\/wp-content\/uploads\/2024\/04\/LTAIPEN_Art_33_Fr_XLVII_b-3.xlsx\">LTAIPEN_Art_33_Fr_XLVII_b<\/a><\/p>\n<style type=\"text\/css\" scoped=\"scoped\">.divider-69e79b9564173{ margin-top: 30px;margin-bottom:30px;width:100%;}.divider-69e79b9564173 .divider-border{border-bottom-width:5px; border-color:#f2f2f2;}.divider-69e79b9564173 .double-line.divider-inner-item .divider-inner{border-top-width: 5px; border-bottom-width: 5px;}.divider-69e79b9564173 .divider-border.divider-inner-item .divider-inner{ border-bottom-width: 5px;} <\/style><div class=\" divider divider-69e79b9564173 divider-shadow center\" id=\"\" style=\"margin-top:; margin-bottom:;\"><div class=\"divider-inner divider-border\"><\/div><\/div>\n<p style=\"text-align: center;\"><strong>EJERCICIO 2023<\/strong><\/p>\n<p style=\"text-align: center;\"><strong>CUARTO TRIMESTRE<\/strong><\/p>\n<p>Formato XLVIIa: Solicitud de intervenci\u00f3n de Comunicaciones<\/p>\n<p><a href=\"https:\/\/cmdh.bahiadebanderas.gob.mx\/wp-content\/uploads\/2024\/01\/LTAIPEN_Art_33_Fr_XLVII_a-4to.xlsx\">LTAIPEN_Art_33_Fr_XLVII_a<\/a><\/p>\n<p>Formato XLVIIb: Solicitudes de registro de Comunicaciones y de registro de localizaci\u00f3n geograf\u00eda.<\/p>\n<p><a href=\"https:\/\/cmdh.bahiadebanderas.gob.mx\/wp-content\/uploads\/2024\/01\/LTAIPEN_Art_33_Fr_XLVII_b-4to.xlsx\">LTAIPEN_Art_33_Fr_XLVII_b<\/a><\/p>\n<p>Formato XLVIIc: Mensaje<\/p>\n<p><a href=\"https:\/\/cmdh.bahiadebanderas.gob.mx\/wp-content\/uploads\/2024\/01\/LTAIPEN_Art_33_Fr_XLVII_c-4to.xlsx\">LTAIPEN_Art_33_Fr_XLVII_c<\/a><\/p>\n<p style=\"text-align: center;\"><strong>TERCER TRIMESTRE<\/strong><\/p>\n<p>Formato XLVIIa: Solicitud de intervenci\u00f3n de Comunicaciones<\/p>\n<p><a href=\"https:\/\/cmdh.bahiadebanderas.gob.mx\/wp-content\/uploads\/2023\/10\/LTAIPEN_Art_33_Fr_XLVII_a-1.xlsx\">LTAIPEN_Art_33_Fr_XLVII_a<\/a><\/p>\n<p>Formato XLVIIb: Solicitudes de registro de Comunicaciones y de registro de localizaci\u00f3n geograf\u00eda.<\/p>\n<p><a href=\"https:\/\/cmdh.bahiadebanderas.gob.mx\/wp-content\/uploads\/2023\/10\/LTAIPEN_Art_33_Fr_XLVII_b-1.xlsx\">LTAIPEN_Art_33_Fr_XLVII_b<\/a><\/p>\n<p>Formato XLVIIc: Mensaje<\/p>\n<p><a href=\"https:\/\/cmdh.bahiadebanderas.gob.mx\/wp-content\/uploads\/2023\/10\/LTAIPEN_Art_33_Fr_XLVII_c-1.xlsx\">LTAIPEN_Art_33_Fr_XLVII_c<\/a><\/p>\n<p style=\"text-align: center;\"><strong>SEGUNDO TRIMESTRE<\/strong><\/p>\n<p>Formato XLVIIa: Solicitud de intervenci\u00f3n de Comunicaciones<\/p>\n<p><a href=\"https:\/\/cmdh.bahiadebanderas.gob.mx\/wp-content\/uploads\/2023\/07\/LTAIPEN_Art_33_Fr_XLVII_a.xlsx\">LTAIPEN_Art_33_Fr_XLVII_a<\/a><\/p>\n<p>Formato XLVIIb: Solicitudes de registro de Comunicaciones y de registro de localizaci\u00f3n geograf\u00eda.<\/p>\n<p><a href=\"https:\/\/cmdh.bahiadebanderas.gob.mx\/wp-content\/uploads\/2023\/07\/LTAIPEN_Art_33_Fr_XLVII_b.xlsx\">LTAIPEN_Art_33_Fr_XLVII_b<\/a><\/p>\n<p>Formato XLVIIc: Mensaje<\/p>\n<p><a href=\"https:\/\/cmdh.bahiadebanderas.gob.mx\/wp-content\/uploads\/2023\/07\/LTAIPEN_Art_33_Fr_XLVII_c.xlsx\">LTAIPEN_Art_33_Fr_XLVII_c<\/a><\/p>\n<p style=\"text-align: center;\"><strong>PRIMER TRIMESTRE<\/strong><\/p>\n<p>Formato XLVIIa: Solicitud de intervenci\u00f3n de Comunicaciones<\/p>\n<p><a href=\"https:\/\/cmdh.bahiadebanderas.gob.mx\/wp-content\/uploads\/2022\/04\/LTAIPEN_Art_33_Fr_XLVII_a.xlsx\">LTAIPEN_Art_33_Fr_XLVII_a<\/a><\/p>\n<p>Formato XLVIIb: Solicitudes de registro de Comunicaciones y de registro de localizaci\u00f3n geograf\u00eda.<\/p>\n<p><a href=\"https:\/\/cmdh.bahiadebanderas.gob.mx\/wp-content\/uploads\/2022\/04\/LTAIPEN_Art_33_Fr_XLVII_b.xlsx\">LTAIPEN_Art_33_Fr_XLVII_b<\/a><\/p>\n<p>Formato XLVIIc: Mensaje<\/p>\n<p><a href=\"https:\/\/cmdh.bahiadebanderas.gob.mx\/wp-content\/uploads\/2023\/05\/LTAIPEN_Art_33_Fr_XLVII_c-2.xlsx\">LTAIPEN_Art_33_Fr_XLVII_c<\/a><\/p>\n<style type=\"text\/css\" scoped=\"scoped\">.divider-69e79b956419f{ margin-top: 30px;margin-bottom:30px;width:100%;}.divider-69e79b956419f .divider-border{border-bottom-width:5px; border-color:#f2f2f2;}.divider-69e79b956419f .double-line.divider-inner-item .divider-inner{border-top-width: 5px; border-bottom-width: 5px;}.divider-69e79b956419f .divider-border.divider-inner-item .divider-inner{ border-bottom-width: 5px;} <\/style><div class=\" divider divider-69e79b956419f divider-shadow center\" id=\"\" style=\"margin-top:; margin-bottom:;\"><div class=\"divider-inner divider-border\"><\/div><\/div>\n<p>Periodo de actualizaci\u00f3n: Trimestral<\/p>\n<p>Fecha de Actualizaci\u00f3n: 09 de Febrero del 2026<\/p>\n<p>Conservaci\u00f3n: Ejercicio en Curso y 2 Ejercicios anteriores<\/p>\n<p>\u00c1rea que genera la informaci\u00f3n: Contabilidad<\/p>\n","protected":false},"excerpt":{"rendered":"<p>XLVII. PARA EFECTOS ESTADISTICOS, EL LISTADO DE SOLICTUDES A LAS EMPRESAS CONCESIONARIAS DE TELECOMUNICACIONES Y PROVEEDORES DE SERVICIOS O APLICACIONES AL INTERNET. EJERCICIO 2025 CUARTO TRIMESTRE Formato XLVIIa: Solicitud de intervenci\u00f3n de Comunicaciones LTAIPEN_Art_33_Fr_XLVII_a Formato XLVIIb: Solicitudes de registro de Comunicaciones y de registro de localizaci\u00f3n geograf\u00eda. LTAIPEN_Art_33_Fr_XLVII_b TERCER TRIMESTRE Formato XLVIIa: Solicitud de intervenci\u00f3n de Comunicaciones LTAIPEN_Art_33_Fr_XLVII_a Formato XLVIIb: Solicitudes de registro de Comunicaciones y de registro de localizaci\u00f3n geograf\u00eda. LTAIPEN_Art_33_Fr_XLVII_b \u00a0PRIMER TRIMESTRE Formato XLVIIa: Solicitud de intervenci\u00f3n de Comunicaciones LTAIPEN_Art_33_Fr_XLVII_a Formato XLVIIb: Solicitudes de registro de Comunicaciones y de registro de localizaci\u00f3n geograf\u00eda. LTAIPEN_Art_33_Fr_XLVII_b EJERCICIO 2024 \u00a0CUARTO TRIMESTRE Formato XLVIIa: Solicitud de intervenci\u00f3n de Comunicaciones LTAIPEN_Art_33_Fr_XLVII_a Formato XLVIIb: Solicitudes de registro de Comunicaciones y de registro de localizaci\u00f3n geograf\u00eda. LTAIPEN_Art_33_Fr_XLVII_b TERCER TRIMESTRE Formato XLVIIa: Solicitud de intervenci\u00f3n de Comunicaciones LTAIPEN_Art_33_Fr_XLVII_a Formato XLVIIb: Solicitudes de registro de Comunicaciones y de registro de localizaci\u00f3n geograf\u00eda. LTAIPEN_Art_33_Fr_XLVII_b SEGUNDO TRIMESTRE Formato XLVIIa: Solicitud de intervenci\u00f3n de Comunicaciones LTAIPEN_Art_33_Fr_XLVII_a Formato XLVIIb: Solicitudes de registro de Comunicaciones y de registro de localizaci\u00f3n geograf\u00eda. LTAIPEN_Art_33_Fr_XLVII_b PRIMER TRIMESTRE Formato XLVIIa: Solicitud de intervenci\u00f3n de Comunicaciones LTAIPEN_Art_33_Fr_XLVII_a Formato XLVIIb: Solicitudes de registro de Comunicaciones y de registro de localizaci\u00f3n geograf\u00eda. LTAIPEN_Art_33_Fr_XLVII_b EJERCICIO 2023 CUARTO TRIMESTRE Formato XLVIIa: Solicitud de intervenci\u00f3n de Comunicaciones LTAIPEN_Art_33_Fr_XLVII_a Formato XLVIIb: Solicitudes de registro de Comunicaciones y de registro de localizaci\u00f3n geograf\u00eda. LTAIPEN_Art_33_Fr_XLVII_b Formato XLVIIc: Mensaje LTAIPEN_Art_33_Fr_XLVII_c TERCER TRIMESTRE Formato XLVIIa: Solicitud de intervenci\u00f3n de Comunicaciones LTAIPEN_Art_33_Fr_XLVII_a Formato XLVIIb: Solicitudes de registro de Comunicaciones y de registro de localizaci\u00f3n geograf\u00eda. LTAIPEN_Art_33_Fr_XLVII_b Formato XLVIIc: Mensaje LTAIPEN_Art_33_Fr_XLVII_c SEGUNDO TRIMESTRE Formato XLVIIa: Solicitud de intervenci\u00f3n de Comunicaciones LTAIPEN_Art_33_Fr_XLVII_a Formato XLVIIb: Solicitudes de registro de Comunicaciones y de registro de localizaci\u00f3n geograf\u00eda. LTAIPEN_Art_33_Fr_XLVII_b Formato XLVIIc: Mensaje LTAIPEN_Art_33_Fr_XLVII_c PRIMER TRIMESTRE Formato XLVIIa: Solicitud de intervenci\u00f3n de Comunicaciones LTAIPEN_Art_33_Fr_XLVII_a Formato XLVIIb: Solicitudes de registro de Comunicaciones y de registro de localizaci\u00f3n geograf\u00eda. LTAIPEN_Art_33_Fr_XLVII_b Formato XLVIIc: Mensaje LTAIPEN_Art_33_Fr_XLVII_c Periodo de actualizaci\u00f3n: Trimestral Fecha de Actualizaci\u00f3n: 09 de Febrero del 2026 Conservaci\u00f3n: Ejercicio en Curso y 2 Ejercicios anteriores \u00c1rea que genera la informaci\u00f3n: Contabilidad<\/p>\n","protected":false},"author":1,"featured_media":0,"parent":0,"menu_order":0,"comment_status":"closed","ping_status":"closed","template":"","meta":[],"_links":{"self":[{"href":"https:\/\/cmdh.bahiadebanderas.gob.mx\/index.php\/wp-json\/wp\/v2\/pages\/756"}],"collection":[{"href":"https:\/\/cmdh.bahiadebanderas.gob.mx\/index.php\/wp-json\/wp\/v2\/pages"}],"about":[{"href":"https:\/\/cmdh.bahiadebanderas.gob.mx\/index.php\/wp-json\/wp\/v2\/types\/page"}],"author":[{"embeddable":true,"href":"https:\/\/cmdh.bahiadebanderas.gob.mx\/index.php\/wp-json\/wp\/v2\/users\/1"}],"replies":[{"embeddable":true,"href":"https:\/\/cmdh.bahiadebanderas.gob.mx\/index.php\/wp-json\/wp\/v2\/comments?post=756"}],"version-history":[{"count":37,"href":"https:\/\/cmdh.bahiadebanderas.gob.mx\/index.php\/wp-json\/wp\/v2\/pages\/756\/revisions"}],"predecessor-version":[{"id":12325,"href":"https:\/\/cmdh.bahiadebanderas.gob.mx\/index.php\/wp-json\/wp\/v2\/pages\/756\/revisions\/12325"}],"wp:attachment":[{"href":"https:\/\/cmdh.bahiadebanderas.gob.mx\/index.php\/wp-json\/wp\/v2\/media?parent=756"}],"curies":[{"name":"wp","href":"https:\/\/api.w.org\/{rel}","templated":true}]}}