{"id":750,"date":"2020-10-28T12:08:23","date_gmt":"2020-10-28T18:08:23","guid":{"rendered":"https:\/\/cmdh.bahiadebanderas.gob.mx\/?page_id=750"},"modified":"2026-02-11T11:24:51","modified_gmt":"2026-02-11T17:24:51","slug":"xlv-archivo-documental","status":"publish","type":"page","link":"https:\/\/cmdh.bahiadebanderas.gob.mx\/index.php\/xlv-archivo-documental\/","title":{"rendered":"XLV &#8211; Archivo Documental"},"content":{"rendered":"<h4><span style=\"color: #ffd900;\"><strong>XLV. ARCHIVO DOCUMENTAL<\/strong><\/span><\/h4>\n<style type=\"text\/css\" scoped=\"scoped\">.divider-69e4b23d84e57{ margin-top: 30px;margin-bottom:30px;width:100%;}.divider-69e4b23d84e57 .divider-border{border-bottom-width:5px; border-color:#f2f2f2;}.divider-69e4b23d84e57 .double-line.divider-inner-item .divider-inner{border-top-width: 5px; border-bottom-width: 5px;}.divider-69e4b23d84e57 .divider-border.divider-inner-item .divider-inner{ border-bottom-width: 5px;} <\/style><div class=\" divider divider-69e4b23d84e57 divider-shadow center\" id=\"\" style=\"margin-top:; margin-bottom:;\"><div class=\"divider-inner divider-border\"><\/div><\/div>\n<p style=\"text-align: center;\"><strong>EJERCICIO 2025<\/strong><\/p>\n<p style=\"text-align: center;\"><strong>SEGUNDA SEMESTRE<\/strong><\/p>\n<p>Formato XLV. Archivo Documental<\/p>\n<p><a href=\"https:\/\/cmdh.bahiadebanderas.gob.mx\/wp-content\/uploads\/2026\/02\/45c-LGT_Art_70_Fr_XLVa.xlsx\">LTAIPEN_Art_33_Fr_XLV<\/a><\/p>\n<p>Formato XLV. Archivo Documental<\/p>\n<p><a href=\"https:\/\/cmdh.bahiadebanderas.gob.mx\/wp-content\/uploads\/2026\/02\/45a-LGT_Art_70_Fr_XLVb.xlsx\">LTAIPEN_Art_33_Fr_XLV<\/a><\/p>\n<p>Formato XLV. Archivo Documental<\/p>\n<p><a href=\"https:\/\/cmdh.bahiadebanderas.gob.mx\/wp-content\/uploads\/2025\/11\/45c-LGT_Art_70_Fr_XLV.xlsx\">LTAIPEN_Art_33_Fr_XLV<\/a><\/p>\n<p style=\"text-align: center;\"><strong>PRIMER SEMESTRE<\/strong><\/p>\n<p>Formato XLV. Archivo Documental<\/p>\n<p><a href=\"https:\/\/cmdh.bahiadebanderas.gob.mx\/wp-content\/uploads\/2025\/11\/45a-LGT_Art_70_Fr_XLV.xlsx\">LTAIPEN_Art_33_Fr_XLV<\/a><\/p>\n<p>Formato XLV. Archivo Documental<\/p>\n<p><a href=\"https:\/\/cmdh.bahiadebanderas.gob.mx\/wp-content\/uploads\/2025\/11\/45b-LGT_Art_70_Fr_XLV.xlsx\">LTAIPEN_Art_33_Fr_XLV<\/a><\/p>\n<p>Formato XLV. Archivo Documental<\/p>\n<p><a href=\"https:\/\/cmdh.bahiadebanderas.gob.mx\/wp-content\/uploads\/2025\/11\/45c-LGT_Art_70_Fr_XLV.xlsx\">LTAIPEN_Art_33_Fr_XLV<\/a><\/p>\n<p style=\"text-align: center;\"><strong>EJERCICIO 2024<\/strong><\/p>\n<p style=\"text-align: center;\"><strong>SEGUNDO SEMESTRE<\/strong><\/p>\n<p>Formato XLV. Archivo Documental<\/p>\n<p><a href=\"https:\/\/cmdh.bahiadebanderas.gob.mx\/wp-content\/uploads\/2025\/01\/45a-LGT_Art_70_Fr_XLV-1.xlsx\">LTAIPEN_Art_33_Fr_XLV<\/a><\/p>\n<p>Formato XLV. Archivo Documental<\/p>\n<p><a href=\"https:\/\/cmdh.bahiadebanderas.gob.mx\/wp-content\/uploads\/2025\/01\/45b-LGT_Art_70_Fr_XLV-1.xlsx\">LTAIPEN_Art_33_Fr_XLV<\/a><\/p>\n<p>Formato XLV. Archivo Documental<\/p>\n<p><a href=\"https:\/\/cmdh.bahiadebanderas.gob.mx\/wp-content\/uploads\/2025\/01\/45c-LGT_Art_70_Fr_XLV.xlsx\">LTAIPEN_Art_33_Fr_XLV<\/a><\/p>\n<p style=\"text-align: center;\"><strong>PRIMER SEMESTRE<\/strong><\/p>\n<p>Formato XLV. Archivo Documental<\/p>\n<p><a href=\"https:\/\/cmdh.bahiadebanderas.gob.mx\/wp-content\/uploads\/2024\/06\/45c-LGT_Art_70_Fr_XLV.xlsx\">LTAIPEN_Art_33_Fr_XLV<\/a><\/p>\n<p>Formato XLV. Archivo Documental<\/p>\n<p><a href=\"https:\/\/cmdh.bahiadebanderas.gob.mx\/wp-content\/uploads\/2024\/04\/45a-LGT_Art_70_Fr_XLV-b-2024-pw.xlsx\">LTAIPEN_Art_33_Fr_XLV<\/a><\/p>\n<p>Formato XLV. Archivo Documental<\/p>\n<p><a href=\"https:\/\/cmdh.bahiadebanderas.gob.mx\/wp-content\/uploads\/2024\/04\/45b-LGT_Art_70_Fr_XLV-c-2024-pw.xlsx\">LTAIPEN_Art_33_Fr_XLV<\/a><\/p>\n<style type=\"text\/css\" scoped=\"scoped\">.divider-69e4b23d84eb1{ margin-top: 30px;margin-bottom:30px;width:100%;}.divider-69e4b23d84eb1 .divider-border{border-bottom-width:5px; border-color:#f2f2f2;}.divider-69e4b23d84eb1 .double-line.divider-inner-item .divider-inner{border-top-width: 5px; border-bottom-width: 5px;}.divider-69e4b23d84eb1 .divider-border.divider-inner-item .divider-inner{ border-bottom-width: 5px;} <\/style><div class=\" divider divider-69e4b23d84eb1 divider-shadow center\" id=\"\" style=\"margin-top:; margin-bottom:;\"><div class=\"divider-inner divider-border\"><\/div><\/div>\n<p style=\"text-align: center;\"><strong>EJERCICIO 2023<\/strong><\/p>\n<p>Formato XLV. Archivo Documental<\/p>\n<p><a href=\"https:\/\/cmdh.bahiadebanderas.gob.mx\/wp-content\/uploads\/2024\/02\/LTAIPEN_Art_33_Fr_XLV-5.xlsx\">LTAIPEN_Art_33_Fr_XLV<\/a><\/p>\n<p>Formato XLV. Archivo Documental<\/p>\n<p><a href=\"https:\/\/cmdh.bahiadebanderas.gob.mx\/wp-content\/uploads\/2023\/07\/LTAIPEN_Art_33_Fr_XLV.xlsx\">LTAIPEN_Art_33_Fr_XLV<\/a><\/p>\n<style type=\"text\/css\" scoped=\"scoped\">.divider-69e4b23d84eda{ margin-top: 30px;margin-bottom:30px;width:100%;}.divider-69e4b23d84eda .divider-border{border-bottom-width:5px; border-color:#f2f2f2;}.divider-69e4b23d84eda .double-line.divider-inner-item .divider-inner{border-top-width: 5px; border-bottom-width: 5px;}.divider-69e4b23d84eda .divider-border.divider-inner-item .divider-inner{ border-bottom-width: 5px;} <\/style><div class=\" divider divider-69e4b23d84eda divider-shadow center\" id=\"\" style=\"margin-top:; margin-bottom:;\"><div class=\"divider-inner divider-border\"><\/div><\/div>\n<p>Periodo de actualizaci\u00f3n: Anual y semestral<\/p>\n<p>Ultima actualizaci\u00f3n: 09 de Febrero de 2026<\/p>\n<p>Conservaci\u00f3n: Ejercicio en curso y Ejercicio anterior.<\/p>\n<p>\u00c1rea que genera la informaci\u00f3n: Secretar\u00eda Ejecutivo<\/p>\n","protected":false},"excerpt":{"rendered":"<p>XLV. ARCHIVO DOCUMENTAL EJERCICIO 2025 SEGUNDA SEMESTRE Formato XLV. Archivo Documental LTAIPEN_Art_33_Fr_XLV Formato XLV. Archivo Documental LTAIPEN_Art_33_Fr_XLV Formato XLV. Archivo Documental LTAIPEN_Art_33_Fr_XLV PRIMER SEMESTRE Formato XLV. Archivo Documental LTAIPEN_Art_33_Fr_XLV Formato XLV. Archivo Documental LTAIPEN_Art_33_Fr_XLV Formato XLV. Archivo Documental LTAIPEN_Art_33_Fr_XLV EJERCICIO 2024 SEGUNDO SEMESTRE Formato XLV. Archivo Documental LTAIPEN_Art_33_Fr_XLV Formato XLV. Archivo Documental LTAIPEN_Art_33_Fr_XLV Formato XLV. Archivo Documental LTAIPEN_Art_33_Fr_XLV PRIMER SEMESTRE Formato XLV. Archivo Documental LTAIPEN_Art_33_Fr_XLV Formato XLV. Archivo Documental LTAIPEN_Art_33_Fr_XLV Formato XLV. Archivo Documental LTAIPEN_Art_33_Fr_XLV EJERCICIO 2023 Formato XLV. Archivo Documental LTAIPEN_Art_33_Fr_XLV Formato XLV. Archivo Documental LTAIPEN_Art_33_Fr_XLV Periodo de actualizaci\u00f3n: Anual y semestral Ultima actualizaci\u00f3n: 09 de Febrero de 2026 Conservaci\u00f3n: Ejercicio en curso y Ejercicio anterior. \u00c1rea que genera la informaci\u00f3n: Secretar\u00eda Ejecutivo<\/p>\n","protected":false},"author":1,"featured_media":0,"parent":0,"menu_order":0,"comment_status":"closed","ping_status":"closed","template":"","meta":[],"_links":{"self":[{"href":"https:\/\/cmdh.bahiadebanderas.gob.mx\/index.php\/wp-json\/wp\/v2\/pages\/750"}],"collection":[{"href":"https:\/\/cmdh.bahiadebanderas.gob.mx\/index.php\/wp-json\/wp\/v2\/pages"}],"about":[{"href":"https:\/\/cmdh.bahiadebanderas.gob.mx\/index.php\/wp-json\/wp\/v2\/types\/page"}],"author":[{"embeddable":true,"href":"https:\/\/cmdh.bahiadebanderas.gob.mx\/index.php\/wp-json\/wp\/v2\/users\/1"}],"replies":[{"embeddable":true,"href":"https:\/\/cmdh.bahiadebanderas.gob.mx\/index.php\/wp-json\/wp\/v2\/comments?post=750"}],"version-history":[{"count":36,"href":"https:\/\/cmdh.bahiadebanderas.gob.mx\/index.php\/wp-json\/wp\/v2\/pages\/750\/revisions"}],"predecessor-version":[{"id":12318,"href":"https:\/\/cmdh.bahiadebanderas.gob.mx\/index.php\/wp-json\/wp\/v2\/pages\/750\/revisions\/12318"}],"wp:attachment":[{"href":"https:\/\/cmdh.bahiadebanderas.gob.mx\/index.php\/wp-json\/wp\/v2\/media?parent=750"}],"curies":[{"name":"wp","href":"https:\/\/api.w.org\/{rel}","templated":true}]}}