{"id":747,"date":"2020-10-28T12:03:37","date_gmt":"2020-10-28T18:03:37","guid":{"rendered":"https:\/\/cmdh.bahiadebanderas.gob.mx\/?page_id=747"},"modified":"2026-02-11T13:21:21","modified_gmt":"2026-02-11T19:21:21","slug":"xlix-otra-informacion-de-utilidad","status":"publish","type":"page","link":"https:\/\/cmdh.bahiadebanderas.gob.mx\/index.php\/xlix-otra-informacion-de-utilidad\/","title":{"rendered":"XLIX &#8211; Otra Informaci\u00f3n de Utilidad"},"content":{"rendered":"<p><strong>XLIX. CUALQUIER OTRA INFORMACI\u00d3N QUE SEA DE UTILIDAD O SE CONSIDERE RELEVANTE<\/strong><\/p>\n<style type=\"text\/css\" scoped=\"scoped\">.divider-69f3c30914c90{ margin-top: 30px;margin-bottom:30px;width:100%;}.divider-69f3c30914c90 .divider-border{border-bottom-width:5px; border-color:#f2f2f2;}.divider-69f3c30914c90 .double-line.divider-inner-item .divider-inner{border-top-width: 5px; border-bottom-width: 5px;}.divider-69f3c30914c90 .divider-border.divider-inner-item .divider-inner{ border-bottom-width: 5px;} <\/style><div class=\" divider divider-69f3c30914c90 divider-shadow center\" id=\"\" style=\"margin-top:; margin-bottom:;\"><div class=\"divider-inner divider-border\"><\/div><\/div>\n<p style=\"text-align: center;\"><strong>EJERCICIO 2025<\/strong><\/p>\n<p style=\"text-align: center;\"><strong>CUARTO TRIMESTRE<\/strong><\/p>\n<p>Formato XLIXa. Otra Informaci\u00f3n de Inter\u00e9s P\u00fablico<\/p>\n<p><a href=\"https:\/\/cmdh.bahiadebanderas.gob.mx\/wp-content\/uploads\/2026\/02\/LTAIPEN_Art_33_Fr_XLIX_a.xlsx\">LTAIPEN_Art_33_Fr_XLIX_a<\/a><\/p>\n<p>Formato XLIXb. Informaci\u00f3n de Inter\u00e9s P\u00fablico<\/p>\n<p><a href=\"https:\/\/cmdh.bahiadebanderas.gob.mx\/wp-content\/uploads\/2026\/02\/LTAIPEN_Art_33_Fr_XLIX_b.xlsx\">LTAIPEN_Art_33_Fr_XLIX_b<\/a><\/p>\n<p>Formato XLIXc. Transparencia Proactiva<\/p>\n<p><a href=\"https:\/\/cmdh.bahiadebanderas.gob.mx\/wp-content\/uploads\/2025\/11\/LTAIPEN_Art_33_Fr_XLIX_c.xlsx\" data-wplink-edit=\"true\">LTAIPEN_Art_33_Fr_XLIX_c<\/a><\/p>\n<style type=\"text\/css\" scoped=\"scoped\">.divider-69f3c30914ceb{ margin-top: 30px;margin-bottom:30px;width:100%;}.divider-69f3c30914ceb .divider-border{border-bottom-width:5px; border-color:#f2f2f2;}.divider-69f3c30914ceb .double-line.divider-inner-item .divider-inner{border-top-width: 5px; border-bottom-width: 5px;}.divider-69f3c30914ceb .divider-border.divider-inner-item .divider-inner{ border-bottom-width: 5px;} <\/style><div class=\" divider divider-69f3c30914ceb divider-shadow center\" id=\"\" style=\"margin-top:; margin-bottom:;\"><div class=\"divider-inner divider-border\"><\/div><\/div>\n<p>Periodo de actualizaci\u00f3n: Trimestral<\/p>\n<p>Ultima actualizaci\u00f3n: 09 de Febrero del 2026<\/p>\n<p>Conservaci\u00f3n: Informaci\u00f3n Vigente.<\/p>\n<p>\u00c1rea que genera la informaci\u00f3n: Visitadur\u00eda General<\/p>\n","protected":false},"excerpt":{"rendered":"<p>XLIX. CUALQUIER OTRA INFORMACI\u00d3N QUE SEA DE UTILIDAD O SE CONSIDERE RELEVANTE EJERCICIO 2025 CUARTO TRIMESTRE Formato XLIXa. Otra Informaci\u00f3n de Inter\u00e9s P\u00fablico LTAIPEN_Art_33_Fr_XLIX_a Formato XLIXb. Informaci\u00f3n de Inter\u00e9s P\u00fablico LTAIPEN_Art_33_Fr_XLIX_b Formato XLIXc. Transparencia Proactiva LTAIPEN_Art_33_Fr_XLIX_c Periodo de actualizaci\u00f3n: Trimestral Ultima actualizaci\u00f3n: 09 de Febrero del 2026 Conservaci\u00f3n: Informaci\u00f3n Vigente. \u00c1rea que genera la informaci\u00f3n: Visitadur\u00eda General<\/p>\n","protected":false},"author":1,"featured_media":0,"parent":0,"menu_order":0,"comment_status":"closed","ping_status":"closed","template":"","meta":[],"_links":{"self":[{"href":"https:\/\/cmdh.bahiadebanderas.gob.mx\/index.php\/wp-json\/wp\/v2\/pages\/747"}],"collection":[{"href":"https:\/\/cmdh.bahiadebanderas.gob.mx\/index.php\/wp-json\/wp\/v2\/pages"}],"about":[{"href":"https:\/\/cmdh.bahiadebanderas.gob.mx\/index.php\/wp-json\/wp\/v2\/types\/page"}],"author":[{"embeddable":true,"href":"https:\/\/cmdh.bahiadebanderas.gob.mx\/index.php\/wp-json\/wp\/v2\/users\/1"}],"replies":[{"embeddable":true,"href":"https:\/\/cmdh.bahiadebanderas.gob.mx\/index.php\/wp-json\/wp\/v2\/comments?post=747"}],"version-history":[{"count":47,"href":"https:\/\/cmdh.bahiadebanderas.gob.mx\/index.php\/wp-json\/wp\/v2\/pages\/747\/revisions"}],"predecessor-version":[{"id":12334,"href":"https:\/\/cmdh.bahiadebanderas.gob.mx\/index.php\/wp-json\/wp\/v2\/pages\/747\/revisions\/12334"}],"wp:attachment":[{"href":"https:\/\/cmdh.bahiadebanderas.gob.mx\/index.php\/wp-json\/wp\/v2\/media?parent=747"}],"curies":[{"name":"wp","href":"https:\/\/api.w.org\/{rel}","templated":true}]}}