{"id":742,"date":"2020-10-28T11:58:47","date_gmt":"2020-10-28T17:58:47","guid":{"rendered":"https:\/\/cmdh.bahiadebanderas.gob.mx\/?page_id=742"},"modified":"2026-02-11T11:03:21","modified_gmt":"2026-02-11T17:03:21","slug":"xliv-donaciones-hechas-a-terceros","status":"publish","type":"page","link":"https:\/\/cmdh.bahiadebanderas.gob.mx\/index.php\/xliv-donaciones-hechas-a-terceros\/","title":{"rendered":"XLIV &#8211; Donaciones hechas a terceros"},"content":{"rendered":"<p><strong>XLIV. DONACIONES HECHAS A TERCEROS EN DINERO O ESPECIE<\/strong><\/p>\n<p style=\"text-align: center;\"><strong>EJERCICIO 2025<\/strong><\/p>\n<p style=\"text-align: center;\"><strong>CUARTO TRIMESTRE<\/strong><\/p>\n<p>Formato XLIV. Donaciones en Dinero y en Especie Realizadas<\/p>\n<p><a href=\"https:\/\/cmdh.bahiadebanderas.gob.mx\/wp-content\/uploads\/2026\/02\/44-LGT_Art_70_Fr_XLIV.xlsx\">LTAIPEN_Art_33_Fr_XLIV<\/a><\/p>\n<p style=\"text-align: center;\"><strong>TERCER TRIMESTRE<\/strong><\/p>\n<p>Formato XLIV. Donaciones en Dinero y en Especie Realizadas<\/p>\n<p><a href=\"https:\/\/cmdh.bahiadebanderas.gob.mx\/wp-content\/uploads\/2025\/11\/44-LGT_Art_70_Fr_XLIV.xlsx\">LTAIPEN_Art_33_Fr_XLIV<\/a><\/p>\n<p style=\"text-align: center;\"><strong>PRIMER TRIMESTRE<\/strong><\/p>\n<p>Formato XLIV. Donaciones en Dinero y en Especie Realizadas<\/p>\n<p><a href=\"https:\/\/cmdh.bahiadebanderas.gob.mx\/wp-content\/uploads\/2025\/05\/44-LGT_Art_70_Fr_XLIV-3.xlsx\">LTAIPEN_Art_33_Fr_XLIV<\/a><\/p>\n<style type=\"text\/css\" scoped=\"scoped\">.divider-69e7b601c1c28{ margin-top: 30px;margin-bottom:30px;width:100%;}.divider-69e7b601c1c28 .divider-border{border-bottom-width:5px; border-color:#f2f2f2;}.divider-69e7b601c1c28 .double-line.divider-inner-item .divider-inner{border-top-width: 5px; border-bottom-width: 5px;}.divider-69e7b601c1c28 .divider-border.divider-inner-item .divider-inner{ border-bottom-width: 5px;} <\/style><div class=\" divider divider-69e7b601c1c28 divider-shadow center\" id=\"\" style=\"margin-top:; margin-bottom:;\"><div class=\"divider-inner divider-border\"><\/div><\/div>\n<p style=\"text-align: center;\"><strong>EJERCICIO 2024<\/strong><\/p>\n<p style=\"text-align: center;\"><strong>CUARTO TRIMESTRE<\/strong><\/p>\n<p>Formato XLIV. Donaciones en Dinero y en Especie Realizadas<\/p>\n<p><a href=\"https:\/\/cmdh.bahiadebanderas.gob.mx\/wp-content\/uploads\/2025\/01\/LGT_Art_70_Fr_XLIV.xlsx\">LTAIPEN_Art_33_Fr_XLIV<\/a><\/p>\n<p style=\"text-align: center;\"><strong>TERCER TRIMESTRE<\/strong><\/p>\n<p>Formato XLIV. Donaciones en Dinero y en Especie Realizadas<\/p>\n<p><a href=\"https:\/\/cmdh.bahiadebanderas.gob.mx\/wp-content\/uploads\/2024\/10\/44-LGT_Art_70_Fr_XLIV-3.xlsx\">LTAIPEN_Art_33_Fr_XLIV<\/a><\/p>\n<p style=\"text-align: center;\"><strong>SEGUNDO TRIMESTRE<\/strong><\/p>\n<p>Formato XLIV. Donaciones en Dinero y en Especie Realizadas<\/p>\n<p><a href=\"https:\/\/cmdh.bahiadebanderas.gob.mx\/wp-content\/uploads\/2024\/07\/44-LGT_Art_70_Fr_XLIV-2.xlsx\">LTAIPEN_Art_33_Fr_XLIV<\/a><\/p>\n<p style=\"text-align: center;\"><strong>PRIMER TRIMESTRE<\/strong><\/p>\n<p>Formato XLIV. Donaciones en Dinero y en Especie Realizadas<\/p>\n<p><a href=\"https:\/\/cmdh.bahiadebanderas.gob.mx\/wp-content\/uploads\/2024\/06\/44-LGT_Art_70_Fr_XLIV-1.xlsx\">LTAIPEN_Art_33_Fr_XLIV<\/a><\/p>\n<style type=\"text\/css\" scoped=\"scoped\">.divider-69e7b601c1c85{ margin-top: 30px;margin-bottom:30px;width:100%;}.divider-69e7b601c1c85 .divider-border{border-bottom-width:5px; border-color:#f2f2f2;}.divider-69e7b601c1c85 .double-line.divider-inner-item .divider-inner{border-top-width: 5px; border-bottom-width: 5px;}.divider-69e7b601c1c85 .divider-border.divider-inner-item .divider-inner{ border-bottom-width: 5px;} <\/style><div class=\" divider divider-69e7b601c1c85 divider-shadow center\" id=\"\" style=\"margin-top:; margin-bottom:;\"><div class=\"divider-inner divider-border\"><\/div><\/div>\n<p>&#8220;30&#8221; margin_bottom=&#8221;30&#8243; border_size=&#8221;5&#8243; border_color=&#8221;#f2f2f2&#8243; icon=&#8221;&#8221; class=&#8221;&#8221; id=&#8221;&#8221;][\/ms_divider]\n<p>Periodo de actualizaci\u00f3n: Semestral<\/p>\n<p>Fecha de Actualizaci\u00f3n: 09 de Febrero del 2026<\/p>\n<p>Conservaci\u00f3n: Ejercicio en curso y Ejercicio anterior.<\/p>\n<p>\u00c1rea que genera la informaci\u00f3n: Contabilidad<\/p>\n<p style=\"text-align: center;\">\n","protected":false},"excerpt":{"rendered":"<p>XLIV. DONACIONES HECHAS A TERCEROS EN DINERO O ESPECIE EJERCICIO 2025 CUARTO TRIMESTRE Formato XLIV. Donaciones en Dinero y en Especie Realizadas LTAIPEN_Art_33_Fr_XLIV TERCER TRIMESTRE Formato XLIV. Donaciones en Dinero y en Especie Realizadas LTAIPEN_Art_33_Fr_XLIV PRIMER TRIMESTRE Formato XLIV. Donaciones en Dinero y en Especie Realizadas LTAIPEN_Art_33_Fr_XLIV EJERCICIO 2024 CUARTO TRIMESTRE Formato XLIV. Donaciones en Dinero y en Especie Realizadas LTAIPEN_Art_33_Fr_XLIV TERCER TRIMESTRE Formato XLIV. Donaciones en Dinero y en Especie Realizadas LTAIPEN_Art_33_Fr_XLIV SEGUNDO TRIMESTRE Formato XLIV. Donaciones en Dinero y en Especie Realizadas LTAIPEN_Art_33_Fr_XLIV PRIMER TRIMESTRE Formato XLIV. Donaciones en Dinero y en Especie Realizadas LTAIPEN_Art_33_Fr_XLIV &#8220;30&#8221; margin_bottom=&#8221;30&#8243; border_size=&#8221;5&#8243; border_color=&#8221;#f2f2f2&#8243; icon=&#8221;&#8221; class=&#8221;&#8221; id=&#8221;&#8221;][\/ms_divider] Periodo de actualizaci\u00f3n: Semestral Fecha de Actualizaci\u00f3n: 09 de Febrero del 2026 Conservaci\u00f3n: Ejercicio en curso y Ejercicio anterior. \u00c1rea que genera la informaci\u00f3n: Contabilidad<\/p>\n","protected":false},"author":1,"featured_media":0,"parent":0,"menu_order":0,"comment_status":"closed","ping_status":"closed","template":"","meta":[],"_links":{"self":[{"href":"https:\/\/cmdh.bahiadebanderas.gob.mx\/index.php\/wp-json\/wp\/v2\/pages\/742"}],"collection":[{"href":"https:\/\/cmdh.bahiadebanderas.gob.mx\/index.php\/wp-json\/wp\/v2\/pages"}],"about":[{"href":"https:\/\/cmdh.bahiadebanderas.gob.mx\/index.php\/wp-json\/wp\/v2\/types\/page"}],"author":[{"embeddable":true,"href":"https:\/\/cmdh.bahiadebanderas.gob.mx\/index.php\/wp-json\/wp\/v2\/users\/1"}],"replies":[{"embeddable":true,"href":"https:\/\/cmdh.bahiadebanderas.gob.mx\/index.php\/wp-json\/wp\/v2\/comments?post=742"}],"version-history":[{"count":37,"href":"https:\/\/cmdh.bahiadebanderas.gob.mx\/index.php\/wp-json\/wp\/v2\/pages\/742\/revisions"}],"predecessor-version":[{"id":12314,"href":"https:\/\/cmdh.bahiadebanderas.gob.mx\/index.php\/wp-json\/wp\/v2\/pages\/742\/revisions\/12314"}],"wp:attachment":[{"href":"https:\/\/cmdh.bahiadebanderas.gob.mx\/index.php\/wp-json\/wp\/v2\/media?parent=742"}],"curies":[{"name":"wp","href":"https:\/\/api.w.org\/{rel}","templated":true}]}}