{"id":739,"date":"2020-10-28T11:31:14","date_gmt":"2020-10-28T17:31:14","guid":{"rendered":"https:\/\/cmdh.bahiadebanderas.gob.mx\/?page_id=739"},"modified":"2026-02-11T10:57:27","modified_gmt":"2026-02-11T16:57:27","slug":"xlii-jubilados-y-pensionados","status":"publish","type":"page","link":"https:\/\/cmdh.bahiadebanderas.gob.mx\/index.php\/xlii-jubilados-y-pensionados\/","title":{"rendered":"XLII &#8211; Jubilados y Pensionados"},"content":{"rendered":"<p><strong>XLII. EL LISTADO DE JUBILADOS Y PENSIONADOS Y EL MONTO QUE RECIBEN<\/strong><\/p>\n<p style=\"text-align: center;\"><strong>EJERCICIO 2025<\/strong><\/p>\n<p style=\"text-align: center;\"><strong>CUARTO TRIMESTRE<\/strong><\/p>\n<p>Formato XLII Listado de Jubilados y Pensionados y el Monto que Reciben<\/p>\n<p><a href=\"https:\/\/cmdh.bahiadebanderas.gob.mx\/wp-content\/uploads\/2026\/02\/42-LGT_Art_70_Fr_XLII.xlsx\">LTAIPEN_Art_33_Fr_XLII<\/a><\/p>\n<p style=\"text-align: center;\"><strong>TERCER TRIMESTRE<\/strong><\/p>\n<p>Formato XLII Listado de Jubilados y Pensionados y el Monto que Reciben<\/p>\n<p><a href=\"https:\/\/cmdh.bahiadebanderas.gob.mx\/wp-content\/uploads\/2025\/11\/42-LGT_Art_70_Fr_XLII.xlsx\">LTAIPEN_Art_33_Fr_XLII<\/a><\/p>\n<p style=\"text-align: center;\"><strong>PRIMER TRIMESTRE<\/strong><\/p>\n<p>Formato XLII Listado de Jubilados y Pensionados y el Monto que Reciben<\/p>\n<p><a href=\"https:\/\/cmdh.bahiadebanderas.gob.mx\/wp-content\/uploads\/2025\/05\/42-LGT_Art_70_Fr_XLII-2.xlsx\">LTAIPEN_Art_33_Fr_XLII<\/a><\/p>\n<style type=\"text\/css\" scoped=\"scoped\">.divider-69e7b3b4b9642{ margin-top: 30px;margin-bottom:30px;width:100%;}.divider-69e7b3b4b9642 .divider-border{border-bottom-width:5px; border-color:#f2f2f2;}.divider-69e7b3b4b9642 .double-line.divider-inner-item .divider-inner{border-top-width: 5px; border-bottom-width: 5px;}.divider-69e7b3b4b9642 .divider-border.divider-inner-item .divider-inner{ border-bottom-width: 5px;} <\/style><div class=\" divider divider-69e7b3b4b9642 divider-shadow center\" id=\"\" style=\"margin-top:; margin-bottom:;\"><div class=\"divider-inner divider-border\"><\/div><\/div>\n<p style=\"text-align: center;\"><strong>EJERCICIO 2024<\/strong><\/p>\n<p style=\"text-align: center;\"><strong>CUARTO TRIMESTRE<\/strong><\/p>\n<p>Formato XLII Listado de Jubilados y Pensionados y el Monto que Reciben<\/p>\n<p><a href=\"https:\/\/cmdh.bahiadebanderas.gob.mx\/wp-content\/uploads\/2025\/01\/42-LGT_Art_70_Fr_XLII.xlsx\">LTAIPEN_Art_33_Fr_XLII<\/a><\/p>\n<style type=\"text\/css\" scoped=\"scoped\">.divider-69e7b3b4b969e{ margin-top: 30px;margin-bottom:30px;width:100%;}.divider-69e7b3b4b969e .divider-border{border-bottom-width:5px; border-color:#f2f2f2;}.divider-69e7b3b4b969e .double-line.divider-inner-item .divider-inner{border-top-width: 5px; border-bottom-width: 5px;}.divider-69e7b3b4b969e .divider-border.divider-inner-item .divider-inner{ border-bottom-width: 5px;} <\/style><div class=\" divider divider-69e7b3b4b969e divider-shadow center\" id=\"\" style=\"margin-top:; margin-bottom:;\"><div class=\"divider-inner divider-border\"><\/div><\/div>\n<p>Periodo de actualizaci\u00f3n: Trimestral<\/p>\n<p>Fecha de Actualizaci\u00f3n: 09 de Febrero del 2026<\/p>\n<p>Conservaci\u00f3n: Informaci\u00f3n Vigente.<\/p>\n<p>\u00c1rea que genera la informaci\u00f3n: Contabilidad<\/p>\n","protected":false},"excerpt":{"rendered":"<p>XLII. EL LISTADO DE JUBILADOS Y PENSIONADOS Y EL MONTO QUE RECIBEN EJERCICIO 2025 CUARTO TRIMESTRE Formato XLII Listado de Jubilados y Pensionados y el Monto que Reciben LTAIPEN_Art_33_Fr_XLII TERCER TRIMESTRE Formato XLII Listado de Jubilados y Pensionados y el Monto que Reciben LTAIPEN_Art_33_Fr_XLII PRIMER TRIMESTRE Formato XLII Listado de Jubilados y Pensionados y el Monto que Reciben LTAIPEN_Art_33_Fr_XLII EJERCICIO 2024 CUARTO TRIMESTRE Formato XLII Listado de Jubilados y Pensionados y el Monto que Reciben LTAIPEN_Art_33_Fr_XLII Periodo de actualizaci\u00f3n: Trimestral Fecha de Actualizaci\u00f3n: 09 de Febrero del 2026 Conservaci\u00f3n: Informaci\u00f3n Vigente. \u00c1rea que genera la informaci\u00f3n: Contabilidad<\/p>\n","protected":false},"author":1,"featured_media":0,"parent":0,"menu_order":0,"comment_status":"closed","ping_status":"closed","template":"","meta":[],"_links":{"self":[{"href":"https:\/\/cmdh.bahiadebanderas.gob.mx\/index.php\/wp-json\/wp\/v2\/pages\/739"}],"collection":[{"href":"https:\/\/cmdh.bahiadebanderas.gob.mx\/index.php\/wp-json\/wp\/v2\/pages"}],"about":[{"href":"https:\/\/cmdh.bahiadebanderas.gob.mx\/index.php\/wp-json\/wp\/v2\/types\/page"}],"author":[{"embeddable":true,"href":"https:\/\/cmdh.bahiadebanderas.gob.mx\/index.php\/wp-json\/wp\/v2\/users\/1"}],"replies":[{"embeddable":true,"href":"https:\/\/cmdh.bahiadebanderas.gob.mx\/index.php\/wp-json\/wp\/v2\/comments?post=739"}],"version-history":[{"count":34,"href":"https:\/\/cmdh.bahiadebanderas.gob.mx\/index.php\/wp-json\/wp\/v2\/pages\/739\/revisions"}],"predecessor-version":[{"id":12308,"href":"https:\/\/cmdh.bahiadebanderas.gob.mx\/index.php\/wp-json\/wp\/v2\/pages\/739\/revisions\/12308"}],"wp:attachment":[{"href":"https:\/\/cmdh.bahiadebanderas.gob.mx\/index.php\/wp-json\/wp\/v2\/media?parent=739"}],"curies":[{"name":"wp","href":"https:\/\/api.w.org\/{rel}","templated":true}]}}