{"id":737,"date":"2020-10-28T11:29:02","date_gmt":"2020-10-28T17:29:02","guid":{"rendered":"https:\/\/cmdh.bahiadebanderas.gob.mx\/?page_id=737"},"modified":"2026-02-11T10:55:45","modified_gmt":"2026-02-11T16:55:45","slug":"xli-estudios-financieros","status":"publish","type":"page","link":"https:\/\/cmdh.bahiadebanderas.gob.mx\/index.php\/xli-estudios-financieros\/","title":{"rendered":"XLI &#8211; Estudios Financiados"},"content":{"rendered":"<p><strong>XLI. LOS ESTUDIOS FINANCIADOS CON RECURSOS P\u00daBLICOS<\/strong><\/p>\n<p style=\"text-align: center;\"><strong>EJERCICIO 2025<\/strong><\/p>\n<p style=\"text-align: center;\"><strong>CUARTO TRIMESTRE<\/strong><\/p>\n<p>Formato XLI. Estudios Financiados con Recursos P\u00fablicos<\/p>\n<p><a href=\"https:\/\/cmdh.bahiadebanderas.gob.mx\/wp-content\/uploads\/2026\/02\/LTAIPEN_Art_33_Fr_XLI.xlsx\">LTAIPEN_Art_33_Fr_XLI<\/a><\/p>\n<p style=\"text-align: center;\"><strong>TERCER TRIMESTRE<\/strong><\/p>\n<p>Formato XLI. Estudios Financiados con Recursos P\u00fablicos<\/p>\n<p><a href=\"https:\/\/cmdh.bahiadebanderas.gob.mx\/wp-content\/uploads\/2025\/11\/LTAIPEN_Art_33_Fr_XLI.xlsx\">LTAIPEN_Art_33_Fr_XLI<\/a><\/p>\n<p style=\"text-align: center;\"><strong>PRIMER TRIMESTRE<\/strong><\/p>\n<p>Formato XLI. Estudios Financiados con Recursos P\u00fablicos<\/p>\n<p><a href=\"https:\/\/cmdh.bahiadebanderas.gob.mx\/wp-content\/uploads\/2025\/05\/LTAIPEN_Art_33_Fr_XLI-6.xlsx\">LTAIPEN_Art_33_Fr_XLI<\/a><\/p>\n<style type=\"text\/css\" scoped=\"scoped\">.divider-69f3c3b4853e6{ margin-top: 30px;margin-bottom:30px;width:100%;}.divider-69f3c3b4853e6 .divider-border{border-bottom-width:5px; border-color:#f2f2f2;}.divider-69f3c3b4853e6 .double-line.divider-inner-item .divider-inner{border-top-width: 5px; border-bottom-width: 5px;}.divider-69f3c3b4853e6 .divider-border.divider-inner-item .divider-inner{ border-bottom-width: 5px;} <\/style><div class=\" divider divider-69f3c3b4853e6 divider-shadow center\" id=\"\" style=\"margin-top:; margin-bottom:;\"><div class=\"divider-inner divider-border\"><\/div><\/div>\n<p style=\"text-align: center;\"><strong>EJERCICIO 2024<\/strong><\/p>\n<p style=\"text-align: center;\"><strong>CUARTO TRIMESTRE<\/strong><\/p>\n<p>Formato XLI. Estudios Financiados con Recursos P\u00fablicos<\/p>\n<p><a href=\"https:\/\/cmdh.bahiadebanderas.gob.mx\/wp-content\/uploads\/2025\/01\/LTAIPEN_Art_33_Fr_XLI.xlsx\">LTAIPEN_Art_33_Fr_XLI<\/a><\/p>\n<p style=\"text-align: center;\"><strong>TERCER TRIMESTRE<\/strong><\/p>\n<p>Formato XLI. Estudios Financiados con Recursos P\u00fablicos<\/p>\n<p><a href=\"https:\/\/cmdh.bahiadebanderas.gob.mx\/wp-content\/uploads\/2024\/10\/LTAIPEN_Art_33_Fr_XLI.xlsx\">LTAIPEN_Art_33_Fr_XLI<\/a><\/p>\n<p style=\"text-align: center;\"><strong>SEGUNDO TRIMESTRE<\/strong><\/p>\n<p>Formato XLI. Estudios Financiados con Recursos P\u00fablicos<\/p>\n<p><a href=\"https:\/\/cmdh.bahiadebanderas.gob.mx\/wp-content\/uploads\/2024\/07\/LTAIPEN_Art_33_Fr_XLI-5.xlsx\">LTAIPEN_Art_33_Fr_XLI<\/a><\/p>\n<p style=\"text-align: center;\"><strong>PRIMER TRIMESTRE<\/strong><\/p>\n<p>Formato XLI. Estudios Financiados con Recursos P\u00fablicos<\/p>\n<p><a href=\"https:\/\/cmdh.bahiadebanderas.gob.mx\/wp-content\/uploads\/2024\/04\/LTAIPEN_Art_33_Fr_XLI-4.xlsx\">LTAIPEN_Art_33_Fr_XLI<\/a><\/p>\n<style type=\"text\/css\" scoped=\"scoped\">.divider-69f3c3b485442{ margin-top: 30px;margin-bottom:30px;width:100%;}.divider-69f3c3b485442 .divider-border{border-bottom-width:5px; border-color:#f2f2f2;}.divider-69f3c3b485442 .double-line.divider-inner-item .divider-inner{border-top-width: 5px; border-bottom-width: 5px;}.divider-69f3c3b485442 .divider-border.divider-inner-item .divider-inner{ border-bottom-width: 5px;} <\/style><div class=\" divider divider-69f3c3b485442 divider-shadow center\" id=\"\" style=\"margin-top:; margin-bottom:;\"><div class=\"divider-inner divider-border\"><\/div><\/div>\n<p style=\"text-align: center;\"><strong>EJERCICIO 2023<\/strong><\/p>\n<p style=\"text-align: center;\"><strong>CUARTO TRIMESTRE<\/strong><\/p>\n<p>Formato XLI. Estudios Financiados con Recursos P\u00fablicos<\/p>\n<p><a href=\"https:\/\/cmdh.bahiadebanderas.gob.mx\/wp-content\/uploads\/2024\/01\/LTAIPEN_Art_33_Fr_XLI-4to.xlsx\">LTAIPEN_Art_33_Fr_XLI<\/a><\/p>\n<p style=\"text-align: center;\"><strong>TERCER TRIMESTRE<\/strong><\/p>\n<p>Formato XLI. Estudios Financiados con Recursos P\u00fablicos<\/p>\n<p><a href=\"https:\/\/cmdh.bahiadebanderas.gob.mx\/wp-content\/uploads\/2023\/10\/LTAIPEN_Art_33_Fr_XLI-1.xlsx\">LTAIPEN_Art_33_Fr_XLI<\/a><\/p>\n<p style=\"text-align: center;\"><strong>SEGUNDO TRIMESTRE<\/strong><\/p>\n<p>Formato XLI. Estudios Financiados con Recursos P\u00fablicos<\/p>\n<p><a href=\"https:\/\/cmdh.bahiadebanderas.gob.mx\/wp-content\/uploads\/2023\/07\/LTAIPEN_Art_33_Fr_XLI.xlsx\">LTAIPEN_Art_33_Fr_XLI<\/a><\/p>\n<p style=\"text-align: center;\"><strong>PRIMER TRIMESTRE<\/strong><\/p>\n<p>Formato XLI. Estudios Financiados con Recursos P\u00fablicos<\/p>\n<p><a href=\"https:\/\/cmdh.bahiadebanderas.gob.mx\/wp-content\/uploads\/2023\/05\/LTAIPEN_Art_33_Fr_XLI-2.xlsx\">LTAIPEN_Art_33_Fr_XLI<\/a><\/p>\n<style type=\"text\/css\" scoped=\"scoped\">.divider-69f3c3b48546e{ margin-top: 30px;margin-bottom:30px;width:100%;}.divider-69f3c3b48546e .divider-border{border-bottom-width:5px; border-color:#f2f2f2;}.divider-69f3c3b48546e .double-line.divider-inner-item .divider-inner{border-top-width: 5px; border-bottom-width: 5px;}.divider-69f3c3b48546e .divider-border.divider-inner-item .divider-inner{ border-bottom-width: 5px;} <\/style><div class=\" divider divider-69f3c3b48546e divider-shadow center\" id=\"\" style=\"margin-top:; margin-bottom:;\"><div class=\"divider-inner divider-border\"><\/div><\/div>\n<p>Periodo de actualizaci\u00f3n: Trimestral<\/p>\n<p>Fecha de Actualizaci\u00f3n: 09 de Febrero del 2026<\/p>\n<p>Conservaci\u00f3n: Ejercicio en curso y 2 ejercicios anteriores<\/p>\n<p>\u00c1rea que genera la informaci\u00f3n: Contabilidad<\/p>\n","protected":false},"excerpt":{"rendered":"<p>XLI. LOS ESTUDIOS FINANCIADOS CON RECURSOS P\u00daBLICOS EJERCICIO 2025 CUARTO TRIMESTRE Formato XLI. Estudios Financiados con Recursos P\u00fablicos LTAIPEN_Art_33_Fr_XLI TERCER TRIMESTRE Formato XLI. Estudios Financiados con Recursos P\u00fablicos LTAIPEN_Art_33_Fr_XLI PRIMER TRIMESTRE Formato XLI. Estudios Financiados con Recursos P\u00fablicos LTAIPEN_Art_33_Fr_XLI EJERCICIO 2024 CUARTO TRIMESTRE Formato XLI. Estudios Financiados con Recursos P\u00fablicos LTAIPEN_Art_33_Fr_XLI TERCER TRIMESTRE Formato XLI. Estudios Financiados con Recursos P\u00fablicos LTAIPEN_Art_33_Fr_XLI SEGUNDO TRIMESTRE Formato XLI. Estudios Financiados con Recursos P\u00fablicos LTAIPEN_Art_33_Fr_XLI PRIMER TRIMESTRE Formato XLI. Estudios Financiados con Recursos P\u00fablicos LTAIPEN_Art_33_Fr_XLI EJERCICIO 2023 CUARTO TRIMESTRE Formato XLI. Estudios Financiados con Recursos P\u00fablicos LTAIPEN_Art_33_Fr_XLI TERCER TRIMESTRE Formato XLI. Estudios Financiados con Recursos P\u00fablicos LTAIPEN_Art_33_Fr_XLI SEGUNDO TRIMESTRE Formato XLI. Estudios Financiados con Recursos P\u00fablicos LTAIPEN_Art_33_Fr_XLI PRIMER TRIMESTRE Formato XLI. Estudios Financiados con Recursos P\u00fablicos LTAIPEN_Art_33_Fr_XLI Periodo de actualizaci\u00f3n: Trimestral Fecha de Actualizaci\u00f3n: 09 de Febrero del 2026 Conservaci\u00f3n: Ejercicio en curso y 2 ejercicios anteriores \u00c1rea que genera la informaci\u00f3n: Contabilidad<\/p>\n","protected":false},"author":1,"featured_media":0,"parent":0,"menu_order":0,"comment_status":"closed","ping_status":"closed","template":"","meta":[],"_links":{"self":[{"href":"https:\/\/cmdh.bahiadebanderas.gob.mx\/index.php\/wp-json\/wp\/v2\/pages\/737"}],"collection":[{"href":"https:\/\/cmdh.bahiadebanderas.gob.mx\/index.php\/wp-json\/wp\/v2\/pages"}],"about":[{"href":"https:\/\/cmdh.bahiadebanderas.gob.mx\/index.php\/wp-json\/wp\/v2\/types\/page"}],"author":[{"embeddable":true,"href":"https:\/\/cmdh.bahiadebanderas.gob.mx\/index.php\/wp-json\/wp\/v2\/users\/1"}],"replies":[{"embeddable":true,"href":"https:\/\/cmdh.bahiadebanderas.gob.mx\/index.php\/wp-json\/wp\/v2\/comments?post=737"}],"version-history":[{"count":34,"href":"https:\/\/cmdh.bahiadebanderas.gob.mx\/index.php\/wp-json\/wp\/v2\/pages\/737\/revisions"}],"predecessor-version":[{"id":12305,"href":"https:\/\/cmdh.bahiadebanderas.gob.mx\/index.php\/wp-json\/wp\/v2\/pages\/737\/revisions\/12305"}],"wp:attachment":[{"href":"https:\/\/cmdh.bahiadebanderas.gob.mx\/index.php\/wp-json\/wp\/v2\/media?parent=737"}],"curies":[{"name":"wp","href":"https:\/\/api.w.org\/{rel}","templated":true}]}}