{"id":732,"date":"2020-10-28T11:24:54","date_gmt":"2020-10-28T17:24:54","guid":{"rendered":"https:\/\/cmdh.bahiadebanderas.gob.mx\/?page_id=732"},"modified":"2025-11-05T09:56:14","modified_gmt":"2025-11-05T15:56:14","slug":"xl-evaluaciones-y-encuestas","status":"publish","type":"page","link":"https:\/\/cmdh.bahiadebanderas.gob.mx\/index.php\/xl-evaluaciones-y-encuestas\/","title":{"rendered":"XL &#8211; Evaluaciones y Encuestas"},"content":{"rendered":"<p><strong>XL. TODAS LAS EVALUACIONES Y ENCUESTAS QUE HAGAN LOS SUJETOS OBLIGADOS A PROGRAMAS FINANCIADOS CON RECURSOS P\u00daBLICOS<\/strong><\/p>\n<p style=\"text-align: center;\"><strong>EJERCICIO 2025<\/strong><\/p>\n<p>Formato XLa. Evaluaciones y Encuestas a Programas Financiados con Recursos P\u00fablicos<\/p>\n<p><a href=\"https:\/\/cmdh.bahiadebanderas.gob.mx\/wp-content\/uploads\/2025\/11\/40-LGT_Art_70_Fr_XL.xlsx\">LTAIPEN_Art_33_Fr_XL<\/a><\/p>\n<p style=\"text-align: center;\"><strong>EJERCICIO 2024<\/strong><\/p>\n<p>Formato XLa. Evaluaciones y Encuestas a Programas Financiados con Recursos P\u00fablicos<\/p>\n<p><a href=\"https:\/\/cmdh.bahiadebanderas.gob.mx\/wp-content\/uploads\/2025\/01\/40-LGT_Art_70_Fr_XL.xlsx\">LTAIPEN_Art_33_Fr_XL<\/a><\/p>\n<p style=\"text-align: center;\"><strong>EJERCICIO 2023<\/strong><\/p>\n<p>Formato XLa. Evaluaciones y Encuestas a Programas Financiados con Recursos P\u00fablicos<\/p>\n<p><a href=\"https:\/\/cmdh.bahiadebanderas.gob.mx\/wp-content\/uploads\/2023\/10\/LTAIPEN_Art_33_Fr_XL_a-1.xlsx\">LTAIPEN_Art_33_Fr_XL_a<\/a><\/p>\n<p>Formato XLb. Encuestas Sobre Programas Financiados con Recursos P\u00fablicos<\/p>\n<p><a href=\"https:\/\/cmdh.bahiadebanderas.gob.mx\/wp-content\/uploads\/2024\/01\/LTAIPEN_Art_33_Fr_XL_b-4to.xlsx\">LTAIPEN_Art_33_Fr_XL_b<\/a><\/p>\n<style type=\"text\/css\" scoped=\"scoped\">.divider-69d5cb420bf35{ margin-top: 30px;margin-bottom:30px;width:100%;}.divider-69d5cb420bf35 .divider-border{border-bottom-width:5px; border-color:#f2f2f2;}.divider-69d5cb420bf35 .double-line.divider-inner-item .divider-inner{border-top-width: 5px; border-bottom-width: 5px;}.divider-69d5cb420bf35 .divider-border.divider-inner-item .divider-inner{ border-bottom-width: 5px;} <\/style><div class=\" divider divider-69d5cb420bf35 divider-shadow center\" id=\"\" style=\"margin-top:; margin-bottom:;\"><div class=\"divider-inner divider-border\"><\/div><\/div>\n<p style=\"text-align: center;\"><strong>EJERCICIO 2022<\/strong><\/p>\n<p>Formato XLa. Evaluaciones y Encuestas a Programas Financiados con Recursos P\u00fablicos<\/p>\n<p><a href=\"https:\/\/cmdh.bahiadebanderas.gob.mx\/wp-content\/uploads\/2023\/03\/LTAIPEN_Art_33_Fr_XL_a-2.xlsx\">LTAIPEN_Art_33_Fr_XL_a<\/a><\/p>\n<p>Formato XLb. Encuestas Sobre Programas Financiados con Recursos P\u00fablicos<\/p>\n<p><a href=\"https:\/\/cmdh.bahiadebanderas.gob.mx\/wp-content\/uploads\/2023\/03\/LTAIPEN_Art_33_Fr_XL_b.xlsx\">LTAIPEN_Art_33_Fr_XL_b<\/a><\/p>\n<style type=\"text\/css\" scoped=\"scoped\">.divider-69d5cb420bf8f{ margin-top: 30px;margin-bottom:30px;width:100%;}.divider-69d5cb420bf8f .divider-border{border-bottom-width:5px; border-color:#f2f2f2;}.divider-69d5cb420bf8f .double-line.divider-inner-item .divider-inner{border-top-width: 5px; border-bottom-width: 5px;}.divider-69d5cb420bf8f .divider-border.divider-inner-item .divider-inner{ border-bottom-width: 5px;} <\/style><div class=\" divider divider-69d5cb420bf8f divider-shadow center\" id=\"\" style=\"margin-top:; margin-bottom:;\"><div class=\"divider-inner divider-border\"><\/div><\/div>\n<p>Periodo de actualizaci\u00f3n: Anual<\/p>\n<p>Fecha de Actualizaci\u00f3n: 02 de Marzo del 2025<\/p>\n<p>Conservaci\u00f3n: Informaci\u00f3n generada en los 2 Ejercicios anteriores.<\/p>\n<p>\u00c1rea que genera la informaci\u00f3n: Contabilidad<\/p>\n","protected":false},"excerpt":{"rendered":"<p>XL. TODAS LAS EVALUACIONES Y ENCUESTAS QUE HAGAN LOS SUJETOS OBLIGADOS A PROGRAMAS FINANCIADOS CON RECURSOS P\u00daBLICOS EJERCICIO 2025 Formato XLa. Evaluaciones y Encuestas a Programas Financiados con Recursos P\u00fablicos LTAIPEN_Art_33_Fr_XL EJERCICIO 2024 Formato XLa. Evaluaciones y Encuestas a Programas Financiados con Recursos P\u00fablicos LTAIPEN_Art_33_Fr_XL EJERCICIO 2023 Formato XLa. Evaluaciones y Encuestas a Programas Financiados con Recursos P\u00fablicos LTAIPEN_Art_33_Fr_XL_a Formato XLb. Encuestas Sobre Programas Financiados con Recursos P\u00fablicos LTAIPEN_Art_33_Fr_XL_b EJERCICIO 2022 Formato XLa. Evaluaciones y Encuestas a Programas Financiados con Recursos P\u00fablicos LTAIPEN_Art_33_Fr_XL_a Formato XLb. Encuestas Sobre Programas Financiados con Recursos P\u00fablicos LTAIPEN_Art_33_Fr_XL_b Periodo de actualizaci\u00f3n: Anual Fecha de Actualizaci\u00f3n: 02 de Marzo del 2025 Conservaci\u00f3n: Informaci\u00f3n generada en los 2 Ejercicios anteriores. \u00c1rea que genera la informaci\u00f3n: Contabilidad<\/p>\n","protected":false},"author":1,"featured_media":0,"parent":0,"menu_order":0,"comment_status":"closed","ping_status":"closed","template":"","meta":[],"_links":{"self":[{"href":"https:\/\/cmdh.bahiadebanderas.gob.mx\/index.php\/wp-json\/wp\/v2\/pages\/732"}],"collection":[{"href":"https:\/\/cmdh.bahiadebanderas.gob.mx\/index.php\/wp-json\/wp\/v2\/pages"}],"about":[{"href":"https:\/\/cmdh.bahiadebanderas.gob.mx\/index.php\/wp-json\/wp\/v2\/types\/page"}],"author":[{"embeddable":true,"href":"https:\/\/cmdh.bahiadebanderas.gob.mx\/index.php\/wp-json\/wp\/v2\/users\/1"}],"replies":[{"embeddable":true,"href":"https:\/\/cmdh.bahiadebanderas.gob.mx\/index.php\/wp-json\/wp\/v2\/comments?post=732"}],"version-history":[{"count":35,"href":"https:\/\/cmdh.bahiadebanderas.gob.mx\/index.php\/wp-json\/wp\/v2\/pages\/732\/revisions"}],"predecessor-version":[{"id":12055,"href":"https:\/\/cmdh.bahiadebanderas.gob.mx\/index.php\/wp-json\/wp\/v2\/pages\/732\/revisions\/12055"}],"wp:attachment":[{"href":"https:\/\/cmdh.bahiadebanderas.gob.mx\/index.php\/wp-json\/wp\/v2\/media?parent=732"}],"curies":[{"name":"wp","href":"https:\/\/api.w.org\/{rel}","templated":true}]}}