{"id":637,"date":"2020-09-01T12:15:54","date_gmt":"2020-09-01T18:15:54","guid":{"rendered":"https:\/\/cmdh.bahiadebanderas.gob.mx\/?page_id=637"},"modified":"2026-02-04T09:12:45","modified_gmt":"2026-02-04T15:12:45","slug":"vi-indicadores-de-objetivos","status":"publish","type":"page","link":"https:\/\/cmdh.bahiadebanderas.gob.mx\/index.php\/vi-indicadores-de-objetivos\/","title":{"rendered":"VI &#8211; Indicadores de Resultados"},"content":{"rendered":"<h4><span style=\"color: #ffd900;\"><strong>VI. LOS INDICADORES DE RESULTADOS<\/strong><\/span><\/h4>\n<p style=\"text-align: center;\"><strong>EJERCICIO 2025<\/strong><\/p>\n<p style=\"text-align: center;\"><strong>CUARTO TRIMESTRE<\/strong><\/p>\n<p>Formato VI. Indicadores de Resultados<\/p>\n<p><a href=\"https:\/\/cmdh.bahiadebanderas.gob.mx\/wp-content\/uploads\/2026\/02\/LTAIPEN_Art_33_Fr_VI.xlsx\">LTAIPEN_Art_33_Fr_VI<\/a><\/p>\n<p style=\"text-align: center;\"><strong>TERCER TRIMESTRE<\/strong><\/p>\n<p>Formato VI. Indicadores de Resultados<\/p>\n<p><a href=\"https:\/\/cmdh.bahiadebanderas.gob.mx\/wp-content\/uploads\/2025\/11\/LTAIPEN_Art_33_Fr_VI.xlsx\">LTAIPEN_Art_33_Fr_VI<\/a><\/p>\n<p style=\"text-align: center;\"><strong>PRIMER TRIMESTRE<\/strong><\/p>\n<p>Formato VI. Indicadores de Resultados<\/p>\n<p><a href=\"https:\/\/cmdh.bahiadebanderas.gob.mx\/wp-content\/uploads\/2025\/05\/LTAIPEN_Art_33_Fr_VI-5.xlsx\">LTAIPEN_Art_33_Fr_VI<\/a><\/p>\n<style type=\"text\/css\" scoped=\"scoped\">.divider-69e79bf327dd9{ margin-top: 30px;margin-bottom:30px;width:100%;}.divider-69e79bf327dd9 .divider-border{border-bottom-width:5px; border-color:#f2f2f2;}.divider-69e79bf327dd9 .double-line.divider-inner-item .divider-inner{border-top-width: 5px; border-bottom-width: 5px;}.divider-69e79bf327dd9 .divider-border.divider-inner-item .divider-inner{ border-bottom-width: 5px;} <\/style><div class=\" divider divider-69e79bf327dd9 divider-shadow center\" id=\"\" style=\"margin-top:; margin-bottom:;\"><div class=\"divider-inner divider-border\"><\/div><\/div>\n<p style=\"text-align: center;\"><strong>EJERCICIO 2024<\/strong><\/p>\n<p style=\"text-align: center;\"><strong>CUARTO TRIMESTRE<\/strong><\/p>\n<p>Formato VI. Indicadores de Resultados<\/p>\n<p><a href=\"https:\/\/cmdh.bahiadebanderas.gob.mx\/wp-content\/uploads\/2025\/01\/LTAIPEN_Art_33_Fr_VI.xlsx\">LTAIPEN_Art_33_Fr_VI<\/a><\/p>\n<p style=\"text-align: center;\"><strong>TERCER TRIMESTRE<\/strong><\/p>\n<p>Formato VI. Indicadores de Resultados<\/p>\n<p><a href=\"https:\/\/cmdh.bahiadebanderas.gob.mx\/wp-content\/uploads\/2024\/07\/LTAIPEN_Art_33_Fr_VI-4.xlsx\">LTAIPEN_Art_33_Fr_VI<\/a><\/p>\n<p style=\"text-align: center;\"><strong>SEGUNDO TRIMESTRE<\/strong><\/p>\n<p>Formato VI. Indicadores de Resultados<\/p>\n<p><a href=\"https:\/\/cmdh.bahiadebanderas.gob.mx\/wp-content\/uploads\/2024\/07\/LTAIPEN_Art_33_Fr_VI-4.xlsx\">LTAIPEN_Art_33_Fr_VI<\/a><\/p>\n<p style=\"text-align: center;\"><strong>PRIMER TRIMESTRE<\/strong><\/p>\n<p>Formato VI. Indicadores de Resultados<\/p>\n<p><a href=\"https:\/\/cmdh.bahiadebanderas.gob.mx\/wp-content\/uploads\/2024\/07\/LTAIPEN_Art_33_Fr_VI-4.xlsx\">LTAIPEN_Art_33_Fr_VI<\/a><\/p>\n<style type=\"text\/css\" scoped=\"scoped\">.divider-69e79bf327e3b{ margin-top: 30px;margin-bottom:30px;width:100%;}.divider-69e79bf327e3b .divider-border{border-bottom-width:5px; border-color:#f2f2f2;}.divider-69e79bf327e3b .double-line.divider-inner-item .divider-inner{border-top-width: 5px; border-bottom-width: 5px;}.divider-69e79bf327e3b .divider-border.divider-inner-item .divider-inner{ border-bottom-width: 5px;} <\/style><div class=\" divider divider-69e79bf327e3b divider-shadow center\" id=\"\" style=\"margin-top:; margin-bottom:;\"><div class=\"divider-inner divider-border\"><\/div><\/div>\n<p style=\"text-align: center;\"><strong>EJERCICIO 2023<\/strong><\/p>\n<p style=\"text-align: center;\"><strong>CUARTO TRIMESTRE<\/strong><\/p>\n<p>Formato VI. Indicadores de Resultados<\/p>\n<p><a href=\"https:\/\/cmdh.bahiadebanderas.gob.mx\/wp-content\/uploads\/2024\/02\/LTAIPEN_Art_33_Fr_VI-5.xlsx\">LTAIPEN_Art_33_Fr_VI<\/a><\/p>\n<p style=\"text-align: center;\"><strong>TERCER TRIMESTRE<\/strong><\/p>\n<p>Formato VI. Indicadores de Resultados<\/p>\n<p><a href=\"https:\/\/cmdh.bahiadebanderas.gob.mx\/wp-content\/uploads\/2023\/07\/LTAIPEN_Art_33_Fr_VI.xlsx\">LTAIPEN_Art_33_Fr_VI<\/a><\/p>\n<p style=\"text-align: center;\"><strong>SEGUNDO TRIMESTRE<\/strong><\/p>\n<p>Formato VI. Indicadores de Resultados<\/p>\n<p><a href=\"https:\/\/cmdh.bahiadebanderas.gob.mx\/wp-content\/uploads\/2023\/07\/LTAIPEN_Art_33_Fr_VI.xlsx\">LTAIPEN_Art_33_Fr_VI<\/a><\/p>\n<p style=\"text-align: center;\"><strong>PRIMER TRIMESTRE<\/strong><\/p>\n<p>Formato VI. Indicadores de Resultados<\/p>\n<p><a href=\"https:\/\/cmdh.bahiadebanderas.gob.mx\/wp-content\/uploads\/2023\/07\/LTAIPEN_Art_33_Fr_VI.xlsx\">LTAIPEN_Art_33_Fr_VI<\/a><\/p>\n<style type=\"text\/css\" scoped=\"scoped\">.divider-69e79bf327e69{ margin-top: 30px;margin-bottom:30px;width:100%;}.divider-69e79bf327e69 .divider-border{border-bottom-width:5px; border-color:#f2f2f2;}.divider-69e79bf327e69 .double-line.divider-inner-item .divider-inner{border-top-width: 5px; border-bottom-width: 5px;}.divider-69e79bf327e69 .divider-border.divider-inner-item .divider-inner{ border-bottom-width: 5px;} <\/style><div class=\" divider divider-69e79bf327e69 divider-shadow center\" id=\"\" style=\"margin-top:; margin-bottom:;\"><div class=\"divider-inner divider-border\"><\/div><\/div>\n<p style=\"text-align: center;\"><strong>EJERCICIO 2022<\/strong><\/p>\n<p style=\"text-align: center;\"><strong>PRIMER TRIMESTRE<\/strong><\/p>\n<p>Formato VI. Indicadores de Resultados<\/p>\n<p><a href=\"https:\/\/cmdh.bahiadebanderas.gob.mx\/wp-content\/uploads\/2022\/04\/LTAIPEN_Art_33_Fr_VI.xlsx\">LTAIPEN_Art_33_Fr_VI<\/a><\/p>\n<p style=\"text-align: center;\"><strong>SEGUNDO TRIMESTRE<\/strong><\/p>\n<p>Formato VI. Indicadores de Resultados<\/p>\n<p><a href=\"https:\/\/cmdh.bahiadebanderas.gob.mx\/wp-content\/uploads\/2022\/07\/LTAIPEN_Art_33_Fr_VI.xlsx\">LTAIPEN_Art_33_Fr_VI<\/a><\/p>\n<p style=\"text-align: center;\"><strong>TERCER TRIMESTRTE\u00a0<\/strong><\/p>\n<p>Formato VI. Indicadores de Resultados<\/p>\n<p><a href=\"https:\/\/cmdh.bahiadebanderas.gob.mx\/wp-content\/uploads\/2022\/07\/LTAIPEN_Art_33_Fr_VI.xlsx\">LTAIPEN_Art_33_Fr_VI<\/a><\/p>\n<p style=\"text-align: center;\"><strong>CUARTO TRIMESTRTE\u00a0<\/strong><\/p>\n<p>Formato VI. Indicadores de Resultados<\/p>\n<p><a href=\"https:\/\/cmdh.bahiadebanderas.gob.mx\/wp-content\/uploads\/2023\/02\/LTAIPEN_Art_33_Fr_VI-.xlsx\">LTAIPEN_Art_33_Fr_VI<\/a><\/p>\n<style type=\"text\/css\" scoped=\"scoped\">.divider-69e79bf327e8f{ margin-top: 30px;margin-bottom:30px;width:100%;}.divider-69e79bf327e8f .divider-border{border-bottom-width:5px; border-color:#f2f2f2;}.divider-69e79bf327e8f .double-line.divider-inner-item .divider-inner{border-top-width: 5px; border-bottom-width: 5px;}.divider-69e79bf327e8f .divider-border.divider-inner-item .divider-inner{ border-bottom-width: 5px;} <\/style><div class=\" divider divider-69e79bf327e8f divider-shadow center\" id=\"\" style=\"margin-top:; margin-bottom:;\"><div class=\"divider-inner divider-border\"><\/div><\/div>\n<p style=\"text-align: center;\"><strong>EJERCICIO 2021<\/strong><\/p>\n<p style=\"text-align: center;\"><strong>PRIMER TRIMESTRE<\/strong><\/p>\n<p>Formato VI. Indicadores de Resultados<\/p>\n<p><a href=\"https:\/\/cmdh.bahiadebanderas.gob.mx\/wp-content\/uploads\/2021\/04\/LTAIPEN_Art_33_Fr_VI-1.xlsx\">LTAIPEN_Art_33_Fr_VI<\/a><\/p>\n<p style=\"text-align: center;\"><strong>SEGUNDO TRIMESTRE<\/strong><\/p>\n<p>Formato VI. Indicadores de Resultados<\/p>\n<p><a href=\"https:\/\/cmdh.bahiadebanderas.gob.mx\/wp-content\/uploads\/2021\/07\/LTAIPEN_Art_33_Fr_VI.xlsx\">LTAIPEN_Art_33_Fr_VI<\/a><\/p>\n<p style=\"text-align: center;\"><strong>TERCER TRIMESTRE<\/strong><\/p>\n<p>Formato VI. Indicadores de Resultados<\/p>\n<p><a href=\"https:\/\/cmdh.bahiadebanderas.gob.mx\/wp-content\/uploads\/2021\/10\/LTAIPEN_Art_33_Fr_VI.xlsx\">LTAIPEN_Art_33_Fr_VI<\/a><\/p>\n<p style=\"text-align: center;\"><strong>CUARTO TRIMESTRE<\/strong><\/p>\n<p>Formato VI. Indicadores de Resultados<\/p>\n<p><a href=\"https:\/\/cmdh.bahiadebanderas.gob.mx\/wp-content\/uploads\/2022\/01\/LTAIPEN_Art_33_Fr_VI.xlsx\">LTAIPEN_Art_33_Fr_VI<\/a><\/p>\n<style type=\"text\/css\" scoped=\"scoped\">.divider-69e79bf327eb1{ margin-top: 30px;margin-bottom:30px;width:100%;}.divider-69e79bf327eb1 .divider-border{border-bottom-width:5px; border-color:#f2f2f2;}.divider-69e79bf327eb1 .double-line.divider-inner-item .divider-inner{border-top-width: 5px; border-bottom-width: 5px;}.divider-69e79bf327eb1 .divider-border.divider-inner-item .divider-inner{ border-bottom-width: 5px;} <\/style><div class=\" divider divider-69e79bf327eb1 divider-shadow center\" id=\"\" style=\"margin-top:; margin-bottom:;\"><div class=\"divider-inner divider-border\"><\/div><\/div>\n<p style=\"text-align: center;\"><strong>EJERCICIO 2020<\/strong><\/p>\n<p style=\"text-align: center;\"><strong>PRIMER TRIMESTRE<\/strong><\/p>\n<p>Formato VI. Indicadores de Resultados<\/p>\n<p><a href=\"https:\/\/cmdh.bahiadebanderas.gob.mx\/wp-content\/uploads\/2020\/12\/LTAIPEN_Art_33_Fr_VI.xlsx\">LTAIPEN_Art_33_Fr_VI<\/a><\/p>\n<p style=\"text-align: center;\"><strong>SEGUNDO TRIMESTRE<\/strong><\/p>\n<p>Formato VI. Indicadores de Resultados<\/p>\n<p><a href=\"https:\/\/cmdh.bahiadebanderas.gob.mx\/wp-content\/uploads\/2020\/12\/LTAIPEN_Art_33_Fr_VI-1.xlsx\">LTAIPEN_Art_33_Fr_VI<\/a><\/p>\n<p style=\"text-align: center;\"><strong>TERCER TRIMESTRE<\/strong><\/p>\n<p>Formato VI. Indicadores de Resultados<\/p>\n<p><a href=\"https:\/\/cmdh.bahiadebanderas.gob.mx\/wp-content\/uploads\/2020\/12\/LTAIPEN_Art_33_Fr_VI-2.xlsx\">LTAIPEN_Art_33_Fr_VI<\/a><\/p>\n<p style=\"text-align: center;\"><strong>CUARTO TRIMESTRE<\/strong><\/p>\n<p>Formato VI. Indicadores de Resultados<\/p>\n<p><a href=\"https:\/\/cmdh.bahiadebanderas.gob.mx\/wp-content\/uploads\/2021\/01\/LTAIPEN_Art_33_Fr_VI.xlsx\">LTAIPEN_Art_33_Fr_VI<\/a><\/p>\n<style type=\"text\/css\" scoped=\"scoped\">.divider-69e79bf327ed3{ margin-top: 30px;margin-bottom:30px;width:100%;}.divider-69e79bf327ed3 .divider-border{border-bottom-width:5px; border-color:#f2f2f2;}.divider-69e79bf327ed3 .double-line.divider-inner-item .divider-inner{border-top-width: 5px; border-bottom-width: 5px;}.divider-69e79bf327ed3 .divider-border.divider-inner-item .divider-inner{ border-bottom-width: 5px;} <\/style><div class=\" divider divider-69e79bf327ed3 divider-shadow center\" id=\"\" style=\"margin-top:; margin-bottom:;\"><div class=\"divider-inner divider-border\"><\/div><\/div>\n<p style=\"text-align: center;\"><strong>EJERCICIO 2019<\/strong><\/p>\n<p style=\"text-align: center;\"><strong>PRIMER TRIMESTRE<\/strong><\/p>\n<p>Formato VI. Indicadores de Resultados<\/p>\n<p><a href=\"https:\/\/cmdh.bahiadebanderas.gob.mx\/wp-content\/uploads\/2020\/12\/LTAIPEN_Art_33_Fr_VI-3.xlsx\">LTAIPEN_Art_33_Fr_VI<\/a><\/p>\n<p style=\"text-align: center;\"><strong>SEGUNDO TRIMESTRE<\/strong><\/p>\n<p>Formato VI. Indicadores de Resultados<\/p>\n<p><a href=\"https:\/\/cmdh.bahiadebanderas.gob.mx\/wp-content\/uploads\/2020\/12\/LTAIPEN_Art_33_Fr_VI-4.xlsx\">LTAIPEN_Art_33_Fr_VI<\/a><\/p>\n<p style=\"text-align: center;\"><strong>TERCER TRIMESTRE<\/strong><\/p>\n<p>Formato VI. Indicadores de Resultados<\/p>\n<p><a href=\"https:\/\/cmdh.bahiadebanderas.gob.mx\/wp-content\/uploads\/2020\/12\/LTAIPEN_Art_33_Fr_VI-5.xlsx\">LTAIPEN_Art_33_Fr_VI<\/a><\/p>\n<p style=\"text-align: center;\"><strong>CUARTO TRIMESTRE<\/strong><\/p>\n<p>Formato VI. Indicadores de Resultados<\/p>\n<p><a href=\"https:\/\/cmdh.bahiadebanderas.gob.mx\/wp-content\/uploads\/2020\/12\/LTAIPEN_Art_33_Fr_VI-6.xlsx\">LTAIPEN_Art_33_Fr_VI<\/a><\/p>\n<style type=\"text\/css\" scoped=\"scoped\">.divider-69e79bf327ef4{ margin-top: 30px;margin-bottom:30px;width:100%;}.divider-69e79bf327ef4 .divider-border{border-bottom-width:5px; border-color:#f2f2f2;}.divider-69e79bf327ef4 .double-line.divider-inner-item .divider-inner{border-top-width: 5px; border-bottom-width: 5px;}.divider-69e79bf327ef4 .divider-border.divider-inner-item .divider-inner{ border-bottom-width: 5px;} <\/style><div class=\" divider divider-69e79bf327ef4 divider-shadow center\" id=\"\" style=\"margin-top:; margin-bottom:;\"><div class=\"divider-inner divider-border\"><\/div><\/div>\n<p>\u00a0<\/p>\n<p>Periodo de actualizaci\u00f3n: TRIMESTRAL<\/p>\n<p>Ultima actualizaci\u00f3n: 04 de Febrero del 2026<\/p>\n<p>Conservaci\u00f3n: Ejercicio en curso y 6 Ejercicios anteriores<\/p>\n<p>\u00c1rea que genera la informaci\u00f3n: Secretar\u00eda Ejecutiva<\/p>\n\n\n<p><\/p>\n","protected":false},"excerpt":{"rendered":"<p>VI. LOS INDICADORES DE RESULTADOS EJERCICIO 2025 CUARTO TRIMESTRE Formato VI. Indicadores de Resultados LTAIPEN_Art_33_Fr_VI TERCER TRIMESTRE Formato VI. Indicadores de Resultados LTAIPEN_Art_33_Fr_VI PRIMER TRIMESTRE Formato VI. Indicadores de Resultados LTAIPEN_Art_33_Fr_VI EJERCICIO 2024 CUARTO TRIMESTRE Formato VI. Indicadores de Resultados LTAIPEN_Art_33_Fr_VI TERCER TRIMESTRE Formato VI. Indicadores de Resultados LTAIPEN_Art_33_Fr_VI SEGUNDO TRIMESTRE Formato VI. Indicadores de Resultados LTAIPEN_Art_33_Fr_VI PRIMER TRIMESTRE Formato VI. Indicadores de Resultados LTAIPEN_Art_33_Fr_VI EJERCICIO 2023 CUARTO TRIMESTRE Formato VI. Indicadores de Resultados LTAIPEN_Art_33_Fr_VI TERCER TRIMESTRE Formato VI. Indicadores de Resultados LTAIPEN_Art_33_Fr_VI SEGUNDO TRIMESTRE Formato VI. Indicadores de Resultados LTAIPEN_Art_33_Fr_VI PRIMER TRIMESTRE Formato VI. Indicadores de Resultados LTAIPEN_Art_33_Fr_VI EJERCICIO 2022 PRIMER TRIMESTRE Formato VI. Indicadores de Resultados LTAIPEN_Art_33_Fr_VI SEGUNDO TRIMESTRE Formato VI. Indicadores de Resultados LTAIPEN_Art_33_Fr_VI TERCER TRIMESTRTE\u00a0 Formato VI. Indicadores de Resultados LTAIPEN_Art_33_Fr_VI CUARTO TRIMESTRTE\u00a0 Formato VI. Indicadores de Resultados LTAIPEN_Art_33_Fr_VI EJERCICIO 2021 PRIMER TRIMESTRE Formato VI. Indicadores de Resultados LTAIPEN_Art_33_Fr_VI SEGUNDO TRIMESTRE Formato VI. Indicadores de Resultados LTAIPEN_Art_33_Fr_VI TERCER TRIMESTRE Formato VI. Indicadores de Resultados LTAIPEN_Art_33_Fr_VI CUARTO TRIMESTRE Formato VI. Indicadores de Resultados LTAIPEN_Art_33_Fr_VI EJERCICIO 2020 PRIMER TRIMESTRE Formato VI. Indicadores de Resultados LTAIPEN_Art_33_Fr_VI SEGUNDO TRIMESTRE Formato VI. Indicadores de Resultados LTAIPEN_Art_33_Fr_VI TERCER TRIMESTRE Formato VI. Indicadores de Resultados LTAIPEN_Art_33_Fr_VI CUARTO TRIMESTRE Formato VI. Indicadores de Resultados LTAIPEN_Art_33_Fr_VI EJERCICIO 2019 PRIMER TRIMESTRE Formato VI. Indicadores de Resultados LTAIPEN_Art_33_Fr_VI SEGUNDO TRIMESTRE Formato VI. Indicadores de Resultados LTAIPEN_Art_33_Fr_VI TERCER TRIMESTRE Formato VI. Indicadores de Resultados LTAIPEN_Art_33_Fr_VI CUARTO TRIMESTRE Formato VI. Indicadores de Resultados LTAIPEN_Art_33_Fr_VI \u00a0 Periodo de actualizaci\u00f3n: TRIMESTRAL Ultima actualizaci\u00f3n: 04 de Febrero del 2026 Conservaci\u00f3n: Ejercicio en curso y 6 Ejercicios anteriores \u00c1rea que genera la informaci\u00f3n: Secretar\u00eda Ejecutiva<\/p>\n","protected":false},"author":1,"featured_media":0,"parent":0,"menu_order":0,"comment_status":"closed","ping_status":"closed","template":"","meta":[],"_links":{"self":[{"href":"https:\/\/cmdh.bahiadebanderas.gob.mx\/index.php\/wp-json\/wp\/v2\/pages\/637"}],"collection":[{"href":"https:\/\/cmdh.bahiadebanderas.gob.mx\/index.php\/wp-json\/wp\/v2\/pages"}],"about":[{"href":"https:\/\/cmdh.bahiadebanderas.gob.mx\/index.php\/wp-json\/wp\/v2\/types\/page"}],"author":[{"embeddable":true,"href":"https:\/\/cmdh.bahiadebanderas.gob.mx\/index.php\/wp-json\/wp\/v2\/users\/1"}],"replies":[{"embeddable":true,"href":"https:\/\/cmdh.bahiadebanderas.gob.mx\/index.php\/wp-json\/wp\/v2\/comments?post=637"}],"version-history":[{"count":38,"href":"https:\/\/cmdh.bahiadebanderas.gob.mx\/index.php\/wp-json\/wp\/v2\/pages\/637\/revisions"}],"predecessor-version":[{"id":12202,"href":"https:\/\/cmdh.bahiadebanderas.gob.mx\/index.php\/wp-json\/wp\/v2\/pages\/637\/revisions\/12202"}],"wp:attachment":[{"href":"https:\/\/cmdh.bahiadebanderas.gob.mx\/index.php\/wp-json\/wp\/v2\/media?parent=637"}],"curies":[{"name":"wp","href":"https:\/\/api.w.org\/{rel}","templated":true}]}}