{"id":613,"date":"2020-06-24T11:47:12","date_gmt":"2020-06-24T17:47:12","guid":{"rendered":"https:\/\/cmdh.bahiadebanderas.gob.mx\/?page_id=613"},"modified":"2026-02-11T11:00:08","modified_gmt":"2026-02-11T17:00:08","slug":"xliii-ingresos-recibidos","status":"publish","type":"page","link":"https:\/\/cmdh.bahiadebanderas.gob.mx\/index.php\/xliii-ingresos-recibidos\/","title":{"rendered":"XLIII &#8211; Ingresos Recibidos"},"content":{"rendered":"<h3><\/h3>\n<h3><\/h3>\n<h3><strong>XLIII. LOS INGRESOS RECIBIDOS POR CUALQUIER CONCEPTO SE\u00d1ALANDO EL NOMBRE DE LOS REPONSABLES DE RECIBIRLOS, ADMINISTRARLOS Y EJERCERLOS, AS\u00cd COMO SU DESTINO<\/strong><\/h3>\n<p style=\"text-align: center;\"><strong>EJERCICIO 2025<\/strong><\/p>\n<p style=\"text-align: center;\"><strong>CUARTO TRIMESTRE<\/strong><\/p>\n<p>Formato XLIIIa. Ingresos Recibidos<\/p>\n<p><a href=\"https:\/\/cmdh.bahiadebanderas.gob.mx\/wp-content\/uploads\/2026\/02\/LTAIPEN_Art_33_Fr_XLIII_a.xlsx\">LTAIPEN_Art_33_Fr_XLIII_a<\/a><\/p>\n<p>Formato XLIIIb. Responsable de Recibir, Administrar y Ejercer los Ingresos<\/p>\n<p><a href=\"https:\/\/cmdh.bahiadebanderas.gob.mx\/wp-content\/uploads\/2026\/02\/LTAIPEN_Art_33_Fr_XLIII_b.xlsx\">LTAIPEN_Art_33_Fr_XLIII_b<\/a><\/p>\n<p style=\"text-align: center;\"><strong>TERCER TRIMESTRE<\/strong><\/p>\n<p>Formato XLIIIa. Ingresos Recibidos<\/p>\n<p><a href=\"https:\/\/cmdh.bahiadebanderas.gob.mx\/wp-content\/uploads\/2025\/11\/LTAIPEN_Art_33_Fr_XLIII_a.xlsx\">LTAIPEN_Art_33_Fr_XLIII_a<\/a><\/p>\n<p>Formato XLIIIb. Responsable de Recibir, Administrar y Ejercer los Ingresos<\/p>\n<p><a href=\"https:\/\/cmdh.bahiadebanderas.gob.mx\/wp-content\/uploads\/2025\/11\/LTAIPEN_Art_33_Fr_XLIII_b.xlsx\">LTAIPEN_Art_33_Fr_XLIII_b<\/a><\/p>\n<p style=\"text-align: center;\"><strong>PRIMER TRIMESTRE<\/strong><\/p>\n<p>Formato XLIIIa. Ingresos Recibidos<\/p>\n<p><a href=\"https:\/\/cmdh.bahiadebanderas.gob.mx\/wp-content\/uploads\/2025\/05\/LTAIPEN_Art_33_Fr_XLIII_a-8.xlsx\">LTAIPEN_Art_33_Fr_XLIII_a<\/a><\/p>\n<p>Formato XLIIIb. Responsable de Recibir, Administrar y Ejercer los Ingresos<\/p>\n<p><a href=\"https:\/\/cmdh.bahiadebanderas.gob.mx\/wp-content\/uploads\/2025\/05\/LTAIPEN_Art_33_Fr_XLIII_b-5.xlsx\">LTAIPEN_Art_33_Fr_XLIII_b<\/a><\/p>\n<style type=\"text\/css\" scoped=\"scoped\">.divider-69e79aef28918{ margin-top: 30px;margin-bottom:30px;width:100%;}.divider-69e79aef28918 .divider-border{border-bottom-width:5px; border-color:#f2f2f2;}.divider-69e79aef28918 .double-line.divider-inner-item .divider-inner{border-top-width: 5px; border-bottom-width: 5px;}.divider-69e79aef28918 .divider-border.divider-inner-item .divider-inner{ border-bottom-width: 5px;} <\/style><div class=\" divider divider-69e79aef28918 divider-shadow center\" id=\"\" style=\"margin-top:; margin-bottom:;\"><div class=\"divider-inner divider-border\"><\/div><\/div>\n<p style=\"text-align: center;\"><strong>EJERCICIO 2024<\/strong><\/p>\n<p style=\"text-align: center;\"><strong>CUARTO TRIMESTRE<\/strong><\/p>\n<p>Formato XLIIIa. Ingresos Recibidos<\/p>\n<p><a href=\"https:\/\/cmdh.bahiadebanderas.gob.mx\/wp-content\/uploads\/2025\/01\/LTAIPEN_Art_33_Fr_XLIII_a.xlsx\">LTAIPEN_Art_33_Fr_XLIII_a<\/a><\/p>\n<p>Formato XLIIIb. Responsable de Recibir, Administrar y Ejercer los Ingresos<\/p>\n<p><a href=\"https:\/\/cmdh.bahiadebanderas.gob.mx\/wp-content\/uploads\/2025\/01\/LTAIPEN_Art_33_Fr_XLIII_b.xlsx\">LTAIPEN_Art_33_Fr_XLIII_b<\/a><\/p>\n<p style=\"text-align: center;\"><strong>TERCER TRIMESTRE<\/strong><\/p>\n<p>Formato XLIIIa. Ingresos Recibidos<\/p>\n<p><a href=\"https:\/\/cmdh.bahiadebanderas.gob.mx\/wp-content\/uploads\/2024\/10\/LTAIPEN_Art_33_Fr_XLIII_a.xlsx\">LTAIPEN_Art_33_Fr_XLIII_a<\/a><\/p>\n<p>Formato XLIIIb. Responsable de Recibir, Administrar y Ejercer los Ingresos<\/p>\n<p><a href=\"https:\/\/cmdh.bahiadebanderas.gob.mx\/wp-content\/uploads\/2024\/10\/LTAIPEN_Art_33_Fr_XLIII_b.xlsx\">LTAIPEN_Art_33_Fr_XLIII_b<\/a><\/p>\n<p style=\"text-align: center;\"><strong>SEGUNDO TRIMESTRE<\/strong><\/p>\n<p>Formato XLIIIa. Ingresos Recibidos<\/p>\n<p><a href=\"https:\/\/cmdh.bahiadebanderas.gob.mx\/wp-content\/uploads\/2024\/07\/LTAIPEN_Art_33_Fr_XLIII_a-7.xlsx\">LTAIPEN_Art_33_Fr_XLIII_a<\/a><\/p>\n<p>Formato XLIIIb. Responsable de Recibir, Administrar y Ejercer los Ingresos<\/p>\n<p><a href=\"https:\/\/cmdh.bahiadebanderas.gob.mx\/wp-content\/uploads\/2024\/07\/LTAIPEN_Art_33_Fr_XLIII_b-4.xlsx\">LTAIPEN_Art_33_Fr_XLIII_b<\/a><\/p>\n<p style=\"text-align: center;\"><strong>PRIMER TRIMESTRE<\/strong><\/p>\n<p>Formato XLIIIa. Ingresos Recibidos<\/p>\n<p><a href=\"https:\/\/cmdh.bahiadebanderas.gob.mx\/wp-content\/uploads\/2024\/04\/LTAIPEN_Art_33_Fr_XLIII_a-6.xlsx\">LTAIPEN_Art_33_Fr_XLIII_a<\/a><\/p>\n<p>Formato XLIIIb. Responsable de Recibir, Administrar y Ejercer los Ingresos<\/p>\n<p><a href=\"https:\/\/cmdh.bahiadebanderas.gob.mx\/wp-content\/uploads\/2024\/04\/LTAIPEN_Art_33_Fr_XLIII_b-3.xlsx\">LTAIPEN_Art_33_Fr_XLIII_b<\/a><\/p>\n<style type=\"text\/css\" scoped=\"scoped\">.divider-69e79aef2897a{ margin-top: 30px;margin-bottom:30px;width:100%;}.divider-69e79aef2897a .divider-border{border-bottom-width:5px; border-color:#f2f2f2;}.divider-69e79aef2897a .double-line.divider-inner-item .divider-inner{border-top-width: 5px; border-bottom-width: 5px;}.divider-69e79aef2897a .divider-border.divider-inner-item .divider-inner{ border-bottom-width: 5px;} <\/style><div class=\" divider divider-69e79aef2897a divider-shadow center\" id=\"\" style=\"margin-top:; margin-bottom:;\"><div class=\"divider-inner divider-border\"><\/div><\/div>\n<p style=\"text-align: center;\"><strong>EJERCICIO 2023<\/strong><\/p>\n<p style=\"text-align: center;\"><strong>CUARTO TRIMESTRE<\/strong><\/p>\n<p>Formato XLIIIa. Ingresos Recibidos<\/p>\n<p><a href=\"https:\/\/cmdh.bahiadebanderas.gob.mx\/wp-content\/uploads\/2024\/01\/LTAIPEN_Art_33_Fr_XLIII_a-6.xlsx\">LTAIPEN_Art_33_Fr_XLIII_a<\/a><\/p>\n<p>Formato XLIIIb. Responsable de Recibir, Administrar y Ejercer los Ingresos<\/p>\n<p><a href=\"https:\/\/cmdh.bahiadebanderas.gob.mx\/wp-content\/uploads\/2024\/01\/LTAIPEN_Art_33_Fr_XLIII_b-4to.xlsx\">LTAIPEN_Art_33_Fr_XLIII_b<\/a><\/p>\n<p style=\"text-align: center;\"><strong>TERCER TRIMESTRE<\/strong><\/p>\n<p>Formato XLIIIa. Ingresos Recibidos<\/p>\n<p><a href=\"https:\/\/cmdh.bahiadebanderas.gob.mx\/wp-content\/uploads\/2023\/10\/LTAIPEN_Art_33_Fr_XLIII_a-4.xlsx\">LTAIPEN_Art_33_Fr_XLIII_a<\/a><\/p>\n<p>Formato XLIIIb. Responsable de Recibir, Administrar y Ejercer los Ingresos<\/p>\n<p><a href=\"https:\/\/cmdh.bahiadebanderas.gob.mx\/wp-content\/uploads\/2023\/10\/LTAIPEN_Art_33_Fr_XLIII_b-1.xlsx\">LTAIPEN_Art_33_Fr_XLIII_b<\/a><\/p>\n<p style=\"text-align: center;\"><strong>SEGUNDO TRIMESTRE<\/strong><\/p>\n<p>Formato XLIIIa. Ingresos Recibidos<\/p>\n<p><a href=\"https:\/\/cmdh.bahiadebanderas.gob.mx\/wp-content\/uploads\/2023\/07\/LTAIPEN_Art_33_Fr_XLIII_a.xlsx\">LTAIPEN_Art_33_Fr_XLIII_a<\/a><\/p>\n<p>Formato XLIIIb. Responsable de Recibir, Administrar y Ejercer los Ingresos<\/p>\n<p><a href=\"https:\/\/cmdh.bahiadebanderas.gob.mx\/wp-content\/uploads\/2023\/07\/LTAIPEN_Art_33_Fr_XLIII_b.xlsx\">LTAIPEN_Art_33_Fr_XLIII_b<\/a><\/p>\n<p style=\"text-align: center;\"><strong>PRIMER TRIMESTRE<\/strong><\/p>\n<p>Formato XLIIIa. Ingresos Recibidos<\/p>\n<p><a href=\"https:\/\/cmdh.bahiadebanderas.gob.mx\/wp-content\/uploads\/2023\/05\/LTAIPEN_Art_33_Fr_XLIII_a-1.xlsx\">LTAIPEN_Art_33_Fr_XLIII_a<\/a><\/p>\n<p>Formato XLIIIb. Responsable de Recibir, Administrar y Ejercer los Ingresos<\/p>\n<p><a href=\"https:\/\/cmdh.bahiadebanderas.gob.mx\/wp-content\/uploads\/2023\/05\/LTAIPEN_Art_33_Fr_XLIII_b-1.xlsx\">LTAIPEN_Art_33_Fr_XLIII_b<\/a><\/p>\n<style type=\"text\/css\" scoped=\"scoped\">.divider-69e79aef289a4{ margin-top: 30px;margin-bottom:30px;width:100%;}.divider-69e79aef289a4 .divider-border{border-bottom-width:5px; border-color:#f2f2f2;}.divider-69e79aef289a4 .double-line.divider-inner-item .divider-inner{border-top-width: 5px; border-bottom-width: 5px;}.divider-69e79aef289a4 .divider-border.divider-inner-item .divider-inner{ border-bottom-width: 5px;} <\/style><div class=\" divider divider-69e79aef289a4 divider-shadow center\" id=\"\" style=\"margin-top:; margin-bottom:;\"><div class=\"divider-inner divider-border\"><\/div><\/div>\n<p>Periodo de actualizaci\u00f3n: Trimestral<\/p>\n<p>Fecha de Actualizaci\u00f3n: 09 de Febrero del 2026<\/p>\n<p>Conservaci\u00f3n: Ejercicio en curso y 2 ejercicios anteriores.<\/p>\n<p>\u00c1rea que genera la informaci\u00f3n: Contabilidad<\/p>\n","protected":false},"excerpt":{"rendered":"<p>XLIII. LOS INGRESOS RECIBIDOS POR CUALQUIER CONCEPTO SE\u00d1ALANDO EL NOMBRE DE LOS REPONSABLES DE RECIBIRLOS, ADMINISTRARLOS Y EJERCERLOS, AS\u00cd COMO SU DESTINO EJERCICIO 2025 CUARTO TRIMESTRE Formato XLIIIa. Ingresos Recibidos LTAIPEN_Art_33_Fr_XLIII_a Formato XLIIIb. Responsable de Recibir, Administrar y Ejercer los Ingresos LTAIPEN_Art_33_Fr_XLIII_b TERCER TRIMESTRE Formato XLIIIa. Ingresos Recibidos LTAIPEN_Art_33_Fr_XLIII_a Formato XLIIIb. Responsable de Recibir, Administrar y Ejercer los Ingresos LTAIPEN_Art_33_Fr_XLIII_b PRIMER TRIMESTRE Formato XLIIIa. Ingresos Recibidos LTAIPEN_Art_33_Fr_XLIII_a Formato XLIIIb. Responsable de Recibir, Administrar y Ejercer los Ingresos LTAIPEN_Art_33_Fr_XLIII_b EJERCICIO 2024 CUARTO TRIMESTRE Formato XLIIIa. Ingresos Recibidos LTAIPEN_Art_33_Fr_XLIII_a Formato XLIIIb. Responsable de Recibir, Administrar y Ejercer los Ingresos LTAIPEN_Art_33_Fr_XLIII_b TERCER TRIMESTRE Formato XLIIIa. Ingresos Recibidos LTAIPEN_Art_33_Fr_XLIII_a Formato XLIIIb. Responsable de Recibir, Administrar y Ejercer los Ingresos LTAIPEN_Art_33_Fr_XLIII_b SEGUNDO TRIMESTRE Formato XLIIIa. Ingresos Recibidos LTAIPEN_Art_33_Fr_XLIII_a Formato XLIIIb. Responsable de Recibir, Administrar y Ejercer los Ingresos LTAIPEN_Art_33_Fr_XLIII_b PRIMER TRIMESTRE Formato XLIIIa. Ingresos Recibidos LTAIPEN_Art_33_Fr_XLIII_a Formato XLIIIb. Responsable de Recibir, Administrar y Ejercer los Ingresos LTAIPEN_Art_33_Fr_XLIII_b EJERCICIO 2023 CUARTO TRIMESTRE Formato XLIIIa. Ingresos Recibidos LTAIPEN_Art_33_Fr_XLIII_a Formato XLIIIb. Responsable de Recibir, Administrar y Ejercer los Ingresos LTAIPEN_Art_33_Fr_XLIII_b TERCER TRIMESTRE Formato XLIIIa. Ingresos Recibidos LTAIPEN_Art_33_Fr_XLIII_a Formato XLIIIb. Responsable de Recibir, Administrar y Ejercer los Ingresos LTAIPEN_Art_33_Fr_XLIII_b SEGUNDO TRIMESTRE Formato XLIIIa. Ingresos Recibidos LTAIPEN_Art_33_Fr_XLIII_a Formato XLIIIb. Responsable de Recibir, Administrar y Ejercer los Ingresos LTAIPEN_Art_33_Fr_XLIII_b PRIMER TRIMESTRE Formato XLIIIa. Ingresos Recibidos LTAIPEN_Art_33_Fr_XLIII_a Formato XLIIIb. Responsable de Recibir, Administrar y Ejercer los Ingresos LTAIPEN_Art_33_Fr_XLIII_b Periodo de actualizaci\u00f3n: Trimestral Fecha de Actualizaci\u00f3n: 09 de Febrero del 2026 Conservaci\u00f3n: Ejercicio en curso y 2 ejercicios anteriores. \u00c1rea que genera la informaci\u00f3n: Contabilidad<\/p>\n","protected":false},"author":1,"featured_media":0,"parent":0,"menu_order":0,"comment_status":"closed","ping_status":"closed","template":"","meta":[],"_links":{"self":[{"href":"https:\/\/cmdh.bahiadebanderas.gob.mx\/index.php\/wp-json\/wp\/v2\/pages\/613"}],"collection":[{"href":"https:\/\/cmdh.bahiadebanderas.gob.mx\/index.php\/wp-json\/wp\/v2\/pages"}],"about":[{"href":"https:\/\/cmdh.bahiadebanderas.gob.mx\/index.php\/wp-json\/wp\/v2\/types\/page"}],"author":[{"embeddable":true,"href":"https:\/\/cmdh.bahiadebanderas.gob.mx\/index.php\/wp-json\/wp\/v2\/users\/1"}],"replies":[{"embeddable":true,"href":"https:\/\/cmdh.bahiadebanderas.gob.mx\/index.php\/wp-json\/wp\/v2\/comments?post=613"}],"version-history":[{"count":49,"href":"https:\/\/cmdh.bahiadebanderas.gob.mx\/index.php\/wp-json\/wp\/v2\/pages\/613\/revisions"}],"predecessor-version":[{"id":12311,"href":"https:\/\/cmdh.bahiadebanderas.gob.mx\/index.php\/wp-json\/wp\/v2\/pages\/613\/revisions\/12311"}],"wp:attachment":[{"href":"https:\/\/cmdh.bahiadebanderas.gob.mx\/index.php\/wp-json\/wp\/v2\/media?parent=613"}],"curies":[{"name":"wp","href":"https:\/\/api.w.org\/{rel}","templated":true}]}}