{"id":608,"date":"2020-06-24T11:41:04","date_gmt":"2020-06-24T17:41:04","guid":{"rendered":"https:\/\/cmdh.bahiadebanderas.gob.mx\/?page_id=608"},"modified":"2025-11-05T09:46:36","modified_gmt":"2025-11-05T15:46:36","slug":"xxxix-actas-del-comite-de-transparencia","status":"publish","type":"page","link":"https:\/\/cmdh.bahiadebanderas.gob.mx\/index.php\/xxxix-actas-del-comite-de-transparencia\/","title":{"rendered":"XXXIX &#8211; Actas del Comit\u00e9 de Transparencia"},"content":{"rendered":"<h3><strong>XXXIX. LAS ACTAS Y RESOLUCIONES DEL COMIT\u00c9 DE TRANSPARENCIA DE LOS SUJETOS OBLIGADOS<\/strong><\/h3>\n<h3 style=\"text-align: center;\"><strong>EJERCICIO 2025<\/strong><\/h3>\n<p style=\"text-align: center;\"><strong>TERCER TRIMESTRE<\/strong><\/p>\n<p>Formato XXXIXa. Informe de Sesiones del Comit\u00e9 de Transparencia<\/p>\n<p><a href=\"https:\/\/cmdh.bahiadebanderas.gob.mx\/wp-content\/uploads\/2025\/11\/LTAIPEN_Art_33_Fr_XXXIX_a.xlsx\">LTAIPEN_Art_33_Fr_XXXIX_a<\/a><\/p>\n<p>Formato XXXIXb. Informes de Resoluciones del Comit\u00e9 de Transparencia<\/p>\n<p><a href=\"https:\/\/cmdh.bahiadebanderas.gob.mx\/wp-content\/uploads\/2025\/11\/LTAIPEN_Art_33_Fr_XXXIX_b.xlsx\">LTAIPEN_Art_33_Fr_XXXIX_b<\/a><\/p>\n<p><strong>INFORMACI\u00d3N VIGENTE<\/strong><\/p>\n<p>Formato XXXIXc. Integrantes del Comit\u00e9 de Transparencia<\/p>\n<p><a href=\"https:\/\/cmdh.bahiadebanderas.gob.mx\/wp-content\/uploads\/2025\/11\/LTAIPEN_Art_33_Fr_XXXIX_c.xlsx\">LTAIPEN_Art_33_Fr_XXXIX_c<\/a><\/p>\n<p>Formato XXXIXd. Calendario de Sesiones Ordinarias del Comit\u00e9 de Transparencia<\/p>\n<p><a href=\"https:\/\/cmdh.bahiadebanderas.gob.mx\/wp-content\/uploads\/2025\/11\/LTAIPEN_Art_33_Fr_XXXIX_d.xlsx\">LTAIPEN_Art_33_Fr_XXXIX_d<\/a><\/p>\n<p style=\"text-align: center;\"><strong>PRIMER TRIMESTRE<\/strong><\/p>\n<p>Formato XXXIXa. Informe de Sesiones del Comit\u00e9 de Transparencia<\/p>\n<p><a href=\"https:\/\/cmdh.bahiadebanderas.gob.mx\/wp-content\/uploads\/2025\/05\/LTAIPEN_Art_33_Fr_XXXIX_a-11.xlsx\">LTAIPEN_Art_33_Fr_XXXIX_a<\/a><\/p>\n<p>Formato XXXIXb. Informes de Resoluciones del Comit\u00e9 de Transparencia<\/p>\n<p><a href=\"https:\/\/cmdh.bahiadebanderas.gob.mx\/wp-content\/uploads\/2025\/05\/LTAIPEN_Art_33_Fr_XXXIX_b-7.xlsx\">LTAIPEN_Art_33_Fr_XXXIX_b<\/a><\/p>\n<p><strong>INFORMACI\u00d3N VIGENTE<\/strong><\/p>\n<p>Formato XXXIXc. Integrantes del Comit\u00e9 de Transparencia<\/p>\n<p><a href=\"https:\/\/cmdh.bahiadebanderas.gob.mx\/wp-content\/uploads\/2025\/05\/LTAIPEN_Art_33_Fr_XXXIX_c-4.xlsx\">LTAIPEN_Art_33_Fr_XXXIX_c<\/a><\/p>\n<p>Formato XXXIXd. Calendario de Sesiones Ordinarias del Comit\u00e9 de Transparencia<\/p>\n<p><a href=\"https:\/\/cmdh.bahiadebanderas.gob.mx\/wp-content\/uploads\/2025\/05\/LTAIPEN_Art_33_Fr_XXXIX_d-7.xlsx\">LTAIPEN_Art_33_Fr_XXXIX_d<\/a><\/p>\n<h4><style type=\"text\/css\" scoped=\"scoped\">.divider-69f3c588e4015{ margin-top: 30px;margin-bottom:30px;width:100%;}.divider-69f3c588e4015 .divider-border{border-bottom-width:5px; border-color:#f2f2f2;}.divider-69f3c588e4015 .double-line.divider-inner-item .divider-inner{border-top-width: 5px; border-bottom-width: 5px;}.divider-69f3c588e4015 .divider-border.divider-inner-item .divider-inner{ border-bottom-width: 5px;} <\/style><div class=\" divider divider-69f3c588e4015 divider-shadow center\" id=\"\" style=\"margin-top:; margin-bottom:;\"><div class=\"divider-inner divider-border\"><\/div><\/div><\/h4>\n<h3 style=\"text-align: center;\"><strong>EJERCICIO 2024<\/strong><\/h3>\n<p style=\"text-align: center;\"><strong>CUARTO TRIMESTRE<\/strong><\/p>\n<p>Formato XXXIXa. Informe de Sesiones del Comit\u00e9 de Transparencia<\/p>\n<p><a href=\"https:\/\/cmdh.bahiadebanderas.gob.mx\/wp-content\/uploads\/2025\/01\/LTAIPEN_Art_33_Fr_XXXIX_alisto.xlsx\">LTAIPEN_Art_33_Fr_XXXIX_a<\/a><\/p>\n<p>Formato XXXIXb. Informes de Resoluciones del Comit\u00e9 de Transparencia<\/p>\n<p><a href=\"https:\/\/cmdh.bahiadebanderas.gob.mx\/wp-content\/uploads\/2025\/01\/LTAIPEN_Art_33_Fr_XXXIX_b-listo.xlsx\">LTAIPEN_Art_33_Fr_XXXIX_b<\/a><\/p>\n<p><strong>INFORMACI\u00d3N VIGENTE<\/strong><\/p>\n<p>Formato XXXIXc. Integrantes del Comit\u00e9 de Transparencia<\/p>\n<p><a href=\"https:\/\/cmdh.bahiadebanderas.gob.mx\/wp-content\/uploads\/2025\/01\/LTAIPEN_Art_33_Fr_XXXIX_c-listo.xlsx\">LTAIPEN_Art_33_Fr_XXXIX_c<\/a><\/p>\n<p>Formato XXXIXd. Calendario de Sesiones Ordinarias del Comit\u00e9 de Transparencia<\/p>\n<p><a href=\"https:\/\/cmdh.bahiadebanderas.gob.mx\/wp-content\/uploads\/2025\/01\/LTAIPEN_Art_33_Fr_XXXIX_d-listo.xlsx\">LTAIPEN_Art_33_Fr_XXXIX_d<\/a><\/p>\n<p style=\"text-align: center;\"><strong>TERCER TRIMESTRE<\/strong><\/p>\n<p>Formato XXXIXa. Informe de Sesiones del Comit\u00e9 de Transparencia<\/p>\n<p><a href=\"https:\/\/cmdh.bahiadebanderas.gob.mx\/wp-content\/uploads\/2024\/10\/LTAIPEN_Art_33_Fr_XXXIX_a.xlsx\">LTAIPEN_Art_33_Fr_XXXIX_a<\/a><\/p>\n<p>Formato XXXIXb. Informes de Resoluciones del Comit\u00e9 de Transparencia<\/p>\n<p><a href=\"https:\/\/cmdh.bahiadebanderas.gob.mx\/wp-content\/uploads\/2024\/10\/LTAIPEN_Art_33_Fr_XXXIX_b.xlsx\">LTAIPEN_Art_33_Fr_XXXIX_b<\/a><\/p>\n<p><strong>INFORMACI\u00d3N VIGENTE<\/strong><\/p>\n<p>Formato XXXIXc. Integrantes del Comit\u00e9 de Transparencia<\/p>\n<p><a href=\"https:\/\/cmdh.bahiadebanderas.gob.mx\/wp-content\/uploads\/2024\/10\/LTAIPEN_Art_33_Fr_XXXIX_c.xlsx\">LTAIPEN_Art_33_Fr_XXXIX_c<\/a><\/p>\n<p>Formato XXXIXd. Calendario de Sesiones Ordinarias del Comit\u00e9 de Transparencia<\/p>\n<p><a href=\"https:\/\/cmdh.bahiadebanderas.gob.mx\/wp-content\/uploads\/2024\/07\/LTAIPEN-Art-33-Fr-XXXIX-d-2do-Trimestre.xlsx\">LTAIPEN_Art_33_Fr_XXXIX_d<\/a><\/p>\n<p style=\"text-align: center;\"><strong>SEGUNDO TRIMESTRE<\/strong><\/p>\n<p>Formato XXXIXa. Informe de Sesiones del Comit\u00e9 de Transparencia<\/p>\n<p><a href=\"https:\/\/cmdh.bahiadebanderas.gob.mx\/wp-content\/uploads\/2024\/07\/LTAIPEN-Art-33-Fr-XXXIX-a-2do-Trimestre.xlsx\">LTAIPEN_Art_33_Fr_XXXIX_a<\/a><\/p>\n<p>Formato XXXIXb. Informes de Resoluciones del Comit\u00e9 de Transparencia<\/p>\n<p><a href=\"https:\/\/cmdh.bahiadebanderas.gob.mx\/wp-content\/uploads\/2024\/07\/LTAIPEN-Art-33-Fr-XXXIX-b-2do-Trimestre.xlsx\">LTAIPEN_Art_33_Fr_XXXIX_b<\/a><\/p>\n<p><strong>INFORMACI\u00d3N VIGENTE<\/strong><\/p>\n<p>Formato XXXIXc. Integrantes del Comit\u00e9 de Transparencia<\/p>\n<p><a href=\"https:\/\/cmdh.bahiadebanderas.gob.mx\/wp-content\/uploads\/2024\/08\/LTAIPEN_Art_33_Fr_XXXIX_c-2do-Trimestre.xlsx\">LTAIPEN_Art_33_Fr_XXXIX_c<\/a><\/p>\n<p>Formato XXXIXd. Calendario de Sesiones Ordinarias del Comit\u00e9 de Transparencia<\/p>\n<p><a href=\"https:\/\/cmdh.bahiadebanderas.gob.mx\/wp-content\/uploads\/2024\/10\/LTAIPEN_Art_33_Fr_XXXIX_d.xlsx\">LTAIPEN_Art_33_Fr_XXXIX_d<\/a><\/p>\n<p style=\"text-align: center;\"><strong>PRIMER TRIMESTRE<\/strong><\/p>\n<p>Formato XXXIXa. Informe de Sesiones del Comit\u00e9 de Transparencia<\/p>\n<p><a href=\"https:\/\/cmdh.bahiadebanderas.gob.mx\/wp-content\/uploads\/2024\/04\/LTAIPEN_Art_33_Fr_XXXIX_a-5.xlsx\">LTAIPEN_Art_33_Fr_XXXIX_a<\/a><\/p>\n<p>Formato XXXIXb. Informes de Resoluciones del Comit\u00e9 de Transparencia<\/p>\n<p><a href=\"https:\/\/cmdh.bahiadebanderas.gob.mx\/wp-content\/uploads\/2024\/04\/LTAIPEN_Art_33_Fr_XXXIX_b-2-2.xlsx\">LTAIPEN_Art_33_Fr_XXXIX_b<\/a><\/p>\n<p><strong>INFORMACI\u00d3N VIGENTE<\/strong><\/p>\n<p>Formato XXXIXc. Integrantes del Comit\u00e9 de Transparencia<\/p>\n<p><a href=\"https:\/\/cmdh.bahiadebanderas.gob.mx\/wp-content\/uploads\/2024\/04\/LTAIPEN_Art_33_Fr_XXXIX_c-2.xlsx\">LTAIPEN_Art_33_Fr_XXXIX_c<\/a><\/p>\n<p>Formato XXXIXd. Calendario de Sesiones Ordinarias del Comit\u00e9 de Transparencia<\/p>\n<p><a href=\"https:\/\/cmdh.bahiadebanderas.gob.mx\/wp-content\/uploads\/2024\/04\/LTAIPEN_Art_33_Fr_XXXIX_d-3.xlsx\">LTAIPEN_Art_33_Fr_XXXIX_d<\/a><\/p>\n<h4><style type=\"text\/css\" scoped=\"scoped\">.divider-69f3c588e4076{ margin-top: 30px;margin-bottom:30px;width:100%;}.divider-69f3c588e4076 .divider-border{border-bottom-width:5px; border-color:#f2f2f2;}.divider-69f3c588e4076 .double-line.divider-inner-item .divider-inner{border-top-width: 5px; border-bottom-width: 5px;}.divider-69f3c588e4076 .divider-border.divider-inner-item .divider-inner{ border-bottom-width: 5px;} <\/style><div class=\" divider divider-69f3c588e4076 divider-shadow center\" id=\"\" style=\"margin-top:; margin-bottom:;\"><div class=\"divider-inner divider-border\"><\/div><\/div><\/h4>\n<p>Periodo de actualizaci\u00f3n: Semestral con Informaci\u00f3n Trimestral\/Mensual<\/p>\n<p>Ultima actualizaci\u00f3n: 04 de Noviembre del 2025<\/p>\n<p>Conservaci\u00f3n: Ejercicio en curso y 1 Ejercicio anterior<\/p>\n<p>\u00c1rea que genera la informaci\u00f3n: Unidad de Transparencia<\/p>\n","protected":false},"excerpt":{"rendered":"<p>XXXIX. LAS ACTAS Y RESOLUCIONES DEL COMIT\u00c9 DE TRANSPARENCIA DE LOS SUJETOS OBLIGADOS EJERCICIO 2025 TERCER TRIMESTRE Formato XXXIXa. Informe de Sesiones del Comit\u00e9 de Transparencia LTAIPEN_Art_33_Fr_XXXIX_a Formato XXXIXb. Informes de Resoluciones del Comit\u00e9 de Transparencia LTAIPEN_Art_33_Fr_XXXIX_b INFORMACI\u00d3N VIGENTE Formato XXXIXc. Integrantes del Comit\u00e9 de Transparencia LTAIPEN_Art_33_Fr_XXXIX_c Formato XXXIXd. Calendario de Sesiones Ordinarias del Comit\u00e9 de Transparencia LTAIPEN_Art_33_Fr_XXXIX_d PRIMER TRIMESTRE Formato XXXIXa. Informe de Sesiones del Comit\u00e9 de Transparencia LTAIPEN_Art_33_Fr_XXXIX_a Formato XXXIXb. Informes de Resoluciones del Comit\u00e9 de Transparencia LTAIPEN_Art_33_Fr_XXXIX_b INFORMACI\u00d3N VIGENTE Formato XXXIXc. Integrantes del Comit\u00e9 de Transparencia LTAIPEN_Art_33_Fr_XXXIX_c Formato XXXIXd. Calendario de Sesiones Ordinarias del Comit\u00e9 de Transparencia LTAIPEN_Art_33_Fr_XXXIX_d EJERCICIO 2024 CUARTO TRIMESTRE Formato XXXIXa. Informe de Sesiones del Comit\u00e9 de Transparencia LTAIPEN_Art_33_Fr_XXXIX_a Formato XXXIXb. Informes de Resoluciones del Comit\u00e9 de Transparencia LTAIPEN_Art_33_Fr_XXXIX_b INFORMACI\u00d3N VIGENTE Formato XXXIXc. Integrantes del Comit\u00e9 de Transparencia LTAIPEN_Art_33_Fr_XXXIX_c Formato XXXIXd. Calendario de Sesiones Ordinarias del Comit\u00e9 de Transparencia LTAIPEN_Art_33_Fr_XXXIX_d TERCER TRIMESTRE Formato XXXIXa. Informe de Sesiones del Comit\u00e9 de Transparencia LTAIPEN_Art_33_Fr_XXXIX_a Formato XXXIXb. Informes de Resoluciones del Comit\u00e9 de Transparencia LTAIPEN_Art_33_Fr_XXXIX_b INFORMACI\u00d3N VIGENTE Formato XXXIXc. Integrantes del Comit\u00e9 de Transparencia LTAIPEN_Art_33_Fr_XXXIX_c Formato XXXIXd. Calendario de Sesiones Ordinarias del Comit\u00e9 de Transparencia LTAIPEN_Art_33_Fr_XXXIX_d SEGUNDO TRIMESTRE Formato XXXIXa. Informe de Sesiones del Comit\u00e9 de Transparencia LTAIPEN_Art_33_Fr_XXXIX_a Formato XXXIXb. Informes de Resoluciones del Comit\u00e9 de Transparencia LTAIPEN_Art_33_Fr_XXXIX_b INFORMACI\u00d3N VIGENTE Formato XXXIXc. Integrantes del Comit\u00e9 de Transparencia LTAIPEN_Art_33_Fr_XXXIX_c Formato XXXIXd. Calendario de Sesiones Ordinarias del Comit\u00e9 de Transparencia LTAIPEN_Art_33_Fr_XXXIX_d PRIMER TRIMESTRE Formato XXXIXa. Informe de Sesiones del Comit\u00e9 de Transparencia LTAIPEN_Art_33_Fr_XXXIX_a Formato XXXIXb. Informes de Resoluciones del Comit\u00e9 de Transparencia LTAIPEN_Art_33_Fr_XXXIX_b INFORMACI\u00d3N VIGENTE Formato XXXIXc. Integrantes del Comit\u00e9 de Transparencia LTAIPEN_Art_33_Fr_XXXIX_c Formato XXXIXd. Calendario de Sesiones Ordinarias del Comit\u00e9 de Transparencia LTAIPEN_Art_33_Fr_XXXIX_d Periodo de actualizaci\u00f3n: Semestral con Informaci\u00f3n Trimestral\/Mensual Ultima actualizaci\u00f3n: 04 de Noviembre del 2025 Conservaci\u00f3n: Ejercicio en curso y 1 Ejercicio anterior \u00c1rea que genera la informaci\u00f3n: Unidad de Transparencia<\/p>\n","protected":false},"author":1,"featured_media":0,"parent":0,"menu_order":0,"comment_status":"closed","ping_status":"closed","template":"","meta":[],"_links":{"self":[{"href":"https:\/\/cmdh.bahiadebanderas.gob.mx\/index.php\/wp-json\/wp\/v2\/pages\/608"}],"collection":[{"href":"https:\/\/cmdh.bahiadebanderas.gob.mx\/index.php\/wp-json\/wp\/v2\/pages"}],"about":[{"href":"https:\/\/cmdh.bahiadebanderas.gob.mx\/index.php\/wp-json\/wp\/v2\/types\/page"}],"author":[{"embeddable":true,"href":"https:\/\/cmdh.bahiadebanderas.gob.mx\/index.php\/wp-json\/wp\/v2\/users\/1"}],"replies":[{"embeddable":true,"href":"https:\/\/cmdh.bahiadebanderas.gob.mx\/index.php\/wp-json\/wp\/v2\/comments?post=608"}],"version-history":[{"count":72,"href":"https:\/\/cmdh.bahiadebanderas.gob.mx\/index.php\/wp-json\/wp\/v2\/pages\/608\/revisions"}],"predecessor-version":[{"id":12052,"href":"https:\/\/cmdh.bahiadebanderas.gob.mx\/index.php\/wp-json\/wp\/v2\/pages\/608\/revisions\/12052"}],"wp:attachment":[{"href":"https:\/\/cmdh.bahiadebanderas.gob.mx\/index.php\/wp-json\/wp\/v2\/media?parent=608"}],"curies":[{"name":"wp","href":"https:\/\/api.w.org\/{rel}","templated":true}]}}