{"id":596,"date":"2020-06-24T11:17:46","date_gmt":"2020-06-24T17:17:46","guid":{"rendered":"https:\/\/cmdh.bahiadebanderas.gob.mx\/?page_id=596"},"modified":"2026-02-09T12:14:08","modified_gmt":"2026-02-09T18:14:08","slug":"xxxiii-convenios-de-coordinacion","status":"publish","type":"page","link":"https:\/\/cmdh.bahiadebanderas.gob.mx\/index.php\/xxxiii-convenios-de-coordinacion\/","title":{"rendered":"XXXIII &#8211; Convenios de Coordinaci\u00f3n"},"content":{"rendered":"<h3><strong>XXXIII. LOS CONVENIOS DE COORDINACI\u00d3N QUE CELEBREN CON LA FEDERACI\u00d3N, OTROS ESTADOS O MUICIPIOS, PARTIDOS POL\u00cdTICOS, INSTITUCIONES DE ENSE\u00d1ANZA O CUALQUIER ORGANIZACI\u00d3N Y LOS DE CONCERTACI\u00d3N CON LOS SECTORES SOCIAL PRIVADO<\/strong><\/h3>\n<h3 style=\"text-align: center;\">EJERCICIO 2025<\/h3>\n<p style=\"text-align: center;\"><strong>CUARTO TRIMESTRE<\/strong><\/p>\n<p>Formato XXXIII. Convenios de Coordinaci\u00f3n de Concertaci\u00f3n con el Sector Social o Privado<\/p>\n<p><a href=\"https:\/\/cmdh.bahiadebanderas.gob.mx\/wp-content\/uploads\/2026\/02\/LTAIPEN_Art_33_Fr_XXXIII.xlsx\">LTAIPEN_Art_33_Fr_XXXIII<\/a><strong>\u00a0<\/strong><\/p>\n<p style=\"text-align: center;\"><strong>TERCER TRIMESTRE<\/strong><\/p>\n<p>Formato XXXIII. Convenios de Coordinaci\u00f3n de Concertaci\u00f3n con el Sector Social o Privado<\/p>\n<p><a href=\"https:\/\/cmdh.bahiadebanderas.gob.mx\/wp-content\/uploads\/2025\/11\/LTAIPEN_Art_33_Fr_XXXIII.xlsx\">LTAIPEN_Art_33_Fr_XXXIII<\/a><strong>\u00a0<\/strong><\/p>\n<p style=\"text-align: center;\"><strong>PRIMER TRIMESTRE<\/strong><\/p>\n<p>Formato XXXIII. Convenios de Coordinaci\u00f3n de Concertaci\u00f3n con el Sector Social o Privado<\/p>\n<p><a href=\"https:\/\/cmdh.bahiadebanderas.gob.mx\/wp-content\/uploads\/2025\/05\/LTAIPEN_Art_33_Fr_XXXIII-2.xlsx\">LTAIPEN_Art_33_Fr_XXXIII<\/a><strong>\u00a0<\/strong><\/p>\n<style type=\"text\/css\" scoped=\"scoped\">.divider-69e79af026268{ margin-top: 30px;margin-bottom:30px;width:100%;}.divider-69e79af026268 .divider-border{border-bottom-width:5px; border-color:#f2f2f2;}.divider-69e79af026268 .double-line.divider-inner-item .divider-inner{border-top-width: 5px; border-bottom-width: 5px;}.divider-69e79af026268 .divider-border.divider-inner-item .divider-inner{ border-bottom-width: 5px;} <\/style><div class=\" divider divider-69e79af026268 divider-shadow center\" id=\"\" style=\"margin-top:; margin-bottom:;\"><div class=\"divider-inner divider-border\"><\/div><\/div>\n<h3 style=\"text-align: center;\">EJERCICIO 2024<\/h3>\n<p style=\"text-align: center;\"><strong>CUARTO TRIMESTRE<\/strong><\/p>\n<p>Formato XXXIII. Convenios de Coordinaci\u00f3n de Concertaci\u00f3n con el Sector Social o Privado<\/p>\n<p><a href=\"https:\/\/cmdh.bahiadebanderas.gob.mx\/wp-content\/uploads\/2025\/01\/LTAIPEN_Art_33_Fr_XXXIII.xlsx\">LTAIPEN_Art_33_Fr_XXXIII<\/a><strong>\u00a0<\/strong><\/p>\n<p style=\"text-align: center;\"><strong>TERCER TRIMESTRE<\/strong><\/p>\n<p>Formato XXXIII. Convenios de Coordinaci\u00f3n de Concertaci\u00f3n con el Sector Social o Privado<\/p>\n<p><a href=\"https:\/\/cmdh.bahiadebanderas.gob.mx\/wp-content\/uploads\/2024\/07\/LTAIPEN_Art_33_Fr_XXXIII-1.xlsx\">LTAIPEN_Art_33_Fr_XXXIII<\/a><strong>\u00a0<\/strong><\/p>\n<p style=\"text-align: center;\"><strong>SEGUNDO TRIMESTRE<\/strong><\/p>\n<p>Formato XXXIII. Convenios de Coordinaci\u00f3n de Concertaci\u00f3n con el Sector Social o Privado<\/p>\n<p><a href=\"https:\/\/cmdh.bahiadebanderas.gob.mx\/wp-content\/uploads\/2024\/07\/LTAIPEN_Art_33_Fr_XXXIII-1.xlsx\">LTAIPEN_Art_33_Fr_XXXIII<\/a><strong>\u00a0<\/strong><\/p>\n<p style=\"text-align: center;\"><strong>PRIMER TRIMESTRE<\/strong><\/p>\n<p>Formato XXXIII. Convenios de Coordinaci\u00f3n de Concertaci\u00f3n con el Sector Social o Privado<\/p>\n<p><a href=\"https:\/\/cmdh.bahiadebanderas.gob.mx\/wp-content\/uploads\/2024\/04\/LTAIPEN_Art_33_Fr_XXXIII-2024-pw.xlsx\">LTAIPEN_Art_33_Fr_XXXIII<\/a><\/p>\n<style type=\"text\/css\" scoped=\"scoped\">.divider-69e79af0262bf{ margin-top: 30px;margin-bottom:30px;width:100%;}.divider-69e79af0262bf .divider-border{border-bottom-width:5px; border-color:#f2f2f2;}.divider-69e79af0262bf .double-line.divider-inner-item .divider-inner{border-top-width: 5px; border-bottom-width: 5px;}.divider-69e79af0262bf .divider-border.divider-inner-item .divider-inner{ border-bottom-width: 5px;} <\/style><div class=\" divider divider-69e79af0262bf divider-shadow center\" id=\"\" style=\"margin-top:; margin-bottom:;\"><div class=\"divider-inner divider-border\"><\/div><\/div>\n\n\n<p>Periodo de actualizaci\u00f3n: Trimestral<\/p>\n\n\n\n<p>Ultima actualizaci\u00f3n: 09 de Febrero del 2026<\/p>\n\n\n\n<p>Conservaci\u00f3n: Ejercicio en curso y 1 ejercicio anterior. <\/p>\n\n\n\n<p>\u00c1rea que genera la informaci\u00f3n: Secretar\u00eda Ejecutiva<\/p>\n","protected":false},"excerpt":{"rendered":"<p>XXXIII. LOS CONVENIOS DE COORDINACI\u00d3N QUE CELEBREN CON LA FEDERACI\u00d3N, OTROS ESTADOS O MUICIPIOS, PARTIDOS POL\u00cdTICOS, INSTITUCIONES DE ENSE\u00d1ANZA O CUALQUIER ORGANIZACI\u00d3N Y LOS DE CONCERTACI\u00d3N CON LOS SECTORES SOCIAL PRIVADO EJERCICIO 2025 CUARTO TRIMESTRE Formato XXXIII. Convenios de Coordinaci\u00f3n de Concertaci\u00f3n con el Sector Social o Privado LTAIPEN_Art_33_Fr_XXXIII\u00a0 TERCER TRIMESTRE Formato XXXIII. Convenios de Coordinaci\u00f3n de Concertaci\u00f3n con el Sector Social o Privado LTAIPEN_Art_33_Fr_XXXIII\u00a0 PRIMER TRIMESTRE Formato XXXIII. Convenios de Coordinaci\u00f3n de Concertaci\u00f3n con el Sector Social o Privado LTAIPEN_Art_33_Fr_XXXIII\u00a0 EJERCICIO 2024 CUARTO TRIMESTRE Formato XXXIII. Convenios de Coordinaci\u00f3n de Concertaci\u00f3n con el Sector Social o Privado LTAIPEN_Art_33_Fr_XXXIII\u00a0 TERCER TRIMESTRE Formato XXXIII. Convenios de Coordinaci\u00f3n de Concertaci\u00f3n con el Sector Social o Privado LTAIPEN_Art_33_Fr_XXXIII\u00a0 SEGUNDO TRIMESTRE Formato XXXIII. Convenios de Coordinaci\u00f3n de Concertaci\u00f3n con el Sector Social o Privado LTAIPEN_Art_33_Fr_XXXIII\u00a0 PRIMER TRIMESTRE Formato XXXIII. Convenios de Coordinaci\u00f3n de Concertaci\u00f3n con el Sector Social o Privado LTAIPEN_Art_33_Fr_XXXIII Periodo de actualizaci\u00f3n: Trimestral Ultima actualizaci\u00f3n: 09 de Febrero del 2026 Conservaci\u00f3n: Ejercicio en curso y 1 ejercicio anterior. \u00c1rea que genera la informaci\u00f3n: Secretar\u00eda Ejecutiva<\/p>\n","protected":false},"author":1,"featured_media":0,"parent":0,"menu_order":0,"comment_status":"closed","ping_status":"closed","template":"","meta":[],"_links":{"self":[{"href":"https:\/\/cmdh.bahiadebanderas.gob.mx\/index.php\/wp-json\/wp\/v2\/pages\/596"}],"collection":[{"href":"https:\/\/cmdh.bahiadebanderas.gob.mx\/index.php\/wp-json\/wp\/v2\/pages"}],"about":[{"href":"https:\/\/cmdh.bahiadebanderas.gob.mx\/index.php\/wp-json\/wp\/v2\/types\/page"}],"author":[{"embeddable":true,"href":"https:\/\/cmdh.bahiadebanderas.gob.mx\/index.php\/wp-json\/wp\/v2\/users\/1"}],"replies":[{"embeddable":true,"href":"https:\/\/cmdh.bahiadebanderas.gob.mx\/index.php\/wp-json\/wp\/v2\/comments?post=596"}],"version-history":[{"count":52,"href":"https:\/\/cmdh.bahiadebanderas.gob.mx\/index.php\/wp-json\/wp\/v2\/pages\/596\/revisions"}],"predecessor-version":[{"id":12284,"href":"https:\/\/cmdh.bahiadebanderas.gob.mx\/index.php\/wp-json\/wp\/v2\/pages\/596\/revisions\/12284"}],"wp:attachment":[{"href":"https:\/\/cmdh.bahiadebanderas.gob.mx\/index.php\/wp-json\/wp\/v2\/media?parent=596"}],"curies":[{"name":"wp","href":"https:\/\/api.w.org\/{rel}","templated":true}]}}