{"id":593,"date":"2020-06-24T10:26:53","date_gmt":"2020-06-24T16:26:53","guid":{"rendered":"https:\/\/cmdh.bahiadebanderas.gob.mx\/?page_id=593"},"modified":"2026-02-09T12:12:10","modified_gmt":"2026-02-09T18:12:10","slug":"xxxii-padron-de-proveedores","status":"publish","type":"page","link":"https:\/\/cmdh.bahiadebanderas.gob.mx\/index.php\/xxxii-padron-de-proveedores\/","title":{"rendered":"XXXII &#8211; Padr\u00f3n de Proveedores"},"content":{"rendered":"<h3><strong>XXXII. PADR\u00d3N DE PROVEEDORES Y CONTRATISTAS<\/strong><\/h3>\n<h3 style=\"text-align: center;\">EJERCICIO 2025<\/h3>\n<p style=\"text-align: center;\"><strong>CUARTO TRIMESTRE<\/strong><\/p>\n<p>Formato XXXII. Padr\u00f3n de Proveedores y Contratistas<\/p>\n<p><a href=\"https:\/\/cmdh.bahiadebanderas.gob.mx\/wp-content\/uploads\/2026\/02\/LTAIPEN_Art_33_Fr_XXXII.xlsx\">LTAIPEN_Art_33_Fr_XXXII<\/a><\/p>\n<p style=\"text-align: center;\"><strong>TERCER TRIMESTRE<\/strong><\/p>\n<p>Formato XXXII. Padr\u00f3n de Proveedores y Contratistas<\/p>\n<p><a href=\"https:\/\/cmdh.bahiadebanderas.gob.mx\/wp-content\/uploads\/2025\/11\/LTAIPEN_Art_33_Fr_XXXII.xlsx\">LTAIPEN_Art_33_Fr_XXXII<\/a><\/p>\n<p style=\"text-align: center;\"><strong>PRIMER TRIMESTRE<\/strong><\/p>\n<p>Formato XXXII. Padr\u00f3n de Proveedores y Contratistas<\/p>\n<p><a href=\"https:\/\/cmdh.bahiadebanderas.gob.mx\/wp-content\/uploads\/2025\/05\/LTAIPEN_Art_33_Fr_XXXII-9.xlsx\">LTAIPEN_Art_33_Fr_XXXII<\/a><\/p>\n<h3><style type=\"text\/css\" scoped=\"scoped\">.divider-69e79b6068851{ margin-top: 30px;margin-bottom:30px;width:100%;}.divider-69e79b6068851 .divider-border{border-bottom-width:5px; border-color:#f2f2f2;}.divider-69e79b6068851 .double-line.divider-inner-item .divider-inner{border-top-width: 5px; border-bottom-width: 5px;}.divider-69e79b6068851 .divider-border.divider-inner-item .divider-inner{ border-bottom-width: 5px;} <\/style><div class=\" divider divider-69e79b6068851 divider-shadow\" id=\"\" style=\"margin-top:; margin-bottom:;\"><div class=\"divider-inner divider-border\"><\/div><\/div><\/h3>\n<h3 style=\"text-align: center;\">EJERCICIO 2024<\/h3>\n<p style=\"text-align: center;\"><strong>CUARTO TRIMESTRE<\/strong><\/p>\n<p>Formato XXXII. Padr\u00f3n de Proveedores y Contratistas<\/p>\n<p><a href=\"https:\/\/cmdh.bahiadebanderas.gob.mx\/wp-content\/uploads\/2025\/01\/LTAIPEN_Art_33_Fr_XXXII.xlsx\">LTAIPEN_Art_33_Fr_XXXII<\/a><\/p>\n<p style=\"text-align: center;\"><strong>TERCER TRIMESTRE<\/strong><\/p>\n<p>Formato XXXII. Padr\u00f3n de Proveedores y Contratistas<\/p>\n<p><a href=\"https:\/\/cmdh.bahiadebanderas.gob.mx\/wp-content\/uploads\/2024\/10\/LTAIPEN_Art_33_Fr_XXXII.xlsx\">LTAIPEN_Art_33_Fr_XXXII<\/a><\/p>\n<p style=\"text-align: center;\"><strong>SEGUNDO TRIMESTRE<\/strong><\/p>\n<p>Formato XXXII. Padr\u00f3n de Proveedores y Contratistas<\/p>\n<p><a href=\"https:\/\/cmdh.bahiadebanderas.gob.mx\/wp-content\/uploads\/2024\/07\/LTAIPEN_Art_33_Fr_XXXII-8.xlsx\">LTAIPEN_Art_33_Fr_XXXII<\/a><\/p>\n<p style=\"text-align: center;\"><strong>PRIMER TRIMESTRE<\/strong><\/p>\n<p>Formato XXXII. Padr\u00f3n de Proveedores y Contratistas<\/p>\n<p><a href=\"https:\/\/cmdh.bahiadebanderas.gob.mx\/wp-content\/uploads\/2024\/06\/LTAIPEN_Art_33_Fr_XXXII-7.xlsx\">LTAIPEN_Art_33_Fr_XXXII<\/a><\/p>\n<style type=\"text\/css\" scoped=\"scoped\">.divider-69e79b60688a9{ margin-top: 30px;margin-bottom:30px;width:100%;}.divider-69e79b60688a9 .divider-border{border-bottom-width:5px; border-color:#f2f2f2;}.divider-69e79b60688a9 .double-line.divider-inner-item .divider-inner{border-top-width: 5px; border-bottom-width: 5px;}.divider-69e79b60688a9 .divider-border.divider-inner-item .divider-inner{ border-bottom-width: 5px;} <\/style><div class=\" divider divider-69e79b60688a9 divider-shadow\" id=\"\" style=\"margin-top:; margin-bottom:;\"><div class=\"divider-inner divider-border\"><\/div><\/div>\n<p>Periodo de actualizaci\u00f3n: Trimestral<\/p>\n<p>Fecha de Actualizaci\u00f3n: 09 de Febrero del 2026<\/p>\n<p>Conservaci\u00f3n: Ejercicio en curso y 1 Ejercicio anterior<\/p>\n<p>\u00c1rea que genera la informaci\u00f3n: Contabilidad<\/p>\n","protected":false},"excerpt":{"rendered":"<p>XXXII. PADR\u00d3N DE PROVEEDORES Y CONTRATISTAS EJERCICIO 2025 CUARTO TRIMESTRE Formato XXXII. Padr\u00f3n de Proveedores y Contratistas LTAIPEN_Art_33_Fr_XXXII TERCER TRIMESTRE Formato XXXII. Padr\u00f3n de Proveedores y Contratistas LTAIPEN_Art_33_Fr_XXXII PRIMER TRIMESTRE Formato XXXII. Padr\u00f3n de Proveedores y Contratistas LTAIPEN_Art_33_Fr_XXXII EJERCICIO 2024 CUARTO TRIMESTRE Formato XXXII. Padr\u00f3n de Proveedores y Contratistas LTAIPEN_Art_33_Fr_XXXII TERCER TRIMESTRE Formato XXXII. Padr\u00f3n de Proveedores y Contratistas LTAIPEN_Art_33_Fr_XXXII SEGUNDO TRIMESTRE Formato XXXII. Padr\u00f3n de Proveedores y Contratistas LTAIPEN_Art_33_Fr_XXXII PRIMER TRIMESTRE Formato XXXII. Padr\u00f3n de Proveedores y Contratistas LTAIPEN_Art_33_Fr_XXXII Periodo de actualizaci\u00f3n: Trimestral Fecha de Actualizaci\u00f3n: 09 de Febrero del 2026 Conservaci\u00f3n: Ejercicio en curso y 1 Ejercicio anterior \u00c1rea que genera la informaci\u00f3n: Contabilidad<\/p>\n","protected":false},"author":1,"featured_media":0,"parent":0,"menu_order":0,"comment_status":"closed","ping_status":"closed","template":"","meta":[],"_links":{"self":[{"href":"https:\/\/cmdh.bahiadebanderas.gob.mx\/index.php\/wp-json\/wp\/v2\/pages\/593"}],"collection":[{"href":"https:\/\/cmdh.bahiadebanderas.gob.mx\/index.php\/wp-json\/wp\/v2\/pages"}],"about":[{"href":"https:\/\/cmdh.bahiadebanderas.gob.mx\/index.php\/wp-json\/wp\/v2\/types\/page"}],"author":[{"embeddable":true,"href":"https:\/\/cmdh.bahiadebanderas.gob.mx\/index.php\/wp-json\/wp\/v2\/users\/1"}],"replies":[{"embeddable":true,"href":"https:\/\/cmdh.bahiadebanderas.gob.mx\/index.php\/wp-json\/wp\/v2\/comments?post=593"}],"version-history":[{"count":41,"href":"https:\/\/cmdh.bahiadebanderas.gob.mx\/index.php\/wp-json\/wp\/v2\/pages\/593\/revisions"}],"predecessor-version":[{"id":12281,"href":"https:\/\/cmdh.bahiadebanderas.gob.mx\/index.php\/wp-json\/wp\/v2\/pages\/593\/revisions\/12281"}],"wp:attachment":[{"href":"https:\/\/cmdh.bahiadebanderas.gob.mx\/index.php\/wp-json\/wp\/v2\/media?parent=593"}],"curies":[{"name":"wp","href":"https:\/\/api.w.org\/{rel}","templated":true}]}}