{"id":568,"date":"2020-06-16T11:51:37","date_gmt":"2020-06-16T17:51:37","guid":{"rendered":"https:\/\/cmdh.bahiadebanderas.gob.mx\/?page_id=568"},"modified":"2026-02-09T11:55:26","modified_gmt":"2026-02-09T17:55:26","slug":"xxix-informes-de-sujetos-obligados","status":"publish","type":"page","link":"https:\/\/cmdh.bahiadebanderas.gob.mx\/index.php\/xxix-informes-de-sujetos-obligados\/","title":{"rendered":"XXIX &#8211; Informes de Sujetos Obligados"},"content":{"rendered":"<h3><strong>XXIX. LOS INFORMES QUE POR DISPOSICI\u00d3N LEGAL GENEREN LOS SUJETOS OBLIGADOS, EL \u00c1REA RESPONSABLE Y EL FUNDAMENTO LEGAL QUE OBLIGA A SU GENERACI\u00d3N<\/strong><\/h3>\n<p style=\"text-align: center;\"><strong>2025<\/strong><\/p>\n<p style=\"text-align: center;\"><strong>CUARTO TRIMESTRE<\/strong><\/p>\n<p><a href=\"https:\/\/cmdh.bahiadebanderas.gob.mx\/wp-content\/uploads\/2026\/02\/LTAIPEN_Art_33_Fr_XXIX.xlsx\">Formato XXIX. Informes Emitidos<\/a><\/p>\n<p style=\"text-align: center;\"><strong>TERCER TRIMESTRE<\/strong><\/p>\n<p><a href=\"https:\/\/cmdh.bahiadebanderas.gob.mx\/wp-content\/uploads\/2025\/11\/LTAIPEN_Art_33_Fr_XXIX.xlsx\">Formato XXIX. Informes Emitidos<\/a><\/p>\n<p style=\"text-align: center;\"><strong>PRIMER TRIMESTRE<\/strong><\/p>\n<p><a href=\"https:\/\/cmdh.bahiadebanderas.gob.mx\/wp-content\/uploads\/2025\/05\/LTAIPEN_Art_33_Fr_XXIX-5.xlsx\">Formato XXIX. Informes Emitidos<\/a><\/p>\n<style type=\"text\/css\" scoped=\"scoped\">.divider-69e79bb3c7a26{ margin-top: 30px;margin-bottom:30px;width:100%;}.divider-69e79bb3c7a26 .divider-border{border-bottom-width:5px; border-color:#f2f2f2;}.divider-69e79bb3c7a26 .double-line.divider-inner-item .divider-inner{border-top-width: 5px; border-bottom-width: 5px;}.divider-69e79bb3c7a26 .divider-border.divider-inner-item .divider-inner{ border-bottom-width: 5px;} <\/style><div class=\" divider divider-69e79bb3c7a26 divider-shadow center\" id=\"\" style=\"margin-top:; margin-bottom:;\"><div class=\"divider-inner divider-border\"><\/div><\/div>\n<p style=\"text-align: center;\"><strong>2024<\/strong><\/p>\n<p style=\"text-align: center;\"><strong>CUARTO TRIMESTRE<\/strong><\/p>\n<p><a href=\"https:\/\/cmdh.bahiadebanderas.gob.mx\/wp-content\/uploads\/2025\/01\/LTAIPEN_Art_33_Fr_XXIX-listo.xlsx\">Formato XXIX. Informes Emitidos<\/a><\/p>\n<p style=\"text-align: center;\"><strong>TERCER TRIMESTRE<\/strong><\/p>\n<p><a href=\"https:\/\/cmdh.bahiadebanderas.gob.mx\/wp-content\/uploads\/2024\/10\/LTAIPEN_Art_33_Fr_XXIX.xlsx\">Formato XXIX. Informes Emitidos<\/a><\/p>\n<p style=\"text-align: center;\"><strong>SEGUNDO TRIMESTRE<\/strong><\/p>\n<p><a href=\"https:\/\/cmdh.bahiadebanderas.gob.mx\/wp-content\/uploads\/2024\/07\/LTAIPEN-Art-33-Fr-XXIX-2do-Trimestre.xlsx\">Formato XXIX. Informes Emitidos<\/a><\/p>\n<p style=\"text-align: center;\"><strong>PRIMER TRIMESTRE<\/strong><\/p>\n<p><a href=\"https:\/\/cmdh.bahiadebanderas.gob.mx\/wp-content\/uploads\/2024\/04\/LTAIPEN_Art_33_Fr_XXIX-3-1.xlsx\">Formato XXIX. Informes Emitidos<\/a><\/p>\n<style type=\"text\/css\" scoped=\"scoped\">.divider-69e79bb3c7a85{ margin-top: 30px;margin-bottom:30px;width:100%;}.divider-69e79bb3c7a85 .divider-border{border-bottom-width:5px; border-color:#f2f2f2;}.divider-69e79bb3c7a85 .double-line.divider-inner-item .divider-inner{border-top-width: 5px; border-bottom-width: 5px;}.divider-69e79bb3c7a85 .divider-border.divider-inner-item .divider-inner{ border-bottom-width: 5px;} <\/style><div class=\" divider divider-69e79bb3c7a85 divider-shadow center\" id=\"\" style=\"margin-top:; margin-bottom:;\"><div class=\"divider-inner divider-border\"><\/div><\/div>\n<p style=\"text-align: center;\"><strong>EJERCICIO 2023<\/strong><\/p>\n<p style=\"text-align: center;\"><strong>CUARTO TRIMESTRE<\/strong><\/p>\n<p><a href=\"https:\/\/cmdh.bahiadebanderas.gob.mx\/wp-content\/uploads\/2024\/02\/LTAIPEN_Art_33_Fr_XXIX-2.xlsx\">Formato XXIX. Informes Emitidos<\/a><\/p>\n<p style=\"text-align: center;\"><strong>TERCER<\/strong><strong>\u00a0TRIMESTRE<\/strong><\/p>\n<p><a href=\"https:\/\/cmdh.bahiadebanderas.gob.mx\/wp-content\/uploads\/2023\/10\/LTAIPEN_Art_33_Fr_XXIX.xlsx\">Formato XXIX. Informes Emitidos<\/a><\/p>\n<p style=\"text-align: center;\"><strong>SEGUNDO<\/strong><strong>\u00a0TRIMESTRE<\/strong><\/p>\n<p><a href=\"https:\/\/cmdh.bahiadebanderas.gob.mx\/wp-content\/uploads\/2023\/07\/LTAIPEN_Art_33_Fr_XXIX.xlsx\">Formato XXIX. Informes Emitidos<\/a><\/p>\n<p style=\"text-align: center;\"><strong>PRIMER TRIMESTRE<\/strong><\/p>\n<p><a href=\"https:\/\/cmdh.bahiadebanderas.gob.mx\/wp-content\/uploads\/2023\/04\/LTAIPEN_Art_33_Fr_XXIX-3.xlsx\">Formato XXIX. Informes Emitidos<\/a><\/p>\n<style type=\"text\/css\" scoped=\"scoped\">.divider-69e79bb3c7ab3{ margin-top: 30px;margin-bottom:30px;width:100%;}.divider-69e79bb3c7ab3 .divider-border{border-bottom-width:5px; border-color:#f2f2f2;}.divider-69e79bb3c7ab3 .double-line.divider-inner-item .divider-inner{border-top-width: 5px; border-bottom-width: 5px;}.divider-69e79bb3c7ab3 .divider-border.divider-inner-item .divider-inner{ border-bottom-width: 5px;} <\/style><div class=\" divider divider-69e79bb3c7ab3 divider-shadow center\" id=\"\" style=\"margin-top:; margin-bottom:;\"><div class=\"divider-inner divider-border\"><\/div><\/div>\n<p>Periodo de actualizaci\u00f3n: Trimestral<\/p>\n<p>Ultima actualizaci\u00f3n: 09 de Febrero del 2026<\/p>\n<p>Conservaci\u00f3n: Ejercicio en curso y dos ejercicios anteriores<\/p>\n<p>\u00c1rea que genera la informaci\u00f3n: Unidad de Transparencia<\/p>\n","protected":false},"excerpt":{"rendered":"<p>XXIX. LOS INFORMES QUE POR DISPOSICI\u00d3N LEGAL GENEREN LOS SUJETOS OBLIGADOS, EL \u00c1REA RESPONSABLE Y EL FUNDAMENTO LEGAL QUE OBLIGA A SU GENERACI\u00d3N 2025 CUARTO TRIMESTRE Formato XXIX. Informes Emitidos TERCER TRIMESTRE Formato XXIX. Informes Emitidos PRIMER TRIMESTRE Formato XXIX. Informes Emitidos 2024 CUARTO TRIMESTRE Formato XXIX. Informes Emitidos TERCER TRIMESTRE Formato XXIX. Informes Emitidos SEGUNDO TRIMESTRE Formato XXIX. Informes Emitidos PRIMER TRIMESTRE Formato XXIX. Informes Emitidos EJERCICIO 2023 CUARTO TRIMESTRE Formato XXIX. Informes Emitidos TERCER\u00a0TRIMESTRE Formato XXIX. Informes Emitidos SEGUNDO\u00a0TRIMESTRE Formato XXIX. Informes Emitidos PRIMER TRIMESTRE Formato XXIX. Informes Emitidos Periodo de actualizaci\u00f3n: Trimestral Ultima actualizaci\u00f3n: 09 de Febrero del 2026 Conservaci\u00f3n: Ejercicio en curso y dos ejercicios anteriores \u00c1rea que genera la informaci\u00f3n: Unidad de Transparencia<\/p>\n","protected":false},"author":1,"featured_media":0,"parent":0,"menu_order":0,"comment_status":"closed","ping_status":"closed","template":"","meta":[],"_links":{"self":[{"href":"https:\/\/cmdh.bahiadebanderas.gob.mx\/index.php\/wp-json\/wp\/v2\/pages\/568"}],"collection":[{"href":"https:\/\/cmdh.bahiadebanderas.gob.mx\/index.php\/wp-json\/wp\/v2\/pages"}],"about":[{"href":"https:\/\/cmdh.bahiadebanderas.gob.mx\/index.php\/wp-json\/wp\/v2\/types\/page"}],"author":[{"embeddable":true,"href":"https:\/\/cmdh.bahiadebanderas.gob.mx\/index.php\/wp-json\/wp\/v2\/users\/1"}],"replies":[{"embeddable":true,"href":"https:\/\/cmdh.bahiadebanderas.gob.mx\/index.php\/wp-json\/wp\/v2\/comments?post=568"}],"version-history":[{"count":48,"href":"https:\/\/cmdh.bahiadebanderas.gob.mx\/index.php\/wp-json\/wp\/v2\/pages\/568\/revisions"}],"predecessor-version":[{"id":12272,"href":"https:\/\/cmdh.bahiadebanderas.gob.mx\/index.php\/wp-json\/wp\/v2\/pages\/568\/revisions\/12272"}],"wp:attachment":[{"href":"https:\/\/cmdh.bahiadebanderas.gob.mx\/index.php\/wp-json\/wp\/v2\/media?parent=568"}],"curies":[{"name":"wp","href":"https:\/\/api.w.org\/{rel}","templated":true}]}}