{"id":565,"date":"2020-06-16T11:34:11","date_gmt":"2020-06-16T17:34:11","guid":{"rendered":"https:\/\/cmdh.bahiadebanderas.gob.mx\/?page_id=565"},"modified":"2026-02-09T11:45:54","modified_gmt":"2026-02-09T17:45:54","slug":"xxviii-procedimientos-de-licitaciones","status":"publish","type":"page","link":"https:\/\/cmdh.bahiadebanderas.gob.mx\/index.php\/xxviii-procedimientos-de-licitaciones\/","title":{"rendered":"XXVIII &#8211; Procedimientos de Licitaciones"},"content":{"rendered":"<h4>\u00a0<strong>XXVIII. LA INFORMACI\u00d3N DE LOS RESULTADOS SOBRE PROCEDIMIENTOS DE ADJUDICACCI\u00d3N DIRECTA, INVITACI\u00d3N RESTRINGIDA Y LICITACI\u00d3N DE CUALQUIER NATURALEZA, INCLUYENDO LA VERSI\u00d3N P\u00daBLICA DEL EXPEDIENTE RESPECTIVO Y DE LOS CONTRATOS CELRBRADOS<\/strong><\/h4>\n<p style=\"text-align: center;\"><strong>EJERCICIO 2025<\/strong><\/p>\n<p style=\"text-align: center;\"><strong>CUARTO TRIMESTRE<\/strong><\/p>\n<p>Formato XXVIIIa. Resultados de Procedimientos de Licitaci\u00f3n P\u00fablica e Informaci\u00f3n Restringida Realizados<\/p>\n<p><a href=\"https:\/\/cmdh.bahiadebanderas.gob.mx\/wp-content\/uploads\/2026\/02\/28-LGT_Art_70_Fr_XXVIII.xlsx\">LTAIPEN_Art_33_Fr_XXVIII_a<\/a><\/p>\n<p style=\"text-align: center;\"><strong>TERCER\u00a0 TRIMESTRE<\/strong><\/p>\n<p>Formato XXVIIIa. Resultados de Procedimientos de Licitaci\u00f3n P\u00fablica e Informaci\u00f3n Restringida Realizados<\/p>\n<p><a href=\"https:\/\/cmdh.bahiadebanderas.gob.mx\/wp-content\/uploads\/2025\/11\/28-LGT_Art_70_Fr_XXVIII.xlsx\">LTAIPEN_Art_33_Fr_XXVIII_a<\/a><\/p>\n<p style=\"text-align: center;\"><strong>PRIMER\u00a0 TRIMESTRE<\/strong><\/p>\n<p>Formato XXVIIIa. Resultados de Procedimientos de Licitaci\u00f3n P\u00fablica e Informaci\u00f3n Restringida Realizados<\/p>\n<p><a href=\"https:\/\/cmdh.bahiadebanderas.gob.mx\/wp-content\/uploads\/2025\/05\/28-LGT_Art_70_Fr_XXVIII-2.xlsx\">LTAIPEN_Art_33_Fr_XXVIII_a<\/a><\/p>\n<style type=\"text\/css\" scoped=\"scoped\">.divider-69e7b1025e873{ margin-top: 30px;margin-bottom:30px;width:100%;}.divider-69e7b1025e873 .divider-border{border-bottom-width:5px; border-color:#f2f2f2;}.divider-69e7b1025e873 .double-line.divider-inner-item .divider-inner{border-top-width: 5px; border-bottom-width: 5px;}.divider-69e7b1025e873 .divider-border.divider-inner-item .divider-inner{ border-bottom-width: 5px;} <\/style><div class=\" divider divider-69e7b1025e873 divider-shadow center\" id=\"\" style=\"margin-top:; margin-bottom:;\"><div class=\"divider-inner divider-border\"><\/div><\/div>\n<p style=\"text-align: center;\"><strong>EJERCICIO 2024<\/strong><\/p>\n<p style=\"text-align: center;\"><strong>CUARTO\u00a0 TRIMESTRE<\/strong><\/p>\n<p>Formato XXVIIIa. Resultados de Procedimientos de Licitaci\u00f3n P\u00fablica e Informaci\u00f3n Restringida Realizados<\/p>\n<p><a href=\"https:\/\/cmdh.bahiadebanderas.gob.mx\/wp-content\/uploads\/2025\/01\/28-LGT_Art_70_Fr_XXVIII.xlsx\">LTAIPEN_Art_33_Fr_XXVIII_a<\/a><\/p>\n<p style=\"text-align: center;\"><strong>TERCER\u00a0 TRIMESTRE<\/strong><\/p>\n<p>Formato XXVIIIa. Resultados de Procedimientos de Licitaci\u00f3n P\u00fablica e Informaci\u00f3n Restringida Realizados<\/p>\n<p><a href=\"https:\/\/cmdh.bahiadebanderas.gob.mx\/wp-content\/uploads\/2024\/10\/28-LGT_Art_70_Fr_XXVIII-1-1.xlsx\">LTAIPEN_Art_33_Fr_XXVIII_a<\/a><\/p>\n<p style=\"text-align: center;\"><strong>SEGUNDO TRIMESTRE<\/strong><\/p>\n<p>Formato XXVIIIa. Resultados de Procedimientos de Licitaci\u00f3n P\u00fablica e Informaci\u00f3n Restringida Realizados<\/p>\n<p><a href=\"https:\/\/cmdh.bahiadebanderas.gob.mx\/wp-content\/uploads\/2024\/07\/28-LGT_Art_70_Fr_XXVIII-1.xlsx\">LTAIPEN_Art_33_Fr_XXVIII_a<\/a><\/p>\n<p style=\"text-align: center;\"><strong>PRIMER TRIMESTRE<\/strong><\/p>\n<p>Formato XXVIIIa. Resultados de Procedimientos de Licitaci\u00f3n P\u00fablica e Informaci\u00f3n Restringida Realizados<\/p>\n<p><a href=\"https:\/\/cmdh.bahiadebanderas.gob.mx\/wp-content\/uploads\/2024\/04\/28-LGT_Art_70_Fr_XXVIII.xlsx\">LTAIPEN_Art_33_Fr_XXVIII_a<\/a><\/p>\n<style type=\"text\/css\" scoped=\"scoped\">.divider-69e7b1025e8cd{ margin-top: 30px;margin-bottom:30px;width:100%;}.divider-69e7b1025e8cd .divider-border{border-bottom-width:5px; border-color:#f2f2f2;}.divider-69e7b1025e8cd .double-line.divider-inner-item .divider-inner{border-top-width: 5px; border-bottom-width: 5px;}.divider-69e7b1025e8cd .divider-border.divider-inner-item .divider-inner{ border-bottom-width: 5px;} <\/style><div class=\" divider divider-69e7b1025e8cd divider-shadow center\" id=\"\" style=\"margin-top:; margin-bottom:;\"><div class=\"divider-inner divider-border\"><\/div><\/div>\n<p style=\"text-align: center;\"><strong>EJERCICIO 2023<\/strong><\/p>\n<p style=\"text-align: center;\"><strong>CUARTO TRIMESTRE<\/strong><\/p>\n<p>Formato XXVIIIa. Resultados de Procedimientos de Licitaci\u00f3n P\u00fablica e Informaci\u00f3n Restringida Realizados<\/p>\n<p><a href=\"https:\/\/cmdh.bahiadebanderas.gob.mx\/wp-content\/uploads\/2024\/01\/LTAIPEN_Art_33_Fr_XXVIII_a-4to.xlsx\">LTAIPEN_Art_33_Fr_XXVIII_a<\/a><\/p>\n<p>Formato XXVIIIb. Resultados de Procedimientos de Adjudicaci\u00f3n Directa Realizados<\/p>\n<p><a href=\"https:\/\/cmdh.bahiadebanderas.gob.mx\/wp-content\/uploads\/2024\/01\/LTAIPEN_Art_33_Fr_XXVIII_b-4to.xlsx\">LTAIPEN_Art_33_Fr_XXVIII_b<\/a><\/p>\n<p style=\"text-align: center;\"><strong>TERCER TRIMESTRE<\/strong><\/p>\n<p>Formato XXVIIIa. Resultados de Procedimientos de Licitaci\u00f3n P\u00fablica e Informaci\u00f3n Restringida Realizados<\/p>\n<p><a href=\"https:\/\/cmdh.bahiadebanderas.gob.mx\/wp-content\/uploads\/2023\/10\/LTAIPEN_Art_33_Fr_XXVIII_a-1.xlsx\">LTAIPEN_Art_33_Fr_XXVIII_a<\/a><\/p>\n<p>Formato XXVIIIb. Resultados de Procedimientos de Adjudicaci\u00f3n Directa Realizados<\/p>\n<p><a href=\"https:\/\/cmdh.bahiadebanderas.gob.mx\/wp-content\/uploads\/2023\/10\/LTAIPEN_Art_33_Fr_XXVIII_b-2.xlsx\">LTAIPEN_Art_33_Fr_XXVIII_b<\/a><\/p>\n<p style=\"text-align: center;\"><strong>SEGUNDO TRIMESTRE<\/strong><\/p>\n<p>Formato XXVIIIa. Resultados de Procedimientos de Licitaci\u00f3n P\u00fablica e Informaci\u00f3n Restringida Realizados<\/p>\n<p><a href=\"https:\/\/cmdh.bahiadebanderas.gob.mx\/wp-content\/uploads\/2023\/07\/LTAIPEN_Art_33_Fr_XXVIII_a.xlsx\">LTAIPEN_Art_33_Fr_XXVIII_a<\/a><\/p>\n<p>Formato XXVIIIb. Resultados de Procedimientos de Adjudicaci\u00f3n Directa Realizados<\/p>\n<p><a href=\"https:\/\/cmdh.bahiadebanderas.gob.mx\/wp-content\/uploads\/2023\/07\/LTAIPEN_Art_33_Fr_XXVIII_b.xlsx\">LTAIPEN_Art_33_Fr_XXVIII_b<\/a><\/p>\n<p style=\"text-align: center;\"><strong>PRIMER TRIMESTRE<\/strong><\/p>\n<p>Formato XXVIIIa. Resultados de Procedimientos de Licitaci\u00f3n P\u00fablica e Informaci\u00f3n Restringida Realizados<\/p>\n<p><a href=\"https:\/\/cmdh.bahiadebanderas.gob.mx\/wp-content\/uploads\/2023\/05\/LTAIPEN_Art_33_Fr_XXVIII_a-9.xlsx\">LTAIPEN_Art_33_Fr_XXVIII_a<\/a><\/p>\n<p>Formato XXVIIIb. Resultados de Procedimientos de Adjudicaci\u00f3n Directa Realizados<\/p>\n<p><a href=\"https:\/\/cmdh.bahiadebanderas.gob.mx\/wp-content\/uploads\/2023\/05\/LTAIPEN_Art_33_Fr_XXVIII_b-1.xlsx\">LTAIPEN_Art_33_Fr_XXVIII_b<\/a><\/p>\n<style type=\"text\/css\" scoped=\"scoped\">.divider-69e7b1025e8f6{ margin-top: 30px;margin-bottom:30px;width:100%;}.divider-69e7b1025e8f6 .divider-border{border-bottom-width:5px; border-color:#f2f2f2;}.divider-69e7b1025e8f6 .double-line.divider-inner-item .divider-inner{border-top-width: 5px; border-bottom-width: 5px;}.divider-69e7b1025e8f6 .divider-border.divider-inner-item .divider-inner{ border-bottom-width: 5px;} <\/style><div class=\" divider divider-69e7b1025e8f6 divider-shadow center\" id=\"\" style=\"margin-top:; margin-bottom:;\"><div class=\"divider-inner divider-border\"><\/div><\/div>\n<p style=\"text-align: center;\"><strong>EJERCICIO 2022<\/strong><\/p>\n<p style=\"text-align: center;\"><strong>PRIMER TRIMESTRE<\/strong><\/p>\n<p>Formato XXVIIIa. Resultados de Procedimientos de Licitaci\u00f3n P\u00fablica e Informaci\u00f3n Restringida Realizados<\/p>\n<p><a href=\"https:\/\/cmdh.bahiadebanderas.gob.mx\/wp-content\/uploads\/2022\/04\/LTAIPEN_Art_33_Fr_XXVIII_a.xlsx\">LTAIPEN_Art_33_Fr_XXVIII_a<\/a><\/p>\n<p>Formato XXVIIIb. Resultados de Procedimientos de Adjudicaci\u00f3n Directa Realizados<\/p>\n<p><a href=\"https:\/\/cmdh.bahiadebanderas.gob.mx\/wp-content\/uploads\/2022\/04\/LTAIPEN_Art_33_Fr_XXVIII_b.xlsx\">LTAIPEN_Art_33_Fr_XXVIII_b<\/a><\/p>\n<p style=\"text-align: center;\"><strong>SEGUNDO TRIMESTRE<\/strong><\/p>\n<p>Formato XXVIIIa. Resultados de Procedimientos de Licitaci\u00f3n P\u00fablica e Informaci\u00f3n Restringida Realizados<\/p>\n<p><a href=\"https:\/\/cmdh.bahiadebanderas.gob.mx\/wp-content\/uploads\/2022\/07\/LTAIPEN_Art_33_Fr_XXVIII_a.xlsx\">LTAIPEN_Art_33_Fr_XXVIII_a<\/a><\/p>\n<p>Formato XXVIIIb. Resultados de Procedimientos de Adjudicaci\u00f3n Directa Realizados<\/p>\n<p><a href=\"https:\/\/cmdh.bahiadebanderas.gob.mx\/wp-content\/uploads\/2022\/07\/LTAIPEN_Art_33_Fr_XXVIII_b.xlsx\">LTAIPEN_Art_33_Fr_XXVIII_b<\/a><\/p>\n<p style=\"text-align: center;\"><strong>TERCER TRIMESTRE<\/strong><\/p>\n<p>Formato XXVIIIa. Resultados de Procedimientos de Licitaci\u00f3n P\u00fablica e Informaci\u00f3n Restringida Realizados<\/p>\n<p><a href=\"https:\/\/cmdh.bahiadebanderas.gob.mx\/wp-content\/uploads\/2023\/03\/LTAIPEN_Art_33_Fr_XXVIII_a.xlsx\">LTAIPEN_Art_33_Fr_XXVIII_a<\/a><\/p>\n<p>Formato XXVIIIb. Resultados de Procedimientos de Adjudicaci\u00f3n Directa Realizados<\/p>\n<p><a href=\"https:\/\/cmdh.bahiadebanderas.gob.mx\/wp-content\/uploads\/2023\/03\/LTAIPEN_Art_33_Fr_XXVIII_b.xlsx\">LTAIPEN_Art_33_Fr_XXVIII_b<\/a><\/p>\n<p style=\"text-align: center;\"><strong>CUARTO TRIMESTRE<\/strong><\/p>\n<p>Formato XXVIIIa. Resultados de Procedimientos de Licitaci\u00f3n P\u00fablica e Informaci\u00f3n Restringida Realizados<\/p>\n<p><a href=\"https:\/\/cmdh.bahiadebanderas.gob.mx\/wp-content\/uploads\/2023\/03\/LTAIPEN_Art_33_Fr_XXVIII_a-1.xlsx\">LTAIPEN_Art_33_Fr_XXVIII_a<\/a><\/p>\n<p>Formato XXVIIIb. Resultados de Procedimientos de Adjudicaci\u00f3n Directa Realizados<\/p>\n<p><a href=\"https:\/\/cmdh.bahiadebanderas.gob.mx\/wp-content\/uploads\/2023\/03\/LTAIPEN_Art_33_Fr_XXVIII_b-1.xlsx\">LTAIPEN_Art_33_Fr_XXVIII_b<\/a><\/p>\n<style type=\"text\/css\" scoped=\"scoped\">.divider-69e7b1025e916{ margin-top: 30px;margin-bottom:30px;width:100%;}.divider-69e7b1025e916 .divider-border{border-bottom-width:5px; border-color:#f2f2f2;}.divider-69e7b1025e916 .double-line.divider-inner-item .divider-inner{border-top-width: 5px; border-bottom-width: 5px;}.divider-69e7b1025e916 .divider-border.divider-inner-item .divider-inner{ border-bottom-width: 5px;} <\/style><div class=\" divider divider-69e7b1025e916 divider-shadow center\" id=\"\" style=\"margin-top:; margin-bottom:;\"><div class=\"divider-inner divider-border\"><\/div><\/div>\n<p>Periodo de actualizaci\u00f3n: Trimestral<\/p>\n<p>Fecha de Actualizaci\u00f3n: 09 de Febrero del 2026<\/p>\n<p>Conservaci\u00f3n: Ejercicio en curso y 2 ejercicios anteriores.<\/p>\n<p>\u00c1rea que genera la informaci\u00f3n: Contabilidad<\/p>\n","protected":false},"excerpt":{"rendered":"<p>\u00a0XXVIII. LA INFORMACI\u00d3N DE LOS RESULTADOS SOBRE PROCEDIMIENTOS DE ADJUDICACCI\u00d3N DIRECTA, INVITACI\u00d3N RESTRINGIDA Y LICITACI\u00d3N DE CUALQUIER NATURALEZA, INCLUYENDO LA VERSI\u00d3N P\u00daBLICA DEL EXPEDIENTE RESPECTIVO Y DE LOS CONTRATOS CELRBRADOS EJERCICIO 2025 CUARTO TRIMESTRE Formato XXVIIIa. Resultados de Procedimientos de Licitaci\u00f3n P\u00fablica e Informaci\u00f3n Restringida Realizados LTAIPEN_Art_33_Fr_XXVIII_a TERCER\u00a0 TRIMESTRE Formato XXVIIIa. Resultados de Procedimientos de Licitaci\u00f3n P\u00fablica e Informaci\u00f3n Restringida Realizados LTAIPEN_Art_33_Fr_XXVIII_a PRIMER\u00a0 TRIMESTRE Formato XXVIIIa. Resultados de Procedimientos de Licitaci\u00f3n P\u00fablica e Informaci\u00f3n Restringida Realizados LTAIPEN_Art_33_Fr_XXVIII_a EJERCICIO 2024 CUARTO\u00a0 TRIMESTRE Formato XXVIIIa. Resultados de Procedimientos de Licitaci\u00f3n P\u00fablica e Informaci\u00f3n Restringida Realizados LTAIPEN_Art_33_Fr_XXVIII_a TERCER\u00a0 TRIMESTRE Formato XXVIIIa. Resultados de Procedimientos de Licitaci\u00f3n P\u00fablica e Informaci\u00f3n Restringida Realizados LTAIPEN_Art_33_Fr_XXVIII_a SEGUNDO TRIMESTRE Formato XXVIIIa. Resultados de Procedimientos de Licitaci\u00f3n P\u00fablica e Informaci\u00f3n Restringida Realizados LTAIPEN_Art_33_Fr_XXVIII_a PRIMER TRIMESTRE Formato XXVIIIa. Resultados de Procedimientos de Licitaci\u00f3n P\u00fablica e Informaci\u00f3n Restringida Realizados LTAIPEN_Art_33_Fr_XXVIII_a EJERCICIO 2023 CUARTO TRIMESTRE Formato XXVIIIa. Resultados de Procedimientos de Licitaci\u00f3n P\u00fablica e Informaci\u00f3n Restringida Realizados LTAIPEN_Art_33_Fr_XXVIII_a Formato XXVIIIb. Resultados de Procedimientos de Adjudicaci\u00f3n Directa Realizados LTAIPEN_Art_33_Fr_XXVIII_b TERCER TRIMESTRE Formato XXVIIIa. Resultados de Procedimientos de Licitaci\u00f3n P\u00fablica e Informaci\u00f3n Restringida Realizados LTAIPEN_Art_33_Fr_XXVIII_a Formato XXVIIIb. Resultados de Procedimientos de Adjudicaci\u00f3n Directa Realizados LTAIPEN_Art_33_Fr_XXVIII_b SEGUNDO TRIMESTRE Formato XXVIIIa. Resultados de Procedimientos de Licitaci\u00f3n P\u00fablica e Informaci\u00f3n Restringida Realizados LTAIPEN_Art_33_Fr_XXVIII_a Formato XXVIIIb. Resultados de Procedimientos de Adjudicaci\u00f3n Directa Realizados LTAIPEN_Art_33_Fr_XXVIII_b PRIMER TRIMESTRE Formato XXVIIIa. Resultados de Procedimientos de Licitaci\u00f3n P\u00fablica e Informaci\u00f3n Restringida Realizados LTAIPEN_Art_33_Fr_XXVIII_a Formato XXVIIIb. Resultados de Procedimientos de Adjudicaci\u00f3n Directa Realizados LTAIPEN_Art_33_Fr_XXVIII_b EJERCICIO 2022 PRIMER TRIMESTRE Formato XXVIIIa. Resultados de Procedimientos de Licitaci\u00f3n P\u00fablica e Informaci\u00f3n Restringida Realizados LTAIPEN_Art_33_Fr_XXVIII_a Formato XXVIIIb. Resultados de Procedimientos de Adjudicaci\u00f3n Directa Realizados LTAIPEN_Art_33_Fr_XXVIII_b SEGUNDO TRIMESTRE Formato XXVIIIa. Resultados de Procedimientos de Licitaci\u00f3n P\u00fablica e Informaci\u00f3n Restringida Realizados LTAIPEN_Art_33_Fr_XXVIII_a Formato XXVIIIb. Resultados de Procedimientos de Adjudicaci\u00f3n Directa Realizados LTAIPEN_Art_33_Fr_XXVIII_b TERCER TRIMESTRE Formato XXVIIIa. Resultados de Procedimientos de Licitaci\u00f3n P\u00fablica e Informaci\u00f3n Restringida Realizados LTAIPEN_Art_33_Fr_XXVIII_a Formato XXVIIIb. Resultados de Procedimientos de Adjudicaci\u00f3n Directa Realizados LTAIPEN_Art_33_Fr_XXVIII_b CUARTO TRIMESTRE Formato XXVIIIa. Resultados de Procedimientos de Licitaci\u00f3n P\u00fablica e Informaci\u00f3n Restringida Realizados LTAIPEN_Art_33_Fr_XXVIII_a Formato XXVIIIb. Resultados de Procedimientos de Adjudicaci\u00f3n Directa Realizados LTAIPEN_Art_33_Fr_XXVIII_b Periodo de actualizaci\u00f3n: Trimestral Fecha de Actualizaci\u00f3n: 09 de Febrero del 2026 Conservaci\u00f3n: Ejercicio en curso y 2 ejercicios anteriores. \u00c1rea que genera la informaci\u00f3n: Contabilidad<\/p>\n","protected":false},"author":1,"featured_media":0,"parent":0,"menu_order":0,"comment_status":"closed","ping_status":"closed","template":"","meta":[],"_links":{"self":[{"href":"https:\/\/cmdh.bahiadebanderas.gob.mx\/index.php\/wp-json\/wp\/v2\/pages\/565"}],"collection":[{"href":"https:\/\/cmdh.bahiadebanderas.gob.mx\/index.php\/wp-json\/wp\/v2\/pages"}],"about":[{"href":"https:\/\/cmdh.bahiadebanderas.gob.mx\/index.php\/wp-json\/wp\/v2\/types\/page"}],"author":[{"embeddable":true,"href":"https:\/\/cmdh.bahiadebanderas.gob.mx\/index.php\/wp-json\/wp\/v2\/users\/1"}],"replies":[{"embeddable":true,"href":"https:\/\/cmdh.bahiadebanderas.gob.mx\/index.php\/wp-json\/wp\/v2\/comments?post=565"}],"version-history":[{"count":38,"href":"https:\/\/cmdh.bahiadebanderas.gob.mx\/index.php\/wp-json\/wp\/v2\/pages\/565\/revisions"}],"predecessor-version":[{"id":12270,"href":"https:\/\/cmdh.bahiadebanderas.gob.mx\/index.php\/wp-json\/wp\/v2\/pages\/565\/revisions\/12270"}],"wp:attachment":[{"href":"https:\/\/cmdh.bahiadebanderas.gob.mx\/index.php\/wp-json\/wp\/v2\/media?parent=565"}],"curies":[{"name":"wp","href":"https:\/\/api.w.org\/{rel}","templated":true}]}}