{"id":562,"date":"2020-06-16T11:28:39","date_gmt":"2020-06-16T17:28:39","guid":{"rendered":"https:\/\/cmdh.bahiadebanderas.gob.mx\/?page_id=562"},"modified":"2026-02-09T11:40:29","modified_gmt":"2026-02-09T17:40:29","slug":"xxvii-conseciones-contratos-y-convenios","status":"publish","type":"page","link":"https:\/\/cmdh.bahiadebanderas.gob.mx\/index.php\/xxvii-conseciones-contratos-y-convenios\/","title":{"rendered":"XXVII &#8211; Concesiones, Contratos y Convenios"},"content":{"rendered":"<h4>\u00a0<strong>XXVII. LAS CONCESIONES, CONTRATOS, CONVENIOS, PERMISIOS, LICENCIAS O AUTORIZACIONES OTORGADOS<\/strong><\/h4>\n<p style=\"text-align: center;\"><strong>EJERCICIO 2025<\/strong><\/p>\n<p style=\"text-align: center;\"><strong>CUARTO TRIMESTRE<\/strong><\/p>\n<p>Formato XXVII. Las Concesiones , Contratos, Convenios, Permisos, Licencias o Autorizaciones Otorgados<\/p>\n<p><a href=\"https:\/\/cmdh.bahiadebanderas.gob.mx\/wp-content\/uploads\/2026\/02\/LTAIPEN_Art_33_Fr_XXVII.xlsx\">LTAIPEN_Art_33_Fr_XXVII<\/a><\/p>\n<p style=\"text-align: center;\"><strong>TERCER TRIMESTRE<\/strong><\/p>\n<p>Formato XXVII. Las Concesiones , Contratos, Convenios, Permisos, Licencias o Autorizaciones Otorgados<\/p>\n<p><a href=\"https:\/\/cmdh.bahiadebanderas.gob.mx\/wp-content\/uploads\/2025\/11\/LTAIPEN_Art_33_Fr_XXVII.xlsx\">LTAIPEN_Art_33_Fr_XXVII<\/a><\/p>\n<p style=\"text-align: center;\"><strong>PRIMER TRIMESTRE<\/strong><\/p>\n<p>Formato XXVII. Las Concesiones , Contratos, Convenios, Permisos, Licencias o Autorizaciones Otorgados<\/p>\n<p><a href=\"https:\/\/cmdh.bahiadebanderas.gob.mx\/wp-content\/uploads\/2025\/05\/LTAIPEN_Art_33_Fr_XXVII-5.xlsx\">LTAIPEN_Art_33_Fr_XXVII<\/a><\/p>\n<style type=\"text\/css\" scoped=\"scoped\">.divider-69e79b385161e{ margin-top: 30px;margin-bottom:30px;width:100%;}.divider-69e79b385161e .divider-border{border-bottom-width:5px; border-color:#f2f2f2;}.divider-69e79b385161e .double-line.divider-inner-item .divider-inner{border-top-width: 5px; border-bottom-width: 5px;}.divider-69e79b385161e .divider-border.divider-inner-item .divider-inner{ border-bottom-width: 5px;} <\/style><div class=\" divider divider-69e79b385161e divider-shadow center\" id=\"\" style=\"margin-top:; margin-bottom:;\"><div class=\"divider-inner divider-border\"><\/div><\/div>\n<p style=\"text-align: center;\"><strong>EJERCICIO 2024<\/strong><\/p>\n<p style=\"text-align: center;\"><strong>CUARTO TRIMESTRE<\/strong><\/p>\n<p>Formato XXVII. Las Concesiones , Contratos, Convenios, Permisos, Licencias o Autorizaciones Otorgados<\/p>\n<p><a href=\"https:\/\/cmdh.bahiadebanderas.gob.mx\/wp-content\/uploads\/2025\/01\/LTAIPEN_Art_33_Fr_XXVII.xlsx\">LTAIPEN_Art_33_Fr_XXVII<\/a><\/p>\n<p style=\"text-align: center;\"><strong>TERCER TRIMESTRE<\/strong><\/p>\n<p>Formato XXVII. Las Concesiones , Contratos, Convenios, Permisos, Licencias o Autorizaciones Otorgados<\/p>\n<p><a href=\"https:\/\/cmdh.bahiadebanderas.gob.mx\/wp-content\/uploads\/2024\/10\/LTAIPEN_Art_33_Fr_XXVII.xlsx\">LTAIPEN_Art_33_Fr_XXVII<\/a><\/p>\n<p style=\"text-align: center;\"><strong>SEGUNDO TRIMESTRE<\/strong><\/p>\n<p>Formato XXVII. Las Concesiones , Contratos, Convenios, Permisos, Licencias o Autorizaciones Otorgados<\/p>\n<p><a href=\"https:\/\/cmdh.bahiadebanderas.gob.mx\/wp-content\/uploads\/2024\/07\/LTAIPEN_Art_33_Fr_XXVII-4.xlsx\">LTAIPEN_Art_33_Fr_XXVII<\/a><\/p>\n<p style=\"text-align: center;\"><strong>PRIMER TRIMESTRE<\/strong><\/p>\n<p>Formato XXVII. Las Concesiones , Contratos, Convenios, Permisos, Licencias o Autorizaciones Otorgados<\/p>\n<p><a href=\"https:\/\/cmdh.bahiadebanderas.gob.mx\/wp-content\/uploads\/2024\/04\/LTAIPEN_Art_33_Fr_XXVII-3.xlsx\">LTAIPEN_Art_33_Fr_XXVII<\/a><\/p>\n<style type=\"text\/css\" scoped=\"scoped\">.divider-69e79b385167b{ margin-top: 30px;margin-bottom:30px;width:100%;}.divider-69e79b385167b .divider-border{border-bottom-width:5px; border-color:#f2f2f2;}.divider-69e79b385167b .double-line.divider-inner-item .divider-inner{border-top-width: 5px; border-bottom-width: 5px;}.divider-69e79b385167b .divider-border.divider-inner-item .divider-inner{ border-bottom-width: 5px;} <\/style><div class=\" divider divider-69e79b385167b divider-shadow center\" id=\"\" style=\"margin-top:; margin-bottom:;\"><div class=\"divider-inner divider-border\"><\/div><\/div>\n<p style=\"text-align: center;\"><strong>EJERCICIO 2023<\/strong><\/p>\n<p style=\"text-align: center;\"><strong>CUARTO TRIMESTRE<\/strong><\/p>\n<p>Formato XXVII. Las Concesiones , Contratos, Convenios, Permisos, Licencias o Autorizaciones Otorgados<\/p>\n<p><a href=\"https:\/\/cmdh.bahiadebanderas.gob.mx\/wp-content\/uploads\/2024\/01\/LTAIPEN_Art_33_Fr_XXVII-4to.xlsx\">LTAIPEN_Art_33_Fr_XXVII<\/a><\/p>\n<style type=\"text\/css\" scoped=\"scoped\">.divider-69e79b38516a6{ margin-top: 30px;margin-bottom:30px;width:100%;}.divider-69e79b38516a6 .divider-border{border-bottom-width:5px; border-color:#f2f2f2;}.divider-69e79b38516a6 .double-line.divider-inner-item .divider-inner{border-top-width: 5px; border-bottom-width: 5px;}.divider-69e79b38516a6 .divider-border.divider-inner-item .divider-inner{ border-bottom-width: 5px;} <\/style><div class=\" divider divider-69e79b38516a6 divider-shadow center\" id=\"\" style=\"margin-top:; margin-bottom:;\"><div class=\"divider-inner divider-border\"><\/div><\/div>\n<p style=\"text-align: center;\"><strong>TERCER TRIMESTRE<\/strong><\/p>\n<p>Formato XXVII. Las Concesiones , Contratos, Convenios, Permisos, Licencias o Autorizaciones Otorgados<\/p>\n<p><a href=\"https:\/\/cmdh.bahiadebanderas.gob.mx\/wp-content\/uploads\/2023\/10\/LTAIPEN_Art_33_Fr_XXVII-1.xlsx\">LTAIPEN_Art_33_Fr_XXVII<\/a><\/p>\n<style type=\"text\/css\" scoped=\"scoped\">.divider-69e79b38516c9{ margin-top: 30px;margin-bottom:30px;width:100%;}.divider-69e79b38516c9 .divider-border{border-bottom-width:5px; border-color:#f2f2f2;}.divider-69e79b38516c9 .double-line.divider-inner-item .divider-inner{border-top-width: 5px; border-bottom-width: 5px;}.divider-69e79b38516c9 .divider-border.divider-inner-item .divider-inner{ border-bottom-width: 5px;} <\/style><div class=\" divider divider-69e79b38516c9 divider-shadow center\" id=\"\" style=\"margin-top:; margin-bottom:;\"><div class=\"divider-inner divider-border\"><\/div><\/div>\n<p style=\"text-align: center;\"><strong>SEGUNDO TRIMESTRE<\/strong><\/p>\n<p>Formato XXVII. Las Concesiones , Contratos, Convenios, Permisos, Licencias o Autorizaciones Otorgados<\/p>\n<p><a href=\"https:\/\/cmdh.bahiadebanderas.gob.mx\/wp-content\/uploads\/2023\/07\/LTAIPEN_Art_33_Fr_XXVII.xlsx\">LTAIPEN_Art_33_Fr_XXVII<\/a><\/p>\n<style type=\"text\/css\" scoped=\"scoped\">.divider-69e79b38516e8{ margin-top: 30px;margin-bottom:30px;width:100%;}.divider-69e79b38516e8 .divider-border{border-bottom-width:5px; border-color:#f2f2f2;}.divider-69e79b38516e8 .double-line.divider-inner-item .divider-inner{border-top-width: 5px; border-bottom-width: 5px;}.divider-69e79b38516e8 .divider-border.divider-inner-item .divider-inner{ border-bottom-width: 5px;} <\/style><div class=\" divider divider-69e79b38516e8 divider-shadow center\" id=\"\" style=\"margin-top:; margin-bottom:;\"><div class=\"divider-inner divider-border\"><\/div><\/div>\n<p style=\"text-align: center;\"><strong>PRIMER TRIMESTRE<\/strong><\/p>\n<p>Formato XXVII. Las Concesiones , Contratos, Convenios, Permisos, Licencias o Autorizaciones Otorgados<\/p>\n<p><a href=\"https:\/\/cmdh.bahiadebanderas.gob.mx\/wp-content\/uploads\/2023\/05\/LTAIPEN_Art_33_Fr_XXVII-5.xlsx\">LTAIPEN_Art_33_Fr_XXVII<\/a><\/p>\n<style type=\"text\/css\" scoped=\"scoped\">.divider-69e79b3851707{ margin-top: 30px;margin-bottom:30px;width:100%;}.divider-69e79b3851707 .divider-border{border-bottom-width:5px; border-color:#f2f2f2;}.divider-69e79b3851707 .double-line.divider-inner-item .divider-inner{border-top-width: 5px; border-bottom-width: 5px;}.divider-69e79b3851707 .divider-border.divider-inner-item .divider-inner{ border-bottom-width: 5px;} <\/style><div class=\" divider divider-69e79b3851707 divider-shadow center\" id=\"\" style=\"margin-top:; margin-bottom:;\"><div class=\"divider-inner divider-border\"><\/div><\/div>\n<p>Periodo de actualizaci\u00f3n: Trimestral<\/p>\n<p>Fecha de Actualizaci\u00f3n: 09 de Febrero del 2026<\/p>\n<p>Conservaci\u00f3n: Ejercicio en curso y 2 Ejercicios anteriores.<\/p>\n<p>\u00c1rea que genera la informaci\u00f3n: Contabilidad<\/p>\n","protected":false},"excerpt":{"rendered":"<p>\u00a0XXVII. LAS CONCESIONES, CONTRATOS, CONVENIOS, PERMISIOS, LICENCIAS O AUTORIZACIONES OTORGADOS EJERCICIO 2025 CUARTO TRIMESTRE Formato XXVII. Las Concesiones , Contratos, Convenios, Permisos, Licencias o Autorizaciones Otorgados LTAIPEN_Art_33_Fr_XXVII TERCER TRIMESTRE Formato XXVII. Las Concesiones , Contratos, Convenios, Permisos, Licencias o Autorizaciones Otorgados LTAIPEN_Art_33_Fr_XXVII PRIMER TRIMESTRE Formato XXVII. Las Concesiones , Contratos, Convenios, Permisos, Licencias o Autorizaciones Otorgados LTAIPEN_Art_33_Fr_XXVII EJERCICIO 2024 CUARTO TRIMESTRE Formato XXVII. Las Concesiones , Contratos, Convenios, Permisos, Licencias o Autorizaciones Otorgados LTAIPEN_Art_33_Fr_XXVII TERCER TRIMESTRE Formato XXVII. Las Concesiones , Contratos, Convenios, Permisos, Licencias o Autorizaciones Otorgados LTAIPEN_Art_33_Fr_XXVII SEGUNDO TRIMESTRE Formato XXVII. Las Concesiones , Contratos, Convenios, Permisos, Licencias o Autorizaciones Otorgados LTAIPEN_Art_33_Fr_XXVII PRIMER TRIMESTRE Formato XXVII. Las Concesiones , Contratos, Convenios, Permisos, Licencias o Autorizaciones Otorgados LTAIPEN_Art_33_Fr_XXVII EJERCICIO 2023 CUARTO TRIMESTRE Formato XXVII. Las Concesiones , Contratos, Convenios, Permisos, Licencias o Autorizaciones Otorgados LTAIPEN_Art_33_Fr_XXVII TERCER TRIMESTRE Formato XXVII. Las Concesiones , Contratos, Convenios, Permisos, Licencias o Autorizaciones Otorgados LTAIPEN_Art_33_Fr_XXVII SEGUNDO TRIMESTRE Formato XXVII. Las Concesiones , Contratos, Convenios, Permisos, Licencias o Autorizaciones Otorgados LTAIPEN_Art_33_Fr_XXVII PRIMER TRIMESTRE Formato XXVII. Las Concesiones , Contratos, Convenios, Permisos, Licencias o Autorizaciones Otorgados LTAIPEN_Art_33_Fr_XXVII Periodo de actualizaci\u00f3n: Trimestral Fecha de Actualizaci\u00f3n: 09 de Febrero del 2026 Conservaci\u00f3n: Ejercicio en curso y 2 Ejercicios anteriores. \u00c1rea que genera la informaci\u00f3n: Contabilidad<\/p>\n","protected":false},"author":1,"featured_media":0,"parent":0,"menu_order":0,"comment_status":"closed","ping_status":"closed","template":"","meta":[],"_links":{"self":[{"href":"https:\/\/cmdh.bahiadebanderas.gob.mx\/index.php\/wp-json\/wp\/v2\/pages\/562"}],"collection":[{"href":"https:\/\/cmdh.bahiadebanderas.gob.mx\/index.php\/wp-json\/wp\/v2\/pages"}],"about":[{"href":"https:\/\/cmdh.bahiadebanderas.gob.mx\/index.php\/wp-json\/wp\/v2\/types\/page"}],"author":[{"embeddable":true,"href":"https:\/\/cmdh.bahiadebanderas.gob.mx\/index.php\/wp-json\/wp\/v2\/users\/1"}],"replies":[{"embeddable":true,"href":"https:\/\/cmdh.bahiadebanderas.gob.mx\/index.php\/wp-json\/wp\/v2\/comments?post=562"}],"version-history":[{"count":35,"href":"https:\/\/cmdh.bahiadebanderas.gob.mx\/index.php\/wp-json\/wp\/v2\/pages\/562\/revisions"}],"predecessor-version":[{"id":12267,"href":"https:\/\/cmdh.bahiadebanderas.gob.mx\/index.php\/wp-json\/wp\/v2\/pages\/562\/revisions\/12267"}],"wp:attachment":[{"href":"https:\/\/cmdh.bahiadebanderas.gob.mx\/index.php\/wp-json\/wp\/v2\/media?parent=562"}],"curies":[{"name":"wp","href":"https:\/\/api.w.org\/{rel}","templated":true}]}}