{"id":559,"date":"2020-06-16T11:25:58","date_gmt":"2020-06-16T17:25:58","guid":{"rendered":"https:\/\/cmdh.bahiadebanderas.gob.mx\/?page_id=559"},"modified":"2026-02-09T11:38:13","modified_gmt":"2026-02-09T17:38:13","slug":"xxvi-personas-fisicas-o-morales","status":"publish","type":"page","link":"https:\/\/cmdh.bahiadebanderas.gob.mx\/index.php\/xxvi-personas-fisicas-o-morales\/","title":{"rendered":"XXVI &#8211; Personas F\u00edsicas o Morales"},"content":{"rendered":"<h4>\u00a0<strong>XXVI. LOS MONTOS, CRITERIOS, CONVOCATORIAS Y LISTADOS DE PERSONAS F\u00cdSICAS Y MORALES A QUIENES, POR CUALQUIER MOTIVO, SE LES ASIGNE O PERMITA USAR RECURSO P\u00daBLICO, O EN LOS T\u00c9RMINOS DE LAS DISPOSICI\u00d3NES APLICABLES, REALICEN ACTOS DE AUTORIDAD<\/strong><\/h4>\n<p style=\"text-align: center;\"><strong>EJERCICIO 2025<\/strong><\/p>\n<p style=\"text-align: center;\"><strong>CUARTO TRIMESTRE<\/strong><\/p>\n<p>Formato XXVI. Personas F\u00edsicas o Morales a Quienes se Asigna o Permite Usar Recursos P\u00fablicos.<\/p>\n<p><a href=\"https:\/\/cmdh.bahiadebanderas.gob.mx\/wp-content\/uploads\/2026\/02\/LTAIPEN_Art_33_Fr_XXVI.xlsx\">LTAIPEN_Art_33_Fr_XXVI<\/a><\/p>\n<p style=\"text-align: center;\"><strong>TERCER TRIMESTRE<\/strong><\/p>\n<p>Formato XXVI. Personas F\u00edsicas o Morales a Quienes se Asigna o Permite Usar Recursos P\u00fablicos.<\/p>\n<p><a href=\"https:\/\/cmdh.bahiadebanderas.gob.mx\/wp-content\/uploads\/2025\/11\/LTAIPEN_Art_33_Fr_XXVI.xlsx\">LTAIPEN_Art_33_Fr_XXVI<\/a><\/p>\n<p style=\"text-align: center;\"><strong>PRIMER TRIMESTRE<\/strong><\/p>\n<p>Formato XXVI. Personas F\u00edsicas o Morales a Quienes se Asigna o Permite Usar Recursos P\u00fablicos.<\/p>\n<p><a href=\"https:\/\/cmdh.bahiadebanderas.gob.mx\/wp-content\/uploads\/2025\/05\/LTAIPEN_Art_33_Fr_XXVI-6.xlsx\">LTAIPEN_Art_33_Fr_XXVI<\/a><\/p>\n<style type=\"text\/css\" scoped=\"scoped\">.divider-69e7a028567d4{ margin-top: 30px;margin-bottom:30px;width:100%;}.divider-69e7a028567d4 .divider-border{border-bottom-width:5px; border-color:#f2f2f2;}.divider-69e7a028567d4 .double-line.divider-inner-item .divider-inner{border-top-width: 5px; border-bottom-width: 5px;}.divider-69e7a028567d4 .divider-border.divider-inner-item .divider-inner{ border-bottom-width: 5px;} <\/style><div class=\" divider divider-69e7a028567d4 divider-shadow center\" id=\"\" style=\"margin-top:; margin-bottom:;\"><div class=\"divider-inner divider-border\"><\/div><\/div>\n<p style=\"text-align: center;\"><strong>EJERCICIO 2024<\/strong><\/p>\n<p style=\"text-align: center;\"><strong>CUARTO TRIMESTRE<\/strong><\/p>\n<p>Formato XXVI. Personas F\u00edsicas o Morales a Quienes se Asigna o Permite Usar Recursos P\u00fablicos.<\/p>\n<p><a href=\"https:\/\/cmdh.bahiadebanderas.gob.mx\/wp-content\/uploads\/2025\/01\/LTAIPEN_Art_33_Fr_XXVI.xlsx\">LTAIPEN_Art_33_Fr_XXVI<\/a><\/p>\n<p style=\"text-align: center;\"><strong>TERCERO TRIMESTRE<\/strong><\/p>\n<p>Formato XXVI. Personas F\u00edsicas o Morales a Quienes se Asigna o Permite Usar Recursos P\u00fablicos.<\/p>\n<p><a href=\"https:\/\/cmdh.bahiadebanderas.gob.mx\/wp-content\/uploads\/2024\/10\/LTAIPEN_Art_33_Fr_XXVI.xlsx\">LTAIPEN_Art_33_Fr_XXVI<\/a><\/p>\n<p style=\"text-align: center;\"><strong>SEGUNDO TRIMESTRE<\/strong><\/p>\n<p>Formato XXVI. Personas F\u00edsicas o Morales a Quienes se Asigna o Permite Usar Recursos P\u00fablicos.<\/p>\n<p><a href=\"https:\/\/cmdh.bahiadebanderas.gob.mx\/wp-content\/uploads\/2024\/07\/LTAIPEN_Art_33_Fr_XXVI-5.xlsx\">LTAIPEN_Art_33_Fr_XXVI<\/a><\/p>\n<p style=\"text-align: center;\"><strong>PRIMER TRIMESTRE<\/strong><\/p>\n<p>Formato XXVI. Personas F\u00edsicas o Morales a Quienes se Asigna o Permite Usar Recursos P\u00fablicos.<\/p>\n<p><a href=\"https:\/\/cmdh.bahiadebanderas.gob.mx\/wp-content\/uploads\/2024\/04\/LTAIPEN_Art_33_Fr_XXVI-4.xlsx\">LTAIPEN_Art_33_Fr_XXVI<\/a><\/p>\n<style type=\"text\/css\" scoped=\"scoped\">.divider-69e7a02856833{ margin-top: 30px;margin-bottom:30px;width:100%;}.divider-69e7a02856833 .divider-border{border-bottom-width:5px; border-color:#f2f2f2;}.divider-69e7a02856833 .double-line.divider-inner-item .divider-inner{border-top-width: 5px; border-bottom-width: 5px;}.divider-69e7a02856833 .divider-border.divider-inner-item .divider-inner{ border-bottom-width: 5px;} <\/style><div class=\" divider divider-69e7a02856833 divider-shadow center\" id=\"\" style=\"margin-top:; margin-bottom:;\"><div class=\"divider-inner divider-border\"><\/div><\/div>\n<p style=\"text-align: center;\"><strong>EJERCICIO 2023<\/strong><\/p>\n<p style=\"text-align: center;\"><strong>CUARTO TRIMESTRE<\/strong><\/p>\n<p>Formato XXVI. Personas F\u00edsicas o Morales a Quienes se Asigna o Permite Usar Recursos P\u00fablicos.<\/p>\n<p><a href=\"https:\/\/cmdh.bahiadebanderas.gob.mx\/wp-content\/uploads\/2024\/01\/LTAIPEN_Art_33_Fr_XXVI-3.xlsx\">LTAIPEN_Art_33_Fr_XXVI<\/a><\/p>\n<p style=\"text-align: center;\"><strong>TERCER TRIMESTRE<\/strong><\/p>\n<p>Formato XXVI. Personas F\u00edsicas o Morales a Quienes se Asigna o Permite Usar Recursos P\u00fablicos.<\/p>\n<p><a href=\"https:\/\/cmdh.bahiadebanderas.gob.mx\/wp-content\/uploads\/2023\/10\/LTAIPEN_Art_33_Fr_XXVI-1.xlsx\">LTAIPEN_Art_33_Fr_XXVI<\/a><\/p>\n<p style=\"text-align: center;\"><strong>SEGUNDO TRIMESTRE<\/strong><\/p>\n<p>Formato XXVI. Personas F\u00edsicas o Morales a Quienes se Asigna o Permite Usar Recursos P\u00fablicos.<\/p>\n<p><a href=\"https:\/\/cmdh.bahiadebanderas.gob.mx\/wp-content\/uploads\/2023\/07\/LTAIPEN_Art_33_Fr_XXVI.xlsx\">LTAIPEN_Art_33_Fr_XXVI<\/a><\/p>\n<p style=\"text-align: center;\"><strong>PRIMER TRIMESTRE<\/strong><\/p>\n<p>Formato XXVI. Personas F\u00edsicas o Morales a Quienes se Asigna o Permite Usar Recursos P\u00fablicos.<\/p>\n<p><a href=\"https:\/\/cmdh.bahiadebanderas.gob.mx\/wp-content\/uploads\/2022\/04\/LTAIPEN_Art_33_Fr_XXVI.xlsx\">LTAIPEN_Art_33_Fr_XXVI<\/a><\/p>\n<style type=\"text\/css\" scoped=\"scoped\">.divider-69e7a0285685e{ margin-top: 30px;margin-bottom:30px;width:100%;}.divider-69e7a0285685e .divider-border{border-bottom-width:5px; border-color:#f2f2f2;}.divider-69e7a0285685e .double-line.divider-inner-item .divider-inner{border-top-width: 5px; border-bottom-width: 5px;}.divider-69e7a0285685e .divider-border.divider-inner-item .divider-inner{ border-bottom-width: 5px;} <\/style><div class=\" divider divider-69e7a0285685e divider-shadow center\" id=\"\" style=\"margin-top:; margin-bottom:;\"><div class=\"divider-inner divider-border\"><\/div><\/div>\n<p>Periodo de actualizaci\u00f3n: Trimestral<\/p>\n<p>Fecha de Actualizaci\u00f3n: 09 de Febrero del 2026<\/p>\n<p>Conservaci\u00f3n: Ejercicio en curso y 2 ejercicios anteriores.<\/p>\n<p>\u00c1rea que genera la informaci\u00f3n: Contabilidad<\/p>\n","protected":false},"excerpt":{"rendered":"<p>\u00a0XXVI. LOS MONTOS, CRITERIOS, CONVOCATORIAS Y LISTADOS DE PERSONAS F\u00cdSICAS Y MORALES A QUIENES, POR CUALQUIER MOTIVO, SE LES ASIGNE O PERMITA USAR RECURSO P\u00daBLICO, O EN LOS T\u00c9RMINOS DE LAS DISPOSICI\u00d3NES APLICABLES, REALICEN ACTOS DE AUTORIDAD EJERCICIO 2025 CUARTO TRIMESTRE Formato XXVI. Personas F\u00edsicas o Morales a Quienes se Asigna o Permite Usar Recursos P\u00fablicos. LTAIPEN_Art_33_Fr_XXVI TERCER TRIMESTRE Formato XXVI. Personas F\u00edsicas o Morales a Quienes se Asigna o Permite Usar Recursos P\u00fablicos. LTAIPEN_Art_33_Fr_XXVI PRIMER TRIMESTRE Formato XXVI. Personas F\u00edsicas o Morales a Quienes se Asigna o Permite Usar Recursos P\u00fablicos. LTAIPEN_Art_33_Fr_XXVI EJERCICIO 2024 CUARTO TRIMESTRE Formato XXVI. Personas F\u00edsicas o Morales a Quienes se Asigna o Permite Usar Recursos P\u00fablicos. LTAIPEN_Art_33_Fr_XXVI TERCERO TRIMESTRE Formato XXVI. Personas F\u00edsicas o Morales a Quienes se Asigna o Permite Usar Recursos P\u00fablicos. LTAIPEN_Art_33_Fr_XXVI SEGUNDO TRIMESTRE Formato XXVI. Personas F\u00edsicas o Morales a Quienes se Asigna o Permite Usar Recursos P\u00fablicos. LTAIPEN_Art_33_Fr_XXVI PRIMER TRIMESTRE Formato XXVI. Personas F\u00edsicas o Morales a Quienes se Asigna o Permite Usar Recursos P\u00fablicos. LTAIPEN_Art_33_Fr_XXVI EJERCICIO 2023 CUARTO TRIMESTRE Formato XXVI. Personas F\u00edsicas o Morales a Quienes se Asigna o Permite Usar Recursos P\u00fablicos. LTAIPEN_Art_33_Fr_XXVI TERCER TRIMESTRE Formato XXVI. Personas F\u00edsicas o Morales a Quienes se Asigna o Permite Usar Recursos P\u00fablicos. LTAIPEN_Art_33_Fr_XXVI SEGUNDO TRIMESTRE Formato XXVI. Personas F\u00edsicas o Morales a Quienes se Asigna o Permite Usar Recursos P\u00fablicos. LTAIPEN_Art_33_Fr_XXVI PRIMER TRIMESTRE Formato XXVI. Personas F\u00edsicas o Morales a Quienes se Asigna o Permite Usar Recursos P\u00fablicos. LTAIPEN_Art_33_Fr_XXVI Periodo de actualizaci\u00f3n: Trimestral Fecha de Actualizaci\u00f3n: 09 de Febrero del 2026 Conservaci\u00f3n: Ejercicio en curso y 2 ejercicios anteriores. \u00c1rea que genera la informaci\u00f3n: Contabilidad<\/p>\n","protected":false},"author":1,"featured_media":0,"parent":0,"menu_order":0,"comment_status":"closed","ping_status":"closed","template":"","meta":[],"_links":{"self":[{"href":"https:\/\/cmdh.bahiadebanderas.gob.mx\/index.php\/wp-json\/wp\/v2\/pages\/559"}],"collection":[{"href":"https:\/\/cmdh.bahiadebanderas.gob.mx\/index.php\/wp-json\/wp\/v2\/pages"}],"about":[{"href":"https:\/\/cmdh.bahiadebanderas.gob.mx\/index.php\/wp-json\/wp\/v2\/types\/page"}],"author":[{"embeddable":true,"href":"https:\/\/cmdh.bahiadebanderas.gob.mx\/index.php\/wp-json\/wp\/v2\/users\/1"}],"replies":[{"embeddable":true,"href":"https:\/\/cmdh.bahiadebanderas.gob.mx\/index.php\/wp-json\/wp\/v2\/comments?post=559"}],"version-history":[{"count":31,"href":"https:\/\/cmdh.bahiadebanderas.gob.mx\/index.php\/wp-json\/wp\/v2\/pages\/559\/revisions"}],"predecessor-version":[{"id":12264,"href":"https:\/\/cmdh.bahiadebanderas.gob.mx\/index.php\/wp-json\/wp\/v2\/pages\/559\/revisions\/12264"}],"wp:attachment":[{"href":"https:\/\/cmdh.bahiadebanderas.gob.mx\/index.php\/wp-json\/wp\/v2\/media?parent=559"}],"curies":[{"name":"wp","href":"https:\/\/api.w.org\/{rel}","templated":true}]}}