{"id":557,"date":"2020-06-16T11:24:09","date_gmt":"2020-06-16T17:24:09","guid":{"rendered":"https:\/\/cmdh.bahiadebanderas.gob.mx\/?page_id=557"},"modified":"2025-05-05T13:00:08","modified_gmt":"2025-05-05T19:00:08","slug":"xxv-dictaminacion-de-los-estados-financieros","status":"publish","type":"page","link":"https:\/\/cmdh.bahiadebanderas.gob.mx\/index.php\/xxv-dictaminacion-de-los-estados-financieros\/","title":{"rendered":"XXV &#8211; Dictaminaci\u00f3n de los Estados Financieros"},"content":{"rendered":"<h4>\u00a0<strong>XXV. EL RESULTADO DE LA DICTAMINACI\u00d3N DE LOS ESTADOS FINANCIEROS<\/strong><\/h4>\n<p style=\"text-align: center;\"><strong>EJERCICIO 2025<\/strong><\/p>\n<p style=\"text-align: center;\"><strong>ANUAL<\/strong><\/p>\n<p>Formato XXV. Resultados de la Dictaminaci\u00f3n de los Estados Financieros<\/p>\n<p><a href=\"https:\/\/cmdh.bahiadebanderas.gob.mx\/wp-content\/uploads\/2025\/05\/LTAIPEN_Art_33_Fr_XXV-8.xlsx\">LTAIPEN_Art_33_Fr_XXV<\/a><\/p>\n<style type=\"text\/css\" scoped=\"scoped\">.divider-69e7b49ccbe0f{ margin-top: 30px;margin-bottom:30px;width:100%;}.divider-69e7b49ccbe0f .divider-border{border-bottom-width:5px; border-color:#f2f2f2;}.divider-69e7b49ccbe0f .double-line.divider-inner-item .divider-inner{border-top-width: 5px; border-bottom-width: 5px;}.divider-69e7b49ccbe0f .divider-border.divider-inner-item .divider-inner{ border-bottom-width: 5px;} <\/style><div class=\" divider divider-69e7b49ccbe0f divider-shadow center\" id=\"\" style=\"margin-top:; margin-bottom:;\"><div class=\"divider-inner divider-border\"><\/div><\/div>\n<p style=\"text-align: center;\"><strong>EJERCICIO 2024<\/strong><\/p>\n<p style=\"text-align: center;\"><strong>ANUAL<\/strong><\/p>\n<p>Formato XXV. Resultados de la Dictaminaci\u00f3n de los Estados Financieros<\/p>\n<p><a href=\"https:\/\/cmdh.bahiadebanderas.gob.mx\/wp-content\/uploads\/2024\/10\/LTAIPEN_Art_33_Fr_XXV.xlsx\">LTAIPEN_Art_33_Fr_XXV<\/a><\/p>\n<style type=\"text\/css\" scoped=\"scoped\">.divider-69e7b49ccbe72{ margin-top: 30px;margin-bottom:30px;width:100%;}.divider-69e7b49ccbe72 .divider-border{border-bottom-width:5px; border-color:#f2f2f2;}.divider-69e7b49ccbe72 .double-line.divider-inner-item .divider-inner{border-top-width: 5px; border-bottom-width: 5px;}.divider-69e7b49ccbe72 .divider-border.divider-inner-item .divider-inner{ border-bottom-width: 5px;} <\/style><div class=\" divider divider-69e7b49ccbe72 divider-shadow center\" id=\"\" style=\"margin-top:; margin-bottom:;\"><div class=\"divider-inner divider-border\"><\/div><\/div>\n<p style=\"text-align: center;\"><strong>EJERCICIO 2023<\/strong><\/p>\n<p style=\"text-align: center;\"><strong>ANUAL<\/strong><\/p>\n<p>Formato XXV. Resultados de la Dictaminaci\u00f3n de los Estados Financieros<\/p>\n<p><a href=\"https:\/\/cmdh.bahiadebanderas.gob.mx\/wp-content\/uploads\/2024\/01\/LTAIPEN_Art_33_Fr_XXV-4to.xlsx\">LTAIPEN_Art_33_Fr_XXV<\/a><\/p>\n<style type=\"text\/css\" scoped=\"scoped\">.divider-69e7b49ccbe9b{ margin-top: 30px;margin-bottom:30px;width:100%;}.divider-69e7b49ccbe9b .divider-border{border-bottom-width:5px; border-color:#f2f2f2;}.divider-69e7b49ccbe9b .double-line.divider-inner-item .divider-inner{border-top-width: 5px; border-bottom-width: 5px;}.divider-69e7b49ccbe9b .divider-border.divider-inner-item .divider-inner{ border-bottom-width: 5px;} <\/style><div class=\" divider divider-69e7b49ccbe9b divider-shadow center\" id=\"\" style=\"margin-top:; margin-bottom:;\"><div class=\"divider-inner divider-border\"><\/div><\/div>\n<p style=\"text-align: center;\"><strong>EJERCICIO 2022<\/strong><\/p>\n<p style=\"text-align: center;\"><strong>ANUAL<\/strong><\/p>\n<p>Formato XXV. Resultados de la Dictaminaci\u00f3n de los Estados Financieros<\/p>\n<p><a href=\"https:\/\/cmdh.bahiadebanderas.gob.mx\/wp-content\/uploads\/2025\/01\/LTAIPEN_Art_33_Fr_XXV.xlsx\">LTAIPEN_Art_33_Fr_XXV<\/a><\/p>\n<style type=\"text\/css\" scoped=\"scoped\">.divider-69e7b49ccbebd{ margin-top: 30px;margin-bottom:30px;width:100%;}.divider-69e7b49ccbebd .divider-border{border-bottom-width:5px; border-color:#f2f2f2;}.divider-69e7b49ccbebd .double-line.divider-inner-item .divider-inner{border-top-width: 5px; border-bottom-width: 5px;}.divider-69e7b49ccbebd .divider-border.divider-inner-item .divider-inner{ border-bottom-width: 5px;} <\/style><div class=\" divider divider-69e7b49ccbebd divider-shadow center\" id=\"\" style=\"margin-top:; margin-bottom:;\"><div class=\"divider-inner divider-border\"><\/div><\/div>\n<p style=\"text-align: center;\"><strong>EJERCICIO 2021<\/strong><\/p>\n<p style=\"text-align: center;\"><strong>ANUAL<\/strong><\/p>\n<p>Formato XXV. Resultados de la Dictaminaci\u00f3n de los Estados Financieros<\/p>\n<p><a href=\"https:\/\/cmdh.bahiadebanderas.gob.mx\/wp-content\/uploads\/2022\/07\/LTAIPEN_Art_33_Fr_XXV.xlsx\">LTAIPEN_Art_33_Fr_XXV<\/a><\/p>\n<style type=\"text\/css\" scoped=\"scoped\">.divider-69e7b49ccbedb{ margin-top: 30px;margin-bottom:30px;width:100%;}.divider-69e7b49ccbedb .divider-border{border-bottom-width:5px; border-color:#f2f2f2;}.divider-69e7b49ccbedb .double-line.divider-inner-item .divider-inner{border-top-width: 5px; border-bottom-width: 5px;}.divider-69e7b49ccbedb .divider-border.divider-inner-item .divider-inner{ border-bottom-width: 5px;} <\/style><div class=\" divider divider-69e7b49ccbedb divider-shadow center\" id=\"\" style=\"margin-top:; margin-bottom:;\"><div class=\"divider-inner divider-border\"><\/div><\/div>\n<p style=\"text-align: center;\"><strong>EJERCICIO 2020<\/strong><\/p>\n<p style=\"text-align: center;\"><strong>ANUAL<\/strong><\/p>\n<p>Formato XXV. Resultados de la Dictaminaci\u00f3n de los Estados Financieros<\/p>\n<p><a href=\"https:\/\/cmdh.bahiadebanderas.gob.mx\/wp-content\/uploads\/2021\/10\/LTAIPEN_Art_33_Fr_XXV-1.xlsx\">LTAIPEN_Art_33_Fr_XXV<\/a><\/p>\n<style type=\"text\/css\" scoped=\"scoped\">.divider-69e7b49ccbef7{ margin-top: 30px;margin-bottom:30px;width:100%;}.divider-69e7b49ccbef7 .divider-border{border-bottom-width:5px; border-color:#f2f2f2;}.divider-69e7b49ccbef7 .double-line.divider-inner-item .divider-inner{border-top-width: 5px; border-bottom-width: 5px;}.divider-69e7b49ccbef7 .divider-border.divider-inner-item .divider-inner{ border-bottom-width: 5px;} <\/style><div class=\" divider divider-69e7b49ccbef7 divider-shadow center\" id=\"\" style=\"margin-top:; margin-bottom:;\"><div class=\"divider-inner divider-border\"><\/div><\/div>\n<p style=\"text-align: center;\"><strong>EJERCICIO 2019<\/strong><\/p>\n<p style=\"text-align: center;\"><strong>ANUAL<\/strong><\/p>\n<p>Formato XXV. Resultados de la Dictaminaci\u00f3n de los Estados Financieros<\/p>\n<p><a href=\"https:\/\/cmdh.bahiadebanderas.gob.mx\/wp-content\/uploads\/2020\/12\/LTAIPEN_Art_33_Fr_XXV-1.xlsx\">LTAIPEN_Art_33_Fr_XXV<\/a><\/p>\n<style type=\"text\/css\" scoped=\"scoped\">.divider-69e7b49ccbf13{ margin-top: 30px;margin-bottom:30px;width:100%;}.divider-69e7b49ccbf13 .divider-border{border-bottom-width:5px; border-color:#f2f2f2;}.divider-69e7b49ccbf13 .double-line.divider-inner-item .divider-inner{border-top-width: 5px; border-bottom-width: 5px;}.divider-69e7b49ccbf13 .divider-border.divider-inner-item .divider-inner{ border-bottom-width: 5px;} <\/style><div class=\" divider divider-69e7b49ccbf13 divider-shadow center\" id=\"\" style=\"margin-top:; margin-bottom:;\"><div class=\"divider-inner divider-border\"><\/div><\/div>\n<p>Periodo de actualizaci\u00f3n: Anual<\/p>\n<p>Fecha de Actualizaci\u00f3n: 05 de Mayo del 2025<\/p>\n<p>Conservaci\u00f3n: Informaci\u00f3n correspondiente y 6 Ejercicios anteriores.<\/p>\n<p>\u00c1rea que genera la informaci\u00f3n: Contabilidad<\/p>\n","protected":false},"excerpt":{"rendered":"<p>\u00a0XXV. EL RESULTADO DE LA DICTAMINACI\u00d3N DE LOS ESTADOS FINANCIEROS EJERCICIO 2025 ANUAL Formato XXV. Resultados de la Dictaminaci\u00f3n de los Estados Financieros LTAIPEN_Art_33_Fr_XXV EJERCICIO 2024 ANUAL Formato XXV. Resultados de la Dictaminaci\u00f3n de los Estados Financieros LTAIPEN_Art_33_Fr_XXV EJERCICIO 2023 ANUAL Formato XXV. Resultados de la Dictaminaci\u00f3n de los Estados Financieros LTAIPEN_Art_33_Fr_XXV EJERCICIO 2022 ANUAL Formato XXV. Resultados de la Dictaminaci\u00f3n de los Estados Financieros LTAIPEN_Art_33_Fr_XXV EJERCICIO 2021 ANUAL Formato XXV. Resultados de la Dictaminaci\u00f3n de los Estados Financieros LTAIPEN_Art_33_Fr_XXV EJERCICIO 2020 ANUAL Formato XXV. Resultados de la Dictaminaci\u00f3n de los Estados Financieros LTAIPEN_Art_33_Fr_XXV EJERCICIO 2019 ANUAL Formato XXV. Resultados de la Dictaminaci\u00f3n de los Estados Financieros LTAIPEN_Art_33_Fr_XXV Periodo de actualizaci\u00f3n: Anual Fecha de Actualizaci\u00f3n: 05 de Mayo del 2025 Conservaci\u00f3n: Informaci\u00f3n correspondiente y 6 Ejercicios anteriores. \u00c1rea que genera la informaci\u00f3n: Contabilidad<\/p>\n","protected":false},"author":1,"featured_media":0,"parent":0,"menu_order":0,"comment_status":"closed","ping_status":"closed","template":"","meta":[],"_links":{"self":[{"href":"https:\/\/cmdh.bahiadebanderas.gob.mx\/index.php\/wp-json\/wp\/v2\/pages\/557"}],"collection":[{"href":"https:\/\/cmdh.bahiadebanderas.gob.mx\/index.php\/wp-json\/wp\/v2\/pages"}],"about":[{"href":"https:\/\/cmdh.bahiadebanderas.gob.mx\/index.php\/wp-json\/wp\/v2\/types\/page"}],"author":[{"embeddable":true,"href":"https:\/\/cmdh.bahiadebanderas.gob.mx\/index.php\/wp-json\/wp\/v2\/users\/1"}],"replies":[{"embeddable":true,"href":"https:\/\/cmdh.bahiadebanderas.gob.mx\/index.php\/wp-json\/wp\/v2\/comments?post=557"}],"version-history":[{"count":31,"href":"https:\/\/cmdh.bahiadebanderas.gob.mx\/index.php\/wp-json\/wp\/v2\/pages\/557\/revisions"}],"predecessor-version":[{"id":11439,"href":"https:\/\/cmdh.bahiadebanderas.gob.mx\/index.php\/wp-json\/wp\/v2\/pages\/557\/revisions\/11439"}],"wp:attachment":[{"href":"https:\/\/cmdh.bahiadebanderas.gob.mx\/index.php\/wp-json\/wp\/v2\/media?parent=557"}],"curies":[{"name":"wp","href":"https:\/\/api.w.org\/{rel}","templated":true}]}}