{"id":551,"date":"2020-06-16T10:19:37","date_gmt":"2020-06-16T16:19:37","guid":{"rendered":"https:\/\/cmdh.bahiadebanderas.gob.mx\/?page_id=551"},"modified":"2026-02-09T11:35:09","modified_gmt":"2026-02-09T17:35:09","slug":"xxiv-resultado-de-auditorias","status":"publish","type":"page","link":"https:\/\/cmdh.bahiadebanderas.gob.mx\/index.php\/xxiv-resultado-de-auditorias\/","title":{"rendered":"XXIV &#8211; Resultado de Auditor\u00edas"},"content":{"rendered":"<h3 style=\"text-align: left;\"><strong>XXIV. LOS INFORMES DE RESULTADOS DE LAS AUDITOR\u00cdAS AL EJERCICIO PRESUPUESTAL DE CADA SUJETO OBLIGADO QUE SE REALICEN Y, EN SU CASO, LAS ACLARACIONES QUE CORRESPONDAN<\/strong><\/h3>\n<p style=\"text-align: center;\"><strong>EJERCICIO 2025<\/strong><\/p>\n<p style=\"text-align: center;\"><strong>CUARTO TRIMESTRE<\/strong><\/p>\n<p>Formato XXIV. Informes de Resultados de las Auditor\u00edas al Ejercicio Presupuestal<\/p>\n<p><a href=\"https:\/\/cmdh.bahiadebanderas.gob.mx\/wp-content\/uploads\/2026\/02\/LTAIPEN_Art_33_Fr_XXIV.xlsx\">LTAIPEN_Art_33_Fr_XXIV<\/a><\/p>\n<p style=\"text-align: center;\"><strong>TERCER TRIMESTRE<\/strong><\/p>\n<p>Formato XXIV. Informes de Resultados de las Auditor\u00edas al Ejercicio Presupuestal<\/p>\n<p><a href=\"https:\/\/cmdh.bahiadebanderas.gob.mx\/wp-content\/uploads\/2025\/11\/LTAIPEN_Art_33_Fr_XXIV.xlsx\">LTAIPEN_Art_33_Fr_XXIV<\/a><\/p>\n<p style=\"text-align: center;\"><strong>PRIMER TRIMESTRE<\/strong><\/p>\n<p>Formato XXIV. Informes de Resultados de las Auditor\u00edas al Ejercicio Presupuestal<\/p>\n<p><a href=\"https:\/\/cmdh.bahiadebanderas.gob.mx\/wp-content\/uploads\/2025\/05\/LTAIPEN_Art_33_Fr_XXIV-6.xlsx\">LTAIPEN_Art_33_Fr_XXIV<\/a><\/p>\n<style type=\"text\/css\" scoped=\"scoped\">.divider-69e79bf942159{ margin-top: 30px;margin-bottom:30px;width:100%;}.divider-69e79bf942159 .divider-border{border-bottom-width:5px; border-color:#f2f2f2;}.divider-69e79bf942159 .double-line.divider-inner-item .divider-inner{border-top-width: 5px; border-bottom-width: 5px;}.divider-69e79bf942159 .divider-border.divider-inner-item .divider-inner{ border-bottom-width: 5px;} <\/style><div class=\" divider divider-69e79bf942159 divider-shadow center\" id=\"\" style=\"margin-top:; margin-bottom:;\"><div class=\"divider-inner divider-border\"><\/div><\/div>\n<p style=\"text-align: center;\"><strong>EJERCICIO 2024<\/strong><\/p>\n<p style=\"text-align: center;\"><strong>CUARTO TRIMESTRE<\/strong><\/p>\n<p>Formato XXIV. Informes de Resultados de las Auditor\u00edas al Ejercicio Presupuestal<\/p>\n<p><a href=\"https:\/\/cmdh.bahiadebanderas.gob.mx\/wp-content\/uploads\/2025\/01\/LTAIPEN_Art_33_Fr_XXIV.xlsx\">LTAIPEN_Art_33_Fr_XXIV<\/a><\/p>\n<p style=\"text-align: center;\"><strong>TERCER TRIMESTRE<\/strong><\/p>\n<p>Formato XXIV. Informes de Resultados de las Auditor\u00edas al Ejercicio Presupuestal<\/p>\n<p><a href=\"https:\/\/cmdh.bahiadebanderas.gob.mx\/wp-content\/uploads\/2024\/10\/LTAIPEN_Art_33_Fr_XXIV.xlsx\">LTAIPEN_Art_33_Fr_XXIV<\/a><\/p>\n<p style=\"text-align: center;\"><strong>SEGUNDO TRIMESTRE<\/strong><\/p>\n<p>Formato XXIV. Informes de Resultados de las Auditor\u00edas al Ejercicio Presupuestal<\/p>\n<p><a href=\"https:\/\/cmdh.bahiadebanderas.gob.mx\/wp-content\/uploads\/2024\/07\/LTAIPEN_Art_33_Fr_XXIV-5.xlsx\">LTAIPEN_Art_33_Fr_XXIV<\/a><\/p>\n<p style=\"text-align: center;\"><strong>PRIMER TRIMESTRE<\/strong><\/p>\n<p>Formato XXIV. Informes de Resultados de las Auditor\u00edas al Ejercicio Presupuestal<\/p>\n<p><a href=\"https:\/\/cmdh.bahiadebanderas.gob.mx\/wp-content\/uploads\/2024\/04\/LTAIPEN_Art_33_Fr_XXIV-4.xlsx\">LTAIPEN_Art_33_Fr_XXIV<\/a><\/p>\n<style type=\"text\/css\" scoped=\"scoped\">.divider-69e79bf9421b2{ margin-top: 30px;margin-bottom:30px;width:100%;}.divider-69e79bf9421b2 .divider-border{border-bottom-width:5px; border-color:#f2f2f2;}.divider-69e79bf9421b2 .double-line.divider-inner-item .divider-inner{border-top-width: 5px; border-bottom-width: 5px;}.divider-69e79bf9421b2 .divider-border.divider-inner-item .divider-inner{ border-bottom-width: 5px;} <\/style><div class=\" divider divider-69e79bf9421b2 divider-shadow center\" id=\"\" style=\"margin-top:; margin-bottom:;\"><div class=\"divider-inner divider-border\"><\/div><\/div>\n<p style=\"text-align: center;\"><strong>EJERCICIO 2023<\/strong><\/p>\n<p style=\"text-align: center;\"><strong>CUARTO TRIMESTRE<\/strong><\/p>\n<p>Formato XXIV. Informes de Resultados de las Auditor\u00edas al Ejercicio Presupuestal<\/p>\n<p><a href=\"https:\/\/cmdh.bahiadebanderas.gob.mx\/wp-content\/uploads\/2024\/01\/LTAIPEN_Art_33_Fr_XXIV-4to.xlsx\">LTAIPEN_Art_33_Fr_XXIV<\/a><\/p>\n<p style=\"text-align: center;\"><strong>TERCER TRIMESTRE<\/strong><\/p>\n<p>Formato XXIV. Informes de Resultados de las Auditor\u00edas al Ejercicio Presupuestal<\/p>\n<p><a href=\"https:\/\/cmdh.bahiadebanderas.gob.mx\/wp-content\/uploads\/2023\/10\/LTAIPEN_Art_33_Fr_XXIV-2-1.xlsx\">LTAIPEN_Art_33_Fr_XXIV<\/a><\/p>\n<p style=\"text-align: center;\"><strong>SEGUNDO TRIMESTRE<\/strong><\/p>\n<p>Formato XXIV. Informes de Resultados de las Auditor\u00edas al Ejercicio Presupuestal<\/p>\n<p><a href=\"https:\/\/cmdh.bahiadebanderas.gob.mx\/wp-content\/uploads\/2023\/07\/LTAIPEN_Art_33_Fr_XXIV.xlsx\">LTAIPEN_Art_33_Fr_XXIV<\/a><\/p>\n<p style=\"text-align: center;\"><strong>PRIMER TRIMESTRE<\/strong><\/p>\n<p>Formato XXIV. Informes de Resultados de las Auditor\u00edas al Ejercicio Presupuestal<\/p>\n<p><a href=\"https:\/\/cmdh.bahiadebanderas.gob.mx\/wp-content\/uploads\/2023\/05\/LTAIPEN_Art_33_Fr_XXIV-1.xlsx\">LTAIPEN_Art_33_Fr_XXIV<\/a><\/p>\n<style type=\"text\/css\" scoped=\"scoped\">.divider-69e79bf9421da{ margin-top: 30px;margin-bottom:30px;width:100%;}.divider-69e79bf9421da .divider-border{border-bottom-width:5px; border-color:#f2f2f2;}.divider-69e79bf9421da .double-line.divider-inner-item .divider-inner{border-top-width: 5px; border-bottom-width: 5px;}.divider-69e79bf9421da .divider-border.divider-inner-item .divider-inner{ border-bottom-width: 5px;} <\/style><div class=\" divider divider-69e79bf9421da divider-shadow center\" id=\"\" style=\"margin-top:; margin-bottom:;\"><div class=\"divider-inner divider-border\"><\/div><\/div>\n<p style=\"text-align: center;\"><strong>EJERCICIO 2022<\/strong><\/p>\n<p style=\"text-align: center;\"><strong>PRIMER TRIMESTRE<\/strong><\/p>\n<p>Formato XXIV. Informes de Resultados de las Auditor\u00edas al Ejercicio Presupuestal<\/p>\n<p><a href=\"https:\/\/cmdh.bahiadebanderas.gob.mx\/wp-content\/uploads\/2022\/04\/LTAIPEN_Art_33_Fr_XXIV.xlsx\">LTAIPEN_Art_33_Fr_XXIV<\/a><\/p>\n<p style=\"text-align: center;\"><strong>SEGUNDO TRIMESTRE<\/strong><\/p>\n<p>Formato XXIV. Informes de Resultados de las Auditor\u00edas al Ejercicio Presupuestal<\/p>\n<p><a href=\"https:\/\/cmdh.bahiadebanderas.gob.mx\/wp-content\/uploads\/2022\/07\/LTAIPEN_Art_33_Fr_XXIV.xlsx\">LTAIPEN_Art_33_Fr_XXIV<\/a><\/p>\n<p style=\"text-align: center;\"><strong>TERCER TRIMESTRE<\/strong><\/p>\n<p>Formato XXIV. Informes de Resultados de las Auditor\u00edas al Ejercicio Presupuestal<\/p>\n<p><a href=\"https:\/\/cmdh.bahiadebanderas.gob.mx\/wp-content\/uploads\/2023\/03\/LTAIPEN_Art_33_Fr_XXIV-1.xlsx\">LTAIPEN_Art_33_Fr_XXIV<\/a><\/p>\n<p style=\"text-align: center;\"><strong>\u00a0CUARTO TRIMESTRE<\/strong><\/p>\n<p>Formato XXIV. Informes de Resultados de las Auditor\u00edas al Ejercicio Presupuestal<\/p>\n<p><a href=\"https:\/\/cmdh.bahiadebanderas.gob.mx\/wp-content\/uploads\/2023\/03\/LTAIPEN_Art_33_Fr_XXIV.xlsx\">LTAIPEN_Art_33_Fr_XXIV<\/a><\/p>\n<style type=\"text\/css\" scoped=\"scoped\">.divider-69e79bf9421fa{ margin-top: 30px;margin-bottom:30px;width:100%;}.divider-69e79bf9421fa .divider-border{border-bottom-width:5px; border-color:#f2f2f2;}.divider-69e79bf9421fa .double-line.divider-inner-item .divider-inner{border-top-width: 5px; border-bottom-width: 5px;}.divider-69e79bf9421fa .divider-border.divider-inner-item .divider-inner{ border-bottom-width: 5px;} <\/style><div class=\" divider divider-69e79bf9421fa divider-shadow center\" id=\"\" style=\"margin-top:; margin-bottom:;\"><div class=\"divider-inner divider-border\"><\/div><\/div>\n<p>Periodo de actualizaci\u00f3n: Trimestral<\/p>\n<p>Fecha de Actualizaci\u00f3n: 09 de Febrero del 2026<\/p>\n<p>Conservaci\u00f3n: Ejercicio en curso y 3 ejercicios anteriores.<\/p>\n<p>\u00c1rea que genera la informaci\u00f3n: Contabilidad<\/p>\n","protected":false},"excerpt":{"rendered":"<p>XXIV. LOS INFORMES DE RESULTADOS DE LAS AUDITOR\u00cdAS AL EJERCICIO PRESUPUESTAL DE CADA SUJETO OBLIGADO QUE SE REALICEN Y, EN SU CASO, LAS ACLARACIONES QUE CORRESPONDAN EJERCICIO 2025 CUARTO TRIMESTRE Formato XXIV. Informes de Resultados de las Auditor\u00edas al Ejercicio Presupuestal LTAIPEN_Art_33_Fr_XXIV TERCER TRIMESTRE Formato XXIV. Informes de Resultados de las Auditor\u00edas al Ejercicio Presupuestal LTAIPEN_Art_33_Fr_XXIV PRIMER TRIMESTRE Formato XXIV. Informes de Resultados de las Auditor\u00edas al Ejercicio Presupuestal LTAIPEN_Art_33_Fr_XXIV EJERCICIO 2024 CUARTO TRIMESTRE Formato XXIV. Informes de Resultados de las Auditor\u00edas al Ejercicio Presupuestal LTAIPEN_Art_33_Fr_XXIV TERCER TRIMESTRE Formato XXIV. Informes de Resultados de las Auditor\u00edas al Ejercicio Presupuestal LTAIPEN_Art_33_Fr_XXIV SEGUNDO TRIMESTRE Formato XXIV. Informes de Resultados de las Auditor\u00edas al Ejercicio Presupuestal LTAIPEN_Art_33_Fr_XXIV PRIMER TRIMESTRE Formato XXIV. Informes de Resultados de las Auditor\u00edas al Ejercicio Presupuestal LTAIPEN_Art_33_Fr_XXIV EJERCICIO 2023 CUARTO TRIMESTRE Formato XXIV. Informes de Resultados de las Auditor\u00edas al Ejercicio Presupuestal LTAIPEN_Art_33_Fr_XXIV TERCER TRIMESTRE Formato XXIV. Informes de Resultados de las Auditor\u00edas al Ejercicio Presupuestal LTAIPEN_Art_33_Fr_XXIV SEGUNDO TRIMESTRE Formato XXIV. Informes de Resultados de las Auditor\u00edas al Ejercicio Presupuestal LTAIPEN_Art_33_Fr_XXIV PRIMER TRIMESTRE Formato XXIV. Informes de Resultados de las Auditor\u00edas al Ejercicio Presupuestal LTAIPEN_Art_33_Fr_XXIV EJERCICIO 2022 PRIMER TRIMESTRE Formato XXIV. Informes de Resultados de las Auditor\u00edas al Ejercicio Presupuestal LTAIPEN_Art_33_Fr_XXIV SEGUNDO TRIMESTRE Formato XXIV. Informes de Resultados de las Auditor\u00edas al Ejercicio Presupuestal LTAIPEN_Art_33_Fr_XXIV TERCER TRIMESTRE Formato XXIV. Informes de Resultados de las Auditor\u00edas al Ejercicio Presupuestal LTAIPEN_Art_33_Fr_XXIV \u00a0CUARTO TRIMESTRE Formato XXIV. Informes de Resultados de las Auditor\u00edas al Ejercicio Presupuestal LTAIPEN_Art_33_Fr_XXIV Periodo de actualizaci\u00f3n: Trimestral Fecha de Actualizaci\u00f3n: 09 de Febrero del 2026 Conservaci\u00f3n: Ejercicio en curso y 3 ejercicios anteriores. \u00c1rea que genera la informaci\u00f3n: Contabilidad<\/p>\n","protected":false},"author":1,"featured_media":0,"parent":0,"menu_order":0,"comment_status":"closed","ping_status":"closed","template":"","meta":[],"_links":{"self":[{"href":"https:\/\/cmdh.bahiadebanderas.gob.mx\/index.php\/wp-json\/wp\/v2\/pages\/551"}],"collection":[{"href":"https:\/\/cmdh.bahiadebanderas.gob.mx\/index.php\/wp-json\/wp\/v2\/pages"}],"about":[{"href":"https:\/\/cmdh.bahiadebanderas.gob.mx\/index.php\/wp-json\/wp\/v2\/types\/page"}],"author":[{"embeddable":true,"href":"https:\/\/cmdh.bahiadebanderas.gob.mx\/index.php\/wp-json\/wp\/v2\/users\/1"}],"replies":[{"embeddable":true,"href":"https:\/\/cmdh.bahiadebanderas.gob.mx\/index.php\/wp-json\/wp\/v2\/comments?post=551"}],"version-history":[{"count":38,"href":"https:\/\/cmdh.bahiadebanderas.gob.mx\/index.php\/wp-json\/wp\/v2\/pages\/551\/revisions"}],"predecessor-version":[{"id":12261,"href":"https:\/\/cmdh.bahiadebanderas.gob.mx\/index.php\/wp-json\/wp\/v2\/pages\/551\/revisions\/12261"}],"wp:attachment":[{"href":"https:\/\/cmdh.bahiadebanderas.gob.mx\/index.php\/wp-json\/wp\/v2\/media?parent=551"}],"curies":[{"name":"wp","href":"https:\/\/api.w.org\/{rel}","templated":true}]}}