{"id":546,"date":"2020-06-16T10:12:06","date_gmt":"2020-06-16T16:12:06","guid":{"rendered":"https:\/\/cmdh.bahiadebanderas.gob.mx\/?page_id=546"},"modified":"2026-02-09T11:30:27","modified_gmt":"2026-02-09T17:30:27","slug":"xxiii-gastos-de-comunicacion-social","status":"publish","type":"page","link":"https:\/\/cmdh.bahiadebanderas.gob.mx\/index.php\/xxiii-gastos-de-comunicacion-social\/","title":{"rendered":"XXIII &#8211; Gastos de Comunicaci\u00f3n Social"},"content":{"rendered":"<h4>\u00a0<strong>XXIII. LOS GASTOS DESTINADO A GASTOS RELATIVOS DE COMUNICACI\u00d3N SOCIAL Y PUBLICIDAD OFICIAL DESGLOSADA POR TIPO DE MEDIO, N\u00daMERO DE CONTRATO Y CONCEPTO DE CAMPA\u00d1A<\/strong><\/h4>\n<p style=\"text-align: center;\"><strong>EJERCICIO 2025<\/strong><\/p>\n<p style=\"text-align: center;\"><strong>CUARTO TRIMESTRE<\/strong><\/p>\n<p>Formato XXIIIa. Programa Anual de Comunicaci\u00f3n Social o Equivalente<\/p>\n<p><a href=\"https:\/\/cmdh.bahiadebanderas.gob.mx\/wp-content\/uploads\/2026\/02\/LTAIPEN_Art_33_Fr_XXIII_a.xlsx\">LTAIPEN_Art_33_Fr_XXIII_a<\/a><\/p>\n<p>Formato XXIIIb. Erogaci\u00f3n de Recurso por Contrataci\u00f3n de Servicios de Impresi\u00f3n, Difusi\u00f3n y Publicidad<\/p>\n<p><a href=\"https:\/\/cmdh.bahiadebanderas.gob.mx\/wp-content\/uploads\/2026\/02\/LTAIPEN_Art_33_Fr_XXIII_b.xlsx\">LTAIPEN_Art_33_Fr_XXIII_b<\/a><\/p>\n<p>Formato XXIIIc. Utilizaci\u00f3n de los Tiempos Oficiales: Tiempo de Estado y Tiempo Fiscal<\/p>\n<p><a href=\"https:\/\/cmdh.bahiadebanderas.gob.mx\/wp-content\/uploads\/2026\/02\/LTAIPEN_Art_33_Fr_XXIII_c.xlsx\">LTAIPEN_Art_33_Fr_XXIII_c<\/a><\/p>\n<p style=\"text-align: center;\"><strong>TERCER TRIMESTRE<\/strong><\/p>\n<p>Formato XXIIIa. Programa Anual de Comunicaci\u00f3n Social o Equivalente<\/p>\n<p><a href=\"https:\/\/cmdh.bahiadebanderas.gob.mx\/wp-content\/uploads\/2025\/11\/LTAIPEN_Art_33_Fr_XXIII_a.xlsx\">LTAIPEN_Art_33_Fr_XXIII_a<\/a><\/p>\n<p>Formato XXIIIb. Erogaci\u00f3n de Recurso por Contrataci\u00f3n de Servicios de Impresi\u00f3n, Difusi\u00f3n y Publicidad<\/p>\n<p><a href=\"https:\/\/cmdh.bahiadebanderas.gob.mx\/wp-content\/uploads\/2025\/11\/LTAIPEN_Art_33_Fr_XXIII_b.xlsx\">LTAIPEN_Art_33_Fr_XXIII_b<\/a><\/p>\n<p>Formato XXIIIc. Utilizaci\u00f3n de los Tiempos Oficiales: Tiempo de Estado y Tiempo Fiscal<\/p>\n<p><a href=\"https:\/\/cmdh.bahiadebanderas.gob.mx\/wp-content\/uploads\/2025\/11\/LTAIPEN_Art_33_Fr_XXIII_c.xlsx\">LTAIPEN_Art_33_Fr_XXIII_c<\/a><\/p>\n<p style=\"text-align: center;\"><strong>PRIMER TRIMESTRE<\/strong><\/p>\n<p>Formato XXIIIa. Programa Anual de Comunicaci\u00f3n Social o Equivalente<\/p>\n<p><a href=\"https:\/\/cmdh.bahiadebanderas.gob.mx\/wp-content\/uploads\/2025\/05\/LTAIPEN_Art_33_Fr_XXIII_a-7.xlsx\">LTAIPEN_Art_33_Fr_XXIII_a<\/a><\/p>\n<p>Formato XXIIIb. Erogaci\u00f3n de Recurso por Contrataci\u00f3n de Servicios de Impresi\u00f3n, Difusi\u00f3n y Publicidad<\/p>\n<p><a href=\"https:\/\/cmdh.bahiadebanderas.gob.mx\/wp-content\/uploads\/2025\/05\/LTAIPEN_Art_33_Fr_XXIII_b-6.xlsx\">LTAIPEN_Art_33_Fr_XXIII_b<\/a><\/p>\n<p>Formato XXIIIc. Utilizaci\u00f3n de los Tiempos Oficiales: Tiempo de Estado y Tiempo Fiscal<\/p>\n<p><a href=\"https:\/\/cmdh.bahiadebanderas.gob.mx\/wp-content\/uploads\/2025\/05\/LTAIPEN_Art_33_Fr_XXIII_c-7.xlsx\">LTAIPEN_Art_33_Fr_XXIII_c<\/a><\/p>\n<style type=\"text\/css\" scoped=\"scoped\">.divider-69e79c1690743{ margin-top: 30px;margin-bottom:30px;width:100%;}.divider-69e79c1690743 .divider-border{border-bottom-width:5px; border-color:#f2f2f2;}.divider-69e79c1690743 .double-line.divider-inner-item .divider-inner{border-top-width: 5px; border-bottom-width: 5px;}.divider-69e79c1690743 .divider-border.divider-inner-item .divider-inner{ border-bottom-width: 5px;} <\/style><div class=\" divider divider-69e79c1690743 divider-shadow center\" id=\"\" style=\"margin-top:; margin-bottom:;\"><div class=\"divider-inner divider-border\"><\/div><\/div>\n<p style=\"text-align: center;\"><strong>EJERCICIO 2024<\/strong><\/p>\n<p style=\"text-align: center;\"><strong>CUARTO TRIMESTRE<\/strong><\/p>\n<p>Formato XXIIIa. Programa Anual de Comunicaci\u00f3n Social o Equivalente<\/p>\n<p><a href=\"https:\/\/cmdh.bahiadebanderas.gob.mx\/wp-content\/uploads\/2025\/01\/LTAIPEN_Art_33_Fr_XXIII_a.xlsx\">LTAIPEN_Art_33_Fr_XXIII_a<\/a><\/p>\n<p>Formato XXIIIb. Erogaci\u00f3n de Recurso por Contrataci\u00f3n de Servicios de Impresi\u00f3n, Difusi\u00f3n y Publicidad<\/p>\n<p><a href=\"https:\/\/cmdh.bahiadebanderas.gob.mx\/wp-content\/uploads\/2025\/01\/LTAIPEN_Art_33_Fr_XXIII_b.xlsx\">LTAIPEN_Art_33_Fr_XXIII_b<\/a><\/p>\n<p>Formato XXIIIc. Utilizaci\u00f3n de los Tiempos Oficiales: Tiempo de Estado y Tiempo Fiscal<\/p>\n<p><a href=\"https:\/\/cmdh.bahiadebanderas.gob.mx\/wp-content\/uploads\/2025\/01\/LTAIPEN_Art_33_Fr_XXIII_c.xlsx\">LTAIPEN_Art_33_Fr_XXIII_c<\/a><\/p>\n<p style=\"text-align: center;\"><strong>TERCER TRIMESTRE<\/strong><\/p>\n<p>Formato XXIIIa. Programa Anual de Comunicaci\u00f3n Social o Equivalente<\/p>\n<p><a href=\"https:\/\/cmdh.bahiadebanderas.gob.mx\/wp-content\/uploads\/2024\/10\/LTAIPEN_Art_33_Fr_XXIII_a-2.xlsx\">LTAIPEN_Art_33_Fr_XXIII_a<\/a><\/p>\n<p>Formato XXIIIb. Erogaci\u00f3n de Recurso por Contrataci\u00f3n de Servicios de Impresi\u00f3n, Difusi\u00f3n y Publicidad<\/p>\n<p><a href=\"https:\/\/cmdh.bahiadebanderas.gob.mx\/wp-content\/uploads\/2024\/10\/LTAIPEN_Art_33_Fr_XXIII_b-1-1.xlsx\">LTAIPEN_Art_33_Fr_XXIII_b<\/a><\/p>\n<p>Formato XXIIIc. Utilizaci\u00f3n de los Tiempos Oficiales: Tiempo de Estado y Tiempo Fiscal<\/p>\n<p><a href=\"https:\/\/cmdh.bahiadebanderas.gob.mx\/wp-content\/uploads\/2024\/10\/LTAIPEN_Art_33_Fr_XXIII_c.xlsx\">LTAIPEN_Art_33_Fr_XXIII_c<\/a><\/p>\n<p style=\"text-align: center;\"><strong>SEGUNDO TRIMESTRE<\/strong><\/p>\n<p>Formato XXIIIa. Programa Anual de Comunicaci\u00f3n Social o Equivalente<\/p>\n<p><a href=\"https:\/\/cmdh.bahiadebanderas.gob.mx\/wp-content\/uploads\/2024\/07\/LTAIPEN_Art_33_Fr_XXIII_a-6.xlsx\">LTAIPEN_Art_33_Fr_XXIII_a<\/a><\/p>\n<p>Formato XXIIIb. Erogaci\u00f3n de Recurso por Contrataci\u00f3n de Servicios de Impresi\u00f3n, Difusi\u00f3n y Publicidad<\/p>\n<p><a href=\"https:\/\/cmdh.bahiadebanderas.gob.mx\/wp-content\/uploads\/2024\/07\/LTAIPEN_Art_33_Fr_XXIII_b-5.xlsx\">LTAIPEN_Art_33_Fr_XXIII_b<\/a><\/p>\n<p>Formato XXIIIc. Utilizaci\u00f3n de los Tiempos Oficiales: Tiempo de Estado y Tiempo Fiscal<\/p>\n<p><a href=\"https:\/\/cmdh.bahiadebanderas.gob.mx\/wp-content\/uploads\/2024\/07\/LTAIPEN_Art_33_Fr_XXIII_c-6.xlsx\">LTAIPEN_Art_33_Fr_XXIII_c<\/a><\/p>\n<p style=\"text-align: center;\"><strong>PRIMER TRIMESTRE<\/strong><\/p>\n<p>Formato XXIIIa. Programa Anual de Comunicaci\u00f3n Social o Equivalente<\/p>\n<p><a href=\"https:\/\/cmdh.bahiadebanderas.gob.mx\/wp-content\/uploads\/2024\/06\/LTAIPEN_Art_33_Fr_XXIII_a-2024.xlsx\">LTAIPEN_Art_33_Fr_XXIII_a<\/a><\/p>\n<p>Formato XXIIIb. Erogaci\u00f3n de Recurso por Contrataci\u00f3n de Servicios de Impresi\u00f3n, Difusi\u00f3n y Publicidad<\/p>\n<p><a href=\"https:\/\/cmdh.bahiadebanderas.gob.mx\/wp-content\/uploads\/2024\/04\/LTAIPEN_Art_33_Fr_XXIII_b-4.xlsx\">LTAIPEN_Art_33_Fr_XXIII_b<\/a><\/p>\n<p>Formato XXIIIc. Utilizaci\u00f3n de los Tiempos Oficiales: Tiempo de Estado y Tiempo Fiscal<\/p>\n<p><a href=\"https:\/\/cmdh.bahiadebanderas.gob.mx\/wp-content\/uploads\/2024\/04\/LTAIPEN_Art_33_Fr_XXIII_c-5-1.xlsx\">LTAIPEN_Art_33_Fr_XXIII_c<\/a><\/p>\n<style type=\"text\/css\" scoped=\"scoped\">.divider-69e79c169079f{ margin-top: 30px;margin-bottom:30px;width:100%;}.divider-69e79c169079f .divider-border{border-bottom-width:5px; border-color:#f2f2f2;}.divider-69e79c169079f .double-line.divider-inner-item .divider-inner{border-top-width: 5px; border-bottom-width: 5px;}.divider-69e79c169079f .divider-border.divider-inner-item .divider-inner{ border-bottom-width: 5px;} <\/style><div class=\" divider divider-69e79c169079f divider-shadow center\" id=\"\" style=\"margin-top:; margin-bottom:;\"><div class=\"divider-inner divider-border\"><\/div><\/div>\n<p style=\"text-align: center;\"><strong>EJERCICIO 2023<\/strong><\/p>\n<p style=\"text-align: center;\"><strong>CUARTO TRIMESTRE<\/strong><\/p>\n<p>Formato XXIIIa. Programa Anual de Comunicaci\u00f3n Social o Equivalente<\/p>\n<p><a href=\"https:\/\/cmdh.bahiadebanderas.gob.mx\/wp-content\/uploads\/2024\/01\/LTAIPEN_Art_33_Fr_XXIII_a-4to.xlsx\">LTAIPEN_Art_33_Fr_XXIII_a<\/a><\/p>\n<p>Formato XXIIIb. Erogaci\u00f3n de Recurso por Contrataci\u00f3n de Servicios de Impresi\u00f3n, Difusi\u00f3n y Publicidad<\/p>\n<p><a href=\"https:\/\/cmdh.bahiadebanderas.gob.mx\/wp-content\/uploads\/2024\/01\/LTAIPEN_Art_33_Fr_XXIII_b-4to.xlsx\">LTAIPEN_Art_33_Fr_XXIII_b<\/a><\/p>\n<p>Formato XXIIIc. Utilizaci\u00f3n de los Tiempos Oficiales: Tiempo de Estado y Tiempo Fiscal<\/p>\n<p><a href=\"https:\/\/cmdh.bahiadebanderas.gob.mx\/wp-content\/uploads\/2024\/01\/LTAIPEN_Art_33_Fr_XXIII_c-4to.xlsx\">LTAIPEN_Art_33_Fr_XXIII_c<\/a><\/p>\n<p style=\"text-align: center;\"><strong>TERCER TRIMESTRE<\/strong><\/p>\n<p>Formato XXIIIa. Programa Anual de Comunicaci\u00f3n Social o Equivalente<\/p>\n<p><a href=\"https:\/\/cmdh.bahiadebanderas.gob.mx\/wp-content\/uploads\/2023\/10\/LTAIPEN_Art_33_Fr_XXIII_a-1.xlsx\">LTAIPEN_Art_33_Fr_XXIII_a<\/a><\/p>\n<p>Formato XXIIIb. Erogaci\u00f3n de Recurso por Contrataci\u00f3n de Servicios de Impresi\u00f3n, Difusi\u00f3n y Publicidad<\/p>\n<p><a href=\"https:\/\/cmdh.bahiadebanderas.gob.mx\/wp-content\/uploads\/2023\/10\/LTAIPEN_Art_33_Fr_XXIII_b-3.xlsx\">LTAIPEN_Art_33_Fr_XXIII_b<\/a><\/p>\n<p>Formato XXIIIc. Utilizaci\u00f3n de los Tiempos Oficiales: Tiempo de Estado y Tiempo Fiscal<\/p>\n<p><a href=\"https:\/\/cmdh.bahiadebanderas.gob.mx\/wp-content\/uploads\/2023\/10\/LTAIPEN_Art_33_Fr_XXIII_c-3.xlsx\">LTAIPEN_Art_33_Fr_XXIII_c<\/a><\/p>\n<p style=\"text-align: center;\"><strong>SEGUNDO TRIMESTRE<\/strong><\/p>\n<p>Formato XXIIIa. Programa Anual de Comunicaci\u00f3n Social o Equivalente<\/p>\n<p><a href=\"https:\/\/cmdh.bahiadebanderas.gob.mx\/wp-content\/uploads\/2023\/07\/LTAIPEN_Art_33_Fr_XXIII_a.xlsx\">LTAIPEN_Art_33_Fr_XXIII_a<\/a><\/p>\n<p>Formato XXIIIb. Erogaci\u00f3n de Recurso por Contrataci\u00f3n de Servicios de Impresi\u00f3n, Difusi\u00f3n y Publicidad<\/p>\n<p><a href=\"https:\/\/cmdh.bahiadebanderas.gob.mx\/wp-content\/uploads\/2023\/07\/LTAIPEN_Art_33_Fr_XXIII_b.xlsx\">LTAIPEN_Art_33_Fr_XXIII_b<\/a><\/p>\n<p>Formato XXIIIc. Utilizaci\u00f3n de los Tiempos Oficiales: Tiempo de Estado y Tiempo Fiscal<\/p>\n<p><a href=\"https:\/\/cmdh.bahiadebanderas.gob.mx\/wp-content\/uploads\/2023\/07\/LTAIPEN_Art_33_Fr_XXIII_c.xlsx\">LTAIPEN_Art_33_Fr_XXIII_c<\/a><\/p>\n<p style=\"text-align: center;\"><strong>PRIMER TRIMESTRE<\/strong><\/p>\n<p>Formato XXIIIa. Programa Anual de Comunicaci\u00f3n Social o Equivalente<\/p>\n<p><a href=\"https:\/\/cmdh.bahiadebanderas.gob.mx\/wp-content\/uploads\/2023\/05\/LTAIPEN_Art_33_Fr_XXIII_a-1.xlsx\">LTAIPEN_Art_33_Fr_XXIII_a<\/a><\/p>\n<p>Formato XXIIIb. Erogaci\u00f3n de Recurso por Contrataci\u00f3n de Servicios de Impresi\u00f3n, Difusi\u00f3n y Publicidad<\/p>\n<p><a href=\"https:\/\/cmdh.bahiadebanderas.gob.mx\/wp-content\/uploads\/2023\/05\/LTAIPEN_Art_33_Fr_XXIII_b.xlsx\">LTAIPEN_Art_33_Fr_XXIII_b<\/a><\/p>\n<p>Formato XXIIIc. Utilizaci\u00f3n de los Tiempos Oficiales: Tiempo de Estado y Tiempo Fiscal<\/p>\n<p><a href=\"https:\/\/cmdh.bahiadebanderas.gob.mx\/wp-content\/uploads\/2023\/05\/LTAIPEN_Art_33_Fr_XXIII_c.xlsx\">LTAIPEN_Art_33_Fr_XXIII_c<\/a><\/p>\n<style type=\"text\/css\" scoped=\"scoped\">.divider-69e79c16907ca{ margin-top: 30px;margin-bottom:30px;width:100%;}.divider-69e79c16907ca .divider-border{border-bottom-width:5px; border-color:#f2f2f2;}.divider-69e79c16907ca .double-line.divider-inner-item .divider-inner{border-top-width: 5px; border-bottom-width: 5px;}.divider-69e79c16907ca .divider-border.divider-inner-item .divider-inner{ border-bottom-width: 5px;} <\/style><div class=\" divider divider-69e79c16907ca divider-shadow center\" id=\"\" style=\"margin-top:; margin-bottom:;\"><div class=\"divider-inner divider-border\"><\/div><\/div>\n<p>Periodo de actualizaci\u00f3n: Trimestral<\/p>\n<p>Fecha de Actualizaci\u00f3n: 09 de Febrero del 2026<\/p>\n<p>\u00c1rea que genera la informaci\u00f3n: Contabilidad<\/p>\n","protected":false},"excerpt":{"rendered":"<p>\u00a0XXIII. LOS GASTOS DESTINADO A GASTOS RELATIVOS DE COMUNICACI\u00d3N SOCIAL Y PUBLICIDAD OFICIAL DESGLOSADA POR TIPO DE MEDIO, N\u00daMERO DE CONTRATO Y CONCEPTO DE CAMPA\u00d1A EJERCICIO 2025 CUARTO TRIMESTRE Formato XXIIIa. Programa Anual de Comunicaci\u00f3n Social o Equivalente LTAIPEN_Art_33_Fr_XXIII_a Formato XXIIIb. Erogaci\u00f3n de Recurso por Contrataci\u00f3n de Servicios de Impresi\u00f3n, Difusi\u00f3n y Publicidad LTAIPEN_Art_33_Fr_XXIII_b Formato XXIIIc. Utilizaci\u00f3n de los Tiempos Oficiales: Tiempo de Estado y Tiempo Fiscal LTAIPEN_Art_33_Fr_XXIII_c TERCER TRIMESTRE Formato XXIIIa. Programa Anual de Comunicaci\u00f3n Social o Equivalente LTAIPEN_Art_33_Fr_XXIII_a Formato XXIIIb. Erogaci\u00f3n de Recurso por Contrataci\u00f3n de Servicios de Impresi\u00f3n, Difusi\u00f3n y Publicidad LTAIPEN_Art_33_Fr_XXIII_b Formato XXIIIc. Utilizaci\u00f3n de los Tiempos Oficiales: Tiempo de Estado y Tiempo Fiscal LTAIPEN_Art_33_Fr_XXIII_c PRIMER TRIMESTRE Formato XXIIIa. Programa Anual de Comunicaci\u00f3n Social o Equivalente LTAIPEN_Art_33_Fr_XXIII_a Formato XXIIIb. Erogaci\u00f3n de Recurso por Contrataci\u00f3n de Servicios de Impresi\u00f3n, Difusi\u00f3n y Publicidad LTAIPEN_Art_33_Fr_XXIII_b Formato XXIIIc. Utilizaci\u00f3n de los Tiempos Oficiales: Tiempo de Estado y Tiempo Fiscal LTAIPEN_Art_33_Fr_XXIII_c EJERCICIO 2024 CUARTO TRIMESTRE Formato XXIIIa. Programa Anual de Comunicaci\u00f3n Social o Equivalente LTAIPEN_Art_33_Fr_XXIII_a Formato XXIIIb. Erogaci\u00f3n de Recurso por Contrataci\u00f3n de Servicios de Impresi\u00f3n, Difusi\u00f3n y Publicidad LTAIPEN_Art_33_Fr_XXIII_b Formato XXIIIc. Utilizaci\u00f3n de los Tiempos Oficiales: Tiempo de Estado y Tiempo Fiscal LTAIPEN_Art_33_Fr_XXIII_c TERCER TRIMESTRE Formato XXIIIa. Programa Anual de Comunicaci\u00f3n Social o Equivalente LTAIPEN_Art_33_Fr_XXIII_a Formato XXIIIb. Erogaci\u00f3n de Recurso por Contrataci\u00f3n de Servicios de Impresi\u00f3n, Difusi\u00f3n y Publicidad LTAIPEN_Art_33_Fr_XXIII_b Formato XXIIIc. Utilizaci\u00f3n de los Tiempos Oficiales: Tiempo de Estado y Tiempo Fiscal LTAIPEN_Art_33_Fr_XXIII_c SEGUNDO TRIMESTRE Formato XXIIIa. Programa Anual de Comunicaci\u00f3n Social o Equivalente LTAIPEN_Art_33_Fr_XXIII_a Formato XXIIIb. Erogaci\u00f3n de Recurso por Contrataci\u00f3n de Servicios de Impresi\u00f3n, Difusi\u00f3n y Publicidad LTAIPEN_Art_33_Fr_XXIII_b Formato XXIIIc. Utilizaci\u00f3n de los Tiempos Oficiales: Tiempo de Estado y Tiempo Fiscal LTAIPEN_Art_33_Fr_XXIII_c PRIMER TRIMESTRE Formato XXIIIa. Programa Anual de Comunicaci\u00f3n Social o Equivalente LTAIPEN_Art_33_Fr_XXIII_a Formato XXIIIb. Erogaci\u00f3n de Recurso por Contrataci\u00f3n de Servicios de Impresi\u00f3n, Difusi\u00f3n y Publicidad LTAIPEN_Art_33_Fr_XXIII_b Formato XXIIIc. Utilizaci\u00f3n de los Tiempos Oficiales: Tiempo de Estado y Tiempo Fiscal LTAIPEN_Art_33_Fr_XXIII_c EJERCICIO 2023 CUARTO TRIMESTRE Formato XXIIIa. Programa Anual de Comunicaci\u00f3n Social o Equivalente LTAIPEN_Art_33_Fr_XXIII_a Formato XXIIIb. Erogaci\u00f3n de Recurso por Contrataci\u00f3n de Servicios de Impresi\u00f3n, Difusi\u00f3n y Publicidad LTAIPEN_Art_33_Fr_XXIII_b Formato XXIIIc. Utilizaci\u00f3n de los Tiempos Oficiales: Tiempo de Estado y Tiempo Fiscal LTAIPEN_Art_33_Fr_XXIII_c TERCER TRIMESTRE Formato XXIIIa. Programa Anual de Comunicaci\u00f3n Social o Equivalente LTAIPEN_Art_33_Fr_XXIII_a Formato XXIIIb. Erogaci\u00f3n de Recurso por Contrataci\u00f3n de Servicios de Impresi\u00f3n, Difusi\u00f3n y Publicidad LTAIPEN_Art_33_Fr_XXIII_b Formato XXIIIc. Utilizaci\u00f3n de los Tiempos Oficiales: Tiempo de Estado y Tiempo Fiscal LTAIPEN_Art_33_Fr_XXIII_c SEGUNDO TRIMESTRE Formato XXIIIa. Programa Anual de Comunicaci\u00f3n Social o Equivalente LTAIPEN_Art_33_Fr_XXIII_a Formato XXIIIb. Erogaci\u00f3n de Recurso por Contrataci\u00f3n de Servicios de Impresi\u00f3n, Difusi\u00f3n y Publicidad LTAIPEN_Art_33_Fr_XXIII_b Formato XXIIIc. Utilizaci\u00f3n de los Tiempos Oficiales: Tiempo de Estado y Tiempo Fiscal LTAIPEN_Art_33_Fr_XXIII_c PRIMER TRIMESTRE Formato XXIIIa. Programa Anual de Comunicaci\u00f3n Social o Equivalente LTAIPEN_Art_33_Fr_XXIII_a Formato XXIIIb. Erogaci\u00f3n de Recurso por Contrataci\u00f3n de Servicios de Impresi\u00f3n, Difusi\u00f3n y Publicidad LTAIPEN_Art_33_Fr_XXIII_b Formato XXIIIc. Utilizaci\u00f3n de los Tiempos Oficiales: Tiempo de Estado y Tiempo Fiscal LTAIPEN_Art_33_Fr_XXIII_c Periodo de actualizaci\u00f3n: Trimestral Fecha de Actualizaci\u00f3n: 09 de Febrero del 2026 \u00c1rea que genera la informaci\u00f3n: Contabilidad<\/p>\n","protected":false},"author":1,"featured_media":0,"parent":0,"menu_order":0,"comment_status":"closed","ping_status":"closed","template":"","meta":[],"_links":{"self":[{"href":"https:\/\/cmdh.bahiadebanderas.gob.mx\/index.php\/wp-json\/wp\/v2\/pages\/546"}],"collection":[{"href":"https:\/\/cmdh.bahiadebanderas.gob.mx\/index.php\/wp-json\/wp\/v2\/pages"}],"about":[{"href":"https:\/\/cmdh.bahiadebanderas.gob.mx\/index.php\/wp-json\/wp\/v2\/types\/page"}],"author":[{"embeddable":true,"href":"https:\/\/cmdh.bahiadebanderas.gob.mx\/index.php\/wp-json\/wp\/v2\/users\/1"}],"replies":[{"embeddable":true,"href":"https:\/\/cmdh.bahiadebanderas.gob.mx\/index.php\/wp-json\/wp\/v2\/comments?post=546"}],"version-history":[{"count":53,"href":"https:\/\/cmdh.bahiadebanderas.gob.mx\/index.php\/wp-json\/wp\/v2\/pages\/546\/revisions"}],"predecessor-version":[{"id":12258,"href":"https:\/\/cmdh.bahiadebanderas.gob.mx\/index.php\/wp-json\/wp\/v2\/pages\/546\/revisions\/12258"}],"wp:attachment":[{"href":"https:\/\/cmdh.bahiadebanderas.gob.mx\/index.php\/wp-json\/wp\/v2\/media?parent=546"}],"curies":[{"name":"wp","href":"https:\/\/api.w.org\/{rel}","templated":true}]}}