{"id":543,"date":"2020-06-16T10:10:04","date_gmt":"2020-06-16T16:10:04","guid":{"rendered":"https:\/\/cmdh.bahiadebanderas.gob.mx\/?page_id=543"},"modified":"2026-02-09T11:26:11","modified_gmt":"2026-02-09T17:26:11","slug":"xxii-deuda-publica","status":"publish","type":"page","link":"https:\/\/cmdh.bahiadebanderas.gob.mx\/index.php\/xxii-deuda-publica\/","title":{"rendered":"XXII &#8211; Deuda P\u00fablica"},"content":{"rendered":"<p>XXII. DEUDA P\u00daBLICA<\/p>\n<p style=\"text-align: center;\"><strong>EJERCICIO 2025<\/strong><\/p>\n<p style=\"text-align: center;\"><strong>CUARTO TRIMESTRE<\/strong><\/p>\n<p>Formato XXIIa. Deuda P\u00fablica<\/p>\n<p><a href=\"https:\/\/cmdh.bahiadebanderas.gob.mx\/wp-content\/uploads\/2026\/02\/LTAIPEN_Art_33_Fr_XXII_a.xlsx\">LTAIPEN_Art_33_Fr_XXII_a<\/a><\/p>\n<p>Formato XXIIb. Ofertas Presentadas<\/p>\n<p><a href=\"https:\/\/cmdh.bahiadebanderas.gob.mx\/wp-content\/uploads\/2026\/02\/LTAIPEN_Art_33_Fr_XXII_b.xlsx\">LTAIPEN_Art_33_Fr_XXII_b<\/a><\/p>\n<p>Formato XXIIc. Informaci\u00f3n de la Instituci\u00f3n Financiera que Resulte Ganadora<\/p>\n<p><a href=\"https:\/\/cmdh.bahiadebanderas.gob.mx\/wp-content\/uploads\/2026\/02\/LTAIPEN_Art_33_Fr_XXII_c.xlsx\">LTAIPEN_Art_33_Fr_XXII_c<\/a><\/p>\n<p style=\"text-align: center;\"><strong>TERCER TRIMESTRE<\/strong><\/p>\n<p>Formato XXIIa. Deuda P\u00fablica<\/p>\n<p><a href=\"https:\/\/cmdh.bahiadebanderas.gob.mx\/wp-content\/uploads\/2025\/11\/LTAIPEN_Art_33_Fr_XXII_a.xlsx\">LTAIPEN_Art_33_Fr_XXII_a<\/a><\/p>\n<p>Formato XXIIb. Ofertas Presentadas<\/p>\n<p><a href=\"https:\/\/cmdh.bahiadebanderas.gob.mx\/wp-content\/uploads\/2025\/11\/LTAIPEN_Art_33_Fr_XXII_b.xlsx\">LTAIPEN_Art_33_Fr_XXII_b<\/a><\/p>\n<p>Formato XXIIc. Informaci\u00f3n de la Instituci\u00f3n Financiera que Resulte Ganadora<\/p>\n<p><a href=\"https:\/\/cmdh.bahiadebanderas.gob.mx\/wp-content\/uploads\/2025\/11\/LTAIPEN_Art_33_Fr_XXII_c.xlsx\">LTAIPEN_Art_33_Fr_XXII_c<\/a><\/p>\n<p style=\"text-align: center;\"><strong>PRIMER TRIMESTRE<\/strong><\/p>\n<p>Formato XXIIa. Deuda P\u00fablica<\/p>\n<p><a href=\"https:\/\/cmdh.bahiadebanderas.gob.mx\/wp-content\/uploads\/2025\/05\/LTAIPEN_Art_33_Fr_XXII_a-9.xlsx\">LTAIPEN_Art_33_Fr_XXII_a<\/a><\/p>\n<p>Formato XXIIb. Ofertas Presentadas<\/p>\n<p><a href=\"https:\/\/cmdh.bahiadebanderas.gob.mx\/wp-content\/uploads\/2025\/05\/LTAIPEN_Art_33_Fr_XXII_b-10.xlsx\">LTAIPEN_Art_33_Fr_XXII_b<\/a><\/p>\n<p>Formato XXIIc. Informaci\u00f3n de la Instituci\u00f3n Financiera que Resulte Ganadora<\/p>\n<p><a href=\"https:\/\/cmdh.bahiadebanderas.gob.mx\/wp-content\/uploads\/2025\/05\/LTAIPEN_Art_33_Fr_XXII_c-6.xlsx\">LTAIPEN_Art_33_Fr_XXII_c<\/a><\/p>\n<style type=\"text\/css\" scoped=\"scoped\">.divider-69e79bf34f3b9{ margin-top: 30px;margin-bottom:30px;width:100%;}.divider-69e79bf34f3b9 .divider-border{border-bottom-width:5px; border-color:#f2f2f2;}.divider-69e79bf34f3b9 .double-line.divider-inner-item .divider-inner{border-top-width: 5px; border-bottom-width: 5px;}.divider-69e79bf34f3b9 .divider-border.divider-inner-item .divider-inner{ border-bottom-width: 5px;} <\/style><div class=\" divider divider-69e79bf34f3b9 divider-shadow center\" id=\"\" style=\"margin-top:; margin-bottom:;\"><div class=\"divider-inner divider-border\"><\/div><\/div>\n<p style=\"text-align: center;\"><strong>EJERCICIO 2024<\/strong><\/p>\n<p style=\"text-align: center;\"><strong>CUARTO TRIMESTRE<\/strong><\/p>\n<p>Formato XXIIa. Deuda P\u00fablica<\/p>\n<p><a href=\"https:\/\/cmdh.bahiadebanderas.gob.mx\/wp-content\/uploads\/2025\/01\/LTAIPEN_Art_33_Fr_XXII_a.xlsx\">LTAIPEN_Art_33_Fr_XXII_a<\/a><\/p>\n<p>Formato XXIIb. Ofertas Presentadas<\/p>\n<p><a href=\"https:\/\/cmdh.bahiadebanderas.gob.mx\/wp-content\/uploads\/2025\/01\/LTAIPEN_Art_33_Fr_XXII_b.xlsx\">LTAIPEN_Art_33_Fr_XXII_b<\/a><\/p>\n<p>Formato XXIIc. Informaci\u00f3n de la Instituci\u00f3n Financiera que Resulte Ganadora<\/p>\n<p><a href=\"https:\/\/cmdh.bahiadebanderas.gob.mx\/wp-content\/uploads\/2025\/01\/LTAIPEN_Art_33_Fr_XXII_c.xlsx\">LTAIPEN_Art_33_Fr_XXII_c<\/a><\/p>\n<p style=\"text-align: center;\"><strong>TERCER TRIMESTRE<\/strong><\/p>\n<p>Formato XXIIa. Deuda P\u00fablica<\/p>\n<p><a href=\"https:\/\/cmdh.bahiadebanderas.gob.mx\/wp-content\/uploads\/2024\/10\/LTAIPEN_Art_33_Fr_XXII_a.xlsx\">LTAIPEN_Art_33_Fr_XXII_a<\/a><\/p>\n<p>Formato XXIIb. Ofertas Presentadas<\/p>\n<p><a href=\"https:\/\/cmdh.bahiadebanderas.gob.mx\/wp-content\/uploads\/2024\/10\/LTAIPEN_Art_33_Fr_XXII_b-1.xlsx\">LTAIPEN_Art_33_Fr_XXII_b<\/a><\/p>\n<p>Formato XXIIc. Informaci\u00f3n de la Instituci\u00f3n Financiera que Resulte Ganadora<\/p>\n<p><a href=\"https:\/\/cmdh.bahiadebanderas.gob.mx\/wp-content\/uploads\/2024\/10\/LTAIPEN_Art_33_Fr_XXII_c.xlsx\">LTAIPEN_Art_33_Fr_XXII_c<\/a><\/p>\n<p style=\"text-align: center;\"><strong>SEGUNDO TRIMESTRE<\/strong><\/p>\n<p>Formato XXIIa. Deuda P\u00fablica<\/p>\n<p><a href=\"https:\/\/cmdh.bahiadebanderas.gob.mx\/wp-content\/uploads\/2024\/07\/LTAIPEN_Art_33_Fr_XXII_a-8.xlsx\">LTAIPEN_Art_33_Fr_XXII_a<\/a><\/p>\n<p>Formato XXIIb. Ofertas Presentadas<\/p>\n<p><a href=\"https:\/\/cmdh.bahiadebanderas.gob.mx\/wp-content\/uploads\/2024\/07\/LTAIPEN_Art_33_Fr_XXII_b-9.xlsx\">LTAIPEN_Art_33_Fr_XXII_b<\/a><\/p>\n<p>Formato XXIIc. Informaci\u00f3n de la Instituci\u00f3n Financiera que Resulte Ganadora<\/p>\n<p><a href=\"https:\/\/cmdh.bahiadebanderas.gob.mx\/wp-content\/uploads\/2024\/07\/LTAIPEN_Art_33_Fr_XXII_c-5.xlsx\">LTAIPEN_Art_33_Fr_XXII_c<\/a><\/p>\n<p style=\"text-align: center;\"><strong>PRIMER TRIMESTRE<\/strong><\/p>\n<p>Formato XXIIa. Deuda P\u00fablica<\/p>\n<p><a href=\"https:\/\/cmdh.bahiadebanderas.gob.mx\/wp-content\/uploads\/2024\/06\/LTAIPEN_Art_33_Fr_XXII_a-7.xlsx\">LTAIPEN_Art_33_Fr_XXII_a<\/a><\/p>\n<p>Formato XXIIb. Ofertas Presentadas<\/p>\n<p><a href=\"https:\/\/cmdh.bahiadebanderas.gob.mx\/wp-content\/uploads\/2024\/06\/LTAIPEN_Art_33_Fr_XXII_b-8.xlsx\">LTAIPEN_Art_33_Fr_XXII_b<\/a><\/p>\n<p>Formato XXIIc. Informaci\u00f3n de la Instituci\u00f3n Financiera que Resulte Ganadora<\/p>\n<p><a href=\"https:\/\/cmdh.bahiadebanderas.gob.mx\/wp-content\/uploads\/2024\/06\/LTAIPEN_Art_33_Fr_XXII_c-4.xlsx\">LTAIPEN_Art_33_Fr_XXII_c<\/a><\/p>\n<style type=\"text\/css\" scoped=\"scoped\">.divider-69e79bf34f40d{ margin-top: 30px;margin-bottom:30px;width:100%;}.divider-69e79bf34f40d .divider-border{border-bottom-width:5px; border-color:#f2f2f2;}.divider-69e79bf34f40d .double-line.divider-inner-item .divider-inner{border-top-width: 5px; border-bottom-width: 5px;}.divider-69e79bf34f40d .divider-border.divider-inner-item .divider-inner{ border-bottom-width: 5px;} <\/style><div class=\" divider divider-69e79bf34f40d divider-shadow center\" id=\"\" style=\"margin-top:; margin-bottom:;\"><div class=\"divider-inner divider-border\"><\/div><\/div>\n<p style=\"text-align: center;\"><strong>EJERCICIO 2023<\/strong><\/p>\n<p style=\"text-align: center;\"><strong>CUARTO TRIMESTRE<\/strong><\/p>\n<p>Formato XXIIa. Deuda P\u00fablica<\/p>\n<p><a href=\"https:\/\/cmdh.bahiadebanderas.gob.mx\/wp-content\/uploads\/2024\/01\/LTAIPEN_Art_33_Fr_XXII_a-4to.xlsx\">LTAIPEN_Art_33_Fr_XXII_a<\/a><\/p>\n<p>Formato XXIIb. Ofertas Presentadas<\/p>\n<p><a href=\"https:\/\/cmdh.bahiadebanderas.gob.mx\/wp-content\/uploads\/2024\/04\/LTAIPEN_Art_33_Fr_XXII_b-4.xlsx\">LTAIPEN_Art_33_Fr_XXII_b<\/a><\/p>\n<p>Formato XXIIc. Informaci\u00f3n de la Instituci\u00f3n Financiera que Resulte Ganadora<\/p>\n<p><a href=\"https:\/\/cmdh.bahiadebanderas.gob.mx\/wp-content\/uploads\/2024\/04\/LTAIPEN_Art_33_Fr_XXII_c-3.xlsx\">LTAIPEN_Art_33_Fr_XXII_c<\/a><\/p>\n<p style=\"text-align: center;\"><strong>TERCER TRIMESTRE<\/strong><\/p>\n<p>Formato XXIIa. Deuda P\u00fablica<\/p>\n<p><a href=\"https:\/\/cmdh.bahiadebanderas.gob.mx\/wp-content\/uploads\/2023\/10\/LTAIPEN_Art_33_Fr_XXII_a-1.xlsx\">LTAIPEN_Art_33_Fr_XXII_a<\/a><\/p>\n<p>Formato XXIIb. Ofertas Presentadas<\/p>\n<p><a href=\"https:\/\/cmdh.bahiadebanderas.gob.mx\/wp-content\/uploads\/2023\/10\/LTAIPEN_Art_33_Fr_XXII_b-1.xlsx\">LTAIPEN_Art_33_Fr_XXII_b<\/a><\/p>\n<p>Formato XXIIc. Informaci\u00f3n de la Instituci\u00f3n Financiera que Resulte Ganadora<\/p>\n<p><a href=\"https:\/\/cmdh.bahiadebanderas.gob.mx\/wp-content\/uploads\/2023\/10\/LTAIPEN_Art_33_Fr_XXII_c-1.xlsx\">LTAIPEN_Art_33_Fr_XXII_c<\/a><\/p>\n<p style=\"text-align: center;\"><strong>SEGUNDO TRIMESTRE<\/strong><\/p>\n<p>Formato XXIIa. Deuda P\u00fablica<\/p>\n<p><a href=\"https:\/\/cmdh.bahiadebanderas.gob.mx\/wp-content\/uploads\/2023\/07\/LTAIPEN_Art_33_Fr_XXII_a.xlsx\">LTAIPEN_Art_33_Fr_XXII_a<\/a><\/p>\n<p>Formato XXIIb. Ofertas Presentadas<\/p>\n<p><a href=\"https:\/\/cmdh.bahiadebanderas.gob.mx\/wp-content\/uploads\/2023\/07\/LTAIPEN_Art_33_Fr_XXII_b.xlsx\">LTAIPEN_Art_33_Fr_XXII_b<\/a><\/p>\n<p>Formato XXIIc. Informaci\u00f3n de la Instituci\u00f3n Financiera que Resulte Ganadora<\/p>\n<p><a href=\"https:\/\/cmdh.bahiadebanderas.gob.mx\/wp-content\/uploads\/2023\/07\/LTAIPEN_Art_33_Fr_XXII_c.xlsx\">LTAIPEN_Art_33_Fr_XXII_c<\/a><\/p>\n<p style=\"text-align: center;\"><strong>PRIMER TRIMESTRE<\/strong><\/p>\n<p>Formato XXIIa. Deuda P\u00fablica<\/p>\n<p><a href=\"https:\/\/cmdh.bahiadebanderas.gob.mx\/wp-content\/uploads\/2023\/05\/LTAIPEN_Art_33_Fr_XXII_a-1.xlsx\">LTAIPEN_Art_33_Fr_XXII_a<\/a><\/p>\n<p>Formato XXIIb. Ofertas Presentadas<\/p>\n<p><a href=\"https:\/\/cmdh.bahiadebanderas.gob.mx\/wp-content\/uploads\/2023\/05\/LTAIPEN_Art_33_Fr_XXII_b-1.xlsx\">LTAIPEN_Art_33_Fr_XXII_b<\/a><\/p>\n<p>Formato XXIIc. Informaci\u00f3n de la Instituci\u00f3n Financiera que Resulte Ganadora<\/p>\n<p><a href=\"https:\/\/cmdh.bahiadebanderas.gob.mx\/wp-content\/uploads\/2023\/05\/LTAIPEN_Art_33_Fr_XXII_c-2.xlsx\">LTAIPEN_Art_33_Fr_XXII_c<\/a><\/p>\n<style type=\"text\/css\" scoped=\"scoped\">.divider-69e79bf34f436{ margin-top: 30px;margin-bottom:30px;width:100%;}.divider-69e79bf34f436 .divider-border{border-bottom-width:5px; border-color:#f2f2f2;}.divider-69e79bf34f436 .double-line.divider-inner-item .divider-inner{border-top-width: 5px; border-bottom-width: 5px;}.divider-69e79bf34f436 .divider-border.divider-inner-item .divider-inner{ border-bottom-width: 5px;} <\/style><div class=\" divider divider-69e79bf34f436 divider-shadow center\" id=\"\" style=\"margin-top:; margin-bottom:;\"><div class=\"divider-inner divider-border\"><\/div><\/div>\n<p style=\"text-align: center;\"><strong>EJERCICIO 2022<\/strong><\/p>\n<p style=\"text-align: center;\"><strong>PRIMER TRIMESTRE<\/strong><\/p>\n<p>Formato XXIIa. Deuda P\u00fablica<\/p>\n<p><a href=\"https:\/\/cmdh.bahiadebanderas.gob.mx\/wp-content\/uploads\/2022\/04\/LTAIPEN_Art_33_Fr_XXII_a.xlsx\">LTAIPEN_Art_33_Fr_XXII_a<\/a><\/p>\n<p>Formato XXIIb. Ofertas Presentadas<\/p>\n<p><a href=\"https:\/\/cmdh.bahiadebanderas.gob.mx\/wp-content\/uploads\/2022\/04\/LTAIPEN_Art_33_Fr_XXII_b.xlsx\">LTAIPEN_Art_33_Fr_XXII_b<\/a><\/p>\n<p>Formato XXIIc. Informaci\u00f3n de la Instituci\u00f3n Financiera que Resulte Ganadora<\/p>\n<p><a href=\"https:\/\/cmdh.bahiadebanderas.gob.mx\/wp-content\/uploads\/2022\/04\/LTAIPEN_Art_33_Fr_XXII_c.xlsx\">LTAIPEN_Art_33_Fr_XXII_c<\/a><\/p>\n<p style=\"text-align: center;\"><strong>SEGUNDO TRIMESTRE<\/strong><\/p>\n<p>Formato XXIIa. Deuda P\u00fablica<\/p>\n<p><a href=\"https:\/\/cmdh.bahiadebanderas.gob.mx\/wp-content\/uploads\/2022\/07\/LTAIPEN_Art_33_Fr_XXII_a.xlsx\">LTAIPEN_Art_33_Fr_XXII_a<\/a><\/p>\n<p>Formato XXIIb. Ofertas Presentadas<\/p>\n<p><a href=\"https:\/\/cmdh.bahiadebanderas.gob.mx\/wp-content\/uploads\/2022\/07\/LTAIPEN_Art_33_Fr_XXII_b.xlsx\">LTAIPEN_Art_33_Fr_XXII_b<\/a><\/p>\n<p>Formato XXIIc. Informaci\u00f3n de la Instituci\u00f3n Financiera que Resulte Ganadora<\/p>\n<p><a href=\"https:\/\/cmdh.bahiadebanderas.gob.mx\/wp-content\/uploads\/2022\/07\/LTAIPEN_Art_33_Fr_XXII_c.xlsx\">LTAIPEN_Art_33_Fr_XXII_c<\/a><\/p>\n<p style=\"text-align: center;\"><strong>TERCER TRIMESTRE<\/strong><\/p>\n<p>Formato XXIIa. Deuda P\u00fablica<\/p>\n<p><a href=\"https:\/\/cmdh.bahiadebanderas.gob.mx\/transparencia\/XXII\/2022\/3ER%20TR%202022\/LTAIPEN_Art_33_Fr_XXII_a.xlsx\">LTAIPEN_Art_33_Fr_XXII_a<\/a><\/p>\n<p>Formato XXIIb. Ofertas Presentadas<\/p>\n<p><a href=\"https:\/\/cmdh.bahiadebanderas.gob.mx\/transparencia\/XXII\/2022\/3ER%20TR%202022\/LTAIPEN_Art_33_Fr_XXII_b.xlsx\">LTAIPEN_Art_33_Fr_XXII_b<\/a><\/p>\n<p>Formato XXIIc. Informaci\u00f3n de la Instituci\u00f3n Financiera que Resulte Ganadora<\/p>\n<p><a href=\"https:\/\/cmdh.bahiadebanderas.gob.mx\/transparencia\/XXII\/2022\/3ER%20TR%202022\/LTAIPEN_Art_33_Fr_XXII_c.xlsx\">LTAIPEN_Art_33_Fr_XXII_c<\/a><\/p>\n<p style=\"text-align: center;\"><strong>CUARTO\u00a0 TRIMESTRE<\/strong><\/p>\n<p>Formato XXIIa. Deuda P\u00fablica<\/p>\n<p><a href=\"https:\/\/cmdh.bahiadebanderas.gob.mx\/wp-content\/uploads\/2023\/03\/LTAIPEN_Art_33_Fr_XXII_a.xlsx\">LTAIPEN_Art_33_Fr_XXII_a<\/a><\/p>\n<p>Formato XXIIb. Ofertas Presentadas<\/p>\n<p><a href=\"https:\/\/cmdh.bahiadebanderas.gob.mx\/wp-content\/uploads\/2023\/03\/LTAIPEN_Art_33_Fr_XXII_b.xlsx\">LTAIPEN_Art_33_Fr_XXII_b<\/a><\/p>\n<p>Formato XXIIc. Informaci\u00f3n de la Instituci\u00f3n Financiera que Resulte Ganadora<\/p>\n<p><a href=\"https:\/\/cmdh.bahiadebanderas.gob.mx\/wp-content\/uploads\/2023\/03\/LTAIPEN_Art_33_Fr_XXII_c.xlsx\">LTAIPEN_Art_33_Fr_XXII_c<\/a><\/p>\n<style type=\"text\/css\" scoped=\"scoped\">.divider-69e79bf34f456{ margin-top: 30px;margin-bottom:30px;width:100%;}.divider-69e79bf34f456 .divider-border{border-bottom-width:5px; border-color:#f2f2f2;}.divider-69e79bf34f456 .double-line.divider-inner-item .divider-inner{border-top-width: 5px; border-bottom-width: 5px;}.divider-69e79bf34f456 .divider-border.divider-inner-item .divider-inner{ border-bottom-width: 5px;} <\/style><div class=\" divider divider-69e79bf34f456 divider-shadow center\" id=\"\" style=\"margin-top:; margin-bottom:;\"><div class=\"divider-inner divider-border\"><\/div><\/div>\n<p style=\"text-align: center;\"><strong>EJERCICIO 202<\/strong><strong>1<\/strong><\/p>\n<p style=\"text-align: center;\"><strong>PRIMER TRIMESTRE<\/strong><\/p>\n<p>Formato XXIIa. Deuda P\u00fablica<\/p>\n<p><a href=\"https:\/\/cmdh.bahiadebanderas.gob.mx\/wp-content\/uploads\/2021\/04\/LTAIPEN_Art_33_Fr_XXII_a.xlsx\">LTAIPEN_Art_33_Fr_XXII_a<\/a><\/p>\n<p>Formato XXIIb. Ofertas Presentadas<\/p>\n<p><a href=\"https:\/\/cmdh.bahiadebanderas.gob.mx\/wp-content\/uploads\/2021\/04\/LTAIPEN_Art_33_Fr_XXII_b.xlsx\">LTAIPEN_Art_33_Fr_XXII_b<\/a><\/p>\n<p>Formato XXIIc. Informaci\u00f3n de la Instituci\u00f3n Financiera que Resulte Ganadora<\/p>\n<p><a href=\"https:\/\/cmdh.bahiadebanderas.gob.mx\/wp-content\/uploads\/2021\/04\/LTAIPEN_Art_33_Fr_XXII_c.xlsx\">LTAIPEN_Art_33_Fr_XXII_c<\/a><\/p>\n<p style=\"text-align: center;\"><strong>SEGUNDO TRIMESTRE<\/strong><\/p>\n<p>Formato XXIIa. Deuda P\u00fablica<\/p>\n<p><a href=\"https:\/\/cmdh.bahiadebanderas.gob.mx\/wp-content\/uploads\/2021\/07\/LTAIPEN_Art_33_Fr_XXII_a.xlsx\">LTAIPEN_Art_33_Fr_XXII_a<\/a><\/p>\n<p>Formato XXIIb. Ofertas Presentadas<\/p>\n<p><a href=\"https:\/\/cmdh.bahiadebanderas.gob.mx\/wp-content\/uploads\/2021\/07\/LTAIPEN_Art_33_Fr_XXII_b.xlsx\">LTAIPEN_Art_33_Fr_XXII_b<\/a><\/p>\n<p>Formato XXIIc. Informaci\u00f3n de la Instituci\u00f3n Financiera que Resulte Ganadora<\/p>\n<p><a href=\"https:\/\/cmdh.bahiadebanderas.gob.mx\/wp-content\/uploads\/2021\/07\/LTAIPEN_Art_33_Fr_XXII_c.xlsx\">LTAIPEN_Art_33_Fr_XXII_c<\/a><\/p>\n<p style=\"text-align: center;\"><strong>TERCER TRIMESTRE<\/strong><\/p>\n<p>Formato XXIIa. Deuda P\u00fablica<\/p>\n<p><a href=\"https:\/\/cmdh.bahiadebanderas.gob.mx\/wp-content\/uploads\/2021\/10\/LTAIPEN_Art_33_Fr_XXII_a-1.xlsx\">LTAIPEN_Art_33_Fr_XXII_a<\/a><\/p>\n<p>Formato XXIIb. Ofertas Presentadas<\/p>\n<p><a href=\"https:\/\/cmdh.bahiadebanderas.gob.mx\/wp-content\/uploads\/2021\/10\/LTAIPEN_Art_33_Fr_XXII_b-1.xlsx\">LTAIPEN_Art_33_Fr_XXII_b<\/a><\/p>\n<p>Formato XXIIc. Informaci\u00f3n de la Instituci\u00f3n Financiera que Resulte Ganadora<\/p>\n<p><a href=\"https:\/\/cmdh.bahiadebanderas.gob.mx\/wp-content\/uploads\/2021\/10\/LTAIPEN_Art_33_Fr_XXII_c-1.xlsx\">LTAIPEN_Art_33_Fr_XXII_c<\/a><\/p>\n<p style=\"text-align: center;\"><strong>CUARTO TRIMESTRE<\/strong><\/p>\n<p>Formato XXIIa. Deuda P\u00fablica<\/p>\n<p><a href=\"https:\/\/cmdh.bahiadebanderas.gob.mx\/wp-content\/uploads\/2022\/01\/LTAIPEN_Art_33_Fr_XXII_a.xlsx\">LTAIPEN_Art_33_Fr_XXII_a<\/a><\/p>\n<p>Formato XXIIb. Ofertas Presentadas<\/p>\n<p><a href=\"https:\/\/cmdh.bahiadebanderas.gob.mx\/wp-content\/uploads\/2022\/01\/LTAIPEN_Art_33_Fr_XXII_b.xlsx\">LTAIPEN_Art_33_Fr_XXII_b<\/a><\/p>\n<p>Formato XXIIc. Informaci\u00f3n de la Instituci\u00f3n Financiera que Resulte Ganadora<\/p>\n<p><a href=\"https:\/\/cmdh.bahiadebanderas.gob.mx\/wp-content\/uploads\/2022\/01\/LTAIPEN_Art_33_Fr_XXII_c.xlsx\">LTAIPEN_Art_33_Fr_XXII_c<\/a><\/p>\n<style type=\"text\/css\" scoped=\"scoped\">.divider-69e79bf34f474{ margin-top: 30px;margin-bottom:30px;width:100%;}.divider-69e79bf34f474 .divider-border{border-bottom-width:5px; border-color:#f2f2f2;}.divider-69e79bf34f474 .double-line.divider-inner-item .divider-inner{border-top-width: 5px; border-bottom-width: 5px;}.divider-69e79bf34f474 .divider-border.divider-inner-item .divider-inner{ border-bottom-width: 5px;} <\/style><div class=\" divider divider-69e79bf34f474 divider-shadow center\" id=\"\" style=\"margin-top:; margin-bottom:;\"><div class=\"divider-inner divider-border\"><\/div><\/div>\n<p style=\"text-align: center;\"><strong>EJERCICIO 2020<\/strong><\/p>\n<p style=\"text-align: center;\"><strong>PRIMER TRIMESTRE<\/strong><\/p>\n<p>Formato XXIIa. Deuda P\u00fablica<\/p>\n<p><a href=\"https:\/\/cmdh.bahiadebanderas.gob.mx\/wp-content\/uploads\/2021\/04\/LTAIPEN_Art_33_Fr_XXII_a.xlsx\">LTAIPEN_Art_33_Fr_XXII_a<\/a><\/p>\n<p>Formato XXIIb. Ofertas Presentadas<\/p>\n<p><a href=\"https:\/\/cmdh.bahiadebanderas.gob.mx\/wp-content\/uploads\/2024\/06\/LTAIPEN_Art_33_Fr_XXII_b-2020.xlsx\">LTAIPEN_Art_33_Fr_XXII_b<\/a><\/p>\n<p>Formato XXIIc. Informaci\u00f3n de la Instituci\u00f3n Financiera que Resulte Ganadora<\/p>\n<p><a href=\"https:\/\/cmdh.bahiadebanderas.gob.mx\/wp-content\/uploads\/2021\/04\/LTAIPEN_Art_33_Fr_XXII_c.xlsx\">LTAIPEN_Art_33_Fr_XXII_c<\/a><\/p>\n<style type=\"text\/css\" scoped=\"scoped\">.divider-69e79bf34f491{ margin-top: 30px;margin-bottom:30px;width:100%;}.divider-69e79bf34f491 .divider-border{border-bottom-width:5px; border-color:#f2f2f2;}.divider-69e79bf34f491 .double-line.divider-inner-item .divider-inner{border-top-width: 5px; border-bottom-width: 5px;}.divider-69e79bf34f491 .divider-border.divider-inner-item .divider-inner{ border-bottom-width: 5px;} <\/style><div class=\" divider divider-69e79bf34f491 divider-shadow center\" id=\"\" style=\"margin-top:; margin-bottom:;\"><div class=\"divider-inner divider-border\"><\/div><\/div>\n<p style=\"text-align: center;\"><strong>EJERCICIO 2019<\/strong><\/p>\n<p style=\"text-align: center;\"><strong>PRIMER TRIMESTRE<\/strong><\/p>\n<p>Formato XXIIa. Deuda P\u00fablica<\/p>\n<p><a href=\"https:\/\/cmdh.bahiadebanderas.gob.mx\/wp-content\/uploads\/2021\/04\/LTAIPEN_Art_33_Fr_XXII_a.xlsx\">LTAIPEN_Art_33_Fr_XXII_a<\/a><\/p>\n<p>Formato XXIIb. Ofertas Presentadas<\/p>\n<p><a href=\"https:\/\/cmdh.bahiadebanderas.gob.mx\/wp-content\/uploads\/2024\/06\/LTAIPEN_Art_33_Fr_XXII_b-2019.xlsx\">LTAIPEN_Art_33_Fr_XXII_b<\/a><\/p>\n<p>Formato XXIIc. Informaci\u00f3n de la Instituci\u00f3n Financiera que Resulte Ganadora<\/p>\n<p><a href=\"https:\/\/cmdh.bahiadebanderas.gob.mx\/wp-content\/uploads\/2021\/04\/LTAIPEN_Art_33_Fr_XXII_c.xlsx\">LTAIPEN_Art_33_Fr_XXII_c<\/a><\/p>\n<style type=\"text\/css\" scoped=\"scoped\">.divider-69e79bf34f4ac{ margin-top: 30px;margin-bottom:30px;width:100%;}.divider-69e79bf34f4ac .divider-border{border-bottom-width:5px; border-color:#f2f2f2;}.divider-69e79bf34f4ac .double-line.divider-inner-item .divider-inner{border-top-width: 5px; border-bottom-width: 5px;}.divider-69e79bf34f4ac .divider-border.divider-inner-item .divider-inner{ border-bottom-width: 5px;} <\/style><div class=\" divider divider-69e79bf34f4ac divider-shadow center\" id=\"\" style=\"margin-top:; margin-bottom:;\"><div class=\"divider-inner divider-border\"><\/div><\/div>\n<p>Periodo de actualizaci\u00f3n: Trimestral<\/p>\n<p>Fecha de Actualizaci\u00f3n: 09 de Febrero del 2026<\/p>\n<p>Conservaci\u00f3n: Ejercicio en curso y 6 ejercicios anteriores.<\/p>\n<p>\u00c1rea que genera la informaci\u00f3n: Contabilidad<\/p>\n","protected":false},"excerpt":{"rendered":"<p>XXII. DEUDA P\u00daBLICA EJERCICIO 2025 CUARTO TRIMESTRE Formato XXIIa. Deuda P\u00fablica LTAIPEN_Art_33_Fr_XXII_a Formato XXIIb. Ofertas Presentadas LTAIPEN_Art_33_Fr_XXII_b Formato XXIIc. Informaci\u00f3n de la Instituci\u00f3n Financiera que Resulte Ganadora LTAIPEN_Art_33_Fr_XXII_c TERCER TRIMESTRE Formato XXIIa. Deuda P\u00fablica LTAIPEN_Art_33_Fr_XXII_a Formato XXIIb. Ofertas Presentadas LTAIPEN_Art_33_Fr_XXII_b Formato XXIIc. Informaci\u00f3n de la Instituci\u00f3n Financiera que Resulte Ganadora LTAIPEN_Art_33_Fr_XXII_c PRIMER TRIMESTRE Formato XXIIa. Deuda P\u00fablica LTAIPEN_Art_33_Fr_XXII_a Formato XXIIb. Ofertas Presentadas LTAIPEN_Art_33_Fr_XXII_b Formato XXIIc. Informaci\u00f3n de la Instituci\u00f3n Financiera que Resulte Ganadora LTAIPEN_Art_33_Fr_XXII_c EJERCICIO 2024 CUARTO TRIMESTRE Formato XXIIa. Deuda P\u00fablica LTAIPEN_Art_33_Fr_XXII_a Formato XXIIb. Ofertas Presentadas LTAIPEN_Art_33_Fr_XXII_b Formato XXIIc. Informaci\u00f3n de la Instituci\u00f3n Financiera que Resulte Ganadora LTAIPEN_Art_33_Fr_XXII_c TERCER TRIMESTRE Formato XXIIa. Deuda P\u00fablica LTAIPEN_Art_33_Fr_XXII_a Formato XXIIb. Ofertas Presentadas LTAIPEN_Art_33_Fr_XXII_b Formato XXIIc. Informaci\u00f3n de la Instituci\u00f3n Financiera que Resulte Ganadora LTAIPEN_Art_33_Fr_XXII_c SEGUNDO TRIMESTRE Formato XXIIa. Deuda P\u00fablica LTAIPEN_Art_33_Fr_XXII_a Formato XXIIb. Ofertas Presentadas LTAIPEN_Art_33_Fr_XXII_b Formato XXIIc. Informaci\u00f3n de la Instituci\u00f3n Financiera que Resulte Ganadora LTAIPEN_Art_33_Fr_XXII_c PRIMER TRIMESTRE Formato XXIIa. Deuda P\u00fablica LTAIPEN_Art_33_Fr_XXII_a Formato XXIIb. Ofertas Presentadas LTAIPEN_Art_33_Fr_XXII_b Formato XXIIc. Informaci\u00f3n de la Instituci\u00f3n Financiera que Resulte Ganadora LTAIPEN_Art_33_Fr_XXII_c EJERCICIO 2023 CUARTO TRIMESTRE Formato XXIIa. Deuda P\u00fablica LTAIPEN_Art_33_Fr_XXII_a Formato XXIIb. Ofertas Presentadas LTAIPEN_Art_33_Fr_XXII_b Formato XXIIc. Informaci\u00f3n de la Instituci\u00f3n Financiera que Resulte Ganadora LTAIPEN_Art_33_Fr_XXII_c TERCER TRIMESTRE Formato XXIIa. Deuda P\u00fablica LTAIPEN_Art_33_Fr_XXII_a Formato XXIIb. Ofertas Presentadas LTAIPEN_Art_33_Fr_XXII_b Formato XXIIc. Informaci\u00f3n de la Instituci\u00f3n Financiera que Resulte Ganadora LTAIPEN_Art_33_Fr_XXII_c SEGUNDO TRIMESTRE Formato XXIIa. Deuda P\u00fablica LTAIPEN_Art_33_Fr_XXII_a Formato XXIIb. Ofertas Presentadas LTAIPEN_Art_33_Fr_XXII_b Formato XXIIc. Informaci\u00f3n de la Instituci\u00f3n Financiera que Resulte Ganadora LTAIPEN_Art_33_Fr_XXII_c PRIMER TRIMESTRE Formato XXIIa. Deuda P\u00fablica LTAIPEN_Art_33_Fr_XXII_a Formato XXIIb. Ofertas Presentadas LTAIPEN_Art_33_Fr_XXII_b Formato XXIIc. Informaci\u00f3n de la Instituci\u00f3n Financiera que Resulte Ganadora LTAIPEN_Art_33_Fr_XXII_c EJERCICIO 2022 PRIMER TRIMESTRE Formato XXIIa. Deuda P\u00fablica LTAIPEN_Art_33_Fr_XXII_a Formato XXIIb. Ofertas Presentadas LTAIPEN_Art_33_Fr_XXII_b Formato XXIIc. Informaci\u00f3n de la Instituci\u00f3n Financiera que Resulte Ganadora LTAIPEN_Art_33_Fr_XXII_c SEGUNDO TRIMESTRE Formato XXIIa. Deuda P\u00fablica LTAIPEN_Art_33_Fr_XXII_a Formato XXIIb. Ofertas Presentadas LTAIPEN_Art_33_Fr_XXII_b Formato XXIIc. Informaci\u00f3n de la Instituci\u00f3n Financiera que Resulte Ganadora LTAIPEN_Art_33_Fr_XXII_c TERCER TRIMESTRE Formato XXIIa. Deuda P\u00fablica LTAIPEN_Art_33_Fr_XXII_a Formato XXIIb. Ofertas Presentadas LTAIPEN_Art_33_Fr_XXII_b Formato XXIIc. Informaci\u00f3n de la Instituci\u00f3n Financiera que Resulte Ganadora LTAIPEN_Art_33_Fr_XXII_c CUARTO\u00a0 TRIMESTRE Formato XXIIa. Deuda P\u00fablica LTAIPEN_Art_33_Fr_XXII_a Formato XXIIb. Ofertas Presentadas LTAIPEN_Art_33_Fr_XXII_b Formato XXIIc. Informaci\u00f3n de la Instituci\u00f3n Financiera que Resulte Ganadora LTAIPEN_Art_33_Fr_XXII_c EJERCICIO 2021 PRIMER TRIMESTRE Formato XXIIa. Deuda P\u00fablica LTAIPEN_Art_33_Fr_XXII_a Formato XXIIb. Ofertas Presentadas LTAIPEN_Art_33_Fr_XXII_b Formato XXIIc. Informaci\u00f3n de la Instituci\u00f3n Financiera que Resulte Ganadora LTAIPEN_Art_33_Fr_XXII_c SEGUNDO TRIMESTRE Formato XXIIa. Deuda P\u00fablica LTAIPEN_Art_33_Fr_XXII_a Formato XXIIb. Ofertas Presentadas LTAIPEN_Art_33_Fr_XXII_b Formato XXIIc. Informaci\u00f3n de la Instituci\u00f3n Financiera que Resulte Ganadora LTAIPEN_Art_33_Fr_XXII_c TERCER TRIMESTRE Formato XXIIa. Deuda P\u00fablica LTAIPEN_Art_33_Fr_XXII_a Formato XXIIb. Ofertas Presentadas LTAIPEN_Art_33_Fr_XXII_b Formato XXIIc. Informaci\u00f3n de la Instituci\u00f3n Financiera que Resulte Ganadora LTAIPEN_Art_33_Fr_XXII_c CUARTO TRIMESTRE Formato XXIIa. Deuda P\u00fablica LTAIPEN_Art_33_Fr_XXII_a Formato XXIIb. Ofertas Presentadas LTAIPEN_Art_33_Fr_XXII_b Formato XXIIc. Informaci\u00f3n de la Instituci\u00f3n Financiera que Resulte Ganadora LTAIPEN_Art_33_Fr_XXII_c EJERCICIO 2020 PRIMER TRIMESTRE Formato XXIIa. Deuda P\u00fablica LTAIPEN_Art_33_Fr_XXII_a Formato XXIIb. Ofertas Presentadas LTAIPEN_Art_33_Fr_XXII_b Formato XXIIc. Informaci\u00f3n de la Instituci\u00f3n Financiera que Resulte Ganadora LTAIPEN_Art_33_Fr_XXII_c EJERCICIO 2019 PRIMER TRIMESTRE Formato XXIIa. Deuda P\u00fablica LTAIPEN_Art_33_Fr_XXII_a Formato XXIIb. Ofertas Presentadas LTAIPEN_Art_33_Fr_XXII_b Formato XXIIc. Informaci\u00f3n de la Instituci\u00f3n Financiera que Resulte Ganadora LTAIPEN_Art_33_Fr_XXII_c Periodo de actualizaci\u00f3n: Trimestral Fecha de Actualizaci\u00f3n: 09 de Febrero del 2026 Conservaci\u00f3n: Ejercicio en curso y 6 ejercicios anteriores. \u00c1rea que genera la informaci\u00f3n: Contabilidad<\/p>\n","protected":false},"author":1,"featured_media":0,"parent":0,"menu_order":0,"comment_status":"closed","ping_status":"closed","template":"","meta":[],"_links":{"self":[{"href":"https:\/\/cmdh.bahiadebanderas.gob.mx\/index.php\/wp-json\/wp\/v2\/pages\/543"}],"collection":[{"href":"https:\/\/cmdh.bahiadebanderas.gob.mx\/index.php\/wp-json\/wp\/v2\/pages"}],"about":[{"href":"https:\/\/cmdh.bahiadebanderas.gob.mx\/index.php\/wp-json\/wp\/v2\/types\/page"}],"author":[{"embeddable":true,"href":"https:\/\/cmdh.bahiadebanderas.gob.mx\/index.php\/wp-json\/wp\/v2\/users\/1"}],"replies":[{"embeddable":true,"href":"https:\/\/cmdh.bahiadebanderas.gob.mx\/index.php\/wp-json\/wp\/v2\/comments?post=543"}],"version-history":[{"count":42,"href":"https:\/\/cmdh.bahiadebanderas.gob.mx\/index.php\/wp-json\/wp\/v2\/pages\/543\/revisions"}],"predecessor-version":[{"id":12253,"href":"https:\/\/cmdh.bahiadebanderas.gob.mx\/index.php\/wp-json\/wp\/v2\/pages\/543\/revisions\/12253"}],"wp:attachment":[{"href":"https:\/\/cmdh.bahiadebanderas.gob.mx\/index.php\/wp-json\/wp\/v2\/media?parent=543"}],"curies":[{"name":"wp","href":"https:\/\/api.w.org\/{rel}","templated":true}]}}