{"id":524,"date":"2020-06-16T08:15:30","date_gmt":"2020-06-16T14:15:30","guid":{"rendered":"https:\/\/cmdh.bahiadebanderas.gob.mx\/?page_id=524"},"modified":"2025-05-05T09:47:48","modified_gmt":"2025-05-05T15:47:48","slug":"v-indicadores-de-interes-publico","status":"publish","type":"page","link":"https:\/\/cmdh.bahiadebanderas.gob.mx\/index.php\/v-indicadores-de-interes-publico\/","title":{"rendered":"V &#8211; Indicadores de Inter\u00e9s P\u00fablico"},"content":{"rendered":"<h4 style=\"text-align: center;\"><span style=\"color: #ffd900;\"><strong>V. LOS INDICADORES DE INTER\u00c9S P\u00daBLICO<\/strong><\/span><\/h4>\n<p style=\"text-align: center;\"><strong>EJERCICIO 2025<\/strong><\/p>\n<p>Formato V. Indicadores de Inter\u00e9s P\u00fablico<\/p>\n<p><a href=\"https:\/\/cmdh.bahiadebanderas.gob.mx\/wp-content\/uploads\/2025\/05\/LTAIPEN_Art_33_Fr_V-9.xlsx\">LTAIPEN_Art_33_Fr_V<\/a><\/p>\n<style type=\"text\/css\" scoped=\"scoped\">.divider-69e79bd292486{ margin-top: 30px;margin-bottom:30px;width:100%;}.divider-69e79bd292486 .divider-border{border-bottom-width:5px; border-color:#f2f2f2;}.divider-69e79bd292486 .double-line.divider-inner-item .divider-inner{border-top-width: 5px; border-bottom-width: 5px;}.divider-69e79bd292486 .divider-border.divider-inner-item .divider-inner{ border-bottom-width: 5px;} <\/style><div class=\" divider divider-69e79bd292486 divider-shadow center\" id=\"\" style=\"margin-top:; margin-bottom:;\"><div class=\"divider-inner divider-border\"><\/div><\/div>\n<p style=\"text-align: center;\"><strong>EJERCICIO 2024<\/strong><\/p>\n<p>Formato V. Indicadores de Inter\u00e9s P\u00fablico<\/p>\n<p><a href=\"https:\/\/cmdh.bahiadebanderas.gob.mx\/wp-content\/uploads\/2025\/01\/LTAIPEN_Art_33_Fr_V.xlsx\">LTAIPEN_Art_33_Fr_V<\/a><\/p>\n<style type=\"text\/css\" scoped=\"scoped\">.divider-69e79bd2924e2{ margin-top: 30px;margin-bottom:30px;width:100%;}.divider-69e79bd2924e2 .divider-border{border-bottom-width:5px; border-color:#f2f2f2;}.divider-69e79bd2924e2 .double-line.divider-inner-item .divider-inner{border-top-width: 5px; border-bottom-width: 5px;}.divider-69e79bd2924e2 .divider-border.divider-inner-item .divider-inner{ border-bottom-width: 5px;} <\/style><div class=\" divider divider-69e79bd2924e2 divider-shadow center\" id=\"\" style=\"margin-top:; margin-bottom:;\"><div class=\"divider-inner divider-border\"><\/div><\/div>\n<p style=\"text-align: center;\"><strong>EJERCICIO 2023<\/strong><\/p>\n<p>Formato V. Indicadores de Inter\u00e9s P\u00fablico<\/p>\n<p><a href=\"https:\/\/cmdh.bahiadebanderas.gob.mx\/wp-content\/uploads\/2024\/06\/LTAIPEN_Art_33_Fr_V-2023.xlsx\">LTAIPEN_Art_33_Fr_V<\/a><\/p>\n<style type=\"text\/css\" scoped=\"scoped\">.divider-69e79bd29250a{ margin-top: 30px;margin-bottom:30px;width:100%;}.divider-69e79bd29250a .divider-border{border-bottom-width:5px; border-color:#f2f2f2;}.divider-69e79bd29250a .double-line.divider-inner-item .divider-inner{border-top-width: 5px; border-bottom-width: 5px;}.divider-69e79bd29250a .divider-border.divider-inner-item .divider-inner{ border-bottom-width: 5px;} <\/style><div class=\" divider divider-69e79bd29250a divider-shadow center\" id=\"\" style=\"margin-top:; margin-bottom:;\"><div class=\"divider-inner divider-border\"><\/div><\/div>\n<p style=\"text-align: center;\"><strong>EJERCICIO 2022<\/strong><\/p>\n<p>Formato V. Indicadores de Inter\u00e9s P\u00fablico<\/p>\n<p><a href=\"https:\/\/cmdh.bahiadebanderas.gob.mx\/wp-content\/uploads\/2024\/06\/LTAIPEN_Art_33_Fr_V-2022.xlsx\">LTAIPEN_Art_33_Fr_V<\/a><\/p>\n<style type=\"text\/css\" scoped=\"scoped\">.divider-69e79bd29252d{ margin-top: 30px;margin-bottom:30px;width:100%;}.divider-69e79bd29252d .divider-border{border-bottom-width:5px; border-color:#f2f2f2;}.divider-69e79bd29252d .double-line.divider-inner-item .divider-inner{border-top-width: 5px; border-bottom-width: 5px;}.divider-69e79bd29252d .divider-border.divider-inner-item .divider-inner{ border-bottom-width: 5px;} <\/style><div class=\" divider divider-69e79bd29252d divider-shadow center\" id=\"\" style=\"margin-top:; margin-bottom:;\"><div class=\"divider-inner divider-border\"><\/div><\/div>\n<p style=\"text-align: center;\"><strong>EJERCICIO 2021<\/strong><\/p>\n<p>Formato V. Indicadores de Inter\u00e9s P\u00fablico<\/p>\n<p><a href=\"https:\/\/cmdh.bahiadebanderas.gob.mx\/wp-content\/uploads\/2021\/04\/LTAIPEN_Art_33_Fr_V-1.xlsx\">LTAIPEN_Art_33_Fr_V<\/a><\/p>\n<style type=\"text\/css\" scoped=\"scoped\">.divider-69e79bd29254e{ margin-top: 30px;margin-bottom:30px;width:100%;}.divider-69e79bd29254e .divider-border{border-bottom-width:5px; border-color:#f2f2f2;}.divider-69e79bd29254e .double-line.divider-inner-item .divider-inner{border-top-width: 5px; border-bottom-width: 5px;}.divider-69e79bd29254e .divider-border.divider-inner-item .divider-inner{ border-bottom-width: 5px;} <\/style><div class=\" divider divider-69e79bd29254e divider-shadow center\" id=\"\" style=\"margin-top:; margin-bottom:;\"><div class=\"divider-inner divider-border\"><\/div><\/div>\n<p style=\"text-align: center;\"><strong>EJERCICIO 2020<\/strong><\/p>\n<p>Formato V. Indicadores de Inter\u00e9s P\u00fablico<\/p>\n<p><a href=\"https:\/\/cmdh.bahiadebanderas.gob.mx\/wp-content\/uploads\/2020\/12\/LTAIPEN_Art_33_Fr_V.xlsx\">LTAIPEN_Art_33_Fr_V<\/a><\/p>\n<style type=\"text\/css\" scoped=\"scoped\">.divider-69e79bd29256c{ margin-top: 30px;margin-bottom:30px;width:100%;}.divider-69e79bd29256c .divider-border{border-bottom-width:5px; border-color:#f2f2f2;}.divider-69e79bd29256c .double-line.divider-inner-item .divider-inner{border-top-width: 5px; border-bottom-width: 5px;}.divider-69e79bd29256c .divider-border.divider-inner-item .divider-inner{ border-bottom-width: 5px;} <\/style><div class=\" divider divider-69e79bd29256c divider-shadow center\" id=\"\" style=\"margin-top:; margin-bottom:;\"><div class=\"divider-inner divider-border\"><\/div><\/div>\n<p style=\"text-align: center;\"><strong>EJERCICIO 2019<\/strong><\/p>\n<p>Formato V. Indicadores de Inter\u00e9s P\u00fablico<\/p>\n<p><a href=\"https:\/\/cmdh.bahiadebanderas.gob.mx\/wp-content\/uploads\/2020\/12\/LTAIPEN_Art_33_Fr_V-3.xlsx\">LTAIPEN_Art_33_Fr_V<\/a><\/p>\n<style type=\"text\/css\" scoped=\"scoped\">.divider-69e79bd29258a{ margin-top: 30px;margin-bottom:30px;width:100%;}.divider-69e79bd29258a .divider-border{border-bottom-width:5px; border-color:#f2f2f2;}.divider-69e79bd29258a .double-line.divider-inner-item .divider-inner{border-top-width: 5px; border-bottom-width: 5px;}.divider-69e79bd29258a .divider-border.divider-inner-item .divider-inner{ border-bottom-width: 5px;} <\/style><div class=\" divider divider-69e79bd29258a divider-shadow center\" id=\"\" style=\"margin-top:; margin-bottom:;\"><div class=\"divider-inner divider-border\"><\/div><\/div>\n<p>Periodo de actualizaci\u00f3n: Trimestral<\/p>\n<p>Ultima actualizaci\u00f3n: 05 de Mayo del 2025<\/p>\n<p>Conservaci\u00f3n: ejercicio en curso Y 6 ejercicios anteriores.<\/p>\n<p>\u00c1rea que genera la informaci\u00f3n: Secretaria Ejecutiva<\/p>\n<p style=\"text-align: center;\">\n","protected":false},"excerpt":{"rendered":"<p>V. LOS INDICADORES DE INTER\u00c9S P\u00daBLICO EJERCICIO 2025 Formato V. Indicadores de Inter\u00e9s P\u00fablico LTAIPEN_Art_33_Fr_V EJERCICIO 2024 Formato V. Indicadores de Inter\u00e9s P\u00fablico LTAIPEN_Art_33_Fr_V EJERCICIO 2023 Formato V. Indicadores de Inter\u00e9s P\u00fablico LTAIPEN_Art_33_Fr_V EJERCICIO 2022 Formato V. Indicadores de Inter\u00e9s P\u00fablico LTAIPEN_Art_33_Fr_V EJERCICIO 2021 Formato V. Indicadores de Inter\u00e9s P\u00fablico LTAIPEN_Art_33_Fr_V EJERCICIO 2020 Formato V. Indicadores de Inter\u00e9s P\u00fablico LTAIPEN_Art_33_Fr_V EJERCICIO 2019 Formato V. Indicadores de Inter\u00e9s P\u00fablico LTAIPEN_Art_33_Fr_V Periodo de actualizaci\u00f3n: Trimestral Ultima actualizaci\u00f3n: 05 de Mayo del 2025 Conservaci\u00f3n: ejercicio en curso Y 6 ejercicios anteriores. \u00c1rea que genera la informaci\u00f3n: Secretaria Ejecutiva<\/p>\n","protected":false},"author":1,"featured_media":0,"parent":0,"menu_order":0,"comment_status":"closed","ping_status":"closed","template":"","meta":[],"_links":{"self":[{"href":"https:\/\/cmdh.bahiadebanderas.gob.mx\/index.php\/wp-json\/wp\/v2\/pages\/524"}],"collection":[{"href":"https:\/\/cmdh.bahiadebanderas.gob.mx\/index.php\/wp-json\/wp\/v2\/pages"}],"about":[{"href":"https:\/\/cmdh.bahiadebanderas.gob.mx\/index.php\/wp-json\/wp\/v2\/types\/page"}],"author":[{"embeddable":true,"href":"https:\/\/cmdh.bahiadebanderas.gob.mx\/index.php\/wp-json\/wp\/v2\/users\/1"}],"replies":[{"embeddable":true,"href":"https:\/\/cmdh.bahiadebanderas.gob.mx\/index.php\/wp-json\/wp\/v2\/comments?post=524"}],"version-history":[{"count":30,"href":"https:\/\/cmdh.bahiadebanderas.gob.mx\/index.php\/wp-json\/wp\/v2\/pages\/524\/revisions"}],"predecessor-version":[{"id":11359,"href":"https:\/\/cmdh.bahiadebanderas.gob.mx\/index.php\/wp-json\/wp\/v2\/pages\/524\/revisions\/11359"}],"wp:attachment":[{"href":"https:\/\/cmdh.bahiadebanderas.gob.mx\/index.php\/wp-json\/wp\/v2\/media?parent=524"}],"curies":[{"name":"wp","href":"https:\/\/api.w.org\/{rel}","templated":true}]}}