{"id":519,"date":"2020-06-16T08:10:17","date_gmt":"2020-06-16T14:10:17","guid":{"rendered":"https:\/\/cmdh.bahiadebanderas.gob.mx\/?page_id=519"},"modified":"2026-02-04T09:08:09","modified_gmt":"2026-02-04T15:08:09","slug":"iii-facultades","status":"publish","type":"page","link":"https:\/\/cmdh.bahiadebanderas.gob.mx\/index.php\/iii-facultades\/","title":{"rendered":"III &#8211; Las facultades de cada \u00e1rea"},"content":{"rendered":"<h4><span style=\"color: #ffd900;\"><strong>III. LAS FACULTADES DE CADA \u00c1REA<\/strong><\/span><\/h4>\n<p style=\"text-align: center;\"><b>EJERCICIO 2025<\/b><\/p>\n<p style=\"text-align: center;\">CUARTO TRIMESTRE<\/p>\n<p><a href=\"https:\/\/cmdh.bahiadebanderas.gob.mx\/wp-content\/uploads\/2026\/02\/LTAIPEN_Art_33_Fr_III.xlsx\">LTAIPEN_Art_33_Fr_III<\/a><\/p>\n<p>\u00a0<\/p>\n<style type=\"text\/css\" scoped=\"scoped\">.divider-69e79bd3b49d0{ margin-top: 30px;margin-bottom:30px;width:100%;}.divider-69e79bd3b49d0 .divider-border{border-bottom-width:5px; border-color:#f2f2f2;}.divider-69e79bd3b49d0 .double-line.divider-inner-item .divider-inner{border-top-width: 5px; border-bottom-width: 5px;}.divider-69e79bd3b49d0 .divider-border.divider-inner-item .divider-inner{ border-bottom-width: 5px;} <\/style><div class=\" divider divider-69e79bd3b49d0 divider-shadow center\" id=\"\" style=\"margin-top:; margin-bottom:;\"><div class=\"divider-inner divider-border\"><\/div><\/div>\n<p>Periodo de actualizaci\u00f3n: Trimestral<\/p>\n<p>Ultima actualizaci\u00f3n: 04 de Febrero del 2026<\/p>\n<p>Conservaci\u00f3n: Vigente<\/p>\n<p>\u00c1rea que genera la informaci\u00f3n: Presidencia<\/p>\n<p>\u00a0<\/p>\n\n\n<p><\/p>\n","protected":false},"excerpt":{"rendered":"<p>III. LAS FACULTADES DE CADA \u00c1REA EJERCICIO 2025 CUARTO TRIMESTRE LTAIPEN_Art_33_Fr_III \u00a0 Periodo de actualizaci\u00f3n: Trimestral Ultima actualizaci\u00f3n: 04 de Febrero del 2026 Conservaci\u00f3n: Vigente \u00c1rea que genera la informaci\u00f3n: Presidencia \u00a0<\/p>\n","protected":false},"author":1,"featured_media":0,"parent":0,"menu_order":0,"comment_status":"closed","ping_status":"closed","template":"","meta":[],"_links":{"self":[{"href":"https:\/\/cmdh.bahiadebanderas.gob.mx\/index.php\/wp-json\/wp\/v2\/pages\/519"}],"collection":[{"href":"https:\/\/cmdh.bahiadebanderas.gob.mx\/index.php\/wp-json\/wp\/v2\/pages"}],"about":[{"href":"https:\/\/cmdh.bahiadebanderas.gob.mx\/index.php\/wp-json\/wp\/v2\/types\/page"}],"author":[{"embeddable":true,"href":"https:\/\/cmdh.bahiadebanderas.gob.mx\/index.php\/wp-json\/wp\/v2\/users\/1"}],"replies":[{"embeddable":true,"href":"https:\/\/cmdh.bahiadebanderas.gob.mx\/index.php\/wp-json\/wp\/v2\/comments?post=519"}],"version-history":[{"count":42,"href":"https:\/\/cmdh.bahiadebanderas.gob.mx\/index.php\/wp-json\/wp\/v2\/pages\/519\/revisions"}],"predecessor-version":[{"id":12199,"href":"https:\/\/cmdh.bahiadebanderas.gob.mx\/index.php\/wp-json\/wp\/v2\/pages\/519\/revisions\/12199"}],"wp:attachment":[{"href":"https:\/\/cmdh.bahiadebanderas.gob.mx\/index.php\/wp-json\/wp\/v2\/media?parent=519"}],"curies":[{"name":"wp","href":"https:\/\/api.w.org\/{rel}","templated":true}]}}