{"id":517,"date":"2020-06-16T08:05:23","date_gmt":"2020-06-16T14:05:23","guid":{"rendered":"https:\/\/cmdh.bahiadebanderas.gob.mx\/?page_id=517"},"modified":"2026-02-04T09:05:56","modified_gmt":"2026-02-04T15:05:56","slug":"ii-estructura-organica","status":"publish","type":"page","link":"https:\/\/cmdh.bahiadebanderas.gob.mx\/index.php\/ii-estructura-organica\/","title":{"rendered":"II &#8211; Estructura Org\u00e1nica"},"content":{"rendered":"<h4><span style=\"color: #ffd900;\"><strong>II. ESTRUCTURA ORG\u00c1NICA<\/strong><\/span><\/h4>\n<style type=\"text\/css\" scoped=\"scoped\">.divider-69e79bf8b0419{ margin-top: 30px;margin-bottom:30px;width:100%;}.divider-69e79bf8b0419 .divider-border{border-bottom-width:5px; border-color:#f2f2f2;}.divider-69e79bf8b0419 .double-line.divider-inner-item .divider-inner{border-top-width: 5px; border-bottom-width: 5px;}.divider-69e79bf8b0419 .divider-border.divider-inner-item .divider-inner{ border-bottom-width: 5px;} <\/style><div class=\" divider divider-69e79bf8b0419 divider-shadow center\" id=\"\" style=\"margin-top:; margin-bottom:;\"><div class=\"divider-inner divider-border\"><\/div><\/div>\n<p style=\"text-align: center;\"><strong>EJERCICIO 2025<\/strong><\/p>\n<p style=\"text-align: center;\">CUARTO TRIMESTRE<strong>\u00a0<\/strong><\/p>\n<p>Formato: Estructura Org\u00e1nica<\/p>\n<p><a href=\"https:\/\/cmdh.bahiadebanderas.gob.mx\/wp-content\/uploads\/2026\/02\/LTAIPEN_Art_33_Fr_II_a.xlsx\">LTAIPEN_Art_33_Fr_II_a<\/a><\/p>\n<p>Formato: Organigrama<\/p>\n<p><a href=\"https:\/\/cmdh.bahiadebanderas.gob.mx\/wp-content\/uploads\/2026\/02\/LTAIPEN_Art_33_Fr_II_b.xlsx\">LTAIPEN_Art_33_Fr_II_b<\/a><\/p>\n<p style=\"text-align: center;\">TERCER TRIMESTRE<strong>\u00a0<\/strong><\/p>\n<p>Formato: Estructura Org\u00e1nica<\/p>\n<p><a href=\"https:\/\/cmdh.bahiadebanderas.gob.mx\/wp-content\/uploads\/2025\/11\/LTAIPEN_Art_33_Fr_II_a.xlsx\">LTAIPEN_Art_33_Fr_II_a<\/a><\/p>\n<p>Formato: Organigrama<\/p>\n<p><a href=\"https:\/\/cmdh.bahiadebanderas.gob.mx\/wp-content\/uploads\/2025\/11\/LTAIPEN_Art_33_Fr_II_b.xlsx\">LTAIPEN_Art_33_Fr_II_b<\/a><\/p>\n<p style=\"text-align: center;\">PRIMER TRIMESTRE<strong>\u00a0<\/strong><\/p>\n<p>Formato: Estructura Org\u00e1nica<\/p>\n<p><a href=\"https:\/\/cmdh.bahiadebanderas.gob.mx\/wp-content\/uploads\/2025\/05\/LTAIPEN_Art_33_Fr_II_a-2.xlsx\">LTAIPEN_Art_33_Fr_II_a<\/a><\/p>\n<p>Formato: Organigrama<\/p>\n<p><a href=\"https:\/\/cmdh.bahiadebanderas.gob.mx\/wp-content\/uploads\/2025\/05\/LTAIPEN_Art_33_Fr_II_b-1.xlsx\">LTAIPEN_Art_33_Fr_II_b<\/a><\/p>\n<p style=\"text-align: center;\"><strong>EJERCICIO 2024<\/strong><\/p>\n<p style=\"text-align: center;\">CUARTO TRIMESTRE<strong>\u00a0<\/strong><\/p>\n<p>Formato: Estructura Org\u00e1nica<\/p>\n<p><a href=\"https:\/\/cmdh.bahiadebanderas.gob.mx\/wp-content\/uploads\/2025\/01\/LTAIPEN_Art_33_Fr_II_a.xlsx\">LTAIPEN_Art_33_Fr_II_a<\/a><\/p>\n<p>Formato: Organigrama<\/p>\n<p><a href=\"https:\/\/cmdh.bahiadebanderas.gob.mx\/wp-content\/uploads\/2025\/01\/LTAIPEN_Art_33_Fr_II_b.xlsx\">LTAIPEN_Art_33_Fr_II_b<\/a><\/p>\n<p>\u00a0<\/p>\n<style type=\"text\/css\" scoped=\"scoped\">.divider-69e79bf8b0472{ margin-top: 30px;margin-bottom:30px;width:100%;}.divider-69e79bf8b0472 .divider-border{border-bottom-width:5px; border-color:#f2f2f2;}.divider-69e79bf8b0472 .double-line.divider-inner-item .divider-inner{border-top-width: 5px; border-bottom-width: 5px;}.divider-69e79bf8b0472 .divider-border.divider-inner-item .divider-inner{ border-bottom-width: 5px;} <\/style><div class=\" divider divider-69e79bf8b0472 divider-shadow center\" id=\"\" style=\"margin-top:; margin-bottom:;\"><div class=\"divider-inner divider-border\"><\/div><\/div><strong>\u00a0<\/strong><\/p>\n<ul>\n<li><a href=\"https:\/\/cmdh.bahiadebanderas.gob.mx\/wp-content\/uploads\/2025\/10\/ORGABIGRAMA.pdf\">ORG\u00c1NIGRA<\/a>MA<\/li>\n<li><a href=\"https:\/\/cmdh.bahiadebanderas.gob.mx\/wp-content\/uploads\/2025\/07\/ficha-tecnica-de-Titular-de-Transparencia.docx\">FICHA TECNICA TITULAR DE LA UNIDAD DE TRANSPARENCIA<\/a><\/li>\n<li><a href=\"https:\/\/cmdh.bahiadebanderas.gob.mx\/wp-content\/uploads\/2025\/07\/FICHA-TECNICA-CONTADOR-CMDH.docx\">FICHA TECNICA CONTADOR<\/a><\/li>\n<li><a href=\"https:\/\/cmdh.bahiadebanderas.gob.mx\/wp-content\/uploads\/2025\/07\/ficha-tecnica-de-secretaria-ejecutiva.docx\">FICHA TECNICA SECRETARIA EJECUTIVA<\/a><\/li>\n<li><a href=\"https:\/\/cmdh.bahiadebanderas.gob.mx\/wp-content\/uploads\/2025\/07\/ficha-tecnica-de-visitaduria-General-docx.docx\">FICHA TECNICA VISITADURIA GENERAL <\/a><\/li>\n<li><a href=\"https:\/\/cmdh.bahiadebanderas.gob.mx\/wp-content\/uploads\/2025\/07\/ficha-tecnica-de-promotora-DDHH-docx.docx\">FICHA TECNICA PROMOTOR <\/a><\/li>\n<li><a href=\"https:\/\/cmdh.bahiadebanderas.gob.mx\/wp-content\/uploads\/2025\/07\/ficha-tecnica-de-Presidencia.docx\">FICHA TECNICA PRESIDENCIA <\/a><\/li>\n<li><a href=\"https:\/\/cmdh.bahiadebanderas.gob.mx\/wp-content\/uploads\/2021\/07\/FICHA-TECNICA-CONSEJERO.pdf\">FICHA TECNICA CONSEJERO<\/a><\/li>\n<\/ul>\n<p>Periodo de actualizaci\u00f3n: Trimestral<\/p>\n<p>Ultima actualizaci\u00f3n: 04 de Febrero del 2026<\/p>\n<p>Conservaci\u00f3n: Vigente.<\/p>\n<p>\u00c1rea que genera la informaci\u00f3n: Presidencia<\/p>\n<p>\u00a0<\/p>\n\n\n<p><\/p>\n","protected":false},"excerpt":{"rendered":"<p>II. ESTRUCTURA ORG\u00c1NICA EJERCICIO 2025 CUARTO TRIMESTRE\u00a0 Formato: Estructura Org\u00e1nica LTAIPEN_Art_33_Fr_II_a Formato: Organigrama LTAIPEN_Art_33_Fr_II_b TERCER TRIMESTRE\u00a0 Formato: Estructura Org\u00e1nica LTAIPEN_Art_33_Fr_II_a Formato: Organigrama LTAIPEN_Art_33_Fr_II_b PRIMER TRIMESTRE\u00a0 Formato: Estructura Org\u00e1nica LTAIPEN_Art_33_Fr_II_a Formato: Organigrama LTAIPEN_Art_33_Fr_II_b EJERCICIO 2024 CUARTO TRIMESTRE\u00a0 Formato: Estructura Org\u00e1nica LTAIPEN_Art_33_Fr_II_a Formato: Organigrama LTAIPEN_Art_33_Fr_II_b \u00a0 \u00a0 ORG\u00c1NIGRAMA FICHA TECNICA TITULAR DE LA UNIDAD DE TRANSPARENCIA FICHA TECNICA CONTADOR FICHA TECNICA SECRETARIA EJECUTIVA FICHA TECNICA VISITADURIA GENERAL FICHA TECNICA PROMOTOR FICHA TECNICA PRESIDENCIA FICHA TECNICA CONSEJERO Periodo de actualizaci\u00f3n: Trimestral Ultima actualizaci\u00f3n: 04 de Febrero del 2026 Conservaci\u00f3n: Vigente. \u00c1rea que genera la informaci\u00f3n: Presidencia \u00a0<\/p>\n","protected":false},"author":1,"featured_media":0,"parent":0,"menu_order":0,"comment_status":"closed","ping_status":"closed","template":"","meta":[],"_links":{"self":[{"href":"https:\/\/cmdh.bahiadebanderas.gob.mx\/index.php\/wp-json\/wp\/v2\/pages\/517"}],"collection":[{"href":"https:\/\/cmdh.bahiadebanderas.gob.mx\/index.php\/wp-json\/wp\/v2\/pages"}],"about":[{"href":"https:\/\/cmdh.bahiadebanderas.gob.mx\/index.php\/wp-json\/wp\/v2\/types\/page"}],"author":[{"embeddable":true,"href":"https:\/\/cmdh.bahiadebanderas.gob.mx\/index.php\/wp-json\/wp\/v2\/users\/1"}],"replies":[{"embeddable":true,"href":"https:\/\/cmdh.bahiadebanderas.gob.mx\/index.php\/wp-json\/wp\/v2\/comments?post=517"}],"version-history":[{"count":71,"href":"https:\/\/cmdh.bahiadebanderas.gob.mx\/index.php\/wp-json\/wp\/v2\/pages\/517\/revisions"}],"predecessor-version":[{"id":12197,"href":"https:\/\/cmdh.bahiadebanderas.gob.mx\/index.php\/wp-json\/wp\/v2\/pages\/517\/revisions\/12197"}],"wp:attachment":[{"href":"https:\/\/cmdh.bahiadebanderas.gob.mx\/index.php\/wp-json\/wp\/v2\/media?parent=517"}],"curies":[{"name":"wp","href":"https:\/\/api.w.org\/{rel}","templated":true}]}}