{"id":502,"date":"2020-06-03T13:25:09","date_gmt":"2020-06-03T19:25:09","guid":{"rendered":"https:\/\/cmdh.bahiadebanderas.gob.mx\/?page_id=502"},"modified":"2026-02-04T10:34:33","modified_gmt":"2026-02-04T16:34:33","slug":"xx-tramites-requisitos-y-formatos","status":"publish","type":"page","link":"https:\/\/cmdh.bahiadebanderas.gob.mx\/index.php\/xx-tramites-requisitos-y-formatos\/","title":{"rendered":"XX &#8211; Tr\u00e1mites, Requisitos y Formatos"},"content":{"rendered":"<p style=\"text-align: left;\"><strong>XX. LOS TR\u00c1MITES, REQUISITOS Y FORMATOS QUE OFRECEN<\/strong><\/p>\n<style type=\"text\/css\" scoped=\"scoped\">.divider-69f3c3bae1826{ margin-top: 30px;margin-bottom:30px;width:100%;}.divider-69f3c3bae1826 .divider-border{border-bottom-width:5px; border-color:#f2f2f2;}.divider-69f3c3bae1826 .double-line.divider-inner-item .divider-inner{border-top-width: 5px; border-bottom-width: 5px;}.divider-69f3c3bae1826 .divider-border.divider-inner-item .divider-inner{ border-bottom-width: 5px;} <\/style><div class=\" divider divider-69f3c3bae1826 divider-shadow center\" id=\"\" style=\"margin-top:; margin-bottom:;\"><div class=\"divider-inner divider-border\"><\/div><\/div>\n<p style=\"text-align: center;\"><strong>EJERCICIO 2025<\/strong><\/p>\n<p style=\"text-align: center;\"><strong>CUARTO TRIMESTRE<\/strong><\/p>\n<p>Formato XX. Tr\u00e1mites que se Realizan<\/p>\n<p><a href=\"https:\/\/cmdh.bahiadebanderas.gob.mx\/wp-content\/uploads\/2026\/02\/LTAIPEN_Art_33_Fr_XX.xlsx\">LTAIPEN_Art_33_Fr_XX<\/a><\/p>\n<style type=\"text\/css\" scoped=\"scoped\">.divider-69f3c3bae1883{ margin-top: 30px;margin-bottom:30px;width:100%;}.divider-69f3c3bae1883 .divider-border{border-bottom-width:5px; border-color:#f2f2f2;}.divider-69f3c3bae1883 .double-line.divider-inner-item .divider-inner{border-top-width: 5px; border-bottom-width: 5px;}.divider-69f3c3bae1883 .divider-border.divider-inner-item .divider-inner{ border-bottom-width: 5px;} <\/style><div class=\" divider divider-69f3c3bae1883 divider-shadow center\" id=\"\" style=\"margin-top:; margin-bottom:;\"><div class=\"divider-inner divider-border\"><\/div><\/div>\n<p>Periodo de actualizaci\u00f3n: Trimestral<\/p>\n<p>Ultima actualizaci\u00f3n: 04 de Febrero del 2026<\/p>\n<p>Conservaci\u00f3n: Vigente<\/p>\n<p>\u00c1rea que genera la informaci\u00f3n: Presidencia<\/p>\n\n\n<p><\/p>\n","protected":false},"excerpt":{"rendered":"<p>XX. LOS TR\u00c1MITES, REQUISITOS Y FORMATOS QUE OFRECEN EJERCICIO 2025 CUARTO TRIMESTRE Formato XX. Tr\u00e1mites que se Realizan LTAIPEN_Art_33_Fr_XX Periodo de actualizaci\u00f3n: Trimestral Ultima actualizaci\u00f3n: 04 de Febrero del 2026 Conservaci\u00f3n: Vigente \u00c1rea que genera la informaci\u00f3n: Presidencia<\/p>\n","protected":false},"author":1,"featured_media":0,"parent":0,"menu_order":0,"comment_status":"closed","ping_status":"closed","template":"","meta":[],"_links":{"self":[{"href":"https:\/\/cmdh.bahiadebanderas.gob.mx\/index.php\/wp-json\/wp\/v2\/pages\/502"}],"collection":[{"href":"https:\/\/cmdh.bahiadebanderas.gob.mx\/index.php\/wp-json\/wp\/v2\/pages"}],"about":[{"href":"https:\/\/cmdh.bahiadebanderas.gob.mx\/index.php\/wp-json\/wp\/v2\/types\/page"}],"author":[{"embeddable":true,"href":"https:\/\/cmdh.bahiadebanderas.gob.mx\/index.php\/wp-json\/wp\/v2\/users\/1"}],"replies":[{"embeddable":true,"href":"https:\/\/cmdh.bahiadebanderas.gob.mx\/index.php\/wp-json\/wp\/v2\/comments?post=502"}],"version-history":[{"count":35,"href":"https:\/\/cmdh.bahiadebanderas.gob.mx\/index.php\/wp-json\/wp\/v2\/pages\/502\/revisions"}],"predecessor-version":[{"id":12243,"href":"https:\/\/cmdh.bahiadebanderas.gob.mx\/index.php\/wp-json\/wp\/v2\/pages\/502\/revisions\/12243"}],"wp:attachment":[{"href":"https:\/\/cmdh.bahiadebanderas.gob.mx\/index.php\/wp-json\/wp\/v2\/media?parent=502"}],"curies":[{"name":"wp","href":"https:\/\/api.w.org\/{rel}","templated":true}]}}