{"id":497,"date":"2020-06-03T10:42:30","date_gmt":"2020-06-03T16:42:30","guid":{"rendered":"https:\/\/cmdh.bahiadebanderas.gob.mx\/?page_id=497"},"modified":"2026-02-04T10:28:40","modified_gmt":"2026-02-04T16:28:40","slug":"xviii-servidores-publicos-con-sanciones","status":"publish","type":"page","link":"https:\/\/cmdh.bahiadebanderas.gob.mx\/index.php\/xviii-servidores-publicos-con-sanciones\/","title":{"rendered":"XVIII &#8211; Servidores P\u00fablicos con Sanciones"},"content":{"rendered":"<p><strong>XVIII. LISTADO DE SERVIDORES P\u00daBLICOSCON SANCIONES ADMINITRATIVAS DEFINITIVAS, ESPECIFICANDO LA CAUSA DE SANCI\u00d3N Y LA DISPOSICI\u00d3N\u00a0<\/strong><\/p>\n<p style=\"text-align: center;\"><strong>EJERCICIO 2025<\/strong><\/p>\n<p style=\"text-align: center;\"><strong>CUARTO TRIMESTRE<\/strong><\/p>\n<p>Formato XVIII. Sanciones Administrativas<\/p>\n<p><a href=\"https:\/\/cmdh.bahiadebanderas.gob.mx\/wp-content\/uploads\/2026\/02\/LTAIPEN_Art_33_Fr_XVIII.xlsx\">LTAIPEN_Art_33_Fr_XVIII<\/a><\/p>\n<p style=\"text-align: center;\"><strong>TERCER TRIMESTRE<\/strong><\/p>\n<p>Formato XVIII. Sanciones Administrativas<\/p>\n<p><a href=\"https:\/\/cmdh.bahiadebanderas.gob.mx\/wp-content\/uploads\/2025\/11\/LTAIPEN_Art_33_Fr_XVIII.xlsx\">LTAIPEN_Art_33_Fr_XVIII<\/a><\/p>\n<p style=\"text-align: center;\"><strong>PRIMER TRIMESTRE<\/strong><\/p>\n<p>Formato XVIII. Sanciones Administrativas<\/p>\n<p><a href=\"https:\/\/cmdh.bahiadebanderas.gob.mx\/wp-content\/uploads\/2025\/05\/LTAIPEN_Art_33_Fr_XVIII-7.xlsx\">LTAIPEN_Art_33_Fr_XVIII<\/a><\/p>\n<style type=\"text\/css\" scoped=\"scoped\">.divider-69e79bf9b2849{ margin-top: 30px;margin-bottom:30px;width:100%;}.divider-69e79bf9b2849 .divider-border{border-bottom-width:5px; border-color:#f2f2f2;}.divider-69e79bf9b2849 .double-line.divider-inner-item .divider-inner{border-top-width: 5px; border-bottom-width: 5px;}.divider-69e79bf9b2849 .divider-border.divider-inner-item .divider-inner{ border-bottom-width: 5px;} <\/style><div class=\" divider divider-69e79bf9b2849 divider-shadow center\" id=\"\" style=\"margin-top:; margin-bottom:;\"><div class=\"divider-inner divider-border\"><\/div><\/div>\n<p style=\"text-align: center;\"><strong>EJERCICIO 2024<\/strong><\/p>\n<p style=\"text-align: center;\"><strong>CUARTO TRIMESTRE<\/strong><\/p>\n<p>Formato XVIII. Sanciones Administrativas<\/p>\n<p><a href=\"https:\/\/cmdh.bahiadebanderas.gob.mx\/wp-content\/uploads\/2025\/01\/LTAIPEN_Art_33_Fr_XVIII.xlsx\">LTAIPEN_Art_33_Fr_XVIII<\/a><\/p>\n<p style=\"text-align: center;\"><strong>TERCER TRIMESTRE<\/strong><\/p>\n<p>Formato XVIII. Sanciones Administrativas<\/p>\n<p><a href=\"https:\/\/cmdh.bahiadebanderas.gob.mx\/wp-content\/uploads\/2024\/10\/LTAIPEN_Art_33_Fr_XVIII.xlsx\">LTAIPEN_Art_33_Fr_XVIII<\/a><\/p>\n<p style=\"text-align: center;\"><strong>SEGUNDO TRIMESTRE<\/strong><\/p>\n<p>Formato XVIII. Sanciones Administrativas<\/p>\n<p><a href=\"https:\/\/cmdh.bahiadebanderas.gob.mx\/wp-content\/uploads\/2024\/07\/LTAIPEN_Art_33_Fr_XVIII-6.xlsx\">LTAIPEN_Art_33_Fr_XVIII<\/a><\/p>\n<p style=\"text-align: center;\"><strong>PRIMER TRIMESTRE<\/strong><\/p>\n<p>Formato XVIII. Sanciones Administrativas<\/p>\n<p><a href=\"https:\/\/cmdh.bahiadebanderas.gob.mx\/wp-content\/uploads\/2024\/04\/LTAIPEN_Art_33_Fr_XVIII-4.xlsx\">LTAIPEN_Art_33_Fr_XVIII<\/a><\/p>\n<style type=\"text\/css\" scoped=\"scoped\">.divider-69e79bf9b28a5{ margin-top: 30px;margin-bottom:30px;width:100%;}.divider-69e79bf9b28a5 .divider-border{border-bottom-width:5px; border-color:#f2f2f2;}.divider-69e79bf9b28a5 .double-line.divider-inner-item .divider-inner{border-top-width: 5px; border-bottom-width: 5px;}.divider-69e79bf9b28a5 .divider-border.divider-inner-item .divider-inner{ border-bottom-width: 5px;} <\/style><div class=\" divider divider-69e79bf9b28a5 divider-shadow center\" id=\"\" style=\"margin-top:; margin-bottom:;\"><div class=\"divider-inner divider-border\"><\/div><\/div>\n<p style=\"text-align: center;\"><strong>EJERCICIO 2023<\/strong><\/p>\n<p>Formato XVIII. Sanciones Administrativas<\/p>\n<p><a href=\"https:\/\/cmdh.bahiadebanderas.gob.mx\/wp-content\/uploads\/2024\/06\/LTAIPEN_Art_33_Fr_XVIII-2023.xlsx\">LTAIPEN_Art_33_Fr_XVIII<\/a><\/p>\n<style type=\"text\/css\" scoped=\"scoped\">.divider-69e79bf9b28d0{ margin-top: 30px;margin-bottom:30px;width:100%;}.divider-69e79bf9b28d0 .divider-border{border-bottom-width:5px; border-color:#f2f2f2;}.divider-69e79bf9b28d0 .double-line.divider-inner-item .divider-inner{border-top-width: 5px; border-bottom-width: 5px;}.divider-69e79bf9b28d0 .divider-border.divider-inner-item .divider-inner{ border-bottom-width: 5px;} <\/style><div class=\" divider divider-69e79bf9b28d0 divider-shadow center\" id=\"\" style=\"margin-top:; margin-bottom:;\"><div class=\"divider-inner divider-border\"><\/div><\/div>\n<p>Periodo de actualizaci\u00f3n: Trimestral<\/p>\n<p>Ultima actualizaci\u00f3n: 04 de Febrero del 2026<\/p>\n<p>Conservaci\u00f3n: informaci\u00f3n del ejercicio actual y correspondiente a 2 ejercicios anteriores.<\/p>\n<p>\u00c1rea que genera la informaci\u00f3n: Contabilidad<\/p>\n<p style=\"text-align: center;\">\u00a0<\/p>\n\n\n<p><\/p>\n","protected":false},"excerpt":{"rendered":"<p>XVIII. LISTADO DE SERVIDORES P\u00daBLICOSCON SANCIONES ADMINITRATIVAS DEFINITIVAS, ESPECIFICANDO LA CAUSA DE SANCI\u00d3N Y LA DISPOSICI\u00d3N\u00a0 EJERCICIO 2025 CUARTO TRIMESTRE Formato XVIII. Sanciones Administrativas LTAIPEN_Art_33_Fr_XVIII TERCER TRIMESTRE Formato XVIII. Sanciones Administrativas LTAIPEN_Art_33_Fr_XVIII PRIMER TRIMESTRE Formato XVIII. Sanciones Administrativas LTAIPEN_Art_33_Fr_XVIII EJERCICIO 2024 CUARTO TRIMESTRE Formato XVIII. Sanciones Administrativas LTAIPEN_Art_33_Fr_XVIII TERCER TRIMESTRE Formato XVIII. Sanciones Administrativas LTAIPEN_Art_33_Fr_XVIII SEGUNDO TRIMESTRE Formato XVIII. Sanciones Administrativas LTAIPEN_Art_33_Fr_XVIII PRIMER TRIMESTRE Formato XVIII. Sanciones Administrativas LTAIPEN_Art_33_Fr_XVIII EJERCICIO 2023 Formato XVIII. Sanciones Administrativas LTAIPEN_Art_33_Fr_XVIII Periodo de actualizaci\u00f3n: Trimestral Ultima actualizaci\u00f3n: 04 de Febrero del 2026 Conservaci\u00f3n: informaci\u00f3n del ejercicio actual y correspondiente a 2 ejercicios anteriores. \u00c1rea que genera la informaci\u00f3n: Contabilidad \u00a0<\/p>\n","protected":false},"author":1,"featured_media":0,"parent":0,"menu_order":0,"comment_status":"closed","ping_status":"closed","template":"","meta":[],"_links":{"self":[{"href":"https:\/\/cmdh.bahiadebanderas.gob.mx\/index.php\/wp-json\/wp\/v2\/pages\/497"}],"collection":[{"href":"https:\/\/cmdh.bahiadebanderas.gob.mx\/index.php\/wp-json\/wp\/v2\/pages"}],"about":[{"href":"https:\/\/cmdh.bahiadebanderas.gob.mx\/index.php\/wp-json\/wp\/v2\/types\/page"}],"author":[{"embeddable":true,"href":"https:\/\/cmdh.bahiadebanderas.gob.mx\/index.php\/wp-json\/wp\/v2\/users\/1"}],"replies":[{"embeddable":true,"href":"https:\/\/cmdh.bahiadebanderas.gob.mx\/index.php\/wp-json\/wp\/v2\/comments?post=497"}],"version-history":[{"count":35,"href":"https:\/\/cmdh.bahiadebanderas.gob.mx\/index.php\/wp-json\/wp\/v2\/pages\/497\/revisions"}],"predecessor-version":[{"id":12237,"href":"https:\/\/cmdh.bahiadebanderas.gob.mx\/index.php\/wp-json\/wp\/v2\/pages\/497\/revisions\/12237"}],"wp:attachment":[{"href":"https:\/\/cmdh.bahiadebanderas.gob.mx\/index.php\/wp-json\/wp\/v2\/media?parent=497"}],"curies":[{"name":"wp","href":"https:\/\/api.w.org\/{rel}","templated":true}]}}