{"id":494,"date":"2020-06-03T10:39:56","date_gmt":"2020-06-03T16:39:56","guid":{"rendered":"https:\/\/cmdh.bahiadebanderas.gob.mx\/?page_id=494"},"modified":"2026-02-04T10:26:57","modified_gmt":"2026-02-04T16:26:57","slug":"xvii-informacion-curricular","status":"publish","type":"page","link":"https:\/\/cmdh.bahiadebanderas.gob.mx\/index.php\/xvii-informacion-curricular\/","title":{"rendered":"XVII &#8211; Informaci\u00f3n Curricular"},"content":{"rendered":"<h4>\u00a0<strong>XVII. LA INFORMACI\u00d3N CURRICULAR, DESDE EL TITULAR DEL SUJETO OBLIGADO HASTA EL NIVEL DE JEFE DE DEPARTAMENTO O EQUIVALENTE<\/strong><\/h4>\n<p style=\"text-align: center;\"><strong>EJERCICIO 2025<\/strong><\/p>\n<p style=\"text-align: center;\"><strong>CUARTO TRIMESTRE<\/strong><\/p>\n<p>Formato XVII. Informaci\u00f3n Curricular y Sanciones de los(as) Servidores(as) P\u00fablicos(as)<\/p>\n<p><a href=\"https:\/\/cmdh.bahiadebanderas.gob.mx\/wp-content\/uploads\/2026\/02\/LTAIPEN_Art_33_Fr_XVII.xlsx\">LTAIPEN_Art_33_Fr_XVII<\/a><\/p>\n<style type=\"text\/css\" scoped=\"scoped\">.divider-69f3c308e222e{ margin-top: 30px;margin-bottom:30px;width:100%;}.divider-69f3c308e222e .divider-border{border-bottom-width:5px; border-color:#f2f2f2;}.divider-69f3c308e222e .double-line.divider-inner-item .divider-inner{border-top-width: 5px; border-bottom-width: 5px;}.divider-69f3c308e222e .divider-border.divider-inner-item .divider-inner{ border-bottom-width: 5px;} <\/style><div class=\" divider divider-69f3c308e222e divider-shadow center\" id=\"\" style=\"margin-top:; margin-bottom:;\"><div class=\"divider-inner divider-border\"><\/div><\/div>\n<p style=\"text-align: center;\"><strong>EJERCICIO 2024<\/strong><\/p>\n<p style=\"text-align: center;\"><strong>CUARTO TRIMESTRE<\/strong><\/p>\n<p>Formato XVII. Informaci\u00f3n Curricular y Sanciones de los(as) Servidores(as) P\u00fablicos(as)<\/p>\n<p><a href=\"https:\/\/cmdh.bahiadebanderas.gob.mx\/wp-content\/uploads\/2025\/01\/LTAIPEN_Art_33_Fr_XVII.xlsx\">LTAIPEN_Art_33_Fr_XVII<\/a><\/p>\n<style type=\"text\/css\" scoped=\"scoped\">.divider-69f3c308e2283{ margin-top: 30px;margin-bottom:30px;width:100%;}.divider-69f3c308e2283 .divider-border{border-bottom-width:5px; border-color:#f2f2f2;}.divider-69f3c308e2283 .double-line.divider-inner-item .divider-inner{border-top-width: 5px; border-bottom-width: 5px;}.divider-69f3c308e2283 .divider-border.divider-inner-item .divider-inner{ border-bottom-width: 5px;} <\/style><div class=\" divider divider-69f3c308e2283 divider-shadow center\" id=\"\" style=\"margin-top:; margin-bottom:;\"><div class=\"divider-inner divider-border\"><\/div><\/div>\n<p>Periodo de actualizaci\u00f3n: Trimestral<\/p>\n<p>Ultima actualizaci\u00f3n: 04 de Febrero del 2026<\/p>\n<p>Conservaci\u00f3n: Informaci\u00f3n Vigente y ejercicio anterior.<\/p>\n<p>\u00c1rea que genera la informaci\u00f3n: Presidencia<\/p>\n","protected":false},"excerpt":{"rendered":"<p>\u00a0XVII. LA INFORMACI\u00d3N CURRICULAR, DESDE EL TITULAR DEL SUJETO OBLIGADO HASTA EL NIVEL DE JEFE DE DEPARTAMENTO O EQUIVALENTE EJERCICIO 2025 CUARTO TRIMESTRE Formato XVII. Informaci\u00f3n Curricular y Sanciones de los(as) Servidores(as) P\u00fablicos(as) LTAIPEN_Art_33_Fr_XVII EJERCICIO 2024 CUARTO TRIMESTRE Formato XVII. Informaci\u00f3n Curricular y Sanciones de los(as) Servidores(as) P\u00fablicos(as) LTAIPEN_Art_33_Fr_XVII Periodo de actualizaci\u00f3n: Trimestral Ultima actualizaci\u00f3n: 04 de Febrero del 2026 Conservaci\u00f3n: Informaci\u00f3n Vigente y ejercicio anterior. \u00c1rea que genera la informaci\u00f3n: Presidencia<\/p>\n","protected":false},"author":1,"featured_media":0,"parent":0,"menu_order":0,"comment_status":"closed","ping_status":"closed","template":"","meta":[],"_links":{"self":[{"href":"https:\/\/cmdh.bahiadebanderas.gob.mx\/index.php\/wp-json\/wp\/v2\/pages\/494"}],"collection":[{"href":"https:\/\/cmdh.bahiadebanderas.gob.mx\/index.php\/wp-json\/wp\/v2\/pages"}],"about":[{"href":"https:\/\/cmdh.bahiadebanderas.gob.mx\/index.php\/wp-json\/wp\/v2\/types\/page"}],"author":[{"embeddable":true,"href":"https:\/\/cmdh.bahiadebanderas.gob.mx\/index.php\/wp-json\/wp\/v2\/users\/1"}],"replies":[{"embeddable":true,"href":"https:\/\/cmdh.bahiadebanderas.gob.mx\/index.php\/wp-json\/wp\/v2\/comments?post=494"}],"version-history":[{"count":40,"href":"https:\/\/cmdh.bahiadebanderas.gob.mx\/index.php\/wp-json\/wp\/v2\/pages\/494\/revisions"}],"predecessor-version":[{"id":12235,"href":"https:\/\/cmdh.bahiadebanderas.gob.mx\/index.php\/wp-json\/wp\/v2\/pages\/494\/revisions\/12235"}],"wp:attachment":[{"href":"https:\/\/cmdh.bahiadebanderas.gob.mx\/index.php\/wp-json\/wp\/v2\/media?parent=494"}],"curies":[{"name":"wp","href":"https:\/\/api.w.org\/{rel}","templated":true}]}}