{"id":491,"date":"2020-06-03T10:30:12","date_gmt":"2020-06-03T16:30:12","guid":{"rendered":"https:\/\/cmdh.bahiadebanderas.gob.mx\/?page_id=491"},"modified":"2026-02-04T10:24:11","modified_gmt":"2026-02-04T16:24:11","slug":"xvi-condiciones-generales","status":"publish","type":"page","link":"https:\/\/cmdh.bahiadebanderas.gob.mx\/index.php\/xvi-condiciones-generales\/","title":{"rendered":"XVI &#8211; Condiciones Generales"},"content":{"rendered":"<h4>\u00a0<strong>XVI. LAS CONDICIONES GENERALES DE TRABAJO, VERSI\u00d3N P\u00daBLICA DE LOS CONTRATOS O CONVENIOS QUE REGULEN LAS RELACIONES LABORALES DEL PERSONAL DE BASE Y DE CONFIANZA<\/strong><\/h4>\n<p style=\"text-align: center;\"><strong>EJERCICIO 2025<\/strong><\/p>\n<p style=\"text-align: center;\"><strong>CUARTO TRIMESTRE<\/strong><\/p>\n<p>Formato XVIa. Normativa Laboral<\/p>\n<p><a href=\"https:\/\/cmdh.bahiadebanderas.gob.mx\/wp-content\/uploads\/2026\/02\/LTAIPEN_Art_33_Fr_XVI_a.xlsx\">LTAIPEN_Art_33_Fr_XVI_a<\/a><\/p>\n<p>Formato XVIb. Recursos P\u00fablicos Entregados a Sindicatos<\/p>\n<p><a href=\"https:\/\/cmdh.bahiadebanderas.gob.mx\/wp-content\/uploads\/2025\/11\/LTAIPEN_Art_33_Fr_XVI_b.xlsx\">LTAIPEN_Art_33_Fr_XVI_b<\/a><\/p>\n<p style=\"text-align: center;\"><strong>TERCER TRIMESTRE<\/strong><\/p>\n<p>Formato XVIa. Normativa Laboral<\/p>\n<p><a href=\"https:\/\/cmdh.bahiadebanderas.gob.mx\/wp-content\/uploads\/2025\/11\/LTAIPEN_Art_33_Fr_XVI_a.xlsx\">LTAIPEN_Art_33_Fr_XVI_a<\/a><\/p>\n<p>Formato XVIb. Recursos P\u00fablicos Entregados a Sindicatos<\/p>\n<p><a href=\"https:\/\/cmdh.bahiadebanderas.gob.mx\/wp-content\/uploads\/2025\/11\/LTAIPEN_Art_33_Fr_XVI_b.xlsx\">LTAIPEN_Art_33_Fr_XVI_b<\/a><\/p>\n<p style=\"text-align: center;\"><strong>PRIMER TRIMESTRE<\/strong><\/p>\n<p>Formato XVIa. Normativa Laboral<\/p>\n<p><a href=\"https:\/\/cmdh.bahiadebanderas.gob.mx\/wp-content\/uploads\/2025\/05\/LTAIPEN_Art_33_Fr_XVI_a-5.xlsx\">LTAIPEN_Art_33_Fr_XVI_a<\/a><\/p>\n<p>Formato XVIb. Recursos P\u00fablicos Entregados a Sindicatos<\/p>\n<p><a href=\"https:\/\/cmdh.bahiadebanderas.gob.mx\/wp-content\/uploads\/2025\/05\/LTAIPEN_Art_33_Fr_XVI_b-7.xlsx\">LTAIPEN_Art_33_Fr_XVI_b<\/a><\/p>\n<style type=\"text\/css\" scoped=\"scoped\">.divider-69e79b7ead999{ margin-top: 30px;margin-bottom:30px;width:100%;}.divider-69e79b7ead999 .divider-border{border-bottom-width:5px; border-color:#f2f2f2;}.divider-69e79b7ead999 .double-line.divider-inner-item .divider-inner{border-top-width: 5px; border-bottom-width: 5px;}.divider-69e79b7ead999 .divider-border.divider-inner-item .divider-inner{ border-bottom-width: 5px;} <\/style><div class=\" divider divider-69e79b7ead999 divider-shadow center\" id=\"\" style=\"margin-top:; margin-bottom:;\"><div class=\"divider-inner divider-border\"><\/div><\/div>\n<p style=\"text-align: center;\"><strong>EJERCICIO 2024<\/strong><\/p>\n<p style=\"text-align: center;\"><strong>CUARTO TRIMESTRE<\/strong><\/p>\n<p>Formato XVIa. Normativa Laboral<\/p>\n<p><a href=\"https:\/\/cmdh.bahiadebanderas.gob.mx\/wp-content\/uploads\/2025\/01\/LTAIPEN_Art_33_Fr_XVI_a.xlsx\">LTAIPEN_Art_33_Fr_XVI_a<\/a><\/p>\n<p>Formato XVIb. Recursos P\u00fablicos Entregados a Sindicatos<\/p>\n<p><a href=\"https:\/\/cmdh.bahiadebanderas.gob.mx\/wp-content\/uploads\/2025\/01\/LTAIPEN_Art_33_Fr_XVI_b.xlsx\">LTAIPEN_Art_33_Fr_XVI_b<\/a><\/p>\n<p style=\"text-align: center;\"><strong>TERCER TRIMESTRE<\/strong><\/p>\n<p>Formato XVIa. Normativa Laboral<\/p>\n<p><a href=\"https:\/\/cmdh.bahiadebanderas.gob.mx\/wp-content\/uploads\/2024\/10\/LTAIPEN_Art_33_Fr_XVI_a-5.xlsx\">LTAIPEN_Art_33_Fr_XVI_a<\/a><\/p>\n<p>Formato XVIb. Recursos P\u00fablicos Entregados a Sindicatos<\/p>\n<p><a href=\"https:\/\/cmdh.bahiadebanderas.gob.mx\/wp-content\/uploads\/2024\/10\/LTAIPEN_Art_33_Fr_XVI_b-7.xlsx\">LTAIPEN_Art_33_Fr_XVI_b<\/a><\/p>\n<p style=\"text-align: center;\"><strong>SEGUNDO TRIMESTRE<\/strong><\/p>\n<p>Formato XVIa. Normativa Laboral<\/p>\n<p><a href=\"https:\/\/cmdh.bahiadebanderas.gob.mx\/wp-content\/uploads\/2024\/07\/LTAIPEN_Art_33_Fr_XVI_a-4.xlsx\">LTAIPEN_Art_33_Fr_XVI_a<\/a><\/p>\n<p>Formato XVIb. Recursos P\u00fablicos Entregados a Sindicatos<\/p>\n<p><a href=\"https:\/\/cmdh.bahiadebanderas.gob.mx\/wp-content\/uploads\/2024\/07\/LTAIPEN_Art_33_Fr_XVI_b-6.xlsx\">LTAIPEN_Art_33_Fr_XVI_b<\/a><\/p>\n<p style=\"text-align: center;\"><strong>PRIMER TRIMESTRE<\/strong><\/p>\n<p>Formato XVIa. Normativa Laboral<\/p>\n<p><a href=\"https:\/\/cmdh.bahiadebanderas.gob.mx\/wp-content\/uploads\/2024\/04\/LTAIPEN_Art_33_Fr_XVI_a-3.xlsx\">LTAIPEN_Art_33_Fr_XVI_a<\/a><\/p>\n<p>Formato XVIb. Recursos P\u00fablicos Entregados a Sindicatos<\/p>\n<p><a href=\"https:\/\/cmdh.bahiadebanderas.gob.mx\/wp-content\/uploads\/2024\/04\/LTAIPEN_Art_33_Fr_XVI_b-3.xlsx\">LTAIPEN_Art_33_Fr_XVI_b<\/a><\/p>\n<style type=\"text\/css\" scoped=\"scoped\">.divider-69e79b7ead9f4{ margin-top: 30px;margin-bottom:30px;width:100%;}.divider-69e79b7ead9f4 .divider-border{border-bottom-width:5px; border-color:#f2f2f2;}.divider-69e79b7ead9f4 .double-line.divider-inner-item .divider-inner{border-top-width: 5px; border-bottom-width: 5px;}.divider-69e79b7ead9f4 .divider-border.divider-inner-item .divider-inner{ border-bottom-width: 5px;} <\/style><div class=\" divider divider-69e79b7ead9f4 divider-shadow center\" id=\"\" style=\"margin-top:; margin-bottom:;\"><div class=\"divider-inner divider-border\"><\/div><\/div>\n<p style=\"text-align: center;\"><strong>EJERCICIO 2023<\/strong><\/p>\n<p>Formato XVIa. Normativa Laboral<\/p>\n<p><a href=\"https:\/\/cmdh.bahiadebanderas.gob.mx\/wp-content\/uploads\/2024\/01\/LTAIPEN_Art_33_Fr_XVI_a-4to.xlsx\">LTAIPEN_Art_33_Fr_XVI_a<\/a><\/p>\n<p>Formato XVIb. Recursos P\u00fablicos Entregados a Sindicatos<\/p>\n<p><a href=\"https:\/\/cmdh.bahiadebanderas.gob.mx\/wp-content\/uploads\/2024\/06\/LTAIPEN_Art_33_Fr_XVI_b-2023.xlsx\">LTAIPEN_Art_33_Fr_XVI_b<\/a><\/p>\n<style type=\"text\/css\" scoped=\"scoped\">.divider-69e79b7eada1c{ margin-top: 30px;margin-bottom:30px;width:100%;}.divider-69e79b7eada1c .divider-border{border-bottom-width:5px; border-color:#f2f2f2;}.divider-69e79b7eada1c .double-line.divider-inner-item .divider-inner{border-top-width: 5px; border-bottom-width: 5px;}.divider-69e79b7eada1c .divider-border.divider-inner-item .divider-inner{ border-bottom-width: 5px;} <\/style><div class=\" divider divider-69e79b7eada1c divider-shadow center\" id=\"\" style=\"margin-top:; margin-bottom:;\"><div class=\"divider-inner divider-border\"><\/div><\/div>\n<p>Periodo de actualizaci\u00f3n: Trimestral<\/p>\n<p>Ultima actualizaci\u00f3n: 04 de Febrero del 2026<\/p>\n<p>Conservaci\u00f3n: Ejercicio en curso y 2 ejercicios anteriores.<\/p>\n<p>\u00c1rea que genera la informaci\u00f3n: Contabilidad<\/p>\n","protected":false},"excerpt":{"rendered":"<p>\u00a0XVI. LAS CONDICIONES GENERALES DE TRABAJO, VERSI\u00d3N P\u00daBLICA DE LOS CONTRATOS O CONVENIOS QUE REGULEN LAS RELACIONES LABORALES DEL PERSONAL DE BASE Y DE CONFIANZA EJERCICIO 2025 CUARTO TRIMESTRE Formato XVIa. Normativa Laboral LTAIPEN_Art_33_Fr_XVI_a Formato XVIb. Recursos P\u00fablicos Entregados a Sindicatos LTAIPEN_Art_33_Fr_XVI_b TERCER TRIMESTRE Formato XVIa. Normativa Laboral LTAIPEN_Art_33_Fr_XVI_a Formato XVIb. Recursos P\u00fablicos Entregados a Sindicatos LTAIPEN_Art_33_Fr_XVI_b PRIMER TRIMESTRE Formato XVIa. Normativa Laboral LTAIPEN_Art_33_Fr_XVI_a Formato XVIb. Recursos P\u00fablicos Entregados a Sindicatos LTAIPEN_Art_33_Fr_XVI_b EJERCICIO 2024 CUARTO TRIMESTRE Formato XVIa. Normativa Laboral LTAIPEN_Art_33_Fr_XVI_a Formato XVIb. Recursos P\u00fablicos Entregados a Sindicatos LTAIPEN_Art_33_Fr_XVI_b TERCER TRIMESTRE Formato XVIa. Normativa Laboral LTAIPEN_Art_33_Fr_XVI_a Formato XVIb. Recursos P\u00fablicos Entregados a Sindicatos LTAIPEN_Art_33_Fr_XVI_b SEGUNDO TRIMESTRE Formato XVIa. Normativa Laboral LTAIPEN_Art_33_Fr_XVI_a Formato XVIb. Recursos P\u00fablicos Entregados a Sindicatos LTAIPEN_Art_33_Fr_XVI_b PRIMER TRIMESTRE Formato XVIa. Normativa Laboral LTAIPEN_Art_33_Fr_XVI_a Formato XVIb. Recursos P\u00fablicos Entregados a Sindicatos LTAIPEN_Art_33_Fr_XVI_b EJERCICIO 2023 Formato XVIa. Normativa Laboral LTAIPEN_Art_33_Fr_XVI_a Formato XVIb. Recursos P\u00fablicos Entregados a Sindicatos LTAIPEN_Art_33_Fr_XVI_b Periodo de actualizaci\u00f3n: Trimestral Ultima actualizaci\u00f3n: 04 de Febrero del 2026 Conservaci\u00f3n: Ejercicio en curso y 2 ejercicios anteriores. \u00c1rea que genera la informaci\u00f3n: Contabilidad<\/p>\n","protected":false},"author":1,"featured_media":0,"parent":0,"menu_order":0,"comment_status":"closed","ping_status":"closed","template":"","meta":[],"_links":{"self":[{"href":"https:\/\/cmdh.bahiadebanderas.gob.mx\/index.php\/wp-json\/wp\/v2\/pages\/491"}],"collection":[{"href":"https:\/\/cmdh.bahiadebanderas.gob.mx\/index.php\/wp-json\/wp\/v2\/pages"}],"about":[{"href":"https:\/\/cmdh.bahiadebanderas.gob.mx\/index.php\/wp-json\/wp\/v2\/types\/page"}],"author":[{"embeddable":true,"href":"https:\/\/cmdh.bahiadebanderas.gob.mx\/index.php\/wp-json\/wp\/v2\/users\/1"}],"replies":[{"embeddable":true,"href":"https:\/\/cmdh.bahiadebanderas.gob.mx\/index.php\/wp-json\/wp\/v2\/comments?post=491"}],"version-history":[{"count":42,"href":"https:\/\/cmdh.bahiadebanderas.gob.mx\/index.php\/wp-json\/wp\/v2\/pages\/491\/revisions"}],"predecessor-version":[{"id":12233,"href":"https:\/\/cmdh.bahiadebanderas.gob.mx\/index.php\/wp-json\/wp\/v2\/pages\/491\/revisions\/12233"}],"wp:attachment":[{"href":"https:\/\/cmdh.bahiadebanderas.gob.mx\/index.php\/wp-json\/wp\/v2\/media?parent=491"}],"curies":[{"name":"wp","href":"https:\/\/api.w.org\/{rel}","templated":true}]}}