{"id":486,"date":"2020-06-03T10:22:26","date_gmt":"2020-06-03T16:22:26","guid":{"rendered":"https:\/\/cmdh.bahiadebanderas.gob.mx\/?page_id=486"},"modified":"2026-02-04T10:15:44","modified_gmt":"2026-02-04T16:15:44","slug":"xv-programas-de-subsidios","status":"publish","type":"page","link":"https:\/\/cmdh.bahiadebanderas.gob.mx\/index.php\/xv-programas-de-subsidios\/","title":{"rendered":"XV &#8211; Programas de Subsidios"},"content":{"rendered":"<p>XV. LA INFORMACI\u00d3N DE LOS PROGRAMAS DE SUBSIDIOS, EST\u00cdMULOS, APORTACIONES Y APOYOS, EN EL QUE SE DEBER\u00c1 INFORMAR RESPECTO DE LOS PROGRAMAS DE TRANSPARENCIA, DE SERVICIOS, DE INFRAESTRUCTURA SOCIAL Y DE LOS SUBSIDIOS<\/p>\n<p style=\"text-align: center;\"><strong>EJERCICIO 2025<\/strong><\/p>\n<p style=\"text-align: center;\"><strong>CUARTO TRIMESTRE<\/strong><\/p>\n<p>Formato XVa. Programas Sociales Desarrollados<\/p>\n<p><a href=\"https:\/\/cmdh.bahiadebanderas.gob.mx\/wp-content\/uploads\/2026\/02\/LTAIPEN_Art_33_Fr_XV_a.xlsx\">LTAIPEN_Art_33_Fr_XV_a<\/a><\/p>\n<p>Formato XVb. Padr\u00f3n de Beneficiarios<\/p>\n<p><a href=\"https:\/\/cmdh.bahiadebanderas.gob.mx\/wp-content\/uploads\/2026\/02\/LTAIPEN_Art_33_Fr_XV_b.xlsx\">LTAIPEN_Art_33_Fr_XV_b<\/a><\/p>\n<p>Formato XVc. Aportaciones Recibidas<\/p>\n<p><a href=\"https:\/\/cmdh.bahiadebanderas.gob.mx\/wp-content\/uploads\/2026\/02\/LTAIPEN_Art_33_Fr_XV_c.xlsx\">LTAIPEN_Art_33_Fr_XV_c<\/a><\/p>\n<p style=\"text-align: center;\"><strong>TERCER TRIMESTRE<\/strong><\/p>\n<p>Formato XVa. Programas Sociales Desarrollados<\/p>\n<p><a href=\"https:\/\/cmdh.bahiadebanderas.gob.mx\/wp-content\/uploads\/2025\/11\/LTAIPEN_Art_33_Fr_XV_a.xlsx\">LTAIPEN_Art_33_Fr_XV_a<\/a><\/p>\n<p>Formato XVb. Padr\u00f3n de Beneficiarios<\/p>\n<p><a href=\"https:\/\/cmdh.bahiadebanderas.gob.mx\/wp-content\/uploads\/2025\/11\/LTAIPEN_Art_33_Fr_XV_b.xlsx\">LTAIPEN_Art_33_Fr_XV_b<\/a><\/p>\n<p>Formato XVc. Aportaciones Recibidas<\/p>\n<p><a href=\"https:\/\/cmdh.bahiadebanderas.gob.mx\/wp-content\/uploads\/2025\/11\/LTAIPEN_Art_33_Fr_XV_c.xlsx\">LTAIPEN_Art_33_Fr_XV_c<\/a><\/p>\n<p style=\"text-align: center;\"><strong>PRIMER TRIMESTRE<\/strong><\/p>\n<p>Formato XVa. Programas Sociales Desarrollados<\/p>\n<p><a href=\"https:\/\/cmdh.bahiadebanderas.gob.mx\/wp-content\/uploads\/2025\/05\/LTAIPEN_Art_33_Fr_XV_a-10.xlsx\">LTAIPEN_Art_33_Fr_XV_a<\/a><\/p>\n<p>Formato XVb. Padr\u00f3n de Beneficiarios<\/p>\n<p><a href=\"https:\/\/cmdh.bahiadebanderas.gob.mx\/wp-content\/uploads\/2025\/05\/LTAIPEN_Art_33_Fr_XV_b-10.xlsx\">LTAIPEN_Art_33_Fr_XV_b<\/a><\/p>\n<p>Formato XVc. Aportaciones Recibidas<\/p>\n<p><a href=\"https:\/\/cmdh.bahiadebanderas.gob.mx\/wp-content\/uploads\/2025\/05\/LTAIPEN_Art_33_Fr_XV_c-6.xlsx\">LTAIPEN_Art_33_Fr_XV_c<\/a><\/p>\n<style type=\"text\/css\" scoped=\"scoped\">.divider-69d7533d940e7{ margin-top: 30px;margin-bottom:30px;width:100%;}.divider-69d7533d940e7 .divider-border{border-bottom-width:5px; border-color:#f2f2f2;}.divider-69d7533d940e7 .double-line.divider-inner-item .divider-inner{border-top-width: 5px; border-bottom-width: 5px;}.divider-69d7533d940e7 .divider-border.divider-inner-item .divider-inner{ border-bottom-width: 5px;} <\/style><div class=\" divider divider-69d7533d940e7 divider-shadow center\" id=\"\" style=\"margin-top:; margin-bottom:;\"><div class=\"divider-inner divider-border\"><\/div><\/div>\n<p style=\"text-align: center;\"><strong>EJERCICIO 2024<\/strong><\/p>\n<p style=\"text-align: center;\"><strong>CUARTO TRIMESTRE<\/strong><\/p>\n<p>Formato XVa. Programas Sociales Desarrollados<\/p>\n<p><a href=\"https:\/\/cmdh.bahiadebanderas.gob.mx\/wp-content\/uploads\/2025\/01\/LTAIPEN_Art_33_Fr_XV_a.xlsx\">LTAIPEN_Art_33_Fr_XV_a<\/a><\/p>\n<p>Formato XVb. Padr\u00f3n de Beneficiarios<\/p>\n<p><a href=\"https:\/\/cmdh.bahiadebanderas.gob.mx\/wp-content\/uploads\/2025\/01\/LTAIPEN_Art_33_Fr_XV_b.xlsx\">LTAIPEN_Art_33_Fr_XV_b<\/a><\/p>\n<p>Formato XVc. Aportaciones Recibidas<\/p>\n<p><a href=\"https:\/\/cmdh.bahiadebanderas.gob.mx\/wp-content\/uploads\/2025\/01\/LTAIPEN_Art_33_Fr_XV_c.xlsx\">LTAIPEN_Art_33_Fr_XV_c<\/a><\/p>\n<p style=\"text-align: center;\"><strong>TERCER TRIMESTRE<\/strong><\/p>\n<p>Formato XVa. Programas Sociales Desarrollados<\/p>\n<p><a href=\"https:\/\/cmdh.bahiadebanderas.gob.mx\/wp-content\/uploads\/2024\/10\/LTAIPEN_Art_33_Fr_XV_a.xlsx\">LTAIPEN_Art_33_Fr_XV_a<\/a><\/p>\n<p>Formato XVb. Padr\u00f3n de Beneficiarios<\/p>\n<p><a href=\"https:\/\/cmdh.bahiadebanderas.gob.mx\/wp-content\/uploads\/2024\/10\/LTAIPEN_Art_33_Fr_XV_b.xlsx\">LTAIPEN_Art_33_Fr_XV_b<\/a><\/p>\n<p>Formato XVc. Aportaciones Recibidas<\/p>\n<p><a href=\"https:\/\/cmdh.bahiadebanderas.gob.mx\/wp-content\/uploads\/2024\/10\/LTAIPEN_Art_33_Fr_XV_b.xlsx\">LTAIPEN_Art_33_Fr_XV_c<\/a><\/p>\n<p style=\"text-align: center;\"><strong>SEGUNDO TRIMESTRE<\/strong><\/p>\n<p>Formato XVa. Programas Sociales Desarrollados<\/p>\n<p><a href=\"https:\/\/cmdh.bahiadebanderas.gob.mx\/wp-content\/uploads\/2024\/07\/LTAIPEN_Art_33_Fr_XV_a-9.xlsx\">LTAIPEN_Art_33_Fr_XV_a<\/a><\/p>\n<p>Formato XVb. Padr\u00f3n de Beneficiarios<\/p>\n<p><a href=\"https:\/\/cmdh.bahiadebanderas.gob.mx\/wp-content\/uploads\/2024\/07\/LTAIPEN_Art_33_Fr_XV_b-9.xlsx\">LTAIPEN_Art_33_Fr_XV_b<\/a><\/p>\n<p>Formato XVc. Aportaciones Recibidas<\/p>\n<p><a href=\"https:\/\/cmdh.bahiadebanderas.gob.mx\/wp-content\/uploads\/2024\/07\/LTAIPEN_Art_33_Fr_XV_c-5.xlsx\">LTAIPEN_Art_33_Fr_XV_c<\/a><\/p>\n<p style=\"text-align: center;\"><strong>PRIMER TRIMESTRE<\/strong><\/p>\n<p>Formato XVa. Programas Sociales Desarrollados<\/p>\n<p><a href=\"https:\/\/cmdh.bahiadebanderas.gob.mx\/wp-content\/uploads\/2024\/04\/LTAIPEN_Art_33_Fr_XV_a-6.xlsx\">LTAIPEN_Art_33_Fr_XV_a<\/a><\/p>\n<p>Formato XVb. Padr\u00f3n de Beneficiarios<\/p>\n<p><a href=\"https:\/\/cmdh.bahiadebanderas.gob.mx\/wp-content\/uploads\/2024\/04\/LTAIPEN_Art_33_Fr_XV_b-6.xlsx\">LTAIPEN_Art_33_Fr_XV_b<\/a><\/p>\n<p>Formato XVc. Aportaciones Recibidas<\/p>\n<p><a href=\"https:\/\/cmdh.bahiadebanderas.gob.mx\/wp-content\/uploads\/2024\/04\/LTAIPEN_Art_33_Fr_XV_c-4.xlsx\">LTAIPEN_Art_33_Fr_XV_c<\/a><\/p>\n<style type=\"text\/css\" scoped=\"scoped\">.divider-69d7533d94150{ margin-top: 30px;margin-bottom:30px;width:100%;}.divider-69d7533d94150 .divider-border{border-bottom-width:5px; border-color:#f2f2f2;}.divider-69d7533d94150 .double-line.divider-inner-item .divider-inner{border-top-width: 5px; border-bottom-width: 5px;}.divider-69d7533d94150 .divider-border.divider-inner-item .divider-inner{ border-bottom-width: 5px;} <\/style><div class=\" divider divider-69d7533d94150 divider-shadow center\" id=\"\" style=\"margin-top:; margin-bottom:;\"><div class=\"divider-inner divider-border\"><\/div><\/div>\n<p style=\"text-align: center;\"><strong>EJERCICIO 2023<\/strong><\/p>\n<p>Formato XVa. Programas Sociales Desarrollados<\/p>\n<p><a href=\"https:\/\/cmdh.bahiadebanderas.gob.mx\/wp-content\/uploads\/2024\/06\/LTAIPEN_Art_33_Fr_XV_a-2023.xlsx\">LTAIPEN_Art_33_Fr_XV_a<\/a><\/p>\n<p>Formato XVb. Padr\u00f3n de Beneficiarios<\/p>\n<p><a href=\"https:\/\/cmdh.bahiadebanderas.gob.mx\/wp-content\/uploads\/2024\/06\/LTAIPEN_Art_33_Fr_XV_b-2023.xlsx\">LTAIPEN_Art_33_Fr_XV_b<\/a><\/p>\n<p>Formato XVc. Aportaciones Recibidas<\/p>\n<p><a href=\"https:\/\/cmdh.bahiadebanderas.gob.mx\/wp-content\/uploads\/2024\/01\/LTAIPEN_Art_33_Fr_XV_c-4to.xlsx\">LTAIPEN_Art_33_Fr_XV_c<\/a><\/p>\n<style type=\"text\/css\" scoped=\"scoped\">.divider-69d7533d9417d{ margin-top: 30px;margin-bottom:30px;width:100%;}.divider-69d7533d9417d .divider-border{border-bottom-width:5px; border-color:#f2f2f2;}.divider-69d7533d9417d .double-line.divider-inner-item .divider-inner{border-top-width: 5px; border-bottom-width: 5px;}.divider-69d7533d9417d .divider-border.divider-inner-item .divider-inner{ border-bottom-width: 5px;} <\/style><div class=\" divider divider-69d7533d9417d divider-shadow center\" id=\"\" style=\"margin-top:; margin-bottom:;\"><div class=\"divider-inner divider-border\"><\/div><\/div>\n<p>Periodo de actualizaci\u00f3n: Trimestral<\/p>\n<p>Ultima actualizaci\u00f3n: 04 de Febrero del 2026<\/p>\n<p>Conservaci\u00f3n: Ejercicio en curso y 2 ejercicios anteriores.<\/p>\n<p>\u00c1rea que genera la informaci\u00f3n: Contabilidad<\/p>\n","protected":false},"excerpt":{"rendered":"<p>XV. LA INFORMACI\u00d3N DE LOS PROGRAMAS DE SUBSIDIOS, EST\u00cdMULOS, APORTACIONES Y APOYOS, EN EL QUE SE DEBER\u00c1 INFORMAR RESPECTO DE LOS PROGRAMAS DE TRANSPARENCIA, DE SERVICIOS, DE INFRAESTRUCTURA SOCIAL Y DE LOS SUBSIDIOS EJERCICIO 2025 CUARTO TRIMESTRE Formato XVa. Programas Sociales Desarrollados LTAIPEN_Art_33_Fr_XV_a Formato XVb. Padr\u00f3n de Beneficiarios LTAIPEN_Art_33_Fr_XV_b Formato XVc. Aportaciones Recibidas LTAIPEN_Art_33_Fr_XV_c TERCER TRIMESTRE Formato XVa. Programas Sociales Desarrollados LTAIPEN_Art_33_Fr_XV_a Formato XVb. Padr\u00f3n de Beneficiarios LTAIPEN_Art_33_Fr_XV_b Formato XVc. Aportaciones Recibidas LTAIPEN_Art_33_Fr_XV_c PRIMER TRIMESTRE Formato XVa. Programas Sociales Desarrollados LTAIPEN_Art_33_Fr_XV_a Formato XVb. Padr\u00f3n de Beneficiarios LTAIPEN_Art_33_Fr_XV_b Formato XVc. Aportaciones Recibidas LTAIPEN_Art_33_Fr_XV_c EJERCICIO 2024 CUARTO TRIMESTRE Formato XVa. Programas Sociales Desarrollados LTAIPEN_Art_33_Fr_XV_a Formato XVb. Padr\u00f3n de Beneficiarios LTAIPEN_Art_33_Fr_XV_b Formato XVc. Aportaciones Recibidas LTAIPEN_Art_33_Fr_XV_c TERCER TRIMESTRE Formato XVa. Programas Sociales Desarrollados LTAIPEN_Art_33_Fr_XV_a Formato XVb. Padr\u00f3n de Beneficiarios LTAIPEN_Art_33_Fr_XV_b Formato XVc. Aportaciones Recibidas LTAIPEN_Art_33_Fr_XV_c SEGUNDO TRIMESTRE Formato XVa. Programas Sociales Desarrollados LTAIPEN_Art_33_Fr_XV_a Formato XVb. Padr\u00f3n de Beneficiarios LTAIPEN_Art_33_Fr_XV_b Formato XVc. Aportaciones Recibidas LTAIPEN_Art_33_Fr_XV_c PRIMER TRIMESTRE Formato XVa. Programas Sociales Desarrollados LTAIPEN_Art_33_Fr_XV_a Formato XVb. Padr\u00f3n de Beneficiarios LTAIPEN_Art_33_Fr_XV_b Formato XVc. Aportaciones Recibidas LTAIPEN_Art_33_Fr_XV_c EJERCICIO 2023 Formato XVa. Programas Sociales Desarrollados LTAIPEN_Art_33_Fr_XV_a Formato XVb. Padr\u00f3n de Beneficiarios LTAIPEN_Art_33_Fr_XV_b Formato XVc. Aportaciones Recibidas LTAIPEN_Art_33_Fr_XV_c Periodo de actualizaci\u00f3n: Trimestral Ultima actualizaci\u00f3n: 04 de Febrero del 2026 Conservaci\u00f3n: Ejercicio en curso y 2 ejercicios anteriores. \u00c1rea que genera la informaci\u00f3n: Contabilidad<\/p>\n","protected":false},"author":1,"featured_media":0,"parent":0,"menu_order":0,"comment_status":"closed","ping_status":"closed","template":"","meta":[],"_links":{"self":[{"href":"https:\/\/cmdh.bahiadebanderas.gob.mx\/index.php\/wp-json\/wp\/v2\/pages\/486"}],"collection":[{"href":"https:\/\/cmdh.bahiadebanderas.gob.mx\/index.php\/wp-json\/wp\/v2\/pages"}],"about":[{"href":"https:\/\/cmdh.bahiadebanderas.gob.mx\/index.php\/wp-json\/wp\/v2\/types\/page"}],"author":[{"embeddable":true,"href":"https:\/\/cmdh.bahiadebanderas.gob.mx\/index.php\/wp-json\/wp\/v2\/users\/1"}],"replies":[{"embeddable":true,"href":"https:\/\/cmdh.bahiadebanderas.gob.mx\/index.php\/wp-json\/wp\/v2\/comments?post=486"}],"version-history":[{"count":45,"href":"https:\/\/cmdh.bahiadebanderas.gob.mx\/index.php\/wp-json\/wp\/v2\/pages\/486\/revisions"}],"predecessor-version":[{"id":12230,"href":"https:\/\/cmdh.bahiadebanderas.gob.mx\/index.php\/wp-json\/wp\/v2\/pages\/486\/revisions\/12230"}],"wp:attachment":[{"href":"https:\/\/cmdh.bahiadebanderas.gob.mx\/index.php\/wp-json\/wp\/v2\/media?parent=486"}],"curies":[{"name":"wp","href":"https:\/\/api.w.org\/{rel}","templated":true}]}}