{"id":483,"date":"2020-06-03T10:17:32","date_gmt":"2020-06-03T16:17:32","guid":{"rendered":"https:\/\/cmdh.bahiadebanderas.gob.mx\/?page_id=483"},"modified":"2026-02-04T10:08:47","modified_gmt":"2026-02-04T16:08:47","slug":"xiv-convocatorias-o-concursos","status":"publish","type":"page","link":"https:\/\/cmdh.bahiadebanderas.gob.mx\/index.php\/xiv-convocatorias-o-concursos\/","title":{"rendered":"XIV &#8211; Convocatorias o Concursos"},"content":{"rendered":"<h4><strong>XIV. LAS CONVOCATORIAS A CONCURSOS PARA OCUPAR CARGOS P\u00daBLICOS Y LOS RESULTADOS DE LOS MISMOS<\/strong><\/h4>\n<p style=\"text-align: center;\"><strong>EJERCICIO 2025<\/strong><\/p>\n<p style=\"text-align: center;\"><strong>CUARTO TRIMESTRE<\/strong><\/p>\n<p>Formato XIV. Concursos, convocatorias, invitaciones y\/o avisos para ocupar cargos p\u00fablicos<\/p>\n<p><a href=\"https:\/\/cmdh.bahiadebanderas.gob.mx\/wp-content\/uploads\/2026\/02\/LTAIPEN_Art_33_Fr_XIV.xlsx\">LTAIPEN_Art_33_Fr_XIV<\/a><\/p>\n<p style=\"text-align: center;\"><strong>TERCER TRIMESTRE<\/strong><\/p>\n<p>Formato XIV. Concursos, convocatorias, invitaciones y\/o avisos para ocupar cargos p\u00fablicos<\/p>\n<p><a href=\"https:\/\/cmdh.bahiadebanderas.gob.mx\/wp-content\/uploads\/2025\/11\/LTAIPEN_Art_33_Fr_XIV.xlsx\">LTAIPEN_Art_33_Fr_XIV<\/a><\/p>\n<p style=\"text-align: center;\"><strong>PRIMER TRIMESTRE<\/strong><\/p>\n<p>Formato XIV. Concursos, convocatorias, invitaciones y\/o avisos para ocupar cargos p\u00fablicos<\/p>\n<p><a href=\"https:\/\/cmdh.bahiadebanderas.gob.mx\/wp-content\/uploads\/2025\/05\/LTAIPEN_Art_33_Fr_XIV-1.xlsx\">LTAIPEN_Art_33_Fr_XIV<\/a><\/p>\n<style type=\"text\/css\" scoped=\"scoped\">.divider-69e79bf86b4c2{ margin-top: 30px;margin-bottom:30px;width:100%;}.divider-69e79bf86b4c2 .divider-border{border-bottom-width:5px; border-color:#f2f2f2;}.divider-69e79bf86b4c2 .double-line.divider-inner-item .divider-inner{border-top-width: 5px; border-bottom-width: 5px;}.divider-69e79bf86b4c2 .divider-border.divider-inner-item .divider-inner{ border-bottom-width: 5px;} <\/style><div class=\" divider divider-69e79bf86b4c2 divider-shadow center\" id=\"\" style=\"margin-top:; margin-bottom:;\"><div class=\"divider-inner divider-border\"><\/div><\/div>\n<p style=\"text-align: center;\"><strong>EJERCICIO 2024<\/strong><\/p>\n<p style=\"text-align: center;\"><strong>CUARTO TRIMESTRE<\/strong><\/p>\n<p>Formato XIV. Concursos, convocatorias, invitaciones y\/o avisos para ocupar cargos p\u00fablicos<\/p>\n<p><a href=\"https:\/\/cmdh.bahiadebanderas.gob.mx\/wp-content\/uploads\/2025\/01\/LTAIPEN_Art_33_Fr_XIV.xlsx\">LTAIPEN_Art_33_Fr_XIV<\/a><\/p>\n<p style=\"text-align: center;\"><strong>TERCER TRIMESTRE<\/strong><\/p>\n<p>Formato XIV. Concursos, convocatorias, invitaciones y\/o avisos para ocupar cargos p\u00fablicos<\/p>\n<p><a href=\"https:\/\/cmdh.bahiadebanderas.gob.mx\/wp-content\/uploads\/2024\/06\/LTAIPEN_Art_33_Fr_XIV-2024.xlsx\">LTAIPEN_Art_33_Fr_XIV<\/a><\/p>\n<p style=\"text-align: center;\"><strong>SEGUNDO TRIMESTRE<\/strong><\/p>\n<p>Formato XIV. Concursos, convocatorias, invitaciones y\/o avisos para ocupar cargos p\u00fablicos<\/p>\n<p><a href=\"https:\/\/cmdh.bahiadebanderas.gob.mx\/wp-content\/uploads\/2024\/06\/LTAIPEN_Art_33_Fr_XIV-2024.xlsx\">LTAIPEN_Art_33_Fr_XIV<\/a><\/p>\n<p style=\"text-align: center;\"><strong>PRIMER TRIMESTRE<\/strong><\/p>\n<p>Formato XIV. Concursos, convocatorias, invitaciones y\/o avisos para ocupar cargos p\u00fablicos<\/p>\n<p><a href=\"https:\/\/cmdh.bahiadebanderas.gob.mx\/wp-content\/uploads\/2024\/06\/LTAIPEN_Art_33_Fr_XIV-2024.xlsx\">LTAIPEN_Art_33_Fr_XIV<\/a><\/p>\n<style type=\"text\/css\" scoped=\"scoped\">.divider-69e79bf86b524{ margin-top: 30px;margin-bottom:30px;width:100%;}.divider-69e79bf86b524 .divider-border{border-bottom-width:5px; border-color:#f2f2f2;}.divider-69e79bf86b524 .double-line.divider-inner-item .divider-inner{border-top-width: 5px; border-bottom-width: 5px;}.divider-69e79bf86b524 .divider-border.divider-inner-item .divider-inner{ border-bottom-width: 5px;} <\/style><div class=\" divider divider-69e79bf86b524 divider-shadow center\" id=\"\" style=\"margin-top:; margin-bottom:;\"><div class=\"divider-inner divider-border\"><\/div><\/div>\n<p>Periodo de actualizaci\u00f3n: Trimestral<\/p>\n<p>Ultima actualizaci\u00f3n: 04 de Febrero del 2026<\/p>\n<p>Conservaci\u00f3n: Informaci\u00f3n vigente y ejercicio en curso.<\/p>\n<p>\u00c1rea que genera la informaci\u00f3n: Presidencia<\/p>\n","protected":false},"excerpt":{"rendered":"<p>XIV. LAS CONVOCATORIAS A CONCURSOS PARA OCUPAR CARGOS P\u00daBLICOS Y LOS RESULTADOS DE LOS MISMOS EJERCICIO 2025 CUARTO TRIMESTRE Formato XIV. Concursos, convocatorias, invitaciones y\/o avisos para ocupar cargos p\u00fablicos LTAIPEN_Art_33_Fr_XIV TERCER TRIMESTRE Formato XIV. Concursos, convocatorias, invitaciones y\/o avisos para ocupar cargos p\u00fablicos LTAIPEN_Art_33_Fr_XIV PRIMER TRIMESTRE Formato XIV. Concursos, convocatorias, invitaciones y\/o avisos para ocupar cargos p\u00fablicos LTAIPEN_Art_33_Fr_XIV EJERCICIO 2024 CUARTO TRIMESTRE Formato XIV. Concursos, convocatorias, invitaciones y\/o avisos para ocupar cargos p\u00fablicos LTAIPEN_Art_33_Fr_XIV TERCER TRIMESTRE Formato XIV. Concursos, convocatorias, invitaciones y\/o avisos para ocupar cargos p\u00fablicos LTAIPEN_Art_33_Fr_XIV SEGUNDO TRIMESTRE Formato XIV. Concursos, convocatorias, invitaciones y\/o avisos para ocupar cargos p\u00fablicos LTAIPEN_Art_33_Fr_XIV PRIMER TRIMESTRE Formato XIV. Concursos, convocatorias, invitaciones y\/o avisos para ocupar cargos p\u00fablicos LTAIPEN_Art_33_Fr_XIV Periodo de actualizaci\u00f3n: Trimestral Ultima actualizaci\u00f3n: 04 de Febrero del 2026 Conservaci\u00f3n: Informaci\u00f3n vigente y ejercicio en curso. \u00c1rea que genera la informaci\u00f3n: Presidencia<\/p>\n","protected":false},"author":1,"featured_media":0,"parent":0,"menu_order":0,"comment_status":"closed","ping_status":"closed","template":"","meta":[],"_links":{"self":[{"href":"https:\/\/cmdh.bahiadebanderas.gob.mx\/index.php\/wp-json\/wp\/v2\/pages\/483"}],"collection":[{"href":"https:\/\/cmdh.bahiadebanderas.gob.mx\/index.php\/wp-json\/wp\/v2\/pages"}],"about":[{"href":"https:\/\/cmdh.bahiadebanderas.gob.mx\/index.php\/wp-json\/wp\/v2\/types\/page"}],"author":[{"embeddable":true,"href":"https:\/\/cmdh.bahiadebanderas.gob.mx\/index.php\/wp-json\/wp\/v2\/users\/1"}],"replies":[{"embeddable":true,"href":"https:\/\/cmdh.bahiadebanderas.gob.mx\/index.php\/wp-json\/wp\/v2\/comments?post=483"}],"version-history":[{"count":42,"href":"https:\/\/cmdh.bahiadebanderas.gob.mx\/index.php\/wp-json\/wp\/v2\/pages\/483\/revisions"}],"predecessor-version":[{"id":12225,"href":"https:\/\/cmdh.bahiadebanderas.gob.mx\/index.php\/wp-json\/wp\/v2\/pages\/483\/revisions\/12225"}],"wp:attachment":[{"href":"https:\/\/cmdh.bahiadebanderas.gob.mx\/index.php\/wp-json\/wp\/v2\/media?parent=483"}],"curies":[{"name":"wp","href":"https:\/\/api.w.org\/{rel}","templated":true}]}}