{"id":480,"date":"2020-06-03T10:14:12","date_gmt":"2020-06-03T16:14:12","guid":{"rendered":"https:\/\/cmdh.bahiadebanderas.gob.mx\/?page_id=480"},"modified":"2026-02-04T10:06:53","modified_gmt":"2026-02-04T16:06:53","slug":"xiii-unidad-de-transparencia","status":"publish","type":"page","link":"https:\/\/cmdh.bahiadebanderas.gob.mx\/index.php\/xiii-unidad-de-transparencia\/","title":{"rendered":"XIII &#8211; Unidad de Transparencia"},"content":{"rendered":"<h4>\u00a0<strong>XIII. EL NOMBRE, DOMICILIO DE LA UNIDAD DE TRANSPARENCIA Y DE LOS SERVIDORES P\u00daBLICOS ENCARGADOS DEL COMIT\u00c9 DE TRANSPARENCIA<\/strong><\/h4>\n<p style=\"text-align: center;\"><strong>EJERCICIO 2025<\/strong><\/p>\n<p style=\"text-align: center;\"><strong>CUARTO TRIMESTRE<\/strong><\/p>\n<p>Formato XIIIa. Unidad de Transparencia<\/p>\n<p><a href=\"https:\/\/cmdh.bahiadebanderas.gob.mx\/wp-content\/uploads\/2025\/11\/LTAIPEN_Art_33_Fr_XIII_a.xlsx\">LTAIPEN_Art_33_Fr_XIII_a<\/a><\/p>\n<p>Formato XIIIb. Comit\u00e9 de Transparencia<\/p>\n<p><a href=\"https:\/\/cmdh.bahiadebanderas.gob.mx\/wp-content\/uploads\/2025\/11\/LTAIPEN_Art_33_Fr_XIII_b.xlsx\" data-wplink-edit=\"true\">LTAIPEN_Art_33_Fr_XIII_b<\/a><\/p>\n<style type=\"text\/css\" scoped=\"scoped\">.divider-69e7a009d2df3{ margin-top: 30px;margin-bottom:30px;width:100%;}.divider-69e7a009d2df3 .divider-border{border-bottom-width:5px; border-color:#f2f2f2;}.divider-69e7a009d2df3 .double-line.divider-inner-item .divider-inner{border-top-width: 5px; border-bottom-width: 5px;}.divider-69e7a009d2df3 .divider-border.divider-inner-item .divider-inner{ border-bottom-width: 5px;} <\/style><div class=\" divider divider-69e7a009d2df3 divider-shadow center\" id=\"\" style=\"margin-top:; margin-bottom:;\"><div class=\"divider-inner divider-border\"><\/div><\/div>\n<p style=\"text-align: center;\"><strong>EJERCICIO 2024<\/strong><\/p>\n<p style=\"text-align: center;\"><strong>CUARTO TRIMESTRE<\/strong><\/p>\n<p>Formato XIIIa. Unidad de Transparencia<\/p>\n<p><a href=\"https:\/\/cmdh.bahiadebanderas.gob.mx\/wp-content\/uploads\/2025\/01\/LTAIPEN_Art_33_Fr_XIII_a-listo.xlsx\">LTAIPEN_Art_33_Fr_XIII_a<\/a><\/p>\n<p>Formato XIIIb. Comit\u00e9 de Transparencia<\/p>\n<p><a href=\"https:\/\/cmdh.bahiadebanderas.gob.mx\/wp-content\/uploads\/2025\/01\/LTAIPEN_Art_33_Fr_XIII_b-listo.xlsx\">LTAIPEN_Art_33_Fr_XIII_b<\/a><\/p>\n<h4><strong><style type=\"text\/css\" scoped=\"scoped\">.divider-69e7a009d2e4d{ margin-top: 30px;margin-bottom:30px;width:100%;}.divider-69e7a009d2e4d .divider-border{border-bottom-width:5px; border-color:#f2f2f2;}.divider-69e7a009d2e4d .double-line.divider-inner-item .divider-inner{border-top-width: 5px; border-bottom-width: 5px;}.divider-69e7a009d2e4d .divider-border.divider-inner-item .divider-inner{ border-bottom-width: 5px;} <\/style><div class=\" divider divider-69e7a009d2e4d divider-shadow center\" id=\"\" style=\"margin-top:; margin-bottom:;\"><div class=\"divider-inner divider-border\"><\/div><\/div><\/strong><\/h4>\n<h4><\/h4>\n<p>Periodo de actualizaci\u00f3n: Trimestral<\/p>\n<p>Ultima actualizaci\u00f3n: 04 de Febrero del 2026<\/p>\n<p>Conservaci\u00f3n: Vigente y ejercicio anterior.<\/p>\n<p>\u00c1rea que genera la informaci\u00f3n: Unidad de Transparencia<\/p>\n","protected":false},"excerpt":{"rendered":"<p>\u00a0XIII. EL NOMBRE, DOMICILIO DE LA UNIDAD DE TRANSPARENCIA Y DE LOS SERVIDORES P\u00daBLICOS ENCARGADOS DEL COMIT\u00c9 DE TRANSPARENCIA EJERCICIO 2025 CUARTO TRIMESTRE Formato XIIIa. Unidad de Transparencia LTAIPEN_Art_33_Fr_XIII_a Formato XIIIb. Comit\u00e9 de Transparencia LTAIPEN_Art_33_Fr_XIII_b EJERCICIO 2024 CUARTO TRIMESTRE Formato XIIIa. Unidad de Transparencia LTAIPEN_Art_33_Fr_XIII_a Formato XIIIb. Comit\u00e9 de Transparencia LTAIPEN_Art_33_Fr_XIII_b Periodo de actualizaci\u00f3n: Trimestral Ultima actualizaci\u00f3n: 04 de Febrero del 2026 Conservaci\u00f3n: Vigente y ejercicio anterior. \u00c1rea que genera la informaci\u00f3n: Unidad de Transparencia<\/p>\n","protected":false},"author":1,"featured_media":0,"parent":0,"menu_order":0,"comment_status":"closed","ping_status":"closed","template":"","meta":[],"_links":{"self":[{"href":"https:\/\/cmdh.bahiadebanderas.gob.mx\/index.php\/wp-json\/wp\/v2\/pages\/480"}],"collection":[{"href":"https:\/\/cmdh.bahiadebanderas.gob.mx\/index.php\/wp-json\/wp\/v2\/pages"}],"about":[{"href":"https:\/\/cmdh.bahiadebanderas.gob.mx\/index.php\/wp-json\/wp\/v2\/types\/page"}],"author":[{"embeddable":true,"href":"https:\/\/cmdh.bahiadebanderas.gob.mx\/index.php\/wp-json\/wp\/v2\/users\/1"}],"replies":[{"embeddable":true,"href":"https:\/\/cmdh.bahiadebanderas.gob.mx\/index.php\/wp-json\/wp\/v2\/comments?post=480"}],"version-history":[{"count":44,"href":"https:\/\/cmdh.bahiadebanderas.gob.mx\/index.php\/wp-json\/wp\/v2\/pages\/480\/revisions"}],"predecessor-version":[{"id":12222,"href":"https:\/\/cmdh.bahiadebanderas.gob.mx\/index.php\/wp-json\/wp\/v2\/pages\/480\/revisions\/12222"}],"wp:attachment":[{"href":"https:\/\/cmdh.bahiadebanderas.gob.mx\/index.php\/wp-json\/wp\/v2\/media?parent=480"}],"curies":[{"name":"wp","href":"https:\/\/api.w.org\/{rel}","templated":true}]}}