{"id":477,"date":"2020-06-03T10:09:19","date_gmt":"2020-06-03T16:09:19","guid":{"rendered":"https:\/\/cmdh.bahiadebanderas.gob.mx\/?page_id=477"},"modified":"2026-02-04T10:03:38","modified_gmt":"2026-02-04T16:03:38","slug":"xii-declaraciones-patrimoniales","status":"publish","type":"page","link":"https:\/\/cmdh.bahiadebanderas.gob.mx\/index.php\/xii-declaraciones-patrimoniales\/","title":{"rendered":"XII &#8211; Declaraciones Patrimoniales"},"content":{"rendered":"<h4>\u00a0<strong>XII. DECLARACIONES PATRIMONIALES<\/strong><\/h4>\n<p style=\"text-align: center;\"><strong>EJERCICIO 2025<\/strong><\/p>\n<p style=\"text-align: center;\"><strong>CUARTO TRIMESTRE<\/strong><\/p>\n<p>Formato XII. Declaraciones de Situaci\u00f3n Patrimonial<\/p>\n<p><a href=\"https:\/\/cmdh.bahiadebanderas.gob.mx\/wp-content\/uploads\/2026\/02\/LTAIPEN_Art_33_Fr_XII.xlsx\">LTAIPEN_Art_33_Fr_XII<\/a><\/p>\n<p style=\"text-align: center;\"><strong>TERCER TRIMESTRE<\/strong><\/p>\n<p>Formato XII. Declaraciones de Situaci\u00f3n Patrimonial<\/p>\n<p><a href=\"https:\/\/cmdh.bahiadebanderas.gob.mx\/wp-content\/uploads\/2025\/11\/LTAIPEN_Art_33_Fr_XII.xlsx\">LTAIPEN_Art_33_Fr_XII<\/a><\/p>\n<p style=\"text-align: center;\"><strong>PRIMER TRIMESTRE<\/strong><\/p>\n<p>Formato XII. Declaraciones de Situaci\u00f3n Patrimonial<\/p>\n<p><a href=\"https:\/\/cmdh.bahiadebanderas.gob.mx\/wp-content\/uploads\/2025\/05\/LTAIPEN_Art_33_Fr_XII-12.xlsx\">LTAIPEN_Art_33_Fr_XII<\/a><\/p>\n<style type=\"text\/css\" scoped=\"scoped\">.divider-69e7b101d8f38{ margin-top: 30px;margin-bottom:30px;width:100%;}.divider-69e7b101d8f38 .divider-border{border-bottom-width:5px; border-color:#f2f2f2;}.divider-69e7b101d8f38 .double-line.divider-inner-item .divider-inner{border-top-width: 5px; border-bottom-width: 5px;}.divider-69e7b101d8f38 .divider-border.divider-inner-item .divider-inner{ border-bottom-width: 5px;} <\/style><div class=\" divider divider-69e7b101d8f38 divider-shadow center\" id=\"\" style=\"margin-top:; margin-bottom:;\"><div class=\"divider-inner divider-border\"><\/div><\/div>\n<p style=\"text-align: center;\"><strong>EJERCICIO 2024<\/strong><\/p>\n<p style=\"text-align: center;\"><strong>CUARTO TRIMESTRE<\/strong><\/p>\n<p>Formato XII. Declaraciones de Situaci\u00f3n Patrimonial<\/p>\n<p><a href=\"https:\/\/cmdh.bahiadebanderas.gob.mx\/wp-content\/uploads\/2025\/01\/LTAIPEN_Art_33_Fr_XII.xlsx\">LTAIPEN_Art_33_Fr_XII<\/a><\/p>\n<p style=\"text-align: center;\"><strong>TERCER TRIMESTRE<\/strong><\/p>\n<p>Formato XII. Declaraciones de Situaci\u00f3n Patrimonial<\/p>\n<p><a href=\"https:\/\/cmdh.bahiadebanderas.gob.mx\/wp-content\/uploads\/2024\/10\/LTAIPEN_Art_33_Fr_XII-12.xlsx\">LTAIPEN_Art_33_Fr_XII<\/a><\/p>\n<p style=\"text-align: center;\"><strong>SEGUNDO TRIMESTRE<\/strong><\/p>\n<p>Formato XII. Declaraciones de Situaci\u00f3n Patrimonial<\/p>\n<p><a href=\"https:\/\/cmdh.bahiadebanderas.gob.mx\/wp-content\/uploads\/2024\/10\/LTAIPEN_Art_33_Fr_XIII_a.xlsx\">LTAIPEN_Art_33_Fr_XII<\/a><\/p>\n<p style=\"text-align: center;\"><strong>PRIMER TRIMESTRE<\/strong><\/p>\n<p>Formato XII. Declaraciones de Situaci\u00f3n Patrimonial<\/p>\n<p><a href=\"https:\/\/cmdh.bahiadebanderas.gob.mx\/wp-content\/uploads\/2024\/04\/LTAIPEN_Art_33_Fr_XII-9.xlsx\">LTAIPEN_Art_33_Fr_XII<\/a><\/p>\n<style type=\"text\/css\" scoped=\"scoped\">.divider-69e7b101d8f94{ margin-top: 30px;margin-bottom:30px;width:100%;}.divider-69e7b101d8f94 .divider-border{border-bottom-width:5px; border-color:#f2f2f2;}.divider-69e7b101d8f94 .double-line.divider-inner-item .divider-inner{border-top-width: 5px; border-bottom-width: 5px;}.divider-69e7b101d8f94 .divider-border.divider-inner-item .divider-inner{ border-bottom-width: 5px;} <\/style><div class=\" divider divider-69e7b101d8f94 divider-shadow center\" id=\"\" style=\"margin-top:; margin-bottom:;\"><div class=\"divider-inner divider-border\"><\/div><\/div>\n<p>Periodo de actualizaci\u00f3n: Trimestral<\/p>\n<p>Ultima actualizaci\u00f3n: 04 de Febrero del 2026<\/p>\n<p>Conservaci\u00f3n: Ejercicio en Curso y Ejercicio anterior<\/p>\n<p>\u00c1rea que genera la informaci\u00f3n: Contabilidad<\/p>\n","protected":false},"excerpt":{"rendered":"<p>\u00a0XII. DECLARACIONES PATRIMONIALES EJERCICIO 2025 CUARTO TRIMESTRE Formato XII. Declaraciones de Situaci\u00f3n Patrimonial LTAIPEN_Art_33_Fr_XII TERCER TRIMESTRE Formato XII. Declaraciones de Situaci\u00f3n Patrimonial LTAIPEN_Art_33_Fr_XII PRIMER TRIMESTRE Formato XII. Declaraciones de Situaci\u00f3n Patrimonial LTAIPEN_Art_33_Fr_XII EJERCICIO 2024 CUARTO TRIMESTRE Formato XII. Declaraciones de Situaci\u00f3n Patrimonial LTAIPEN_Art_33_Fr_XII TERCER TRIMESTRE Formato XII. Declaraciones de Situaci\u00f3n Patrimonial LTAIPEN_Art_33_Fr_XII SEGUNDO TRIMESTRE Formato XII. Declaraciones de Situaci\u00f3n Patrimonial LTAIPEN_Art_33_Fr_XII PRIMER TRIMESTRE Formato XII. Declaraciones de Situaci\u00f3n Patrimonial LTAIPEN_Art_33_Fr_XII Periodo de actualizaci\u00f3n: Trimestral Ultima actualizaci\u00f3n: 04 de Febrero del 2026 Conservaci\u00f3n: Ejercicio en Curso y Ejercicio anterior \u00c1rea que genera la informaci\u00f3n: Contabilidad<\/p>\n","protected":false},"author":1,"featured_media":0,"parent":0,"menu_order":0,"comment_status":"closed","ping_status":"closed","template":"","meta":[],"_links":{"self":[{"href":"https:\/\/cmdh.bahiadebanderas.gob.mx\/index.php\/wp-json\/wp\/v2\/pages\/477"}],"collection":[{"href":"https:\/\/cmdh.bahiadebanderas.gob.mx\/index.php\/wp-json\/wp\/v2\/pages"}],"about":[{"href":"https:\/\/cmdh.bahiadebanderas.gob.mx\/index.php\/wp-json\/wp\/v2\/types\/page"}],"author":[{"embeddable":true,"href":"https:\/\/cmdh.bahiadebanderas.gob.mx\/index.php\/wp-json\/wp\/v2\/users\/1"}],"replies":[{"embeddable":true,"href":"https:\/\/cmdh.bahiadebanderas.gob.mx\/index.php\/wp-json\/wp\/v2\/comments?post=477"}],"version-history":[{"count":54,"href":"https:\/\/cmdh.bahiadebanderas.gob.mx\/index.php\/wp-json\/wp\/v2\/pages\/477\/revisions"}],"predecessor-version":[{"id":12219,"href":"https:\/\/cmdh.bahiadebanderas.gob.mx\/index.php\/wp-json\/wp\/v2\/pages\/477\/revisions\/12219"}],"wp:attachment":[{"href":"https:\/\/cmdh.bahiadebanderas.gob.mx\/index.php\/wp-json\/wp\/v2\/media?parent=477"}],"curies":[{"name":"wp","href":"https:\/\/api.w.org\/{rel}","templated":true}]}}