{"id":473,"date":"2020-06-03T10:05:37","date_gmt":"2020-06-03T16:05:37","guid":{"rendered":"https:\/\/cmdh.bahiadebanderas.gob.mx\/?page_id=473"},"modified":"2026-02-04T10:01:21","modified_gmt":"2026-02-04T16:01:21","slug":"xi-contratos-de-servicios-adicionales","status":"publish","type":"page","link":"https:\/\/cmdh.bahiadebanderas.gob.mx\/index.php\/xi-contratos-de-servicios-adicionales\/","title":{"rendered":"XI &#8211; Contratos de Servicios Adicionales"},"content":{"rendered":"<h4>\u00a0<strong>XI. LAS CONTRATACIONES DE SERVICIOS PROFESIONALES POR HONORARIOS<\/strong><\/h4>\n<p style=\"text-align: center;\"><strong>EJERCICIO 2025<\/strong><\/p>\n<p style=\"text-align: center;\"><strong>CUARTO TRIMESTRE\u00a0<\/strong><\/p>\n<p>Formato XI. Personal Contratado por Honorarios<\/p>\n<p><a href=\"https:\/\/cmdh.bahiadebanderas.gob.mx\/wp-content\/uploads\/2026\/02\/LTAIPEN_Art_33_Fr_XI.xlsx\">LTAIPEN_Art_33_Fr_XI<\/a><\/p>\n<p style=\"text-align: center;\"><strong>TERCER TRIMESTRE\u00a0<\/strong><\/p>\n<p>Formato XI. Personal Contratado por Honorarios<\/p>\n<p><a href=\"https:\/\/cmdh.bahiadebanderas.gob.mx\/wp-content\/uploads\/2025\/11\/LTAIPEN_Art_33_Fr_XI.xlsx\">LTAIPEN_Art_33_Fr_XI<\/a><\/p>\n<p style=\"text-align: center;\"><strong>PRIMER TRIMESTRE\u00a0<\/strong><\/p>\n<p>Formato XI. Personal Contratado por Honorarios<\/p>\n<p><a href=\"https:\/\/cmdh.bahiadebanderas.gob.mx\/wp-content\/uploads\/2025\/05\/LTAIPEN_Art_33_Fr_XI-6.xlsx\">LTAIPEN_Art_33_Fr_XI<\/a><\/p>\n<style type=\"text\/css\" scoped=\"scoped\">.divider-69e79bf43ba7f{ margin-top: 30px;margin-bottom:30px;width:100%;}.divider-69e79bf43ba7f .divider-border{border-bottom-width:5px; border-color:#f2f2f2;}.divider-69e79bf43ba7f .double-line.divider-inner-item .divider-inner{border-top-width: 5px; border-bottom-width: 5px;}.divider-69e79bf43ba7f .divider-border.divider-inner-item .divider-inner{ border-bottom-width: 5px;} <\/style><div class=\" divider divider-69e79bf43ba7f divider-shadow center\" id=\"\" style=\"margin-top:; margin-bottom:;\"><div class=\"divider-inner divider-border\"><\/div><\/div>\n<p style=\"text-align: center;\"><strong>EJERCICIO 2024<\/strong><\/p>\n<p style=\"text-align: center;\"><strong>CUARTO TRIMESTRE\u00a0<\/strong><\/p>\n<p>Formato XI. Personal Contratado por Honorarios<\/p>\n<p><a href=\"https:\/\/cmdh.bahiadebanderas.gob.mx\/wp-content\/uploads\/2025\/01\/LTAIPEN_Art_33_Fr_XI.xlsx\">LTAIPEN_Art_33_Fr_XI<\/a><\/p>\n<p style=\"text-align: center;\"><strong>TERCER TRIMESTRE\u00a0<\/strong><\/p>\n<p>Formato XI. Personal Contratado por Honorarios<\/p>\n<p><a href=\"https:\/\/cmdh.bahiadebanderas.gob.mx\/wp-content\/uploads\/2024\/10\/LTAIPEN_Art_33_Fr_XI-6.xlsx\">LTAIPEN_Art_33_Fr_XI<\/a><\/p>\n<p style=\"text-align: center;\"><strong>SEGUNDO TRIMESTRE\u00a0<\/strong><\/p>\n<p>Formato XI. Personal Contratado por Honorarios<\/p>\n<p><a href=\"https:\/\/cmdh.bahiadebanderas.gob.mx\/wp-content\/uploads\/2024\/07\/LTAIPEN_Art_33_Fr_XI-5.xlsx\">LTAIPEN_Art_33_Fr_XI<\/a><\/p>\n<p style=\"text-align: center;\"><strong>PRIMER TRIMESTRE\u00a0<\/strong><\/p>\n<p>Formato XI. Personal Contratado por Honorarios<\/p>\n<p><a href=\"https:\/\/cmdh.bahiadebanderas.gob.mx\/wp-content\/uploads\/2024\/04\/LTAIPEN_Art_33_Fr_XI-4.xlsx\">LTAIPEN_Art_33_Fr_XI<\/a><\/p>\n<style type=\"text\/css\" scoped=\"scoped\">.divider-69e79bf43bad8{ margin-top: 30px;margin-bottom:30px;width:100%;}.divider-69e79bf43bad8 .divider-border{border-bottom-width:5px; border-color:#f2f2f2;}.divider-69e79bf43bad8 .double-line.divider-inner-item .divider-inner{border-top-width: 5px; border-bottom-width: 5px;}.divider-69e79bf43bad8 .divider-border.divider-inner-item .divider-inner{ border-bottom-width: 5px;} <\/style><div class=\" divider divider-69e79bf43bad8 divider-shadow center\" id=\"\" style=\"margin-top:; margin-bottom:;\"><div class=\"divider-inner divider-border\"><\/div><\/div>\n<p>Periodo de actualizaci\u00f3n: Trimestral<\/p>\n<p>Ultima actualizaci\u00f3n: 04 de Febrero del 2026<\/p>\n<p>Conservaci\u00f3n: Ejercicio en curso y Ejercicio anterior<\/p>\n<p>\u00c1rea que genera la informaci\u00f3n: Contabilidad<\/p>\n<p style=\"text-align: center;\">\n","protected":false},"excerpt":{"rendered":"<p>\u00a0XI. LAS CONTRATACIONES DE SERVICIOS PROFESIONALES POR HONORARIOS EJERCICIO 2025 CUARTO TRIMESTRE\u00a0 Formato XI. Personal Contratado por Honorarios LTAIPEN_Art_33_Fr_XI TERCER TRIMESTRE\u00a0 Formato XI. Personal Contratado por Honorarios LTAIPEN_Art_33_Fr_XI PRIMER TRIMESTRE\u00a0 Formato XI. Personal Contratado por Honorarios LTAIPEN_Art_33_Fr_XI EJERCICIO 2024 CUARTO TRIMESTRE\u00a0 Formato XI. Personal Contratado por Honorarios LTAIPEN_Art_33_Fr_XI TERCER TRIMESTRE\u00a0 Formato XI. Personal Contratado por Honorarios LTAIPEN_Art_33_Fr_XI SEGUNDO TRIMESTRE\u00a0 Formato XI. Personal Contratado por Honorarios LTAIPEN_Art_33_Fr_XI PRIMER TRIMESTRE\u00a0 Formato XI. Personal Contratado por Honorarios LTAIPEN_Art_33_Fr_XI Periodo de actualizaci\u00f3n: Trimestral Ultima actualizaci\u00f3n: 04 de Febrero del 2026 Conservaci\u00f3n: Ejercicio en curso y Ejercicio anterior \u00c1rea que genera la informaci\u00f3n: Contabilidad<\/p>\n","protected":false},"author":1,"featured_media":0,"parent":0,"menu_order":0,"comment_status":"closed","ping_status":"closed","template":"","meta":[],"_links":{"self":[{"href":"https:\/\/cmdh.bahiadebanderas.gob.mx\/index.php\/wp-json\/wp\/v2\/pages\/473"}],"collection":[{"href":"https:\/\/cmdh.bahiadebanderas.gob.mx\/index.php\/wp-json\/wp\/v2\/pages"}],"about":[{"href":"https:\/\/cmdh.bahiadebanderas.gob.mx\/index.php\/wp-json\/wp\/v2\/types\/page"}],"author":[{"embeddable":true,"href":"https:\/\/cmdh.bahiadebanderas.gob.mx\/index.php\/wp-json\/wp\/v2\/users\/1"}],"replies":[{"embeddable":true,"href":"https:\/\/cmdh.bahiadebanderas.gob.mx\/index.php\/wp-json\/wp\/v2\/comments?post=473"}],"version-history":[{"count":38,"href":"https:\/\/cmdh.bahiadebanderas.gob.mx\/index.php\/wp-json\/wp\/v2\/pages\/473\/revisions"}],"predecessor-version":[{"id":12216,"href":"https:\/\/cmdh.bahiadebanderas.gob.mx\/index.php\/wp-json\/wp\/v2\/pages\/473\/revisions\/12216"}],"wp:attachment":[{"href":"https:\/\/cmdh.bahiadebanderas.gob.mx\/index.php\/wp-json\/wp\/v2\/media?parent=473"}],"curies":[{"name":"wp","href":"https:\/\/api.w.org\/{rel}","templated":true}]}}