{"id":4707,"date":"2022-12-13T09:44:25","date_gmt":"2022-12-13T15:44:25","guid":{"rendered":"https:\/\/cmdh.bahiadebanderas.gob.mx\/?page_id=4707"},"modified":"2022-12-13T15:27:50","modified_gmt":"2022-12-13T21:27:50","slug":"subserie-pre-1-4-1-direccion-de-administracion","status":"publish","type":"page","link":"https:\/\/cmdh.bahiadebanderas.gob.mx\/index.php\/subserie-pre-1-4-1-direccion-de-administracion\/","title":{"rendered":"Subserie Pre 1.4.1. Direcci\u00f3n de Administraci\u00f3n"},"content":{"rendered":"<h1>Administraci\u00f3n<\/h1>\n<h2>L.C. OLIVIER CORONA TORRES<\/h2>\n<p>Los recursos que recibimos son limitados pero con la ayuda del equipo de trabajo de esta instituci\u00f3n procuraremos ejecutar de forma eficiente el uso de dichos recursos para resolver lo m\u00e1ximo posible con talento y esfuerzo..<\/p>\n","protected":false},"excerpt":{"rendered":"<p>Administraci\u00f3n L.C. OLIVIER CORONA TORRES Los recursos que recibimos son limitados pero con la ayuda del equipo de trabajo de esta instituci\u00f3n procuraremos ejecutar de forma eficiente el uso de dichos recursos para resolver lo m\u00e1ximo posible con talento y esfuerzo..<\/p>\n","protected":false},"author":1,"featured_media":0,"parent":0,"menu_order":0,"comment_status":"closed","ping_status":"closed","template":"","meta":[],"_links":{"self":[{"href":"https:\/\/cmdh.bahiadebanderas.gob.mx\/index.php\/wp-json\/wp\/v2\/pages\/4707"}],"collection":[{"href":"https:\/\/cmdh.bahiadebanderas.gob.mx\/index.php\/wp-json\/wp\/v2\/pages"}],"about":[{"href":"https:\/\/cmdh.bahiadebanderas.gob.mx\/index.php\/wp-json\/wp\/v2\/types\/page"}],"author":[{"embeddable":true,"href":"https:\/\/cmdh.bahiadebanderas.gob.mx\/index.php\/wp-json\/wp\/v2\/users\/1"}],"replies":[{"embeddable":true,"href":"https:\/\/cmdh.bahiadebanderas.gob.mx\/index.php\/wp-json\/wp\/v2\/comments?post=4707"}],"version-history":[{"count":2,"href":"https:\/\/cmdh.bahiadebanderas.gob.mx\/index.php\/wp-json\/wp\/v2\/pages\/4707\/revisions"}],"predecessor-version":[{"id":4760,"href":"https:\/\/cmdh.bahiadebanderas.gob.mx\/index.php\/wp-json\/wp\/v2\/pages\/4707\/revisions\/4760"}],"wp:attachment":[{"href":"https:\/\/cmdh.bahiadebanderas.gob.mx\/index.php\/wp-json\/wp\/v2\/media?parent=4707"}],"curies":[{"name":"wp","href":"https:\/\/api.w.org\/{rel}","templated":true}]}}