{"id":4677,"date":"2022-12-13T14:09:49","date_gmt":"2022-12-13T20:09:49","guid":{"rendered":"https:\/\/cmdh.bahiadebanderas.gob.mx\/?page_id=4677"},"modified":"2025-02-04T10:32:12","modified_gmt":"2025-02-04T16:32:12","slug":"presidencia","status":"publish","type":"page","link":"https:\/\/cmdh.bahiadebanderas.gob.mx\/index.php\/presidencia\/","title":{"rendered":"Presidencia"},"content":{"rendered":"\n<h2>PRESIDENTA <\/h2>\n\n\n\n<p><strong>LIC. MARCELA ESTRADA VIZCARRA<\/strong><\/p>\n\n\n\n<p class=\"has-text-align-left\">El 17 de Diciembre tome posesi\u00f3n como presidenta de la Comisi\u00f3n Municipal de los Derechos Humanos de Bah\u00eda de Banderas, Nayarit. A partir de ese momento inicio un reto personal que tendr\u00e1 impacto en mi experiencia laboral  ya que al ser defensora &#8220;ombudsman&#8221; de los derechos humanos en Bah\u00eda de Banderas  es mi obligaci\u00f3n la procuraci\u00f3n de salvaguarda a la dignidad del ser humano as\u00ed como generar una cultura de conocimiento y respeto a los derechos humanos de cada habitante de esta hermosa bah\u00eda. Mi tarea ser\u00e1 ejercer la protecci\u00f3n de los derechos humanos y mantener  a Bah\u00eda de Banderas como un mar de oportunidades para todos. <\/p>\n\n\n\n<p>Mi deber es desempe\u00f1ar mis acciones de conformidad con los principios de Universidad, Interdependencia, Indivisibilidad y Progresividad que nos demanda el derecho y la justicia sin distinci\u00f3n alguna por causa de genero, sexo, edad, raza, credo condici\u00f3n social, condici\u00f3n econ\u00f3mica, estado civil o cualquier otra condici\u00f3n que sujete a cualquier persona a situaciones de vulnerabilidad por el menoscabo de sus derechos o libertades. <\/p>\n\n\n\n<p>La Comisi\u00f3n Municipal de Derechos Humanos de Bah\u00eda de Banderas desde su creaci\u00f3n  en el a\u00f1o de 2009 ha auxiliado a los bahiabadenses en la defensa y promoci\u00f3n de la legalidad, eficacia y honradez de los actos de autoridades y de la prestaci\u00f3n de de los servicios p\u00fablicos municipales, realizando al efecto las investigaciones necesarias que permitan el esclarecimiento de los actos y resoluciones de las autoridades municipales y que presumiblemente sean contrarias a la legalidad, honradez y eficacia como lo describe el reglamento interno de la  La Comisi\u00f3n Municipal de Derechos Humanos de Bah\u00eda de Banderas. Recibo dicho encargo en una instituci\u00f3n que requiere ciertas modificaciones que permitan agilizar su labor con un sentido vanguardista y progresista que interact\u00fae con la sociedad de hoy tanto en forma presencial como digital que brinde un servicio sencillo y eficaz que evite a toda costa la burocratizaci\u00f3n de sus acciones. Los recursos que recibo son limitados pero con la ayuda del equipo de trabajo de esta instituci\u00f3n a mi cargo procuraremos ejecutar de forma eficiente el uso de dichos recursos para resolver lo m\u00e1ximo posible con talento y esfuerzo. Que la meta se vea reflejada al final de nuestro encargo con resultados diferentes donde se distinga una comisi\u00f3n de trabajo incluyente, promotor y garante de los derechos humanos que sea refugio y defensa de todo aquel que requiera salvaguardar su dignidad mediante la protecci\u00f3n de sus Derechos Humanos. <\/p>\n\n\n\n<p><\/p>\n\n\n\n<p><\/p>\n","protected":false},"excerpt":{"rendered":"<p>PRESIDENTA LIC. MARCELA ESTRADA VIZCARRA El 17 de Diciembre tome posesi\u00f3n como presidenta de la Comisi\u00f3n Municipal de los Derechos Humanos de Bah\u00eda de Banderas, Nayarit. A partir de ese momento inicio un reto personal que tendr\u00e1 impacto en mi experiencia laboral ya que al ser defensora &#8220;ombudsman&#8221; de los derechos humanos en Bah\u00eda de Banderas es mi obligaci\u00f3n la procuraci\u00f3n de salvaguarda a la dignidad del ser humano as\u00ed como generar una cultura de conocimiento y respeto a los derechos humanos de cada habitante de esta hermosa bah\u00eda. Mi tarea ser\u00e1 ejercer la protecci\u00f3n de los derechos humanos y mantener a Bah\u00eda de Banderas como un mar de oportunidades para todos. Mi deber es desempe\u00f1ar mis acciones de conformidad con los principios de Universidad, Interdependencia, Indivisibilidad y Progresividad que nos demanda el derecho y la justicia sin distinci\u00f3n alguna por causa de genero, sexo, edad, raza, credo condici\u00f3n social, condici\u00f3n econ\u00f3mica, estado civil o cualquier otra condici\u00f3n que sujete a cualquier persona a situaciones de vulnerabilidad por el menoscabo de sus derechos o libertades. La Comisi\u00f3n Municipal de Derechos Humanos de Bah\u00eda de Banderas desde su creaci\u00f3n en el a\u00f1o de 2009 ha auxiliado a los bahiabadenses en la defensa y promoci\u00f3n de la legalidad, eficacia y honradez de los actos de autoridades y de la prestaci\u00f3n de de los servicios p\u00fablicos municipales, realizando al efecto las investigaciones necesarias que permitan el esclarecimiento de los actos y resoluciones de las autoridades municipales y que presumiblemente sean contrarias a la legalidad, honradez y eficacia como lo describe el reglamento interno de la La Comisi\u00f3n Municipal de Derechos Humanos de Bah\u00eda de Banderas. Recibo dicho encargo en una instituci\u00f3n que requiere ciertas modificaciones que permitan agilizar su labor con un sentido vanguardista y progresista que interact\u00fae con la sociedad de hoy tanto en forma presencial como digital que brinde un servicio sencillo y eficaz que evite a toda costa la burocratizaci\u00f3n de sus acciones. Los recursos que recibo son limitados pero con la ayuda del equipo de trabajo de esta instituci\u00f3n a mi cargo procuraremos ejecutar de forma eficiente el uso de dichos recursos para resolver lo m\u00e1ximo posible con talento y esfuerzo. Que la meta se vea reflejada al final de nuestro encargo con resultados diferentes donde se distinga una comisi\u00f3n de trabajo incluyente, promotor y garante de los derechos humanos que sea refugio y defensa de todo aquel que requiera salvaguardar su dignidad mediante la protecci\u00f3n de sus Derechos Humanos.<\/p>\n","protected":false},"author":1,"featured_media":0,"parent":0,"menu_order":0,"comment_status":"closed","ping_status":"closed","template":"","meta":[],"_links":{"self":[{"href":"https:\/\/cmdh.bahiadebanderas.gob.mx\/index.php\/wp-json\/wp\/v2\/pages\/4677"}],"collection":[{"href":"https:\/\/cmdh.bahiadebanderas.gob.mx\/index.php\/wp-json\/wp\/v2\/pages"}],"about":[{"href":"https:\/\/cmdh.bahiadebanderas.gob.mx\/index.php\/wp-json\/wp\/v2\/types\/page"}],"author":[{"embeddable":true,"href":"https:\/\/cmdh.bahiadebanderas.gob.mx\/index.php\/wp-json\/wp\/v2\/users\/1"}],"replies":[{"embeddable":true,"href":"https:\/\/cmdh.bahiadebanderas.gob.mx\/index.php\/wp-json\/wp\/v2\/comments?post=4677"}],"version-history":[{"count":4,"href":"https:\/\/cmdh.bahiadebanderas.gob.mx\/index.php\/wp-json\/wp\/v2\/pages\/4677\/revisions"}],"predecessor-version":[{"id":10774,"href":"https:\/\/cmdh.bahiadebanderas.gob.mx\/index.php\/wp-json\/wp\/v2\/pages\/4677\/revisions\/10774"}],"wp:attachment":[{"href":"https:\/\/cmdh.bahiadebanderas.gob.mx\/index.php\/wp-json\/wp\/v2\/media?parent=4677"}],"curies":[{"name":"wp","href":"https:\/\/api.w.org\/{rel}","templated":true}]}}