{"id":455,"date":"2020-06-01T12:17:28","date_gmt":"2020-06-01T18:17:28","guid":{"rendered":"https:\/\/cmdh.bahiadebanderas.gob.mx\/?page_id=455"},"modified":"2026-02-04T09:15:13","modified_gmt":"2026-02-04T15:15:13","slug":"vii-directorio","status":"publish","type":"page","link":"https:\/\/cmdh.bahiadebanderas.gob.mx\/index.php\/vii-directorio\/","title":{"rendered":"VII &#8211; Directorio"},"content":{"rendered":"<h4><span style=\"color: #ffd900;\"><strong>VII. DIRECTORIO<\/strong><\/span><\/h4>\n<p style=\"text-align: center;\"><strong>EJERCICIO 2025<\/strong><\/p>\n<p style=\"text-align: center;\"><strong>CUARTO TRIMESTRE<\/strong><\/p>\n<p>Formato VII. Directorio<\/p>\n<p style=\"text-align: left;\"><a href=\"https:\/\/cmdh.bahiadebanderas.gob.mx\/wp-content\/uploads\/2026\/02\/LTAIPEN_Art_33_Fr_VII.xlsx\">LTAIPEN_Art_33_Fr_VII<\/a><\/p>\n<p style=\"text-align: center;\"><strong>TERCER TRIMESTRE<\/strong><\/p>\n<p>Formato VII. Directorio<\/p>\n<p style=\"text-align: left;\"><a href=\"https:\/\/cmdh.bahiadebanderas.gob.mx\/wp-content\/uploads\/2025\/11\/LTAIPEN_Art_33_Fr_VII.xlsx\">LTAIPEN_Art_33_Fr_VII<\/a><\/p>\n<p style=\"text-align: center;\"><strong>PRIMER TRIMESTRE<\/strong><\/p>\n<p>Formato VII. Directorio<\/p>\n<p style=\"text-align: left;\"><a href=\"https:\/\/cmdh.bahiadebanderas.gob.mx\/wp-content\/uploads\/2025\/05\/LTAIPEN_Art_33_Fr_VII-16.xlsx\">LTAIPEN_Art_33_Fr_VII<\/a><\/p>\n<style type=\"text\/css\" scoped=\"scoped\">.divider-69e49a317da9d{ margin-top: 30px;margin-bottom:30px;width:100%;}.divider-69e49a317da9d .divider-border{border-bottom-width:5px; border-color:#f2f2f2;}.divider-69e49a317da9d .double-line.divider-inner-item .divider-inner{border-top-width: 5px; border-bottom-width: 5px;}.divider-69e49a317da9d .divider-border.divider-inner-item .divider-inner{ border-bottom-width: 5px;} <\/style><div class=\" divider divider-69e49a317da9d divider-shadow center\" id=\"\" style=\"margin-top:; margin-bottom:;\"><div class=\"divider-inner divider-border\"><\/div><\/div>\n<p style=\"text-align: center;\"><strong>EJERCICIO 2024<\/strong><\/p>\n<p style=\"text-align: center;\"><strong>CUARTO TRIMESTRE<\/strong><\/p>\n<p>Formato VII. Directorio<\/p>\n<p style=\"text-align: left;\"><a href=\"https:\/\/cmdh.bahiadebanderas.gob.mx\/wp-content\/uploads\/2025\/01\/LTAIPEN_Art_33_Fr_VII.xlsx\">LTAIPEN_Art_33_Fr_VII<\/a><\/p>\n<p style=\"text-align: left;\">\n<style type=\"text\/css\" scoped=\"scoped\">.divider-69e49a317dafa{ margin-top: 30px;margin-bottom:30px;width:100%;}.divider-69e49a317dafa .divider-border{border-bottom-width:5px; border-color:#f2f2f2;}.divider-69e49a317dafa .double-line.divider-inner-item .divider-inner{border-top-width: 5px; border-bottom-width: 5px;}.divider-69e49a317dafa .divider-border.divider-inner-item .divider-inner{ border-bottom-width: 5px;} <\/style><div class=\" divider divider-69e49a317dafa divider-shadow center\" id=\"\" style=\"margin-top:; margin-bottom:;\"><div class=\"divider-inner divider-border\"><\/div><\/div>\n<p>Periodo de actualizaci\u00f3n: Trimestral<\/p>\n<p>Ultima actualizaci\u00f3n: 04 de Febrero del 2026<\/p>\n<p>Conservaci\u00f3n: Vigente y ejercicio anterior.<\/p>\n<p>\u00c1rea que genera la informaci\u00f3n: Contabilidad<\/p>\n","protected":false},"excerpt":{"rendered":"<p>VII. DIRECTORIO EJERCICIO 2025 CUARTO TRIMESTRE Formato VII. Directorio LTAIPEN_Art_33_Fr_VII TERCER TRIMESTRE Formato VII. Directorio LTAIPEN_Art_33_Fr_VII PRIMER TRIMESTRE Formato VII. Directorio LTAIPEN_Art_33_Fr_VII EJERCICIO 2024 CUARTO TRIMESTRE Formato VII. Directorio LTAIPEN_Art_33_Fr_VII Periodo de actualizaci\u00f3n: Trimestral Ultima actualizaci\u00f3n: 04 de Febrero del 2026 Conservaci\u00f3n: Vigente y ejercicio anterior. \u00c1rea que genera la informaci\u00f3n: Contabilidad<\/p>\n","protected":false},"author":1,"featured_media":0,"parent":0,"menu_order":0,"comment_status":"closed","ping_status":"closed","template":"","meta":[],"_links":{"self":[{"href":"https:\/\/cmdh.bahiadebanderas.gob.mx\/index.php\/wp-json\/wp\/v2\/pages\/455"}],"collection":[{"href":"https:\/\/cmdh.bahiadebanderas.gob.mx\/index.php\/wp-json\/wp\/v2\/pages"}],"about":[{"href":"https:\/\/cmdh.bahiadebanderas.gob.mx\/index.php\/wp-json\/wp\/v2\/types\/page"}],"author":[{"embeddable":true,"href":"https:\/\/cmdh.bahiadebanderas.gob.mx\/index.php\/wp-json\/wp\/v2\/users\/1"}],"replies":[{"embeddable":true,"href":"https:\/\/cmdh.bahiadebanderas.gob.mx\/index.php\/wp-json\/wp\/v2\/comments?post=455"}],"version-history":[{"count":50,"href":"https:\/\/cmdh.bahiadebanderas.gob.mx\/index.php\/wp-json\/wp\/v2\/pages\/455\/revisions"}],"predecessor-version":[{"id":12204,"href":"https:\/\/cmdh.bahiadebanderas.gob.mx\/index.php\/wp-json\/wp\/v2\/pages\/455\/revisions\/12204"}],"wp:attachment":[{"href":"https:\/\/cmdh.bahiadebanderas.gob.mx\/index.php\/wp-json\/wp\/v2\/media?parent=455"}],"curies":[{"name":"wp","href":"https:\/\/api.w.org\/{rel}","templated":true}]}}