{"id":442,"date":"2020-06-01T09:18:16","date_gmt":"2020-06-01T15:18:16","guid":{"rendered":"https:\/\/cmdh.bahiadebanderas.gob.mx\/?page_id=442"},"modified":"2026-02-04T09:52:19","modified_gmt":"2026-02-04T15:52:19","slug":"ix-gastos-de-representacion","status":"publish","type":"page","link":"https:\/\/cmdh.bahiadebanderas.gob.mx\/index.php\/ix-gastos-de-representacion\/","title":{"rendered":"IX &#8211; Gastos de Representaci\u00f3n"},"content":{"rendered":"<h4><strong>IX. GASTOS DE REPRESENTACI\u00d3N Y VI\u00c1TICOS<\/strong><\/h4>\n<p style=\"text-align: center;\"><strong>EJERCICIO 2025<\/strong><\/p>\n<p style=\"text-align: center;\"><strong>CUARTO TRIMESTRE<\/strong><\/p>\n<p>Formato IX. Gastos de representaci\u00f3n y vi\u00e1ticos:<\/p>\n<p><a href=\"https:\/\/cmdh.bahiadebanderas.gob.mx\/wp-content\/uploads\/2026\/02\/LTAIPEN_Art_33_Fr_IX.xlsx\">LTAIPEN_Art_33_Fr_IX<\/a><\/p>\n<p style=\"text-align: center;\"><strong>TERCER TRIMESTRE<\/strong><\/p>\n<p>Formato IX. Gastos de representaci\u00f3n y vi\u00e1ticos:<\/p>\n<p><a href=\"https:\/\/cmdh.bahiadebanderas.gob.mx\/wp-content\/uploads\/2025\/11\/LTAIPEN_Art_33_Fr_IX.xlsx\">LTAIPEN_Art_33_Fr_IX<\/a><\/p>\n<p style=\"text-align: center;\"><strong>PRIMER TRIMESTRE<\/strong><\/p>\n<p>Formato IX. Gastos de representaci\u00f3n y vi\u00e1ticos:<\/p>\n<p><a href=\"https:\/\/cmdh.bahiadebanderas.gob.mx\/wp-content\/uploads\/2025\/05\/LTAIPEN_Art_33_Fr_IX-13.xlsx\">LTAIPEN_Art_33_Fr_IX<\/a><\/p>\n<p style=\"text-align: left;\"><a href=\"#\"><style type=\"text\/css\" scoped=\"scoped\">.divider-69e79b9407ec1{ margin-top: 30px;margin-bottom:30px;width:100%;}.divider-69e79b9407ec1 .divider-border{border-bottom-width:5px; border-color:#f2f2f2;}.divider-69e79b9407ec1 .double-line.divider-inner-item .divider-inner{border-top-width: 5px; border-bottom-width: 5px;}.divider-69e79b9407ec1 .divider-border.divider-inner-item .divider-inner{ border-bottom-width: 5px;} <\/style><div class=\" divider divider-69e79b9407ec1 divider-shadow center\" id=\"\" style=\"margin-top:; margin-bottom:;\"><div class=\"divider-inner divider-border\"><\/div><\/div><\/a><\/p>\n<p style=\"text-align: center;\"><strong>EJERCICIO 2024<\/strong><\/p>\n<p style=\"text-align: center;\"><strong>CUARTO TRIMESTRE<\/strong><\/p>\n<p>Formato IX. Gastos de representaci\u00f3n y vi\u00e1ticos:<\/p>\n<p><a href=\"https:\/\/cmdh.bahiadebanderas.gob.mx\/wp-content\/uploads\/2025\/01\/LTAIPEN_Art_33_Fr_IX.xlsx\">LTAIPEN_Art_33_Fr_IX<\/a><\/p>\n<p style=\"text-align: center;\"><strong>TERCER TRIMESTRE<\/strong><\/p>\n<p>Formato IX. Gastos de representaci\u00f3n y vi\u00e1ticos:<\/p>\n<p><a href=\"https:\/\/cmdh.bahiadebanderas.gob.mx\/wp-content\/uploads\/2024\/07\/LTAIPEN_Art_33_Fr_IX-12.xlsx\">LTAIPEN_Art_33_Fr_IX<\/a><\/p>\n<p style=\"text-align: center;\"><strong>SEGUNDO TRIMESTRE<\/strong><\/p>\n<p>Formato IX. Gastos de representaci\u00f3n y vi\u00e1ticos:<\/p>\n<p><a href=\"https:\/\/cmdh.bahiadebanderas.gob.mx\/wp-content\/uploads\/2024\/07\/LTAIPEN_Art_33_Fr_IX-12.xlsx\">LTAIPEN_Art_33_Fr_IX<\/a><\/p>\n<p style=\"text-align: center;\"><strong>PRIMER TRIMESTRE<\/strong><\/p>\n<p>Formato IX. Gastos de representaci\u00f3n y vi\u00e1ticos:<\/p>\n<p><a href=\"https:\/\/cmdh.bahiadebanderas.gob.mx\/wp-content\/uploads\/2024\/06\/LTAIPEN_Art_33_Fr_IX-8.xlsx\">LTAIPEN_Art_33_Fr_IX<\/a><\/p>\n<style type=\"text\/css\" scoped=\"scoped\">.divider-69e79b9407f1e{ margin-top: 30px;margin-bottom:30px;width:100%;}.divider-69e79b9407f1e .divider-border{border-bottom-width:5px; border-color:#f2f2f2;}.divider-69e79b9407f1e .double-line.divider-inner-item .divider-inner{border-top-width: 5px; border-bottom-width: 5px;}.divider-69e79b9407f1e .divider-border.divider-inner-item .divider-inner{ border-bottom-width: 5px;} <\/style><div class=\" divider divider-69e79b9407f1e divider-shadow center\" id=\"\" style=\"margin-top:; margin-bottom:;\"><div class=\"divider-inner divider-border\"><\/div><\/div>\n<p>Periodo de actualizaci\u00f3n: Trimestral<\/p>\n<p>Ultima actualizaci\u00f3n: 04 de Febrero del 2026<\/p>\n<p>Conservaci\u00f3n: ejercicio en curso y ejercicio anterior<\/p>\n<p>\u00c1rea que genera la informaci\u00f3n: Contabilidad<\/p>\n\n\n<p><\/p>\n","protected":false},"excerpt":{"rendered":"<p>IX. GASTOS DE REPRESENTACI\u00d3N Y VI\u00c1TICOS EJERCICIO 2025 CUARTO TRIMESTRE Formato IX. Gastos de representaci\u00f3n y vi\u00e1ticos: LTAIPEN_Art_33_Fr_IX TERCER TRIMESTRE Formato IX. Gastos de representaci\u00f3n y vi\u00e1ticos: LTAIPEN_Art_33_Fr_IX PRIMER TRIMESTRE Formato IX. Gastos de representaci\u00f3n y vi\u00e1ticos: LTAIPEN_Art_33_Fr_IX EJERCICIO 2024 CUARTO TRIMESTRE Formato IX. Gastos de representaci\u00f3n y vi\u00e1ticos: LTAIPEN_Art_33_Fr_IX TERCER TRIMESTRE Formato IX. Gastos de representaci\u00f3n y vi\u00e1ticos: LTAIPEN_Art_33_Fr_IX SEGUNDO TRIMESTRE Formato IX. Gastos de representaci\u00f3n y vi\u00e1ticos: LTAIPEN_Art_33_Fr_IX PRIMER TRIMESTRE Formato IX. Gastos de representaci\u00f3n y vi\u00e1ticos: LTAIPEN_Art_33_Fr_IX Periodo de actualizaci\u00f3n: Trimestral Ultima actualizaci\u00f3n: 04 de Febrero del 2026 Conservaci\u00f3n: ejercicio en curso y ejercicio anterior \u00c1rea que genera la informaci\u00f3n: Contabilidad<\/p>\n","protected":false},"author":1,"featured_media":0,"parent":0,"menu_order":0,"comment_status":"closed","ping_status":"closed","template":"","meta":[],"_links":{"self":[{"href":"https:\/\/cmdh.bahiadebanderas.gob.mx\/index.php\/wp-json\/wp\/v2\/pages\/442"}],"collection":[{"href":"https:\/\/cmdh.bahiadebanderas.gob.mx\/index.php\/wp-json\/wp\/v2\/pages"}],"about":[{"href":"https:\/\/cmdh.bahiadebanderas.gob.mx\/index.php\/wp-json\/wp\/v2\/types\/page"}],"author":[{"embeddable":true,"href":"https:\/\/cmdh.bahiadebanderas.gob.mx\/index.php\/wp-json\/wp\/v2\/users\/1"}],"replies":[{"embeddable":true,"href":"https:\/\/cmdh.bahiadebanderas.gob.mx\/index.php\/wp-json\/wp\/v2\/comments?post=442"}],"version-history":[{"count":50,"href":"https:\/\/cmdh.bahiadebanderas.gob.mx\/index.php\/wp-json\/wp\/v2\/pages\/442\/revisions"}],"predecessor-version":[{"id":12211,"href":"https:\/\/cmdh.bahiadebanderas.gob.mx\/index.php\/wp-json\/wp\/v2\/pages\/442\/revisions\/12211"}],"wp:attachment":[{"href":"https:\/\/cmdh.bahiadebanderas.gob.mx\/index.php\/wp-json\/wp\/v2\/media?parent=442"}],"curies":[{"name":"wp","href":"https:\/\/api.w.org\/{rel}","templated":true}]}}