{"id":440,"date":"2020-06-01T09:14:43","date_gmt":"2020-06-01T15:14:43","guid":{"rendered":"https:\/\/cmdh.bahiadebanderas.gob.mx\/?page_id=440"},"modified":"2025-05-05T10:47:55","modified_gmt":"2025-05-05T16:47:55","slug":"iv-metas-y-objetivos","status":"publish","type":"page","link":"https:\/\/cmdh.bahiadebanderas.gob.mx\/index.php\/iv-metas-y-objetivos\/","title":{"rendered":"IV &#8211; Metas y Objetivos"},"content":{"rendered":"<h4><span style=\"color: #ffd900;\"><strong>IV. LAS METAS Y OBJETIVOS DE LAS \u00c1REAS<\/strong><\/span><\/h4>\n<p style=\"text-align: center;\"><strong>EJERCICIO 2025<\/strong><\/p>\n<ul>\n<li><a href=\"https:\/\/cmdh.bahiadebanderas.gob.mx\/wp-content\/uploads\/2025\/05\/POA-ANUAL-2025-CMDH-BB.pdf\">Programa Operativo Anual 2025<\/a><\/li>\n<\/ul>\n<p>Formato IV. Objetivos y metas institucionales<\/p>\n<p><a href=\"https:\/\/cmdh.bahiadebanderas.gob.mx\/wp-content\/uploads\/2025\/05\/LTAIPEN_Art_33_Fr_IV-2.xlsx\">LTAIPEN_Art_33_Fr_IV<\/a><\/p>\n<style type=\"text\/css\" scoped=\"scoped\">.divider-69e79b9483b2b{ margin-top: 30px;margin-bottom:30px;width:100%;}.divider-69e79b9483b2b .divider-border{border-bottom-width:5px; border-color:#f2f2f2;}.divider-69e79b9483b2b .double-line.divider-inner-item .divider-inner{border-top-width: 5px; border-bottom-width: 5px;}.divider-69e79b9483b2b .divider-border.divider-inner-item .divider-inner{ border-bottom-width: 5px;} <\/style><div class=\" divider divider-69e79b9483b2b divider-shadow center\" id=\"\" style=\"margin-top:; margin-bottom:;\"><div class=\"divider-inner divider-border\"><\/div><\/div>\n<p style=\"text-align: center;\"><strong>EJERCICIO 2024<\/strong><\/p>\n<ul>\n<li><a href=\"https:\/\/cmdh.bahiadebanderas.gob.mx\/wp-content\/uploads\/2024\/04\/programa-operativo-anual-2024.pdf\">Programa Operativo Anual 2024<\/a><\/li>\n<\/ul>\n<p>Formato IV. Objetivos y metas institucionales<\/p>\n<p><a href=\"https:\/\/cmdh.bahiadebanderas.gob.mx\/wp-content\/uploads\/2024\/07\/LTAIPEN_Art_33_Fr_IV-1.xlsx\">LTAIPEN_Art_33_Fr_IV<\/a><\/p>\n<style type=\"text\/css\" scoped=\"scoped\">.divider-69e79b9483b86{ margin-top: 30px;margin-bottom:30px;width:100%;}.divider-69e79b9483b86 .divider-border{border-bottom-width:5px; border-color:#f2f2f2;}.divider-69e79b9483b86 .double-line.divider-inner-item .divider-inner{border-top-width: 5px; border-bottom-width: 5px;}.divider-69e79b9483b86 .divider-border.divider-inner-item .divider-inner{ border-bottom-width: 5px;} <\/style><div class=\" divider divider-69e79b9483b86 divider-shadow center\" id=\"\" style=\"margin-top:; margin-bottom:;\"><div class=\"divider-inner divider-border\"><\/div><\/div>\n<p style=\"text-align: center;\"><strong>EJERCICIO 2023<\/strong><\/p>\n<p>Formato IV. Objetivos y metas institucionales<\/p>\n<p><a href=\"https:\/\/cmdh.bahiadebanderas.gob.mx\/wp-content\/uploads\/2024\/01\/LTAIPEN_Art_33_Fr_IV-5.xlsx\">LTAIPEN_Art_33_Fr_IV<\/a><\/p>\n<style type=\"text\/css\" scoped=\"scoped\">.divider-69e79b9483baf{ margin-top: 30px;margin-bottom:30px;width:100%;}.divider-69e79b9483baf .divider-border{border-bottom-width:5px; border-color:#f2f2f2;}.divider-69e79b9483baf .double-line.divider-inner-item .divider-inner{border-top-width: 5px; border-bottom-width: 5px;}.divider-69e79b9483baf .divider-border.divider-inner-item .divider-inner{ border-bottom-width: 5px;} <\/style><div class=\" divider divider-69e79b9483baf divider-shadow center\" id=\"\" style=\"margin-top:; margin-bottom:;\"><div class=\"divider-inner divider-border\"><\/div><\/div>\n<p style=\"text-align: center;\"><strong>EJERCICIO 2022<\/strong><\/p>\n<ul>\n<li><a href=\"https:\/\/cmdh.bahiadebanderas.gob.mx\/wp-content\/uploads\/2022\/04\/POA-2022.pdf\">Programa Operativo Anual 2022<\/a><\/li>\n<\/ul>\n<p>Formato IV. Objetivos y metas institucionales<\/p>\n<p><a href=\"https:\/\/cmdh.bahiadebanderas.gob.mx\/wp-content\/uploads\/2023\/02\/LTAIPEN_Art_33_Fr_IV.xlsx\">LTAIPEN_Art_33_Fr_IV<\/a><\/p>\n<style type=\"text\/css\" scoped=\"scoped\">.divider-69e79b9483bd2{ margin-top: 30px;margin-bottom:30px;width:100%;}.divider-69e79b9483bd2 .divider-border{border-bottom-width:5px; border-color:#f2f2f2;}.divider-69e79b9483bd2 .double-line.divider-inner-item .divider-inner{border-top-width: 5px; border-bottom-width: 5px;}.divider-69e79b9483bd2 .divider-border.divider-inner-item .divider-inner{ border-bottom-width: 5px;} <\/style><div class=\" divider divider-69e79b9483bd2 divider-shadow center\" id=\"\" style=\"margin-top:; margin-bottom:;\"><div class=\"divider-inner divider-border\"><\/div><\/div>\n<p style=\"text-align: center;\"><strong>EJERCICIO 2021<\/strong><\/p>\n<ul>\n<li><a href=\"https:\/\/cmdh.bahiadebanderas.gob.mx\/wp-content\/uploads\/2021\/04\/POA-MIR-2021.pdf\">Programa Operativo Anual 2021<\/a><\/li>\n<\/ul>\n<p>Formato IV. Objetivos y metas institucionales<\/p>\n<p><a href=\"https:\/\/cmdh.bahiadebanderas.gob.mx\/wp-content\/uploads\/2022\/01\/LTAIPEN_Art_33_Fr_IV.xlsx\">LTAIPEN_Art_33_Fr_IV<\/a><\/p>\n<style type=\"text\/css\" scoped=\"scoped\">.divider-69e79b9483bf1{ margin-top: 30px;margin-bottom:30px;width:100%;}.divider-69e79b9483bf1 .divider-border{border-bottom-width:5px; border-color:#f2f2f2;}.divider-69e79b9483bf1 .double-line.divider-inner-item .divider-inner{border-top-width: 5px; border-bottom-width: 5px;}.divider-69e79b9483bf1 .divider-border.divider-inner-item .divider-inner{ border-bottom-width: 5px;} <\/style><div class=\" divider divider-69e79b9483bf1 divider-shadow center\" id=\"\" style=\"margin-top:; margin-bottom:;\"><div class=\"divider-inner divider-border\"><\/div><\/div>\n<p style=\"text-align: center;\"><strong>EJERCICIO 2020<\/strong><\/p>\n<ul>\n<li><a href=\"https:\/\/cmdh.bahiadebanderas.gob.mx\/transparencia\/IV\/POA%20CMDH%202020.pdf\" target=\"_blank\" rel=\"noopener noreferrer\">Programa Operativo Anual 2020<\/a><\/li>\n<\/ul>\n<p>Formato IV. Objetivos y metas institucionales<\/p>\n<p><a href=\"https:\/\/cmdh.bahiadebanderas.gob.mx\/wp-content\/uploads\/2024\/04\/LTAIPEN_Art_33_Fr_IV-2020.xlsx\">LTAIPEN_Art_33_Fr_IV<\/a><\/p>\n<style type=\"text\/css\" scoped=\"scoped\">.divider-69e79b9483c0f{ margin-top: 30px;margin-bottom:30px;width:100%;}.divider-69e79b9483c0f .divider-border{border-bottom-width:5px; border-color:#f2f2f2;}.divider-69e79b9483c0f .double-line.divider-inner-item .divider-inner{border-top-width: 5px; border-bottom-width: 5px;}.divider-69e79b9483c0f .divider-border.divider-inner-item .divider-inner{ border-bottom-width: 5px;} <\/style><div class=\" divider divider-69e79b9483c0f divider-shadow center\" id=\"\" style=\"margin-top:; margin-bottom:;\"><div class=\"divider-inner divider-border\"><\/div><\/div>\n<p style=\"text-align: center;\"><strong>EJERCICIO 2019<\/strong><\/p>\n<ul>\n<li><a href=\"https:\/\/cmdh.bahiadebanderas.gob.mx\/transparencia\/IV\/PROGRAMA%20OPERATIVO%20ANUAL%20CMDH%202019.pdf\" target=\"_blank\" rel=\"noopener noreferrer\">Programa Operativo Anual 2019<\/a><\/li>\n<\/ul>\n<p>Formato IV. Objetivos y metas institucionales<\/p>\n<p style=\"text-align: left;\"><a href=\"https:\/\/cmdh.bahiadebanderas.gob.mx\/wp-content\/uploads\/2021\/01\/LTAIPEN_Art_33_Fr_IV-1-1.xlsx\">LTAIPEN_Art_33_Fr_IV <\/a><\/p>\n<style type=\"text\/css\" scoped=\"scoped\">.divider-69e79b9483c2d{ margin-top: 30px;margin-bottom:30px;width:100%;}.divider-69e79b9483c2d .divider-border{border-bottom-width:5px; border-color:#f2f2f2;}.divider-69e79b9483c2d .double-line.divider-inner-item .divider-inner{border-top-width: 5px; border-bottom-width: 5px;}.divider-69e79b9483c2d .divider-border.divider-inner-item .divider-inner{ border-bottom-width: 5px;} <\/style><div class=\" divider divider-69e79b9483c2d divider-shadow center\" id=\"\" style=\"margin-top:; margin-bottom:;\"><div class=\"divider-inner divider-border\"><\/div><\/div>\n<p>Periodo de actualizaci\u00f3n: Anual<\/p>\n<p>Ultima actualizaci\u00f3n: 05 de Mayo del 2025<\/p>\n<p>Conservaci\u00f3n: Ejercicio en curso y 6 ejercicios anteriores.<\/p>\n<p>\u00c1rea que genera la informaci\u00f3n: Secretar\u00eda Ejecutiva<\/p>\n","protected":false},"excerpt":{"rendered":"<p>IV. LAS METAS Y OBJETIVOS DE LAS \u00c1REAS EJERCICIO 2025 Programa Operativo Anual 2025 Formato IV. Objetivos y metas institucionales LTAIPEN_Art_33_Fr_IV EJERCICIO 2024 Programa Operativo Anual 2024 Formato IV. Objetivos y metas institucionales LTAIPEN_Art_33_Fr_IV EJERCICIO 2023 Formato IV. Objetivos y metas institucionales LTAIPEN_Art_33_Fr_IV EJERCICIO 2022 Programa Operativo Anual 2022 Formato IV. Objetivos y metas institucionales LTAIPEN_Art_33_Fr_IV EJERCICIO 2021 Programa Operativo Anual 2021 Formato IV. Objetivos y metas institucionales LTAIPEN_Art_33_Fr_IV EJERCICIO 2020 Programa Operativo Anual 2020 Formato IV. Objetivos y metas institucionales LTAIPEN_Art_33_Fr_IV EJERCICIO 2019 Programa Operativo Anual 2019 Formato IV. Objetivos y metas institucionales LTAIPEN_Art_33_Fr_IV Periodo de actualizaci\u00f3n: Anual Ultima actualizaci\u00f3n: 05 de Mayo del 2025 Conservaci\u00f3n: Ejercicio en curso y 6 ejercicios anteriores. \u00c1rea que genera la informaci\u00f3n: Secretar\u00eda Ejecutiva<\/p>\n","protected":false},"author":1,"featured_media":0,"parent":0,"menu_order":0,"comment_status":"closed","ping_status":"closed","template":"","meta":[],"_links":{"self":[{"href":"https:\/\/cmdh.bahiadebanderas.gob.mx\/index.php\/wp-json\/wp\/v2\/pages\/440"}],"collection":[{"href":"https:\/\/cmdh.bahiadebanderas.gob.mx\/index.php\/wp-json\/wp\/v2\/pages"}],"about":[{"href":"https:\/\/cmdh.bahiadebanderas.gob.mx\/index.php\/wp-json\/wp\/v2\/types\/page"}],"author":[{"embeddable":true,"href":"https:\/\/cmdh.bahiadebanderas.gob.mx\/index.php\/wp-json\/wp\/v2\/users\/1"}],"replies":[{"embeddable":true,"href":"https:\/\/cmdh.bahiadebanderas.gob.mx\/index.php\/wp-json\/wp\/v2\/comments?post=440"}],"version-history":[{"count":43,"href":"https:\/\/cmdh.bahiadebanderas.gob.mx\/index.php\/wp-json\/wp\/v2\/pages\/440\/revisions"}],"predecessor-version":[{"id":11389,"href":"https:\/\/cmdh.bahiadebanderas.gob.mx\/index.php\/wp-json\/wp\/v2\/pages\/440\/revisions\/11389"}],"wp:attachment":[{"href":"https:\/\/cmdh.bahiadebanderas.gob.mx\/index.php\/wp-json\/wp\/v2\/media?parent=440"}],"curies":[{"name":"wp","href":"https:\/\/api.w.org\/{rel}","templated":true}]}}