{"id":408,"date":"2020-05-28T12:04:10","date_gmt":"2020-05-28T18:04:10","guid":{"rendered":"https:\/\/cmdh.bahiadebanderas.gob.mx\/?page_id=408"},"modified":"2026-02-04T09:00:18","modified_gmt":"2026-02-04T15:00:18","slug":"i-marco-normativo","status":"publish","type":"page","link":"https:\/\/cmdh.bahiadebanderas.gob.mx\/index.php\/i-marco-normativo\/","title":{"rendered":"I &#8211; Marco Normativo"},"content":{"rendered":"<p style=\"text-align: center;\"><strong>EJERCICIO 2025<\/strong><\/p>\n<p style=\"text-align: center;\"><strong>CUARTO TRIMESTRE<\/strong><\/p>\n<p>Formato I. Normatividad aplicable<\/p>\n<p><a href=\"https:\/\/cmdh.bahiadebanderas.gob.mx\/wp-content\/uploads\/2026\/02\/LTAIPEN_Art_33_Fr_I.xlsx\">LTAIPEN_Art_33_Fr_I<\/a><\/p>\n<style type=\"text\/css\" scoped=\"scoped\">.divider-69e069c94c89e{ margin-top: 30px;margin-bottom:30px;width:100%;}.divider-69e069c94c89e .divider-border{border-bottom-width:5px; border-color:#f2f2f2;}.divider-69e069c94c89e .double-line.divider-inner-item .divider-inner{border-top-width: 5px; border-bottom-width: 5px;}.divider-69e069c94c89e .divider-border.divider-inner-item .divider-inner{ border-bottom-width: 5px;} <\/style><div class=\" divider divider-69e069c94c89e divider-shadow center\" id=\"\" style=\"margin-top:; margin-bottom:;\"><div class=\"divider-inner divider-border\"><\/div><\/div>\n<p>Periodo de actualizaci\u00f3n: Trimestral<\/p>\n<p>Ultima actualizaci\u00f3n:\u00a0 04 de febrero de 2026<\/p>\n<p>Conservaci\u00f3n: Vigente.<\/p>\n<p>\u00c1rea que genera la informaci\u00f3n: Visitadur\u00eda General<\/p>\n<p>\u00a0<\/p>\n\n\n<p><\/p>\n","protected":false},"excerpt":{"rendered":"<p>EJERCICIO 2025 CUARTO TRIMESTRE Formato I. Normatividad aplicable LTAIPEN_Art_33_Fr_I Periodo de actualizaci\u00f3n: Trimestral Ultima actualizaci\u00f3n:\u00a0 04 de febrero de 2026 Conservaci\u00f3n: Vigente. \u00c1rea que genera la informaci\u00f3n: Visitadur\u00eda General \u00a0<\/p>\n","protected":false},"author":1,"featured_media":0,"parent":0,"menu_order":0,"comment_status":"closed","ping_status":"closed","template":"","meta":[],"_links":{"self":[{"href":"https:\/\/cmdh.bahiadebanderas.gob.mx\/index.php\/wp-json\/wp\/v2\/pages\/408"}],"collection":[{"href":"https:\/\/cmdh.bahiadebanderas.gob.mx\/index.php\/wp-json\/wp\/v2\/pages"}],"about":[{"href":"https:\/\/cmdh.bahiadebanderas.gob.mx\/index.php\/wp-json\/wp\/v2\/types\/page"}],"author":[{"embeddable":true,"href":"https:\/\/cmdh.bahiadebanderas.gob.mx\/index.php\/wp-json\/wp\/v2\/users\/1"}],"replies":[{"embeddable":true,"href":"https:\/\/cmdh.bahiadebanderas.gob.mx\/index.php\/wp-json\/wp\/v2\/comments?post=408"}],"version-history":[{"count":85,"href":"https:\/\/cmdh.bahiadebanderas.gob.mx\/index.php\/wp-json\/wp\/v2\/pages\/408\/revisions"}],"predecessor-version":[{"id":12193,"href":"https:\/\/cmdh.bahiadebanderas.gob.mx\/index.php\/wp-json\/wp\/v2\/pages\/408\/revisions\/12193"}],"wp:attachment":[{"href":"https:\/\/cmdh.bahiadebanderas.gob.mx\/index.php\/wp-json\/wp\/v2\/media?parent=408"}],"curies":[{"name":"wp","href":"https:\/\/api.w.org\/{rel}","templated":true}]}}