{"id":2699,"date":"2021-05-27T10:15:21","date_gmt":"2021-05-27T16:15:21","guid":{"rendered":"https:\/\/cmdh.bahiadebanderas.gob.mx\/?page_id=2699"},"modified":"2025-12-03T10:58:58","modified_gmt":"2025-12-03T16:58:58","slug":"cuenta-publica","status":"publish","type":"page","link":"https:\/\/cmdh.bahiadebanderas.gob.mx\/index.php\/cuenta-publica\/","title":{"rendered":"Cuenta P\u00fablica"},"content":{"rendered":"\n<h2>Cuenta P\u00fablica 2019<\/h2>\n\n\n\n<figure class=\"wp-block-table is-style-regular\"><table><tbody><tr><td>A<strong>\u00d1O<\/strong><\/td><td><strong>DOCUMENTO<\/strong><\/td><td class=\"has-text-align-center\" data-align=\"center\"><strong>DESCARGA<\/strong><\/td><\/tr><tr><td>2019<\/td><td>Cuenta P\u00fablica 2019<\/td><td class=\"has-text-align-center\" data-align=\"center\"><a href=\"https:\/\/cmdh.bahiadebanderas.gob.mx\/wp-content\/uploads\/2020\/12\/Cuenta-P%C3%BAblica-2019.pdf\"><img loading=\"lazy\" width=\"37\" height=\"49\" src=\"https:\/\/cmdh.bahiadebanderas.gob.mx\/wp-content\/uploads\/2020\/04\/PDF.png\" alt=\"\"><\/a><a href=\"https:\/\/cmdh.bahiadebanderas.gob.mx\/wp-content\/uploads\/2020\/12\/Cuenta-P%C3%BAblica-2019.pdf\"><\/a><\/td><\/tr><\/tbody><\/table><\/figure>\n\n\n\n<p><strong>CUENTA PUBLICA 2020<\/strong><\/p>\n\n\n\n<figure class=\"wp-block-table is-style-regular\"><table><tbody><tr><td class=\"has-text-align-center\" data-align=\"center\">A\u00d1O<\/td><td class=\"has-text-align-center\" data-align=\"center\">DOCUMENTO<\/td><td class=\"has-text-align-center\" data-align=\"center\">DESCARGA<\/td><\/tr><tr><td class=\"has-text-align-center\" data-align=\"center\">2020<\/td><td class=\"has-text-align-center\" data-align=\"center\">CUENTA PUBLICA 2020<\/td><td class=\"has-text-align-center\" data-align=\"center\"> <a href=\"https:\/\/cmdh.bahiadebanderas.gob.mx\/wp-content\/uploads\/2021\/04\/CUENTA-P\u00daBLICA-2020-CMDH.pdf\"><img loading=\"lazy\" width=\"37\" height=\"49\" src=\"https:\/\/cmdh.bahiadebanderas.gob.mx\/wp-content\/uploads\/2020\/04\/PDF.png\" alt=\"\"><\/a> <\/td><\/tr><\/tbody><\/table><\/figure>\n\n\n\n<p><strong>CUENTA PUBLICA 202<\/strong>1<\/p>\n\n\n\n<figure class=\"wp-block-table is-style-regular\"><table><tbody><tr><td class=\"has-text-align-center\" data-align=\"center\">A\u00d1O<\/td><td class=\"has-text-align-center\" data-align=\"center\">DOCUMENTO<\/td><td class=\"has-text-align-center\" data-align=\"center\">DESCARGA<\/td><\/tr><tr><td class=\"has-text-align-center\" data-align=\"center\">2021<\/td><td class=\"has-text-align-center\" data-align=\"center\">CUENTA PUBLICA 2021<\/td><td class=\"has-text-align-center\" data-align=\"center\"> <a href=\"https:\/\/cmdh.bahiadebanderas.gob.mx\/wp-content\/uploads\/2022\/04\/ilovepdf_merged.pdf\" data-type=\"URL\" data-id=\"https:\/\/cmdh.bahiadebanderas.gob.mx\/wp-content\/uploads\/2022\/04\/ilovepdf_merged.pdf\"><img loading=\"lazy\" width=\"37\" height=\"49\" src=\"https:\/\/cmdh.bahiadebanderas.gob.mx\/wp-content\/uploads\/2020\/04\/PDF.png\" alt=\"\"><\/a> <\/td><\/tr><\/tbody><\/table><\/figure>\n\n\n\n<p><strong>CUENTA PUBLICA 202<\/strong>2<\/p>\n\n\n\n<figure class=\"wp-block-table is-style-regular\"><table><tbody><tr><td class=\"has-text-align-center\" data-align=\"center\">A\u00d1O<\/td><td class=\"has-text-align-center\" data-align=\"center\">DOCUMENTO<\/td><td class=\"has-text-align-center\" data-align=\"center\">DESCARGA<\/td><\/tr><tr><td class=\"has-text-align-center\" data-align=\"center\">2022<\/td><td class=\"has-text-align-center\" data-align=\"center\">CUENTA PUBLICA 2022 1\/2<\/td><td class=\"has-text-align-center\" data-align=\"center\"> <a href=\"https:\/\/cmdh.bahiadebanderas.gob.mx\/wp-content\/uploads\/2025\/10\/Cuenta-Publica-2022-1-2.pdf\" data-type=\"URL\"><img loading=\"lazy\" width=\"37\" height=\"49\" src=\"https:\/\/cmdh.bahiadebanderas.gob.mx\/wp-content\/uploads\/2020\/04\/PDF.png\" alt=\"\"><\/a> <\/td><\/tr><tr><td class=\"has-text-align-center\" data-align=\"center\"> 2022 <\/td><td class=\"has-text-align-center\" data-align=\"center\"> CUENTA PUBLICA 2022 2\/2<\/td><td class=\"has-text-align-center\" data-align=\"center\"> <a href=\"https:\/\/cmdh.bahiadebanderas.gob.mx\/wp-content\/uploads\/2025\/10\/Cuenta-Publica-2022-2-2.pdf\" data-type=\"URL\"><img loading=\"lazy\" width=\"37\" height=\"49\" src=\"https:\/\/cmdh.bahiadebanderas.gob.mx\/wp-content\/uploads\/2020\/04\/PDF.png\" alt=\"\"><\/a><\/td><\/tr><\/tbody><\/table><\/figure>\n\n\n\n<p> <strong>CUENTA PUBLICA 202<\/strong>3<\/p>\n\n\n\n<figure class=\"wp-block-table is-style-regular\"><table><tbody><tr><td class=\"has-text-align-center\" data-align=\"center\">A\u00d1O<\/td><td class=\"has-text-align-center\" data-align=\"center\">DOCUMENTO<\/td><td class=\"has-text-align-center\" data-align=\"center\">DESCARGA<\/td><\/tr><tr><td class=\"has-text-align-center\" data-align=\"center\">2023<\/td><td class=\"has-text-align-center\" data-align=\"center\">CUENTA PUBLICA 2023<\/td><td class=\"has-text-align-center\" data-align=\"center\"> <a href=\"https:\/\/cmdh.bahiadebanderas.gob.mx\/wp-content\/uploads\/2024\/10\/CTA-PUB-2023-CMDH-comprimido.pdf\" data-type=\"URL\"><img loading=\"lazy\" width=\"37\" height=\"49\" src=\"https:\/\/cmdh.bahiadebanderas.gob.mx\/wp-content\/uploads\/2020\/04\/PDF.png\" alt=\"\"><\/a> <\/td><\/tr><tr><td class=\"has-text-align-center\" data-align=\"center\"> 2023 <\/td><td class=\"has-text-align-center\" data-align=\"center\">PASIVOS CONTING CTA PUB 2023<\/td><td class=\"has-text-align-center\" data-align=\"center\"> <a href=\"https:\/\/cmdh.bahiadebanderas.gob.mx\/wp-content\/uploads\/2024\/11\/Pasivos-Conting-cta-pub-2023.pdf\" data-type=\"URL\"><img loading=\"lazy\" width=\"37\" height=\"49\" src=\"https:\/\/cmdh.bahiadebanderas.gob.mx\/wp-content\/uploads\/2020\/04\/PDF.png\" alt=\"\"><\/a> <\/td><\/tr><\/tbody><\/table><\/figure>\n\n\n\n<p> <strong>CUENTA PUBLICA 202<\/strong>4<\/p>\n\n\n\n<figure class=\"wp-block-table is-style-regular\"><table><tbody><tr><td class=\"has-text-align-center\" data-align=\"center\">A\u00d1O<\/td><td class=\"has-text-align-center\" data-align=\"center\">DOCUMENTO<\/td><td class=\"has-text-align-center\" data-align=\"center\">DESCARGA<\/td><\/tr><tr><td class=\"has-text-align-center\" data-align=\"center\">2024<\/td><td class=\"has-text-align-center\" data-align=\"center\">CUENTA PUBLICA 1\/2 2024<\/td><td class=\"has-text-align-center\" data-align=\"center\"> <a href=\"https:\/\/cmdh.bahiadebanderas.gob.mx\/wp-content\/uploads\/2025\/08\/CUENTA-PUBLICA-1-2.pdf\" data-type=\"URL\"><img loading=\"lazy\" width=\"37\" height=\"49\" src=\"https:\/\/cmdh.bahiadebanderas.gob.mx\/wp-content\/uploads\/2020\/04\/PDF.png\" alt=\"\"><\/a> <\/td><\/tr><tr><td class=\"has-text-align-center\" data-align=\"center\"> 2024 <\/td><td class=\"has-text-align-center\" data-align=\"center\"> CUENTA PUBLICA 2\/2 2024 <\/td><td class=\"has-text-align-center\" data-align=\"center\"> <a href=\"https:\/\/cmdh.bahiadebanderas.gob.mx\/wp-content\/uploads\/2025\/08\/CUENTA-PUBLICA-2-2.pdf\" data-type=\"URL\"><img loading=\"lazy\" width=\"37\" height=\"49\" src=\"https:\/\/cmdh.bahiadebanderas.gob.mx\/wp-content\/uploads\/2020\/04\/PDF.png\" alt=\"\"><\/a> <\/td><\/tr><\/tbody><\/table><\/figure>\n\n\n\n<p>  <\/p>\n","protected":false},"excerpt":{"rendered":"<p>Cuenta P\u00fablica 2019 A\u00d1O DOCUMENTO DESCARGA 2019 Cuenta P\u00fablica 2019 CUENTA PUBLICA 2020 A\u00d1O DOCUMENTO DESCARGA 2020 CUENTA PUBLICA 2020 CUENTA PUBLICA 2021 A\u00d1O DOCUMENTO DESCARGA 2021 CUENTA PUBLICA 2021 CUENTA PUBLICA 2022 A\u00d1O DOCUMENTO DESCARGA 2022 CUENTA PUBLICA 2022 1\/2 2022 CUENTA PUBLICA 2022 2\/2 CUENTA PUBLICA 2023 A\u00d1O DOCUMENTO DESCARGA 2023 CUENTA PUBLICA 2023 2023 PASIVOS CONTING CTA PUB 2023 CUENTA PUBLICA 2024 A\u00d1O DOCUMENTO DESCARGA 2024 CUENTA PUBLICA 1\/2 2024 2024 CUENTA PUBLICA 2\/2 2024<\/p>\n","protected":false},"author":1,"featured_media":0,"parent":0,"menu_order":0,"comment_status":"closed","ping_status":"closed","template":"","meta":[],"_links":{"self":[{"href":"https:\/\/cmdh.bahiadebanderas.gob.mx\/index.php\/wp-json\/wp\/v2\/pages\/2699"}],"collection":[{"href":"https:\/\/cmdh.bahiadebanderas.gob.mx\/index.php\/wp-json\/wp\/v2\/pages"}],"about":[{"href":"https:\/\/cmdh.bahiadebanderas.gob.mx\/index.php\/wp-json\/wp\/v2\/types\/page"}],"author":[{"embeddable":true,"href":"https:\/\/cmdh.bahiadebanderas.gob.mx\/index.php\/wp-json\/wp\/v2\/users\/1"}],"replies":[{"embeddable":true,"href":"https:\/\/cmdh.bahiadebanderas.gob.mx\/index.php\/wp-json\/wp\/v2\/comments?post=2699"}],"version-history":[{"count":15,"href":"https:\/\/cmdh.bahiadebanderas.gob.mx\/index.php\/wp-json\/wp\/v2\/pages\/2699\/revisions"}],"predecessor-version":[{"id":12138,"href":"https:\/\/cmdh.bahiadebanderas.gob.mx\/index.php\/wp-json\/wp\/v2\/pages\/2699\/revisions\/12138"}],"wp:attachment":[{"href":"https:\/\/cmdh.bahiadebanderas.gob.mx\/index.php\/wp-json\/wp\/v2\/media?parent=2699"}],"curies":[{"name":"wp","href":"https:\/\/api.w.org\/{rel}","templated":true}]}}