{"id":133,"date":"2020-04-15T09:50:08","date_gmt":"2020-04-15T15:50:08","guid":{"rendered":"https:\/\/cmdh.bahiadebanderas.gob.mx\/?page_id=133"},"modified":"2021-01-18T14:29:18","modified_gmt":"2021-01-18T20:29:18","slug":"enlaces-de-interes","status":"publish","type":"page","link":"https:\/\/cmdh.bahiadebanderas.gob.mx\/index.php\/enlaces-de-interes\/","title":{"rendered":"Enlaces de Inter\u00e9s"},"content":{"rendered":"\r\n<ul>\r\n<li><a href=\"http:\/\/www.itainayarit.org\/index.php\/solicitud-de-informacion-y-datos-personales\" target=\"_blank\" rel=\"noreferrer noopener\">Sistema de Formato \u00danico<\/a><\/li>\r\n<li><a href=\"http:\/\/inicio.ifai.org.mx\/\" target=\"_blank\" rel=\"noreferrer noopener\">Instituto Nacional de Acceso a la Informaci\u00f3n P\u00fablica<\/a><\/li>\r\n<li><a href=\"https:\/\/www.plataformadetransparencia.org.mx\/web\/guest\/inicioant\" target=\"_blank\" rel=\"noreferrer noopener\">Portal Nacional de Transparencia<\/a><\/li>\r\n<li><a href=\"https:\/\/www.tm.org.mx\/\" target=\"_blank\" rel=\"noreferrer noopener\">Transparencia Mexicana<\/a><\/li>\r\n<li><a href=\"https:\/\/www.nayarit.gob.mx\/\" target=\"_blank\" rel=\"noreferrer noopener\">Gobierno del Estado de Nayarit<\/a><\/li>\r\n<li><a href=\"http:\/\/www.congresonayarit.mx\/\" target=\"_blank\" rel=\"noreferrer noopener\">Congreso del Estado de Nayarit<\/a><\/li>\r\n<li><a href=\"https:\/\/transparencia.nayarit.gob.mx\/\" target=\"_blank\" rel=\"noreferrer noopener\">Portal de Transparencia de Nayarit<\/a><\/li>\r\n<li><a href=\"https:\/\/nayarit.gob.mx\/transparenciafiscal\/\" target=\"_blank\" rel=\"noreferrer noopener\">Transparencia Fiscal de Nayarit<\/a><\/li>\r\n<li><a href=\"http:\/\/www.tsjnay.gob.mx\/\" target=\"_blank\" rel=\"noreferrer noopener\">Poder Judicial del Estado de Nayarit<\/a><\/li>\r\n<li><a href=\"http:\/\/www.infomexnayarit.gob.mx\/infomex\/\" target=\"_blank\" rel=\"noreferrer noopener\">Infomex Nayarit<\/a><\/li>\r\n<li><a href=\"http:\/\/www.bahiadebanderas.gob.mx\/x\/\">Ayuntamiento de Bah\u00eda de Banderas, Nayarit.<\/a><\/li>\r\n<li><a href=\"https:\/\/bahiadebanderas.gob.mx\/transparenciaX\/\" target=\"_blank\" rel=\"noreferrer noopener\">Portal de Transparencia de Bah\u00eda de Banderas<\/a><\/li>\r\n<li><a href=\"http:\/\/bahiadebanderas.gob.mx\/gaceta\/\" target=\"_blank\" rel=\"noreferrer noopener\">Gaceta Municipal de Bah\u00eda de Banderas<\/a><\/li>\r\n<li><a href=\"https:\/\/www.cndh.org.mx\/\">Comisi\u00f3n Nacional de los Derechos Humanos<\/a><\/li>\r\n<li><a href=\"http:\/\/www.cddhnayarit.org\/\">Comisi\u00f3n de Defensa de los Derechos Humanos del Estado de Nayarit<\/a><\/li>\r\n<\/ul>\r\n","protected":false},"excerpt":{"rendered":"<p>Sistema de Formato \u00danico Instituto Nacional de Acceso a la Informaci\u00f3n P\u00fablica Portal Nacional de Transparencia Transparencia Mexicana Gobierno del Estado de Nayarit Congreso del Estado de Nayarit Portal de Transparencia de Nayarit Transparencia Fiscal de Nayarit Poder Judicial del Estado de Nayarit Infomex Nayarit Ayuntamiento de Bah\u00eda de Banderas, Nayarit. Portal de Transparencia de Bah\u00eda de Banderas Gaceta Municipal de Bah\u00eda de Banderas Comisi\u00f3n Nacional de los Derechos Humanos Comisi\u00f3n de Defensa de los Derechos Humanos del Estado de Nayarit<\/p>\n","protected":false},"author":1,"featured_media":0,"parent":0,"menu_order":0,"comment_status":"closed","ping_status":"closed","template":"","meta":[],"_links":{"self":[{"href":"https:\/\/cmdh.bahiadebanderas.gob.mx\/index.php\/wp-json\/wp\/v2\/pages\/133"}],"collection":[{"href":"https:\/\/cmdh.bahiadebanderas.gob.mx\/index.php\/wp-json\/wp\/v2\/pages"}],"about":[{"href":"https:\/\/cmdh.bahiadebanderas.gob.mx\/index.php\/wp-json\/wp\/v2\/types\/page"}],"author":[{"embeddable":true,"href":"https:\/\/cmdh.bahiadebanderas.gob.mx\/index.php\/wp-json\/wp\/v2\/users\/1"}],"replies":[{"embeddable":true,"href":"https:\/\/cmdh.bahiadebanderas.gob.mx\/index.php\/wp-json\/wp\/v2\/comments?post=133"}],"version-history":[{"count":3,"href":"https:\/\/cmdh.bahiadebanderas.gob.mx\/index.php\/wp-json\/wp\/v2\/pages\/133\/revisions"}],"predecessor-version":[{"id":2084,"href":"https:\/\/cmdh.bahiadebanderas.gob.mx\/index.php\/wp-json\/wp\/v2\/pages\/133\/revisions\/2084"}],"wp:attachment":[{"href":"https:\/\/cmdh.bahiadebanderas.gob.mx\/index.php\/wp-json\/wp\/v2\/media?parent=133"}],"curies":[{"name":"wp","href":"https:\/\/api.w.org\/{rel}","templated":true}]}}